{"id":35444,"date":"2024-09-12T15:41:17","date_gmt":"2024-09-12T13:41:17","guid":{"rendered":"https:\/\/petcare.econlux.de\/produkt\/solarmeter-9-4-luz-azul-visible\/"},"modified":"2024-09-12T15:41:17","modified_gmt":"2024-09-12T13:41:17","slug":"solarmeter-9-4-luz-azul-visible","status":"publish","type":"product","link":"https:\/\/petcare.econlux.de\/es\/producto\/solarmeter-9-4-luz-azul-visible\/","title":{"rendered":"Solarmeter\u00ae 9.4 Luz azul visible"},"content":{"rendered":"<ul>\n<li>Control de la intensidad luminosa de la bilirrubina y envejecimiento<\/li>\n<li>Control de la intensidad de la luz azul \/ LED y del envejecimiento<\/li>\n<li>Control de la intensidad y el envejecimiento de los tubos fluorescentes en el acuario<\/li>\n<li>Control de la intensidad y el envejecimiento de las l\u00e1mparas de acn\u00e9<\/li>\n<li>Medici\u00f3n de la luz azul en exteriores<\/li>\n<li>Medici\u00f3n del espectro de acci\u00f3n fotosint\u00e9tica Banda azul<\/li>\n<li>Comprobaci\u00f3n de la capacidad de bloqueo act\u00ednico de las lentes oft\u00e1lmicas<\/li>\n<\/ul>\n<table>\n<tbody>\n<tr>\n<td><strong>Modelo:<\/strong><\/td>\n<td><strong>9.4<\/strong><\/td>\n<\/tr>\n<tr>\n<td><strong>\u00c1rea de salida:<\/strong><\/td>\n<td><strong>0-199.9 mW\/cm\u00b2<\/strong><\/td>\n<\/tr>\n<tr>\n<td><strong>Messbereich bei 450 nm:<\/strong><\/td>\n<td><strong>98%<\/strong><\/td>\n<\/tr>\n<tr>\n<td><strong>Ancho de banda:<\/strong><\/td>\n<td><strong>422-499 nm<\/strong><\/td>\n<\/tr>\n<tr>\n<td><strong>Resoluci\u00f3n:<\/strong><\/td>\n<td><strong>0.1 mW\/cm\u00b2<\/strong><\/td>\n<\/tr>\n<tr>\n<td><strong>Velocidad de conversi\u00f3n:<\/strong><\/td>\n<td><strong>3,0 visualizaciones\/seg.<\/strong><\/td>\n<\/tr>\n<tr>\n<td><strong>Pantalla:<\/strong><\/td>\n<td><strong>LCD de 3,5 d\u00edgitos<\/strong><\/td>\n<\/tr>\n<tr>\n<td><strong>Tama\u00f1o de los d\u00edgitos:<\/strong><\/td>\n<td><strong>10,2 mm de altura<\/strong><\/td>\n<\/tr>\n<tr>\n<td><strong>Temperatura de funcionamiento:<\/strong><\/td>\n<td><strong>0\u00b0C &#8211; 37,8\u00b0C<\/strong><\/td>\n<\/tr>\n<tr>\n<td><strong>Humedad de funcionamiento:<\/strong><\/td>\n<td><strong>5% &#8211; 90%<\/strong><\/td>\n<\/tr>\n<tr>\n<td><strong>Precisi\u00f3n:<\/strong><\/td>\n<td><strong>\u00b110% REF.NIST<\/strong><\/td>\n<\/tr>\n<tr>\n<td><strong>Dimensiones:<\/strong><\/td>\n<td><strong>L: 61 x An: 22 x Al: 108 mm<\/strong><\/td>\n<\/tr>\n<tr>\n<td><strong>Peso<\/strong><\/td>\n<td><strong>150 g<\/strong><\/td>\n<\/tr>\n<tr>\n<td><strong>Tensi\u00f3n de funcionamiento:<\/strong><\/td>\n<td><strong>9 V (pila bloque)<\/strong><\/td>\n<\/tr>\n<tr>\n<td><strong>Lente:<\/strong><\/td>\n<td><strong>Cristal UV<\/strong><\/td>\n<\/tr>\n<tr>\n<td><strong>Difusor:<\/strong><\/td>\n<td><strong>Tefl\u00f3n<\/strong><\/td>\n<\/tr>\n<tr>\n<td><strong>Sensor:<\/strong><\/td>\n<td><strong>GaP con filtro<\/strong><\/td>\n<\/tr>\n<\/tbody>\n<\/table>\n<p><img fetchpriority=\"high\" decoding=\"async\" class=\"alignnone wp-image-12599\" src=\"https:\/\/econlux.de\/wp-content\/uploads\/2021\/06\/00010571_Solarmeter_9.4_Visible_Blue_Light_Grafik.jpg\" alt=\"Solarmeter 9.4 Gr\u00e1fico de luz azul visible, n\u00famero de art\u00edculo 00010571\" width=\"650\" height=\"650\"><\/p>\n<p><strong>Sensor:<\/strong><br \/>\nFotodiodo GaP, empaquetado en tapa de ventana de vidrio UV herm\u00e9ticamente sellada. Filtro para reducir la sensibilidad, como se muestra en el diagrama de sensibilidad espectral. <\/p>\n<p><strong>Funcionamiento del aparato de medici\u00f3n:<\/strong><br \/>\nPara utilizar su Solarmeter\u00ae , apunte la ventana del sensor situada en la parte superior del medidor directamente a una fuente. Mantenga pulsado el presostato situado en la parte frontal del medidor. Para obtener resultados \u00f3ptimos, tenga en cuenta la distancia de la medici\u00f3n a la fuente para garantizar resultados repetibles.  <\/p>\n<p>El voltaje de funcionamiento de la bater\u00eda es ajustable desde 9 V hasta 6,5 \u200b\u200bV. Por debajo de 6,5 V, los n\u00fameros en la pantalla LCD comienzan a desvanecerse, lo que indica la necesidad de reemplazar la bater\u00eda. Con una carga operativa t\u00edpica, una bater\u00eda est\u00e1ndar de 9 V dura aproximadamente 2 a\u00f1os. <\/p>\n<p><strong>U so correcto del Solarmeter\u00ae:<\/strong><\/p>\n<ul>\n<li>Utiliza protecci\u00f3n ocular cuando compruebes las l\u00e1mparas UV (lo ideal son unas gafas que ofrezcan protecci\u00f3n total)<\/li>\n<li>Deja que las l\u00e1mparas se calienten antes de realizar las mediciones (al menos 15 minutos) .<\/li>\n<li>Sujete el sensor integrado del dispositivo de medici\u00f3n cerca de la fuente para medir la intensidad de l\u00e1mparas o LED individuales. Sostenga el sensor a una distancia de trabajo de la fuente para medir la intensidad efectiva. <\/li>\n<li>Cuando compruebe el envejecimiento de la l\u00e1mpara, mantenga la misma distancia de medici\u00f3n y los mismos puntos de medici\u00f3n.<\/li>\n<li>Las l\u00e1mparas deben sustituirse cuando la potencia descienda a aproximadamente el 70 % de sus valores medidos originales (nuevos).<\/li>\n<li>Si no est\u00e1 seguro de cu\u00e1les eran los nuevos valores, sustituya una l\u00e1mpara por otra nueva y compare los valores anteriores.<\/li>\n<\/ul>\n<p><strong>Cuidado y mantenimiento:<\/strong><\/p>\n<ul>\n<li>No expongas el aparato de medici\u00f3n a temperaturas extremas, humedad, golpes o polvo. \u2022 Si el medidor se expone accidentalmente a condiciones extremas de humedad o humedad, pueden producirse lecturas anormalmente altas. \u2022 Permitir que el medidor se seque naturalmente o colocarlo en una bolsa con silicato restaurar\u00e1 su funcionamiento normal.<\/li>\n<li>Utiliza un pa\u00f1o muy suave para limpiar el medidor. Mant\u00e9n el sensor libre de aceite, suciedad, etc. <\/li>\n<\/ul>\n<p><iframe title=\"Solarmeter Model 9.4 Digital Handheld NIST-Traceable Blue Light Radiometer with Integral Sensor\" width=\"500\" height=\"281\" src=\"https:\/\/www.youtube.com\/embed\/gGJAu6Z0ckg?start=1&#038;feature=oembed\" frameborder=\"0\" allow=\"accelerometer; autoplay; clipboard-write; encrypted-media; gyroscope; picture-in-picture; web-share\" referrerpolicy=\"strict-origin-when-cross-origin\" allowfullscreen><\/iframe><\/p>\n","protected":false},"excerpt":{"rendered":"<ul class=\"product--bullets\">\n<li>Compacto, manejable y duradero<\/li>\n<li>Manejo sencillo con una sola mano<\/li>\n<li>Precisi\u00f3n trazable al NIST<\/li>\n<li>Funciona con pilas<\/li>\n<li>Pantalla LCD<\/li>\n<li>Fabricado en EE.UU.<\/li>\n<\/ul>\n","protected":false},"featured_media":32911,"comment_status":"closed","ping_status":"closed","template":"","meta":[],"product_brand":[],"product_cat":[836,849],"product_tag":[926,927],"class_list":{"0":"post-35444","1":"product","2":"type-product","3":"status-publish","4":"has-post-thumbnail","6":"product_cat-solarmeter-es","7":"product_cat-medidores","8":"product_tag-aparato-manual-de-medicion","9":"product_tag-medidor-de-radiacion","11":"first","12":"instock","13":"taxable","14":"shipping-taxable","15":"purchasable","16":"product-type-simple"},"yoast_head":"<!-- This site is optimized with the Yoast SEO plugin v27.3 - https:\/\/yoast.com\/product\/yoast-seo-wordpress\/ -->\n<title>Solarmeter\u00ae 9.4 Luz azul visible - ECONLUX GmbH PetCare<\/title>\n<meta name=\"robots\" content=\"index, follow, max-snippet:-1, max-image-preview:large, max-video-preview:-1\" \/>\n<link rel=\"canonical\" href=\"https:\/\/petcare.econlux.de\/es\/producto\/solarmeter-9-4-luz-azul-visible\/\" \/>\n<meta property=\"og:locale\" content=\"es_ES\" \/>\n<meta property=\"og:type\" content=\"article\" \/>\n<meta property=\"og:title\" content=\"Solarmeter\u00ae 9.4 Luz azul visible - ECONLUX GmbH PetCare\" \/>\n<meta property=\"og:description\" content=\"Compacto, manejable y duradero  Manejo sencillo con una sola mano  Precisi\u00f3n trazable al NIST  Funciona con pilas  Pantalla LCD  Fabricado en EE.UU.\" \/>\n<meta property=\"og:url\" content=\"https:\/\/petcare.econlux.de\/es\/producto\/solarmeter-9-4-luz-azul-visible\/\" \/>\n<meta property=\"og:site_name\" content=\"ECONLUX GmbH PetCare\" \/>\n<meta property=\"og:image\" content=\"https:\/\/petcare.econlux.de\/wp-content\/uploads\/2024\/09\/00010571_Solarmeter_9.4_5.webp\" \/>\n\t<meta property=\"og:image:width\" content=\"1000\" \/>\n\t<meta property=\"og:image:height\" content=\"1000\" \/>\n\t<meta property=\"og:image:type\" content=\"image\/webp\" \/>\n<meta name=\"twitter:card\" content=\"summary_large_image\" \/>\n<meta name=\"twitter:label1\" content=\"Tiempo de lectura\" \/>\n\t<meta name=\"twitter:data1\" content=\"3 minutos\" \/>\n<script type=\"application\/ld+json\" class=\"yoast-schema-graph\">{\"@context\":\"https:\\\/\\\/schema.org\",\"@graph\":[{\"@type\":\"WebPage\",\"@id\":\"https:\\\/\\\/petcare.econlux.de\\\/es\\\/producto\\\/solarmeter-9-4-luz-azul-visible\\\/\",\"url\":\"https:\\\/\\\/petcare.econlux.de\\\/es\\\/producto\\\/solarmeter-9-4-luz-azul-visible\\\/\",\"name\":\"Solarmeter\u00ae 9.4 Luz azul visible - ECONLUX GmbH PetCare\",\"isPartOf\":{\"@id\":\"https:\\\/\\\/petcare.econlux.de\\\/es\\\/#website\"},\"primaryImageOfPage\":{\"@id\":\"https:\\\/\\\/petcare.econlux.de\\\/es\\\/producto\\\/solarmeter-9-4-luz-azul-visible\\\/#primaryimage\"},\"image\":{\"@id\":\"https:\\\/\\\/petcare.econlux.de\\\/es\\\/producto\\\/solarmeter-9-4-luz-azul-visible\\\/#primaryimage\"},\"thumbnailUrl\":\"https:\\\/\\\/petcare.econlux.de\\\/wp-content\\\/uploads\\\/2024\\\/09\\\/00010571_Solarmeter_9.4_5.webp\",\"datePublished\":\"2024-09-12T13:41:17+00:00\",\"breadcrumb\":{\"@id\":\"https:\\\/\\\/petcare.econlux.de\\\/es\\\/producto\\\/solarmeter-9-4-luz-azul-visible\\\/#breadcrumb\"},\"inLanguage\":\"es\",\"potentialAction\":[{\"@type\":\"ReadAction\",\"target\":[\"https:\\\/\\\/petcare.econlux.de\\\/es\\\/producto\\\/solarmeter-9-4-luz-azul-visible\\\/\"]}]},{\"@type\":\"ImageObject\",\"inLanguage\":\"es\",\"@id\":\"https:\\\/\\\/petcare.econlux.de\\\/es\\\/producto\\\/solarmeter-9-4-luz-azul-visible\\\/#primaryimage\",\"url\":\"https:\\\/\\\/petcare.econlux.de\\\/wp-content\\\/uploads\\\/2024\\\/09\\\/00010571_Solarmeter_9.4_5.webp\",\"contentUrl\":\"https:\\\/\\\/petcare.econlux.de\\\/wp-content\\\/uploads\\\/2024\\\/09\\\/00010571_Solarmeter_9.4_5.webp\",\"width\":1000,\"height\":1000,\"caption\":\"00010571_Solarmeter_9.4_5\"},{\"@type\":\"BreadcrumbList\",\"@id\":\"https:\\\/\\\/petcare.econlux.de\\\/es\\\/producto\\\/solarmeter-9-4-luz-azul-visible\\\/#breadcrumb\",\"itemListElement\":[{\"@type\":\"ListItem\",\"position\":1,\"name\":\"Startseite\",\"item\":\"https:\\\/\\\/petcare.econlux.de\\\/es\\\/\"},{\"@type\":\"ListItem\",\"position\":2,\"name\":\"Productos\",\"item\":\"https:\\\/\\\/petcare.econlux.de\\\/es\\\/productos\\\/\"},{\"@type\":\"ListItem\",\"position\":3,\"name\":\"Solarmeter\u00ae 9.4 Luz azul visible\"}]},{\"@type\":\"WebSite\",\"@id\":\"https:\\\/\\\/petcare.econlux.de\\\/es\\\/#website\",\"url\":\"https:\\\/\\\/petcare.econlux.de\\\/es\\\/\",\"name\":\"ECONLUX GmbH PetCare\",\"description\":\"\",\"potentialAction\":[{\"@type\":\"SearchAction\",\"target\":{\"@type\":\"EntryPoint\",\"urlTemplate\":\"https:\\\/\\\/petcare.econlux.de\\\/es\\\/?s={search_term_string}\"},\"query-input\":{\"@type\":\"PropertyValueSpecification\",\"valueRequired\":true,\"valueName\":\"search_term_string\"}}],\"inLanguage\":\"es\"}]}<\/script>\n<!-- \/ Yoast SEO plugin. -->","yoast_head_json":{"title":"Solarmeter\u00ae 9.4 Luz azul visible - ECONLUX GmbH PetCare","robots":{"index":"index","follow":"follow","max-snippet":"max-snippet:-1","max-image-preview":"max-image-preview:large","max-video-preview":"max-video-preview:-1"},"canonical":"https:\/\/petcare.econlux.de\/es\/producto\/solarmeter-9-4-luz-azul-visible\/","og_locale":"es_ES","og_type":"article","og_title":"Solarmeter\u00ae 9.4 Luz azul visible - ECONLUX GmbH PetCare","og_description":"Compacto, manejable y duradero  Manejo sencillo con una sola mano  Precisi\u00f3n trazable al NIST  Funciona con pilas  Pantalla LCD  Fabricado en EE.UU.","og_url":"https:\/\/petcare.econlux.de\/es\/producto\/solarmeter-9-4-luz-azul-visible\/","og_site_name":"ECONLUX GmbH PetCare","og_image":[{"width":1000,"height":1000,"url":"https:\/\/petcare.econlux.de\/wp-content\/uploads\/2024\/09\/00010571_Solarmeter_9.4_5.webp","type":"image\/webp"}],"twitter_card":"summary_large_image","twitter_misc":{"Tiempo de lectura":"3 minutos"},"schema":{"@context":"https:\/\/schema.org","@graph":[{"@type":"WebPage","@id":"https:\/\/petcare.econlux.de\/es\/producto\/solarmeter-9-4-luz-azul-visible\/","url":"https:\/\/petcare.econlux.de\/es\/producto\/solarmeter-9-4-luz-azul-visible\/","name":"Solarmeter\u00ae 9.4 Luz azul visible - ECONLUX GmbH PetCare","isPartOf":{"@id":"https:\/\/petcare.econlux.de\/es\/#website"},"primaryImageOfPage":{"@id":"https:\/\/petcare.econlux.de\/es\/producto\/solarmeter-9-4-luz-azul-visible\/#primaryimage"},"image":{"@id":"https:\/\/petcare.econlux.de\/es\/producto\/solarmeter-9-4-luz-azul-visible\/#primaryimage"},"thumbnailUrl":"https:\/\/petcare.econlux.de\/wp-content\/uploads\/2024\/09\/00010571_Solarmeter_9.4_5.webp","datePublished":"2024-09-12T13:41:17+00:00","breadcrumb":{"@id":"https:\/\/petcare.econlux.de\/es\/producto\/solarmeter-9-4-luz-azul-visible\/#breadcrumb"},"inLanguage":"es","potentialAction":[{"@type":"ReadAction","target":["https:\/\/petcare.econlux.de\/es\/producto\/solarmeter-9-4-luz-azul-visible\/"]}]},{"@type":"ImageObject","inLanguage":"es","@id":"https:\/\/petcare.econlux.de\/es\/producto\/solarmeter-9-4-luz-azul-visible\/#primaryimage","url":"https:\/\/petcare.econlux.de\/wp-content\/uploads\/2024\/09\/00010571_Solarmeter_9.4_5.webp","contentUrl":"https:\/\/petcare.econlux.de\/wp-content\/uploads\/2024\/09\/00010571_Solarmeter_9.4_5.webp","width":1000,"height":1000,"caption":"00010571_Solarmeter_9.4_5"},{"@type":"BreadcrumbList","@id":"https:\/\/petcare.econlux.de\/es\/producto\/solarmeter-9-4-luz-azul-visible\/#breadcrumb","itemListElement":[{"@type":"ListItem","position":1,"name":"Startseite","item":"https:\/\/petcare.econlux.de\/es\/"},{"@type":"ListItem","position":2,"name":"Productos","item":"https:\/\/petcare.econlux.de\/es\/productos\/"},{"@type":"ListItem","position":3,"name":"Solarmeter\u00ae 9.4 Luz azul visible"}]},{"@type":"WebSite","@id":"https:\/\/petcare.econlux.de\/es\/#website","url":"https:\/\/petcare.econlux.de\/es\/","name":"ECONLUX GmbH PetCare","description":"","potentialAction":[{"@type":"SearchAction","target":{"@type":"EntryPoint","urlTemplate":"https:\/\/petcare.econlux.de\/es\/?s={search_term_string}"},"query-input":{"@type":"PropertyValueSpecification","valueRequired":true,"valueName":"search_term_string"}}],"inLanguage":"es"}]}},"_links":{"self":[{"href":"https:\/\/petcare.econlux.de\/es\/wp-json\/wp\/v2\/product\/35444","targetHints":{"allow":["GET"]}}],"collection":[{"href":"https:\/\/petcare.econlux.de\/es\/wp-json\/wp\/v2\/product"}],"about":[{"href":"https:\/\/petcare.econlux.de\/es\/wp-json\/wp\/v2\/types\/product"}],"replies":[{"embeddable":true,"href":"https:\/\/petcare.econlux.de\/es\/wp-json\/wp\/v2\/comments?post=35444"}],"version-history":[{"count":0,"href":"https:\/\/petcare.econlux.de\/es\/wp-json\/wp\/v2\/product\/35444\/revisions"}],"wp:featuredmedia":[{"embeddable":true,"href":"https:\/\/petcare.econlux.de\/es\/wp-json\/wp\/v2\/media\/32911"}],"wp:attachment":[{"href":"https:\/\/petcare.econlux.de\/es\/wp-json\/wp\/v2\/media?parent=35444"}],"wp:term":[{"taxonomy":"product_brand","embeddable":true,"href":"https:\/\/petcare.econlux.de\/es\/wp-json\/wp\/v2\/product_brand?post=35444"},{"taxonomy":"product_cat","embeddable":true,"href":"https:\/\/petcare.econlux.de\/es\/wp-json\/wp\/v2\/product_cat?post=35444"},{"taxonomy":"product_tag","embeddable":true,"href":"https:\/\/petcare.econlux.de\/es\/wp-json\/wp\/v2\/product_tag?post=35444"}],"curies":[{"name":"wp","href":"https:\/\/api.w.org\/{rel}","templated":true}]}}