{"id":35276,"date":"2024-09-12T15:41:17","date_gmt":"2024-09-12T13:41:17","guid":{"rendered":"https:\/\/petcare.econlux.de\/produkt\/solarmeter-10-0-energia-solar-global\/"},"modified":"2025-06-30T12:45:34","modified_gmt":"2025-06-30T10:45:34","slug":"solarmeter-10-0-energia-solar-global","status":"publish","type":"product","link":"https:\/\/petcare.econlux.de\/es\/producto\/solarmeter-10-0-energia-solar-global\/","title":{"rendered":"Solarmeter\u00ae 10.0 Energ\u00eda solar global"},"content":{"rendered":"<ul>\n<li>Control de la intensidad de la luz visible y el envejecimiento<\/li>\n<li>Medir la potencia de los paneles solares<\/li>\n<li>Medici\u00f3n de la radiaci\u00f3n solar en exteriores<\/li>\n<li>Estimaci\u00f3n de la potencia fotovoltaica<\/li>\n<\/ul>\n<table>\n<tbody>\n<tr>\n<td><strong>Modell:<\/strong><\/td>\n<td><strong>10.0<\/strong><\/td>\n<\/tr>\n<tr>\n<td><strong>Gama de salida:<\/strong><\/td>\n<td><strong>0-1999 W\/m\u00b2<\/strong><\/td>\n<\/tr>\n<tr>\n<td><strong>Rango de medici\u00f3n:<\/strong><\/td>\n<td><strong>940 nm<\/strong><\/td>\n<\/tr>\n<tr>\n<td><strong>Ancho de banda:<\/strong><\/td>\n<td><strong>400-1100 nm<\/strong><\/td>\n<\/tr>\n<tr>\n<td><strong>Resoluci\u00f3n:<\/strong><\/td>\n<td><strong>1 W\/m\u00b2<\/strong><\/td>\n<\/tr>\n<tr>\n<td><strong>Velocidad de conversi\u00f3n:<\/strong><\/td>\n<td><strong>3,0 visualizaciones\/seg.<\/strong><\/td>\n<\/tr>\n<tr>\n<td><strong>Pantalla:<\/strong><\/td>\n<td><strong>LCD de 3,5 d\u00edgitos<\/strong><\/td>\n<\/tr>\n<tr>\n<td><strong>Tama\u00f1o de los d\u00edgitos:<\/strong><\/td>\n<td><strong>10,2 mm de altura<\/strong><\/td>\n<\/tr>\n<tr>\n<td><strong>Temperatura de funcionamiento:<\/strong><\/td>\n<td><strong>0\u00b0C &#8211; 37,8\u00b0C<\/strong><\/td>\n<\/tr>\n<tr>\n<td><strong>Humedad de funcionamiento:<\/strong><\/td>\n<td><strong>5% &#8211; 80%<\/strong><\/td>\n<\/tr>\n<tr>\n<td><strong>Precisi\u00f3n:<\/strong><\/td>\n<td><strong>\u00b15% REF.NIST<\/strong><\/td>\n<\/tr>\n<tr>\n<td><strong>Dimensiones:<\/strong><\/td>\n<td><strong>L: 61 x An: 22 x Al: 108 mm<\/strong><\/td>\n<\/tr>\n<tr>\n<td><strong>Peso<\/strong><\/td>\n<td><strong>150 g<\/strong><\/td>\n<\/tr>\n<tr>\n<td><strong>Tensi\u00f3n de funcionamiento:<\/strong><\/td>\n<td><strong>9 V (pila bloque)<\/strong><\/td>\n<\/tr>\n<tr>\n<td><strong>Detector:<\/strong><\/td>\n<td><strong>Fotodiodo de silicona<\/strong><\/td>\n<\/tr>\n<tr>\n<td><strong>Lente:<\/strong><\/td>\n<td><strong>Cristal UV<\/strong><\/td>\n<\/tr>\n<tr>\n<td><strong>Difusor:<\/strong><\/td>\n<td><strong>Tefl\u00f3n<\/strong><\/td>\n<\/tr>\n<\/tbody>\n<\/table>\n<p><img fetchpriority=\"high\" decoding=\"async\" class=\"alignnone wp-image-12662\" src=\"https:\/\/econlux.de\/wp-content\/uploads\/2021\/07\/00010572_Solarmeter_10.0_Global_Solar_Power_Grafik.jpg\" alt=\"Solarmeter 10.0 Global Solar Power Graphic, n\u00famero de art\u00edculo 00010572\" width=\"650\" height=\"650\"><\/p>\n<p><strong style=\"font-size: 16px\">Sensor:<\/strong><br \/>\nFotodiodo AIGaN con filtro.<\/p>\n<p><strong>Funcionamiento del aparato de medici\u00f3n:<br \/>\n<\/strong>Para hacer funcionar su medidor solar, apunte la ventana del sensor situada en la parte superior del medidor directamente a una fuente. Mantenga pulsado el presostato situado en la parte frontal del medidor. Para obtener los mejores resultados, anote la distancia de la medici\u00f3n a la fuente para garantizar resultados repetibles.  <\/p>\n<p>El voltaje de funcionamiento de la bater\u00eda es ajustable desde 9 V hasta 6,5 \u200b\u200bV. Por debajo de 6,5 V, los n\u00fameros en la pantalla LCD comienzan a desvanecerse, lo que indica la necesidad de reemplazar la bater\u00eda. Con una carga operativa t\u00edpica, una bater\u00eda est\u00e1ndar de 9 V dura aproximadamente 2 a\u00f1os. <\/p>\n<p><strong>U so correcto del Solarmeter\u00ae:<br \/>\n<\/strong><\/p>\n<ul>\n<li>Utilice cristales tintados o gafas de sol cuando controle la luz solar intensa.<\/li>\n<li>Apunte el sensor directamente al sol para ver la radiaci\u00f3n solar m\u00e1xima como referencia.<\/li>\n<li>Apunta el sensor en la misma direcci\u00f3n que el panel solar para ver la irradiancia que incide sobre el m\u00f3dulo.<\/li>\n<li>Si es necesario, vuelva a alinear el panel solar para obtener la mejor posici\u00f3n media.<\/li>\n<li>La direcci\u00f3n de la radiaci\u00f3n solar m\u00e1xima al mediod\u00eda var\u00eda de forma natural a lo largo del a\u00f1o.<\/li>\n<\/ul>\n<p><strong>Calcule correctamente la potencia del panel solar:<\/strong><br \/>\nObtenga la siguiente informaci\u00f3n del fabricante del conjunto de m\u00f3dulos antes de comenzar:<\/p>\n<p>Superficie activa efectiva de las c\u00e9lulas solares en metros cuadrados ____ m\u00b2<br \/>\nEficiencia de las c\u00e9lulas solares como porcentaje de la potencia de entrada respecto a la de salida ____ %.<br \/>\nEficiencia de conversi\u00f3n CC-CA de los m\u00f3dulos de c\u00e9lulas solares del panel ____ %.<br \/>\n<\/p>\n<p>Lo mejor es hacerlo cuando el sol incida directamente sobre el m\u00f3dulo hacia el mediod\u00eda. La probabilidad de que se produzca un error de medici\u00f3n aumentar\u00e1 con un \u00e1ngulo de m\u00e1s de 35\u00b0 aproximadamente de luz solar directa. <\/p>\n<p><strong>Ejemplo de c\u00e1lculo con un contador fotovoltaico que indica 1000 W\/m perpendicular a un m\u00f3dulo de 10 m con una superficie activa de 10 m, 14 % de eficiencia de la c\u00e9lula, 95 % de eficiencia del convertidor, 40 C:<\/strong><br \/>\n1000 W\/m\u00b2 x 10 m\u00b2 = 10000 vatios de energ\u00eda solar entrante<\/p>\n<p>&#8211; 10000 W x 0,14 rendimiento de la c\u00e9lula = 1400 vatios<br \/>\n&#8211; 1400 W x 0,95 Rendimiento de conversi\u00f3n = 1330 vatios<\/p>\n<p>La p\u00e9rdida t\u00edpica del coeficiente de temperatura para las c\u00e9lulas solares es de -0,5% por grado C por encima de 25\u00b0&#8230; o 7,5% para 40\u00b0 en este ejemplo (15\u00b0 x 0,5% = 7,5% de p\u00e9rdida o 92,5% del valor anterior. As\u00ed que <\/p>\n<p>&#8211; 1330 W x 0,925 = 1230 vatios.<\/p>\n<p>Por \u00faltimo, una peque\u00f1a p\u00e9rdida de cableado y componentes de ~1 % reduce la potencia del panel a ~1218 W.<\/p>\n<p><strong>Generaci\u00f3n de energ\u00eda a lo largo del tiempo:<\/strong><br \/>\nEl valor anterior de 1218 vatios es una cifra \u00abinstant\u00e1nea\u00bb. La energ\u00eda se expresa en vatios (o kilovatios) hora. As\u00ed, si la radiaci\u00f3n solar permaneciera constante durante una hora al mediod\u00eda, la energ\u00eda generada ser\u00eda de 1218 WH. Para estimar la energ\u00eda a lo largo de todo el d\u00eda, toma lecturas cada hora y aplica los ejemplos anteriores. A continuaci\u00f3n, sume el valor de cada hora x el n\u00famero de horas para obtener los vatios hora diarios. Por supuesto, el valor aumenta en verano y alcanza su m\u00e1ximo alrededor del 21 de junio en el hemisferio norte&#8230; y disminuye en invierno, alcanzando su punto m\u00e1s bajo en torno al solsticio del 21 de diciembre. En el hemisferio sur es al rev\u00e9s.      <\/p>\n<p><strong>Cuidado y mantenimiento:<\/strong><\/p>\n<ul>\n<li>No expongas el aparato de medici\u00f3n a temperaturas extremas, humedad, golpes o polvo. \u2022 Si el medidor se expone accidentalmente a condiciones extremas de humedad o humedad, pueden producirse lecturas anormalmente altas. \u2022 Permitir que el medidor se seque naturalmente o colocarlo en una bolsa con silicato restaurar\u00e1 su funcionamiento normal.<\/li>\n<li>Utiliza un pa\u00f1o muy suave para limpiar el medidor. Mant\u00e9n el sensor libre de aceite, suciedad, etc. <\/li>\n<\/ul>\n<p><iframe title=\"Solarmeter Model 10.0 Digital Handheld PV Global Solar Power Meter Radiometer with Integral Sensor\" width=\"500\" height=\"281\" src=\"https:\/\/www.youtube.com\/embed\/zV3eKe1CM8Y?start=1&#038;feature=oembed\" frameborder=\"0\" allow=\"accelerometer; autoplay; clipboard-write; encrypted-media; gyroscope; picture-in-picture; web-share\" referrerpolicy=\"strict-origin-when-cross-origin\" allowfullscreen><\/iframe><\/p>\n","protected":false},"excerpt":{"rendered":"<ul class=\"product--bullets\">\n<li>Compacto, manejable y duradero<\/li>\n<li>Manejo sencillo con una sola mano<\/li>\n<li>Precisi\u00f3n trazable al NIST<\/li>\n<li>Funciona con pilas<\/li>\n<li>Pantalla LCD<\/li>\n<li>Fabricado en EE.UU.<\/li>\n<\/ul>\n","protected":false},"featured_media":32749,"comment_status":"closed","ping_status":"closed","template":"","meta":[],"product_brand":[],"product_cat":[836,849],"product_tag":[926,927],"class_list":{"0":"post-35276","1":"product","2":"type-product","3":"status-publish","4":"has-post-thumbnail","6":"product_cat-solarmeter-es","7":"product_cat-medidores","8":"product_tag-aparato-manual-de-medicion","9":"product_tag-medidor-de-radiacion","11":"first","12":"outofstock","13":"taxable","14":"shipping-taxable","15":"purchasable","16":"product-type-simple"},"yoast_head":"<!-- This site is optimized with the Yoast SEO plugin v27.3 - https:\/\/yoast.com\/product\/yoast-seo-wordpress\/ -->\n<title>Solarmeter\u00ae 10.0 Energ\u00eda solar global - ECONLUX GmbH PetCare<\/title>\n<meta name=\"robots\" content=\"index, follow, max-snippet:-1, max-image-preview:large, max-video-preview:-1\" \/>\n<link rel=\"canonical\" href=\"https:\/\/petcare.econlux.de\/es\/producto\/solarmeter-10-0-energia-solar-global\/\" \/>\n<meta property=\"og:locale\" content=\"es_ES\" \/>\n<meta property=\"og:type\" content=\"article\" \/>\n<meta property=\"og:title\" content=\"Solarmeter\u00ae 10.0 Energ\u00eda solar global - ECONLUX GmbH PetCare\" \/>\n<meta property=\"og:description\" content=\"Compacto, manejable y duradero  Manejo sencillo con una sola mano  Precisi\u00f3n trazable al NIST  Funciona con pilas  Pantalla LCD  Fabricado en EE.UU.\" \/>\n<meta property=\"og:url\" content=\"https:\/\/petcare.econlux.de\/es\/producto\/solarmeter-10-0-energia-solar-global\/\" \/>\n<meta property=\"og:site_name\" content=\"ECONLUX GmbH PetCare\" \/>\n<meta property=\"article:modified_time\" content=\"2025-06-30T10:45:34+00:00\" \/>\n<meta property=\"og:image\" content=\"https:\/\/petcare.econlux.de\/wp-content\/uploads\/2024\/09\/00010572_Solarmeter_10.0_5.webp\" \/>\n\t<meta property=\"og:image:width\" content=\"1000\" \/>\n\t<meta property=\"og:image:height\" content=\"1000\" \/>\n\t<meta property=\"og:image:type\" content=\"image\/webp\" \/>\n<meta name=\"twitter:card\" content=\"summary_large_image\" \/>\n<meta name=\"twitter:label1\" content=\"Tiempo de lectura\" \/>\n\t<meta name=\"twitter:data1\" content=\"4 minutos\" \/>\n<script type=\"application\/ld+json\" class=\"yoast-schema-graph\">{\"@context\":\"https:\\\/\\\/schema.org\",\"@graph\":[{\"@type\":\"WebPage\",\"@id\":\"https:\\\/\\\/petcare.econlux.de\\\/es\\\/producto\\\/solarmeter-10-0-energia-solar-global\\\/\",\"url\":\"https:\\\/\\\/petcare.econlux.de\\\/es\\\/producto\\\/solarmeter-10-0-energia-solar-global\\\/\",\"name\":\"Solarmeter\u00ae 10.0 Energ\u00eda solar global - ECONLUX GmbH PetCare\",\"isPartOf\":{\"@id\":\"https:\\\/\\\/petcare.econlux.de\\\/es\\\/#website\"},\"primaryImageOfPage\":{\"@id\":\"https:\\\/\\\/petcare.econlux.de\\\/es\\\/producto\\\/solarmeter-10-0-energia-solar-global\\\/#primaryimage\"},\"image\":{\"@id\":\"https:\\\/\\\/petcare.econlux.de\\\/es\\\/producto\\\/solarmeter-10-0-energia-solar-global\\\/#primaryimage\"},\"thumbnailUrl\":\"https:\\\/\\\/petcare.econlux.de\\\/wp-content\\\/uploads\\\/2024\\\/09\\\/00010572_Solarmeter_10.0_5.webp\",\"datePublished\":\"2024-09-12T13:41:17+00:00\",\"dateModified\":\"2025-06-30T10:45:34+00:00\",\"breadcrumb\":{\"@id\":\"https:\\\/\\\/petcare.econlux.de\\\/es\\\/producto\\\/solarmeter-10-0-energia-solar-global\\\/#breadcrumb\"},\"inLanguage\":\"es\",\"potentialAction\":[{\"@type\":\"ReadAction\",\"target\":[\"https:\\\/\\\/petcare.econlux.de\\\/es\\\/producto\\\/solarmeter-10-0-energia-solar-global\\\/\"]}]},{\"@type\":\"ImageObject\",\"inLanguage\":\"es\",\"@id\":\"https:\\\/\\\/petcare.econlux.de\\\/es\\\/producto\\\/solarmeter-10-0-energia-solar-global\\\/#primaryimage\",\"url\":\"https:\\\/\\\/petcare.econlux.de\\\/wp-content\\\/uploads\\\/2024\\\/09\\\/00010572_Solarmeter_10.0_5.webp\",\"contentUrl\":\"https:\\\/\\\/petcare.econlux.de\\\/wp-content\\\/uploads\\\/2024\\\/09\\\/00010572_Solarmeter_10.0_5.webp\",\"width\":1000,\"height\":1000,\"caption\":\"00010572_Solarmeter_10.0_5.webp\"},{\"@type\":\"BreadcrumbList\",\"@id\":\"https:\\\/\\\/petcare.econlux.de\\\/es\\\/producto\\\/solarmeter-10-0-energia-solar-global\\\/#breadcrumb\",\"itemListElement\":[{\"@type\":\"ListItem\",\"position\":1,\"name\":\"Startseite\",\"item\":\"https:\\\/\\\/petcare.econlux.de\\\/es\\\/\"},{\"@type\":\"ListItem\",\"position\":2,\"name\":\"Productos\",\"item\":\"https:\\\/\\\/petcare.econlux.de\\\/es\\\/productos\\\/\"},{\"@type\":\"ListItem\",\"position\":3,\"name\":\"Solarmeter\u00ae 10.0 Energ\u00eda solar global\"}]},{\"@type\":\"WebSite\",\"@id\":\"https:\\\/\\\/petcare.econlux.de\\\/es\\\/#website\",\"url\":\"https:\\\/\\\/petcare.econlux.de\\\/es\\\/\",\"name\":\"ECONLUX GmbH PetCare\",\"description\":\"\",\"potentialAction\":[{\"@type\":\"SearchAction\",\"target\":{\"@type\":\"EntryPoint\",\"urlTemplate\":\"https:\\\/\\\/petcare.econlux.de\\\/es\\\/?s={search_term_string}\"},\"query-input\":{\"@type\":\"PropertyValueSpecification\",\"valueRequired\":true,\"valueName\":\"search_term_string\"}}],\"inLanguage\":\"es\"}]}<\/script>\n<!-- \/ Yoast SEO plugin. -->","yoast_head_json":{"title":"Solarmeter\u00ae 10.0 Energ\u00eda solar global - ECONLUX GmbH PetCare","robots":{"index":"index","follow":"follow","max-snippet":"max-snippet:-1","max-image-preview":"max-image-preview:large","max-video-preview":"max-video-preview:-1"},"canonical":"https:\/\/petcare.econlux.de\/es\/producto\/solarmeter-10-0-energia-solar-global\/","og_locale":"es_ES","og_type":"article","og_title":"Solarmeter\u00ae 10.0 Energ\u00eda solar global - ECONLUX GmbH PetCare","og_description":"Compacto, manejable y duradero  Manejo sencillo con una sola mano  Precisi\u00f3n trazable al NIST  Funciona con pilas  Pantalla LCD  Fabricado en EE.UU.","og_url":"https:\/\/petcare.econlux.de\/es\/producto\/solarmeter-10-0-energia-solar-global\/","og_site_name":"ECONLUX GmbH PetCare","article_modified_time":"2025-06-30T10:45:34+00:00","og_image":[{"width":1000,"height":1000,"url":"https:\/\/petcare.econlux.de\/wp-content\/uploads\/2024\/09\/00010572_Solarmeter_10.0_5.webp","type":"image\/webp"}],"twitter_card":"summary_large_image","twitter_misc":{"Tiempo de lectura":"4 minutos"},"schema":{"@context":"https:\/\/schema.org","@graph":[{"@type":"WebPage","@id":"https:\/\/petcare.econlux.de\/es\/producto\/solarmeter-10-0-energia-solar-global\/","url":"https:\/\/petcare.econlux.de\/es\/producto\/solarmeter-10-0-energia-solar-global\/","name":"Solarmeter\u00ae 10.0 Energ\u00eda solar global - ECONLUX GmbH PetCare","isPartOf":{"@id":"https:\/\/petcare.econlux.de\/es\/#website"},"primaryImageOfPage":{"@id":"https:\/\/petcare.econlux.de\/es\/producto\/solarmeter-10-0-energia-solar-global\/#primaryimage"},"image":{"@id":"https:\/\/petcare.econlux.de\/es\/producto\/solarmeter-10-0-energia-solar-global\/#primaryimage"},"thumbnailUrl":"https:\/\/petcare.econlux.de\/wp-content\/uploads\/2024\/09\/00010572_Solarmeter_10.0_5.webp","datePublished":"2024-09-12T13:41:17+00:00","dateModified":"2025-06-30T10:45:34+00:00","breadcrumb":{"@id":"https:\/\/petcare.econlux.de\/es\/producto\/solarmeter-10-0-energia-solar-global\/#breadcrumb"},"inLanguage":"es","potentialAction":[{"@type":"ReadAction","target":["https:\/\/petcare.econlux.de\/es\/producto\/solarmeter-10-0-energia-solar-global\/"]}]},{"@type":"ImageObject","inLanguage":"es","@id":"https:\/\/petcare.econlux.de\/es\/producto\/solarmeter-10-0-energia-solar-global\/#primaryimage","url":"https:\/\/petcare.econlux.de\/wp-content\/uploads\/2024\/09\/00010572_Solarmeter_10.0_5.webp","contentUrl":"https:\/\/petcare.econlux.de\/wp-content\/uploads\/2024\/09\/00010572_Solarmeter_10.0_5.webp","width":1000,"height":1000,"caption":"00010572_Solarmeter_10.0_5.webp"},{"@type":"BreadcrumbList","@id":"https:\/\/petcare.econlux.de\/es\/producto\/solarmeter-10-0-energia-solar-global\/#breadcrumb","itemListElement":[{"@type":"ListItem","position":1,"name":"Startseite","item":"https:\/\/petcare.econlux.de\/es\/"},{"@type":"ListItem","position":2,"name":"Productos","item":"https:\/\/petcare.econlux.de\/es\/productos\/"},{"@type":"ListItem","position":3,"name":"Solarmeter\u00ae 10.0 Energ\u00eda solar global"}]},{"@type":"WebSite","@id":"https:\/\/petcare.econlux.de\/es\/#website","url":"https:\/\/petcare.econlux.de\/es\/","name":"ECONLUX GmbH PetCare","description":"","potentialAction":[{"@type":"SearchAction","target":{"@type":"EntryPoint","urlTemplate":"https:\/\/petcare.econlux.de\/es\/?s={search_term_string}"},"query-input":{"@type":"PropertyValueSpecification","valueRequired":true,"valueName":"search_term_string"}}],"inLanguage":"es"}]}},"_links":{"self":[{"href":"https:\/\/petcare.econlux.de\/es\/wp-json\/wp\/v2\/product\/35276","targetHints":{"allow":["GET"]}}],"collection":[{"href":"https:\/\/petcare.econlux.de\/es\/wp-json\/wp\/v2\/product"}],"about":[{"href":"https:\/\/petcare.econlux.de\/es\/wp-json\/wp\/v2\/types\/product"}],"replies":[{"embeddable":true,"href":"https:\/\/petcare.econlux.de\/es\/wp-json\/wp\/v2\/comments?post=35276"}],"version-history":[{"count":1,"href":"https:\/\/petcare.econlux.de\/es\/wp-json\/wp\/v2\/product\/35276\/revisions"}],"predecessor-version":[{"id":35278,"href":"https:\/\/petcare.econlux.de\/es\/wp-json\/wp\/v2\/product\/35276\/revisions\/35278"}],"wp:featuredmedia":[{"embeddable":true,"href":"https:\/\/petcare.econlux.de\/es\/wp-json\/wp\/v2\/media\/32749"}],"wp:attachment":[{"href":"https:\/\/petcare.econlux.de\/es\/wp-json\/wp\/v2\/media?parent=35276"}],"wp:term":[{"taxonomy":"product_brand","embeddable":true,"href":"https:\/\/petcare.econlux.de\/es\/wp-json\/wp\/v2\/product_brand?post=35276"},{"taxonomy":"product_cat","embeddable":true,"href":"https:\/\/petcare.econlux.de\/es\/wp-json\/wp\/v2\/product_cat?post=35276"},{"taxonomy":"product_tag","embeddable":true,"href":"https:\/\/petcare.econlux.de\/es\/wp-json\/wp\/v2\/product_tag?post=35276"}],"curies":[{"name":"wp","href":"https:\/\/api.w.org\/{rel}","templated":true}]}}