{"id":34675,"date":"2025-05-06T12:32:50","date_gmt":"2025-05-06T10:32:50","guid":{"rendered":"https:\/\/petcare.econlux.de\/produkt\/lampara-hid-solar-raptor-lampara-uv-gx10\/"},"modified":"2025-12-10T12:17:54","modified_gmt":"2025-12-10T11:17:54","slug":"lampara-hid-solar-raptor-lampara-uv-gx10","status":"publish","type":"product","link":"https:\/\/petcare.econlux.de\/es\/producto\/lampara-hid-solar-raptor-lampara-uv-gx10\/","title":{"rendered":"L\u00e1mpara HID SOLAR RAPTOR\u00ae, l\u00e1mpara UV GX10"},"content":{"rendered":"<p>Nuestra <strong>l\u00e1mpara HID SOLAR RAPTOR\u00ae GX10<\/strong> es una moderna l\u00e1mpara UV basada en la \u00faltima tecnolog\u00eda de l\u00e1mpara de vapor met\u00e1lico de alta presi\u00f3n.<\/p>\n<p>Estas l\u00e1mparas se acercan al alcance natural del sol. Se trata de un valor muy superior al de los tubos fluorescentes, los focos o las l\u00e1mparas mixtas de luz y halogenuros met\u00e1licos. <\/p>\n<ul>\n<li>El cuerpo de aluminio disipa el exceso de calor y protege el foco del sobrecalentamiento.<\/li>\n<li>El reflector adicional integrado multiplica la reflexi\u00f3n de la luz.<\/li>\n<li>El vidrio templado utilizado evita que el polvo se queme en el radiador, lo que frenar\u00eda la radiaci\u00f3n.<\/li>\n<\/ul>\n<p>La l\u00e1mpara HID SOLAR RAPTOR\u00ae es nuestra iluminaci\u00f3n de potencia y ayuda a proporcionar un cuidado \u00f3ptimo a los animales del terrario. La l\u00e1mpara HID SOLAR RAPTOR\u00ae sienta nuevas bases en cuanto a estabilidad UV, vida \u00fatil y potencia de luz diurna, y convence sobre todo por su excelente calidad de fabricaci\u00f3n. <\/p>\n<p>Un espectro solar lineal y un \u00edndice de reproducci\u00f3n crom\u00e1tica (IRC) superior a 86 aportan luz solar real al terrario y nuestra l\u00e1mpara HID proporciona unas condiciones de iluminaci\u00f3n casi naturales, que favorecen de forma ideal la percepci\u00f3n del color de los habitantes del terrario.<\/p>\n<p>Reciben un suministro \u00f3ptimo de los vitales rayos UV-A y UV-B. Esto no s\u00f3lo favorece la s\u00edntesis de vitamina D3, que es un requisito b\u00e1sico para el desarrollo saludable de los huesos y la armadura de los animales de terrario, sino que tambi\u00e9n previene enfermedades carenciales. <\/p>\n<p>La percepci\u00f3n natural, el apetito y la voluntad de aparearse aumentan significativamente con un suministro suficiente de UV.<\/p>\n<p>Por \u00faltimo, pero no por ello menos importante, la l\u00e1mpara HID SOLAR RAPTOR\u00ae es tambi\u00e9n una potente fuente de calor que garantiza que los animales del terrario puedan vivir a temperaturas realmente agradables.<\/p>\n<h3>Cuando utilice la l\u00e1mpara HID, preste atenci\u00f3n a lo siguiente:<\/h3>\n<ol>\n<li><strong>Las l\u00e1mparas HID SOLAR RAPTOR\u00ae requieren absolutamente un \u00abrodaje\u00bb.<br \/>\n<\/strong>Cuando se utiliza la l\u00e1mpara SOLAR RAPTOR\u00ae HID por primera vez, la l\u00e1mpara debe estar en funcionamiento continuo durante al menos 2 horas. Este \u00abrodaje\u00bb estabiliza la l\u00e1mpara HID SOLAR RAPTOR\u00ae y evita da\u00f1os posteriores. No encienda nunca el SOLAR RAPTOR\u00ae s\u00f3lo brevemente para una prueba mientras no est\u00e9 quemado.  <\/li>\n<li><strong>La l\u00e1mpara HID SOLAR RAPTOR\u00ae requiere un balasto adecuado<br \/>\n<\/strong> La l\u00e1mpara HID no puede funcionar sin un <a target=\"\"><strong>balasto<\/strong><\/a> adecuado<br \/>\n Aqu\u00ed se recomiendan nuestros <strong><a target=\"\"><strong>balastos electr\u00f3nicos SOLAR RAPTOR\u00ae<\/strong><\/a><\/strong> de alta calidad.<\/li>\n<li><strong>Es imprescindible utilizar un casquillo cer\u00e1mico (casquillo de porcelana) y una jaula protectora<br \/>\n<\/strong> La elevada potencia de nuestra l\u00e1mpara HID SOLAR RAPTOR\u00ae genera naturalmente tambi\u00e9n calor en el casquillo. Por ello, s\u00f3lo debe utilizarse en un casquillo de porcelana resistente al calor (casquillo cer\u00e1mico). Si no se tiene esto en cuenta, aumenta el riesgo de fusi\u00f3n peligrosa y aumenta el riesgo de incendio, por lo que la l\u00e1mpara SOLAR RAPTOR\u00ae HID tambi\u00e9n deber\u00eda estar \u00abentre rejas\u00bb. Una jaula protectora o una rejilla protectora adecuada garantizan que los animales del terrario no puedan entrar en contacto directo con la l\u00e1mpara SolarRaptor HID.   <strong><br \/>\n<\/strong><br \/>\n<strong>Importante: <\/strong> No instale nunca la l\u00e1mpara SOLAR RAPTOR\u00ae HID cerca de objetos f\u00e1cilmente inflamables.<\/li>\n<li><strong>Debe garantizarse una ventilaci\u00f3n suficiente en todo momento <\/strong><br \/>\n No cubra nunca la l\u00e1mpara HID SOLAR RAPTOR\u00ae ni el balasto. Debe haber suficiente ventilaci\u00f3n. <\/li>\n<li><strong>Preste atenci\u00f3n al tiempo de funcionamiento correcto<\/strong><br \/>\n La vida \u00fatil de la l\u00e1mpara HID SOLAR RAPTOR\u00ae puede prolongarse considerablemente si se respetan determinados intervalos de funcionamiento.Recomendaci\u00f3n: Deje siempre la l\u00e1mpara HID SOLAR RAPTOR\u00ae en funcionamiento durante al menos 8 horas antes de volver a apagarla.Despu\u00e9s de 12 meses como m\u00e1ximo, con un tiempo de funcionamiento diario de unas 12 horas, deber\u00e1 sustituir la l\u00e1mpara HID SOLAR RAPTOR\u00ae, ya que a partir de ese momento los valores UV se deterioran considerablemente y los animales del terrario ya no reciben un suministro \u00f3ptimo.<\/li>\n<\/ol>\n<p>Estas l\u00e1mparas SOLAR RAPTOR\u00ae HID tienen un <strong>casquillo GX10<\/strong> y s\u00f3lo est\u00e1n pensadas como suministro suplementario (UV\/calor) para mascotas.<\/p>\n<p><strong>No es adecuado para iluminar habitaciones ni como fuente de calor en el hogar.<\/strong><\/p>\n<p>HID = descarga de alta intensidad<br \/>\nPAR = reflector parab\u00f3lico aluminizado<br \/>\nGX10 = base enchufable (clavijas met\u00e1licas paralelas con una separaci\u00f3n de 10 mm y un di\u00e1metro de 5 mm en el extremo de la clavija).<\/p>\n<p><span class=\"\">ECONLUX GmbH WEEE-Registrations-Nr.: DE 39263685<\/span><\/p>\n","protected":false},"excerpt":{"rendered":"<ul>\n<li>L\u00e1mpara UV de alto rendimiento para terrarios<\/li>\n<li>Amplio espectro UVA y UVB<\/li>\n<li>Se requiere balasto electr\u00f3nico (ECG)<\/li>\n<li>Con reflector facetado y carcasa de aluminio<\/li>\n<\/ul>\n","protected":false},"featured_media":34681,"comment_status":"open","ping_status":"closed","template":"","meta":[],"product_brand":[],"product_cat":[834],"product_tag":[888,889,890,891,892,893,895,947],"class_list":{"0":"post-34675","1":"product","2":"type-product","3":"status-publish","4":"has-post-thumbnail","6":"product_cat-solar-raptor-es","7":"product_tag-terraristica","8":"product_tag-lampara-uv","9":"product_tag-luz-uv","10":"product_tag-radiacion-uv","11":"product_tag-uva-es","12":"product_tag-uvb-es","13":"product_tag-accesorios-para-terrarios","14":"product_tag-lamparas-uv","16":"first","17":"instock","18":"taxable","19":"shipping-taxable","20":"purchasable","21":"product-type-variable"},"yoast_head":"<!-- This site is optimized with the Yoast SEO plugin v27.4 - https:\/\/yoast.com\/product\/yoast-seo-wordpress\/ -->\n<title>L\u00e1mpara HID SOLAR RAPTOR\u00ae, l\u00e1mpara UV GX10 - ECONLUX GmbH PetCare<\/title>\n<meta name=\"robots\" content=\"index, follow, max-snippet:-1, max-image-preview:large, max-video-preview:-1\" \/>\n<link rel=\"canonical\" href=\"https:\/\/petcare.econlux.de\/es\/producto\/lampara-hid-solar-raptor-lampara-uv-gx10\/\" \/>\n<meta property=\"og:locale\" content=\"es_ES\" \/>\n<meta property=\"og:type\" content=\"article\" \/>\n<meta property=\"og:title\" content=\"L\u00e1mpara HID SOLAR RAPTOR\u00ae, l\u00e1mpara UV GX10 - ECONLUX GmbH PetCare\" \/>\n<meta property=\"og:description\" content=\"L\u00e1mpara UV de alto rendimiento para terrarios  Amplio espectro UVA y UVB  Se requiere balasto electr\u00f3nico (ECG)  Con reflector facetado y carcasa de aluminio\" \/>\n<meta property=\"og:url\" content=\"https:\/\/petcare.econlux.de\/es\/producto\/lampara-hid-solar-raptor-lampara-uv-gx10\/\" \/>\n<meta property=\"og:site_name\" content=\"ECONLUX GmbH PetCare\" \/>\n<meta property=\"article:modified_time\" content=\"2025-12-10T11:17:54+00:00\" \/>\n<meta property=\"og:image\" content=\"https:\/\/petcare.econlux.de\/wp-content\/uploads\/2025\/05\/00013344_HID-Lamp_GU10_GX_VATER_transparent-1.webp\" \/>\n\t<meta property=\"og:image:width\" content=\"1000\" \/>\n\t<meta property=\"og:image:height\" content=\"1000\" \/>\n\t<meta property=\"og:image:type\" content=\"image\/webp\" \/>\n<meta name=\"twitter:card\" content=\"summary_large_image\" \/>\n<meta name=\"twitter:label1\" content=\"Tiempo de lectura\" \/>\n\t<meta name=\"twitter:data1\" content=\"4 minutos\" \/>\n<script type=\"application\/ld+json\" class=\"yoast-schema-graph\">{\"@context\":\"https:\\\/\\\/schema.org\",\"@graph\":[{\"@type\":\"WebPage\",\"@id\":\"https:\\\/\\\/petcare.econlux.de\\\/es\\\/producto\\\/lampara-hid-solar-raptor-lampara-uv-gx10\\\/\",\"url\":\"https:\\\/\\\/petcare.econlux.de\\\/es\\\/producto\\\/lampara-hid-solar-raptor-lampara-uv-gx10\\\/\",\"name\":\"L\u00e1mpara HID SOLAR RAPTOR\u00ae, l\u00e1mpara UV GX10 - ECONLUX GmbH PetCare\",\"isPartOf\":{\"@id\":\"https:\\\/\\\/petcare.econlux.de\\\/es\\\/#website\"},\"primaryImageOfPage\":{\"@id\":\"https:\\\/\\\/petcare.econlux.de\\\/es\\\/producto\\\/lampara-hid-solar-raptor-lampara-uv-gx10\\\/#primaryimage\"},\"image\":{\"@id\":\"https:\\\/\\\/petcare.econlux.de\\\/es\\\/producto\\\/lampara-hid-solar-raptor-lampara-uv-gx10\\\/#primaryimage\"},\"thumbnailUrl\":\"https:\\\/\\\/petcare.econlux.de\\\/wp-content\\\/uploads\\\/2025\\\/05\\\/00013344_HID-Lamp_GU10_GX_VATER_transparent-1.webp\",\"datePublished\":\"2025-05-06T10:32:50+00:00\",\"dateModified\":\"2025-12-10T11:17:54+00:00\",\"breadcrumb\":{\"@id\":\"https:\\\/\\\/petcare.econlux.de\\\/es\\\/producto\\\/lampara-hid-solar-raptor-lampara-uv-gx10\\\/#breadcrumb\"},\"inLanguage\":\"es\",\"potentialAction\":[{\"@type\":\"ReadAction\",\"target\":[\"https:\\\/\\\/petcare.econlux.de\\\/es\\\/producto\\\/lampara-hid-solar-raptor-lampara-uv-gx10\\\/\"]}]},{\"@type\":\"ImageObject\",\"inLanguage\":\"es\",\"@id\":\"https:\\\/\\\/petcare.econlux.de\\\/es\\\/producto\\\/lampara-hid-solar-raptor-lampara-uv-gx10\\\/#primaryimage\",\"url\":\"https:\\\/\\\/petcare.econlux.de\\\/wp-content\\\/uploads\\\/2025\\\/05\\\/00013344_HID-Lamp_GU10_GX_VATER_transparent-1.webp\",\"contentUrl\":\"https:\\\/\\\/petcare.econlux.de\\\/wp-content\\\/uploads\\\/2025\\\/05\\\/00013344_HID-Lamp_GU10_GX_VATER_transparent-1.webp\",\"width\":1000,\"height\":1000,\"caption\":\"SOLAR RAPTOR\u00ae\\\/SOLAR STINGER\u00ae HID-Lamp_GU10_GX_Vater Art.-Nr. 00010592\"},{\"@type\":\"BreadcrumbList\",\"@id\":\"https:\\\/\\\/petcare.econlux.de\\\/es\\\/producto\\\/lampara-hid-solar-raptor-lampara-uv-gx10\\\/#breadcrumb\",\"itemListElement\":[{\"@type\":\"ListItem\",\"position\":1,\"name\":\"Startseite\",\"item\":\"https:\\\/\\\/petcare.econlux.de\\\/es\\\/\"},{\"@type\":\"ListItem\",\"position\":2,\"name\":\"Productos\",\"item\":\"https:\\\/\\\/petcare.econlux.de\\\/es\\\/productos\\\/\"},{\"@type\":\"ListItem\",\"position\":3,\"name\":\"L\u00e1mpara HID SOLAR RAPTOR\u00ae, l\u00e1mpara UV GX10\"}]},{\"@type\":\"WebSite\",\"@id\":\"https:\\\/\\\/petcare.econlux.de\\\/es\\\/#website\",\"url\":\"https:\\\/\\\/petcare.econlux.de\\\/es\\\/\",\"name\":\"ECONLUX GmbH PetCare\",\"description\":\"\",\"potentialAction\":[{\"@type\":\"SearchAction\",\"target\":{\"@type\":\"EntryPoint\",\"urlTemplate\":\"https:\\\/\\\/petcare.econlux.de\\\/es\\\/?s={search_term_string}\"},\"query-input\":{\"@type\":\"PropertyValueSpecification\",\"valueRequired\":true,\"valueName\":\"search_term_string\"}}],\"inLanguage\":\"es\"}]}<\/script>\n<!-- \/ Yoast SEO plugin. -->","yoast_head_json":{"title":"L\u00e1mpara HID SOLAR RAPTOR\u00ae, l\u00e1mpara UV GX10 - ECONLUX GmbH PetCare","robots":{"index":"index","follow":"follow","max-snippet":"max-snippet:-1","max-image-preview":"max-image-preview:large","max-video-preview":"max-video-preview:-1"},"canonical":"https:\/\/petcare.econlux.de\/es\/producto\/lampara-hid-solar-raptor-lampara-uv-gx10\/","og_locale":"es_ES","og_type":"article","og_title":"L\u00e1mpara HID SOLAR RAPTOR\u00ae, l\u00e1mpara UV GX10 - ECONLUX GmbH PetCare","og_description":"L\u00e1mpara UV de alto rendimiento para terrarios  Amplio espectro UVA y UVB  Se requiere balasto electr\u00f3nico (ECG)  Con reflector facetado y carcasa de aluminio","og_url":"https:\/\/petcare.econlux.de\/es\/producto\/lampara-hid-solar-raptor-lampara-uv-gx10\/","og_site_name":"ECONLUX GmbH PetCare","article_modified_time":"2025-12-10T11:17:54+00:00","og_image":[{"width":1000,"height":1000,"url":"https:\/\/petcare.econlux.de\/wp-content\/uploads\/2025\/05\/00013344_HID-Lamp_GU10_GX_VATER_transparent-1.webp","type":"image\/webp"}],"twitter_card":"summary_large_image","twitter_misc":{"Tiempo de lectura":"4 minutos"},"schema":{"@context":"https:\/\/schema.org","@graph":[{"@type":"WebPage","@id":"https:\/\/petcare.econlux.de\/es\/producto\/lampara-hid-solar-raptor-lampara-uv-gx10\/","url":"https:\/\/petcare.econlux.de\/es\/producto\/lampara-hid-solar-raptor-lampara-uv-gx10\/","name":"L\u00e1mpara HID SOLAR RAPTOR\u00ae, l\u00e1mpara UV GX10 - ECONLUX GmbH PetCare","isPartOf":{"@id":"https:\/\/petcare.econlux.de\/es\/#website"},"primaryImageOfPage":{"@id":"https:\/\/petcare.econlux.de\/es\/producto\/lampara-hid-solar-raptor-lampara-uv-gx10\/#primaryimage"},"image":{"@id":"https:\/\/petcare.econlux.de\/es\/producto\/lampara-hid-solar-raptor-lampara-uv-gx10\/#primaryimage"},"thumbnailUrl":"https:\/\/petcare.econlux.de\/wp-content\/uploads\/2025\/05\/00013344_HID-Lamp_GU10_GX_VATER_transparent-1.webp","datePublished":"2025-05-06T10:32:50+00:00","dateModified":"2025-12-10T11:17:54+00:00","breadcrumb":{"@id":"https:\/\/petcare.econlux.de\/es\/producto\/lampara-hid-solar-raptor-lampara-uv-gx10\/#breadcrumb"},"inLanguage":"es","potentialAction":[{"@type":"ReadAction","target":["https:\/\/petcare.econlux.de\/es\/producto\/lampara-hid-solar-raptor-lampara-uv-gx10\/"]}]},{"@type":"ImageObject","inLanguage":"es","@id":"https:\/\/petcare.econlux.de\/es\/producto\/lampara-hid-solar-raptor-lampara-uv-gx10\/#primaryimage","url":"https:\/\/petcare.econlux.de\/wp-content\/uploads\/2025\/05\/00013344_HID-Lamp_GU10_GX_VATER_transparent-1.webp","contentUrl":"https:\/\/petcare.econlux.de\/wp-content\/uploads\/2025\/05\/00013344_HID-Lamp_GU10_GX_VATER_transparent-1.webp","width":1000,"height":1000,"caption":"SOLAR RAPTOR\u00ae\/SOLAR STINGER\u00ae HID-Lamp_GU10_GX_Vater Art.-Nr. 00010592"},{"@type":"BreadcrumbList","@id":"https:\/\/petcare.econlux.de\/es\/producto\/lampara-hid-solar-raptor-lampara-uv-gx10\/#breadcrumb","itemListElement":[{"@type":"ListItem","position":1,"name":"Startseite","item":"https:\/\/petcare.econlux.de\/es\/"},{"@type":"ListItem","position":2,"name":"Productos","item":"https:\/\/petcare.econlux.de\/es\/productos\/"},{"@type":"ListItem","position":3,"name":"L\u00e1mpara HID SOLAR RAPTOR\u00ae, l\u00e1mpara UV GX10"}]},{"@type":"WebSite","@id":"https:\/\/petcare.econlux.de\/es\/#website","url":"https:\/\/petcare.econlux.de\/es\/","name":"ECONLUX GmbH PetCare","description":"","potentialAction":[{"@type":"SearchAction","target":{"@type":"EntryPoint","urlTemplate":"https:\/\/petcare.econlux.de\/es\/?s={search_term_string}"},"query-input":{"@type":"PropertyValueSpecification","valueRequired":true,"valueName":"search_term_string"}}],"inLanguage":"es"}]}},"_links":{"self":[{"href":"https:\/\/petcare.econlux.de\/es\/wp-json\/wp\/v2\/product\/34675","targetHints":{"allow":["GET"]}}],"collection":[{"href":"https:\/\/petcare.econlux.de\/es\/wp-json\/wp\/v2\/product"}],"about":[{"href":"https:\/\/petcare.econlux.de\/es\/wp-json\/wp\/v2\/types\/product"}],"replies":[{"embeddable":true,"href":"https:\/\/petcare.econlux.de\/es\/wp-json\/wp\/v2\/comments?post=34675"}],"version-history":[{"count":1,"href":"https:\/\/petcare.econlux.de\/es\/wp-json\/wp\/v2\/product\/34675\/revisions"}],"predecessor-version":[{"id":34708,"href":"https:\/\/petcare.econlux.de\/es\/wp-json\/wp\/v2\/product\/34675\/revisions\/34708"}],"wp:featuredmedia":[{"embeddable":true,"href":"https:\/\/petcare.econlux.de\/es\/wp-json\/wp\/v2\/media\/34681"}],"wp:attachment":[{"href":"https:\/\/petcare.econlux.de\/es\/wp-json\/wp\/v2\/media?parent=34675"}],"wp:term":[{"taxonomy":"product_brand","embeddable":true,"href":"https:\/\/petcare.econlux.de\/es\/wp-json\/wp\/v2\/product_brand?post=34675"},{"taxonomy":"product_cat","embeddable":true,"href":"https:\/\/petcare.econlux.de\/es\/wp-json\/wp\/v2\/product_cat?post=34675"},{"taxonomy":"product_tag","embeddable":true,"href":"https:\/\/petcare.econlux.de\/es\/wp-json\/wp\/v2\/product_tag?post=34675"}],"curies":[{"name":"wp","href":"https:\/\/api.w.org\/{rel}","templated":true}]}}