{"id":34674,"date":"2025-05-06T13:00:52","date_gmt":"2025-05-06T11:00:52","guid":{"rendered":"https:\/\/petcare.econlux.de\/produkt\/cable-de-prolongacion-solar-raptor-drv-200-cm\/"},"modified":"2025-05-06T13:00:52","modified_gmt":"2025-05-06T11:00:52","slug":"cable-de-prolongacion-solar-raptor-drv-200-cm","status":"publish","type":"product","link":"https:\/\/petcare.econlux.de\/es\/producto\/cable-de-prolongacion-solar-raptor-drv-200-cm\/","title":{"rendered":"Cable de prolongaci\u00f3n SOLAR RAPTOR\u00ae DRV 200 cm"},"content":{"rendered":"<p>El <strong>cable de prolongaci\u00f3n SolarStinger\/SolarRaptor DRV<\/strong> se puede utilizar entre una fuente de alimentaci\u00f3n <a href=\"https:\/\/petcare.econlux.de\/es\/produkt\/solar-stinger-solar-raptor-drv2\/\"> SolarStinger\/SolarRaptor DRV2<\/a> y un producto SolarStinger\/SolarRaptor 6-PIN para prolongar el cable de alimentaci\u00f3n. Gracias a los pr\u00e1cticos conectores, s\u00f3lo hay que seguir unos sencillos pasos.<\/p>\n<h3>Alcance de la entrega<\/h3>\n<ul>\n<li>1 x cable<\/li>\n<\/ul>\n<p>&nbsp;<\/p>\n<p>&nbsp;<\/p>\n<p><span class=\"weee--text\">ECONLUX GmbH WEEE-Registrations-Nr.: DE 39263685<\/span><\/p>\n","protected":false},"excerpt":{"rendered":"<ul>\n<li>Para todos los SolarStinger\/SolarRaptor DRV<\/li>\n<li>Negro<\/li>\n<li>Conector de 6 clavijas<\/li>\n<li>Conexi\u00f3n de enchufe segura<\/li>\n<\/ul>\n","protected":false},"featured_media":34668,"comment_status":"open","ping_status":"closed","template":"","meta":[],"product_brand":[],"product_cat":[834,835,841,842],"product_tag":[895,932,1059],"class_list":{"0":"post-34674","1":"product","2":"type-product","3":"status-publish","4":"has-post-thumbnail","6":"product_cat-solar-raptor-es","7":"product_cat-solar-stinger-es","8":"product_cat-accesorios","9":"product_cat-accesorios-y-recambios","10":"product_tag-accesorios-para-terrarios","11":"product_tag-solar-stinger-es","12":"product_tag-cable-alargador","14":"first","15":"instock","16":"taxable","17":"shipping-taxable","18":"purchasable","19":"product-type-simple"},"yoast_head":"<!-- This site is optimized with the Yoast SEO plugin v27.5 - https:\/\/yoast.com\/product\/yoast-seo-wordpress\/ -->\n<title>Cable de prolongaci\u00f3n SOLAR RAPTOR\u00ae DRV 200 cm - ECONLUX GmbH PetCare<\/title>\n<meta name=\"robots\" content=\"index, follow, max-snippet:-1, max-image-preview:large, max-video-preview:-1\" \/>\n<link rel=\"canonical\" href=\"https:\/\/petcare.econlux.de\/es\/producto\/cable-de-prolongacion-solar-raptor-drv-200-cm\/\" \/>\n<meta property=\"og:locale\" content=\"es_ES\" \/>\n<meta property=\"og:type\" content=\"article\" \/>\n<meta property=\"og:title\" content=\"Cable de prolongaci\u00f3n SOLAR RAPTOR\u00ae DRV 200 cm - ECONLUX GmbH PetCare\" \/>\n<meta property=\"og:description\" content=\"Para todos los SolarStinger\/SolarRaptor DRV  Negro  Conector de 6 clavijas  Conexi\u00f3n de enchufe segura\" \/>\n<meta property=\"og:url\" content=\"https:\/\/petcare.econlux.de\/es\/producto\/cable-de-prolongacion-solar-raptor-drv-200-cm\/\" \/>\n<meta property=\"og:site_name\" content=\"ECONLUX GmbH PetCare\" \/>\n<meta property=\"og:image\" content=\"https:\/\/petcare.econlux.de\/wp-content\/uploads\/2025\/05\/00011974_DRV_Verlaengerungskabel_200cm_transparent.webp\" \/>\n\t<meta property=\"og:image:width\" content=\"1000\" \/>\n\t<meta property=\"og:image:height\" content=\"1000\" \/>\n\t<meta property=\"og:image:type\" content=\"image\/webp\" \/>\n<meta name=\"twitter:card\" content=\"summary_large_image\" \/>\n<script type=\"application\/ld+json\" class=\"yoast-schema-graph\">{\"@context\":\"https:\\\/\\\/schema.org\",\"@graph\":[{\"@type\":\"WebPage\",\"@id\":\"https:\\\/\\\/petcare.econlux.de\\\/es\\\/producto\\\/cable-de-prolongacion-solar-raptor-drv-200-cm\\\/\",\"url\":\"https:\\\/\\\/petcare.econlux.de\\\/es\\\/producto\\\/cable-de-prolongacion-solar-raptor-drv-200-cm\\\/\",\"name\":\"Cable de prolongaci\u00f3n SOLAR RAPTOR\u00ae DRV 200 cm - ECONLUX GmbH PetCare\",\"isPartOf\":{\"@id\":\"https:\\\/\\\/petcare.econlux.de\\\/es\\\/#website\"},\"primaryImageOfPage\":{\"@id\":\"https:\\\/\\\/petcare.econlux.de\\\/es\\\/producto\\\/cable-de-prolongacion-solar-raptor-drv-200-cm\\\/#primaryimage\"},\"image\":{\"@id\":\"https:\\\/\\\/petcare.econlux.de\\\/es\\\/producto\\\/cable-de-prolongacion-solar-raptor-drv-200-cm\\\/#primaryimage\"},\"thumbnailUrl\":\"https:\\\/\\\/petcare.econlux.de\\\/wp-content\\\/uploads\\\/2025\\\/05\\\/00011974_DRV_Verlaengerungskabel_200cm_transparent.webp\",\"datePublished\":\"2025-05-06T11:00:52+00:00\",\"breadcrumb\":{\"@id\":\"https:\\\/\\\/petcare.econlux.de\\\/es\\\/producto\\\/cable-de-prolongacion-solar-raptor-drv-200-cm\\\/#breadcrumb\"},\"inLanguage\":\"es\",\"potentialAction\":[{\"@type\":\"ReadAction\",\"target\":[\"https:\\\/\\\/petcare.econlux.de\\\/es\\\/producto\\\/cable-de-prolongacion-solar-raptor-drv-200-cm\\\/\"]}]},{\"@type\":\"ImageObject\",\"inLanguage\":\"es\",\"@id\":\"https:\\\/\\\/petcare.econlux.de\\\/es\\\/producto\\\/cable-de-prolongacion-solar-raptor-drv-200-cm\\\/#primaryimage\",\"url\":\"https:\\\/\\\/petcare.econlux.de\\\/wp-content\\\/uploads\\\/2025\\\/05\\\/00011974_DRV_Verlaengerungskabel_200cm_transparent.webp\",\"contentUrl\":\"https:\\\/\\\/petcare.econlux.de\\\/wp-content\\\/uploads\\\/2025\\\/05\\\/00011974_DRV_Verlaengerungskabel_200cm_transparent.webp\",\"width\":1000,\"height\":1000,\"caption\":\"SOLAR RAPTOR\u00ae\\\/SOLAR STINGER\u00ae DRV_Verl\u00e4ngerungskabel_200cm Art.-Nr. 00011974\"},{\"@type\":\"BreadcrumbList\",\"@id\":\"https:\\\/\\\/petcare.econlux.de\\\/es\\\/producto\\\/cable-de-prolongacion-solar-raptor-drv-200-cm\\\/#breadcrumb\",\"itemListElement\":[{\"@type\":\"ListItem\",\"position\":1,\"name\":\"Startseite\",\"item\":\"https:\\\/\\\/petcare.econlux.de\\\/es\\\/\"},{\"@type\":\"ListItem\",\"position\":2,\"name\":\"Productos\",\"item\":\"https:\\\/\\\/petcare.econlux.de\\\/es\\\/productos\\\/\"},{\"@type\":\"ListItem\",\"position\":3,\"name\":\"Cable de prolongaci\u00f3n SOLAR RAPTOR\u00ae DRV 200 cm\"}]},{\"@type\":\"WebSite\",\"@id\":\"https:\\\/\\\/petcare.econlux.de\\\/es\\\/#website\",\"url\":\"https:\\\/\\\/petcare.econlux.de\\\/es\\\/\",\"name\":\"ECONLUX GmbH PetCare\",\"description\":\"\",\"potentialAction\":[{\"@type\":\"SearchAction\",\"target\":{\"@type\":\"EntryPoint\",\"urlTemplate\":\"https:\\\/\\\/petcare.econlux.de\\\/es\\\/?s={search_term_string}\"},\"query-input\":{\"@type\":\"PropertyValueSpecification\",\"valueRequired\":true,\"valueName\":\"search_term_string\"}}],\"inLanguage\":\"es\"}]}<\/script>\n<!-- \/ Yoast SEO plugin. -->","yoast_head_json":{"title":"Cable de prolongaci\u00f3n SOLAR RAPTOR\u00ae DRV 200 cm - ECONLUX GmbH PetCare","robots":{"index":"index","follow":"follow","max-snippet":"max-snippet:-1","max-image-preview":"max-image-preview:large","max-video-preview":"max-video-preview:-1"},"canonical":"https:\/\/petcare.econlux.de\/es\/producto\/cable-de-prolongacion-solar-raptor-drv-200-cm\/","og_locale":"es_ES","og_type":"article","og_title":"Cable de prolongaci\u00f3n SOLAR RAPTOR\u00ae DRV 200 cm - ECONLUX GmbH PetCare","og_description":"Para todos los SolarStinger\/SolarRaptor DRV  Negro  Conector de 6 clavijas  Conexi\u00f3n de enchufe segura","og_url":"https:\/\/petcare.econlux.de\/es\/producto\/cable-de-prolongacion-solar-raptor-drv-200-cm\/","og_site_name":"ECONLUX GmbH PetCare","og_image":[{"width":1000,"height":1000,"url":"https:\/\/petcare.econlux.de\/wp-content\/uploads\/2025\/05\/00011974_DRV_Verlaengerungskabel_200cm_transparent.webp","type":"image\/webp"}],"twitter_card":"summary_large_image","schema":{"@context":"https:\/\/schema.org","@graph":[{"@type":"WebPage","@id":"https:\/\/petcare.econlux.de\/es\/producto\/cable-de-prolongacion-solar-raptor-drv-200-cm\/","url":"https:\/\/petcare.econlux.de\/es\/producto\/cable-de-prolongacion-solar-raptor-drv-200-cm\/","name":"Cable de prolongaci\u00f3n SOLAR RAPTOR\u00ae DRV 200 cm - ECONLUX GmbH PetCare","isPartOf":{"@id":"https:\/\/petcare.econlux.de\/es\/#website"},"primaryImageOfPage":{"@id":"https:\/\/petcare.econlux.de\/es\/producto\/cable-de-prolongacion-solar-raptor-drv-200-cm\/#primaryimage"},"image":{"@id":"https:\/\/petcare.econlux.de\/es\/producto\/cable-de-prolongacion-solar-raptor-drv-200-cm\/#primaryimage"},"thumbnailUrl":"https:\/\/petcare.econlux.de\/wp-content\/uploads\/2025\/05\/00011974_DRV_Verlaengerungskabel_200cm_transparent.webp","datePublished":"2025-05-06T11:00:52+00:00","breadcrumb":{"@id":"https:\/\/petcare.econlux.de\/es\/producto\/cable-de-prolongacion-solar-raptor-drv-200-cm\/#breadcrumb"},"inLanguage":"es","potentialAction":[{"@type":"ReadAction","target":["https:\/\/petcare.econlux.de\/es\/producto\/cable-de-prolongacion-solar-raptor-drv-200-cm\/"]}]},{"@type":"ImageObject","inLanguage":"es","@id":"https:\/\/petcare.econlux.de\/es\/producto\/cable-de-prolongacion-solar-raptor-drv-200-cm\/#primaryimage","url":"https:\/\/petcare.econlux.de\/wp-content\/uploads\/2025\/05\/00011974_DRV_Verlaengerungskabel_200cm_transparent.webp","contentUrl":"https:\/\/petcare.econlux.de\/wp-content\/uploads\/2025\/05\/00011974_DRV_Verlaengerungskabel_200cm_transparent.webp","width":1000,"height":1000,"caption":"SOLAR RAPTOR\u00ae\/SOLAR STINGER\u00ae DRV_Verl\u00e4ngerungskabel_200cm Art.-Nr. 00011974"},{"@type":"BreadcrumbList","@id":"https:\/\/petcare.econlux.de\/es\/producto\/cable-de-prolongacion-solar-raptor-drv-200-cm\/#breadcrumb","itemListElement":[{"@type":"ListItem","position":1,"name":"Startseite","item":"https:\/\/petcare.econlux.de\/es\/"},{"@type":"ListItem","position":2,"name":"Productos","item":"https:\/\/petcare.econlux.de\/es\/productos\/"},{"@type":"ListItem","position":3,"name":"Cable de prolongaci\u00f3n SOLAR RAPTOR\u00ae DRV 200 cm"}]},{"@type":"WebSite","@id":"https:\/\/petcare.econlux.de\/es\/#website","url":"https:\/\/petcare.econlux.de\/es\/","name":"ECONLUX GmbH PetCare","description":"","potentialAction":[{"@type":"SearchAction","target":{"@type":"EntryPoint","urlTemplate":"https:\/\/petcare.econlux.de\/es\/?s={search_term_string}"},"query-input":{"@type":"PropertyValueSpecification","valueRequired":true,"valueName":"search_term_string"}}],"inLanguage":"es"}]}},"_links":{"self":[{"href":"https:\/\/petcare.econlux.de\/es\/wp-json\/wp\/v2\/product\/34674","targetHints":{"allow":["GET"]}}],"collection":[{"href":"https:\/\/petcare.econlux.de\/es\/wp-json\/wp\/v2\/product"}],"about":[{"href":"https:\/\/petcare.econlux.de\/es\/wp-json\/wp\/v2\/types\/product"}],"replies":[{"embeddable":true,"href":"https:\/\/petcare.econlux.de\/es\/wp-json\/wp\/v2\/comments?post=34674"}],"version-history":[{"count":0,"href":"https:\/\/petcare.econlux.de\/es\/wp-json\/wp\/v2\/product\/34674\/revisions"}],"wp:featuredmedia":[{"embeddable":true,"href":"https:\/\/petcare.econlux.de\/es\/wp-json\/wp\/v2\/media\/34668"}],"wp:attachment":[{"href":"https:\/\/petcare.econlux.de\/es\/wp-json\/wp\/v2\/media?parent=34674"}],"wp:term":[{"taxonomy":"product_brand","embeddable":true,"href":"https:\/\/petcare.econlux.de\/es\/wp-json\/wp\/v2\/product_brand?post=34674"},{"taxonomy":"product_cat","embeddable":true,"href":"https:\/\/petcare.econlux.de\/es\/wp-json\/wp\/v2\/product_cat?post=34674"},{"taxonomy":"product_tag","embeddable":true,"href":"https:\/\/petcare.econlux.de\/es\/wp-json\/wp\/v2\/product_tag?post=34674"}],"curies":[{"name":"wp","href":"https:\/\/api.w.org\/{rel}","templated":true}]}}