{"id":33719,"date":"2024-09-12T15:42:09","date_gmt":"2024-09-12T13:42:09","guid":{"rendered":"https:\/\/petcare.econlux.de\/produkt\/solar-raptor-uv-halogen-spot\/"},"modified":"2025-05-15T14:44:16","modified_gmt":"2025-05-15T12:44:16","slug":"solar-raptor-uv-halogen-spot","status":"publish","type":"product","link":"https:\/\/petcare.econlux.de\/es\/producto\/solar-raptor-uv-halogen-spot\/","title":{"rendered":"SOLAR RAPTOR\u00ae UV Halogen Spot"},"content":{"rendered":"<h2>SOLAR RAPTOR\u00ae UV Halogen Spot<\/h2>\n<h5><strong>Para el mantenimiento adecuado a la especie de reptiles de regiones tropicales y subtropicales: SOLAR RAPTOR\u00ae UV HALOGEN SPOT <br \/>\nUna isla de calor con luz UV-A saludable en el terrario para lugares de descanso c\u00e1lidos. <br \/><\/strong><\/h5>\n<p>Esta l\u00e1mpara hal\u00f3gena para terrarios produce una agradable radiaci\u00f3n t\u00e9rmica y al mismo tiempo proporciona una luz \u00f3ptima que hace que los reptiles se sientan como en la naturaleza. <\/p>\n<p>Un muy buen \u00edndice de reproducci\u00f3n crom\u00e1tica (IRC) de &gt; Ra 99 garantiza una reproducci\u00f3n fiel de los colores de los animales del terrario. Con este \u00edndice de reproducci\u00f3n crom\u00e1tica sensacionalmente alto, los reptiles literalmente \u00abflorecen\u00bb en todo su colorido esplendor. <\/p>\n<p>Adem\u00e1s, los animales reciben un apoyo \u00f3ptimo de UV-A vital, ya que el foco hal\u00f3geno UV crea lugares luminosos y c\u00e1lidos para tomar el sol que resultan muy atractivos para los animales. <\/p>\n<p>La percepci\u00f3n natural, el apetito y la disposici\u00f3n a aparearse de los animales aumentan significativamente con un suministro suficiente de UV. <\/p>\n<p>Aqu\u00ed no se requiere ning\u00fan balasto &#8211; sin embargo, esta l\u00e1mpara hal\u00f3gena para terrarios debe instalarse en un casquillo termoestable E27 de porcelana\/cer\u00e1mica. Para ello es ideal la pinza <a href=\"https:\/\/petcare.econlux.de\/es\/produkt\/solar-raptor-clamplamp\/\" target=\"_blank\" rel=\"noopener\">SOLAR RAPTOR\u00ae Reptile ClampLamp<\/a>, que se conecta r\u00e1pida y f\u00e1cilmente sin herramientas y dispone de una rejilla protectora adicional. <\/p>\n<p>&nbsp;<\/p>\n<h3>Ten en cuenta<\/h3>\n<ul>\n<li>Antes de utilizar la fuente de luz, averig\u00fce la cantidad de UV necesaria para el animal que va a mantener, teniendo en cuenta la distancia m\u00ednima al animal.<\/li>\n<li>Nunca instales la fuente de luz cerca de objetos inflamables.<\/li>\n<li>Aseg\u00farate de que haya una ventilaci\u00f3n adecuada y nunca cubras la fuente de luz.<\/li>\n<li>En caso de funcionamiento anormal, la fuente de luz debe retirarse inmediatamente.<\/li>\n<li>Para garantizar una iluminaci\u00f3n UV eficaz y permanente, le recomendamos que no utilice la fuente de luz durante m\u00e1s de 12 meses con un funcionamiento continuo de 12 horas al d\u00eda, ya que los valores UV disminuir\u00e1n como consecuencia del desgaste.<\/li>\n<\/ul>\n<p>&nbsp;<\/p>\n<h3>Los expertos conf\u00edan en SOLAR RAPTOR<\/h3>\n<h5 style=\"text-align: center\"><img fetchpriority=\"high\" decoding=\"async\" class=\"alignnone wp-image-29934 size-full\" src=\"http:\/\/petcare.econlux.de\/wp-content\/uploads\/2024\/09\/SolarRaptor_Banner_3.jpg\" alt=\"\" width=\"2400\" height=\"900\" srcset=\"https:\/\/petcare.econlux.de\/wp-content\/uploads\/2024\/09\/SolarRaptor_Banner_3.jpg 2400w, https:\/\/petcare.econlux.de\/wp-content\/uploads\/2024\/09\/SolarRaptor_Banner_3-400x150.jpg 400w, https:\/\/petcare.econlux.de\/wp-content\/uploads\/2024\/09\/SolarRaptor_Banner_3-1300x488.jpg 1300w, https:\/\/petcare.econlux.de\/wp-content\/uploads\/2024\/09\/SolarRaptor_Banner_3-768x288.jpg 768w, https:\/\/petcare.econlux.de\/wp-content\/uploads\/2024\/09\/SolarRaptor_Banner_3-1536x576.jpg 1536w, https:\/\/petcare.econlux.de\/wp-content\/uploads\/2024\/09\/SolarRaptor_Banner_3-2048x768.jpg 2048w, https:\/\/petcare.econlux.de\/wp-content\/uploads\/2024\/09\/SolarRaptor_Banner_3-430x161.jpg 430w, https:\/\/petcare.econlux.de\/wp-content\/uploads\/2024\/09\/SolarRaptor_Banner_3-700x263.jpg 700w, https:\/\/petcare.econlux.de\/wp-content\/uploads\/2024\/09\/SolarRaptor_Banner_3-150x56.jpg 150w\" sizes=\"(max-width: 2400px) 100vw, 2400px\" \/><\/h5>\n<p>&nbsp;<\/p>\n<h5>Por cierto: Los focos hal\u00f3genos UV SOLAR RAPTOR\u00ae pueden funcionar alternativamente con un regulador de intensidad adecuado para l\u00e1mparas de filamento, a fin de ajustar la luz y el calor seg\u00fan sea necesario.<\/h5>\n<p>&nbsp;<\/p>\n<p>ECONLUX GmbH WEEE- Registrations-Nr.: DE 39263685<\/p>\n","protected":false},"excerpt":{"rendered":"<ul class=\"product--bullets\">\n<li>No necesita <a href=\"https:\/\/petcare.econlux.de\/es\/categorias-productos\/solar-raptor-es\/balastos\/\" target=\"_blank\" rel=\"noopener\">balasto<\/a> externo<\/li>\n<li>Aumenta la temperatura en el terrario<\/li>\n<li>Para una iluminaci\u00f3n perfecta y detallada <\/li>\n<li>Muy buen \u00edndice de reproducci\u00f3n crom\u00e1tica (IRC) Ra &lt; 99<\/li>\n<\/ul>\n","protected":false},"featured_media":33720,"comment_status":"closed","ping_status":"closed","template":"","meta":[],"product_brand":[],"product_cat":[834,843,847],"product_tag":[888,1037],"class_list":{"0":"post-33719","1":"product","2":"type-product","3":"status-publish","4":"has-post-thumbnail","6":"product_cat-solar-raptor-es","7":"product_cat-productos-de-accion","8":"product_cat-lamparas-uv","9":"product_tag-terraristica","10":"product_tag-calentador-radiante-es","12":"first","13":"instock","14":"taxable","15":"shipping-taxable","16":"purchasable","17":"product-type-variable"},"yoast_head":"<!-- This site is optimized with the Yoast SEO plugin v27.4 - https:\/\/yoast.com\/product\/yoast-seo-wordpress\/ -->\n<title>SOLAR RAPTOR\u00ae UV Halogen Spot<\/title>\n<meta name=\"description\" content=\"SOLAR RAPTOR\u00ae UV Halogen Spot - Esta l\u00e1mpara hal\u00f3gena para terrarios produce una agradable radiaci\u00f3n t\u00e9rmica y proporciona al mismo tiempo una luz \u00f3ptima.\" \/>\n<meta name=\"robots\" content=\"index, follow, max-snippet:-1, max-image-preview:large, max-video-preview:-1\" \/>\n<link rel=\"canonical\" href=\"https:\/\/petcare.econlux.de\/es\/producto\/solar-raptor-uv-halogen-spot\/\" \/>\n<meta property=\"og:locale\" content=\"es_ES\" \/>\n<meta property=\"og:type\" content=\"article\" \/>\n<meta property=\"og:title\" content=\"SOLAR RAPTOR\u00ae UV Halogen Spot\" \/>\n<meta property=\"og:description\" content=\"SOLAR RAPTOR\u00ae UV Halogen Spot - Esta l\u00e1mpara hal\u00f3gena para terrarios produce una agradable radiaci\u00f3n t\u00e9rmica y proporciona al mismo tiempo una luz \u00f3ptima.\" \/>\n<meta property=\"og:url\" content=\"https:\/\/petcare.econlux.de\/es\/producto\/solar-raptor-uv-halogen-spot\/\" \/>\n<meta property=\"og:site_name\" content=\"ECONLUX GmbH PetCare\" \/>\n<meta property=\"article:modified_time\" content=\"2025-05-15T12:44:16+00:00\" \/>\n<meta property=\"og:image\" content=\"https:\/\/petcare.econlux.de\/wp-content\/uploads\/2024\/09\/00013594_SolarRaptor_UV_Halogen_Spot_Vater_transparent.png\" \/>\n\t<meta property=\"og:image:width\" content=\"1000\" \/>\n\t<meta property=\"og:image:height\" content=\"1000\" \/>\n\t<meta property=\"og:image:type\" content=\"image\/png\" \/>\n<meta name=\"twitter:card\" content=\"summary_large_image\" \/>\n<meta name=\"twitter:label1\" content=\"Tiempo de lectura\" \/>\n\t<meta name=\"twitter:data1\" content=\"3 minutos\" \/>\n<script type=\"application\/ld+json\" class=\"yoast-schema-graph\">{\"@context\":\"https:\\\/\\\/schema.org\",\"@graph\":[{\"@type\":\"WebPage\",\"@id\":\"https:\\\/\\\/petcare.econlux.de\\\/es\\\/producto\\\/solar-raptor-uv-halogen-spot\\\/\",\"url\":\"https:\\\/\\\/petcare.econlux.de\\\/es\\\/producto\\\/solar-raptor-uv-halogen-spot\\\/\",\"name\":\"SOLAR RAPTOR\u00ae UV Halogen Spot\",\"isPartOf\":{\"@id\":\"https:\\\/\\\/petcare.econlux.de\\\/es\\\/#website\"},\"primaryImageOfPage\":{\"@id\":\"https:\\\/\\\/petcare.econlux.de\\\/es\\\/producto\\\/solar-raptor-uv-halogen-spot\\\/#primaryimage\"},\"image\":{\"@id\":\"https:\\\/\\\/petcare.econlux.de\\\/es\\\/producto\\\/solar-raptor-uv-halogen-spot\\\/#primaryimage\"},\"thumbnailUrl\":\"https:\\\/\\\/petcare.econlux.de\\\/wp-content\\\/uploads\\\/2024\\\/09\\\/00013594_SolarRaptor_UV_Halogen_Spot_Vater_transparent.png\",\"datePublished\":\"2024-09-12T13:42:09+00:00\",\"dateModified\":\"2025-05-15T12:44:16+00:00\",\"description\":\"SOLAR RAPTOR\u00ae UV Halogen Spot - Esta l\u00e1mpara hal\u00f3gena para terrarios produce una agradable radiaci\u00f3n t\u00e9rmica y proporciona al mismo tiempo una luz \u00f3ptima.\",\"breadcrumb\":{\"@id\":\"https:\\\/\\\/petcare.econlux.de\\\/es\\\/producto\\\/solar-raptor-uv-halogen-spot\\\/#breadcrumb\"},\"inLanguage\":\"es\",\"potentialAction\":[{\"@type\":\"ReadAction\",\"target\":[\"https:\\\/\\\/petcare.econlux.de\\\/es\\\/producto\\\/solar-raptor-uv-halogen-spot\\\/\"]}]},{\"@type\":\"ImageObject\",\"inLanguage\":\"es\",\"@id\":\"https:\\\/\\\/petcare.econlux.de\\\/es\\\/producto\\\/solar-raptor-uv-halogen-spot\\\/#primaryimage\",\"url\":\"https:\\\/\\\/petcare.econlux.de\\\/wp-content\\\/uploads\\\/2024\\\/09\\\/00013594_SolarRaptor_UV_Halogen_Spot_Vater_transparent.png\",\"contentUrl\":\"https:\\\/\\\/petcare.econlux.de\\\/wp-content\\\/uploads\\\/2024\\\/09\\\/00013594_SolarRaptor_UV_Halogen_Spot_Vater_transparent.png\",\"width\":1000,\"height\":1000},{\"@type\":\"BreadcrumbList\",\"@id\":\"https:\\\/\\\/petcare.econlux.de\\\/es\\\/producto\\\/solar-raptor-uv-halogen-spot\\\/#breadcrumb\",\"itemListElement\":[{\"@type\":\"ListItem\",\"position\":1,\"name\":\"Startseite\",\"item\":\"https:\\\/\\\/petcare.econlux.de\\\/es\\\/\"},{\"@type\":\"ListItem\",\"position\":2,\"name\":\"Productos\",\"item\":\"https:\\\/\\\/petcare.econlux.de\\\/es\\\/productos\\\/\"},{\"@type\":\"ListItem\",\"position\":3,\"name\":\"SOLAR RAPTOR\u00ae UV Halogen Spot\"}]},{\"@type\":\"WebSite\",\"@id\":\"https:\\\/\\\/petcare.econlux.de\\\/es\\\/#website\",\"url\":\"https:\\\/\\\/petcare.econlux.de\\\/es\\\/\",\"name\":\"ECONLUX GmbH PetCare\",\"description\":\"\",\"potentialAction\":[{\"@type\":\"SearchAction\",\"target\":{\"@type\":\"EntryPoint\",\"urlTemplate\":\"https:\\\/\\\/petcare.econlux.de\\\/es\\\/?s={search_term_string}\"},\"query-input\":{\"@type\":\"PropertyValueSpecification\",\"valueRequired\":true,\"valueName\":\"search_term_string\"}}],\"inLanguage\":\"es\"}]}<\/script>\n<!-- \/ Yoast SEO plugin. -->","yoast_head_json":{"title":"SOLAR RAPTOR\u00ae UV Halogen Spot","description":"SOLAR RAPTOR\u00ae UV Halogen Spot - Esta l\u00e1mpara hal\u00f3gena para terrarios produce una agradable radiaci\u00f3n t\u00e9rmica y proporciona al mismo tiempo una luz \u00f3ptima.","robots":{"index":"index","follow":"follow","max-snippet":"max-snippet:-1","max-image-preview":"max-image-preview:large","max-video-preview":"max-video-preview:-1"},"canonical":"https:\/\/petcare.econlux.de\/es\/producto\/solar-raptor-uv-halogen-spot\/","og_locale":"es_ES","og_type":"article","og_title":"SOLAR RAPTOR\u00ae UV Halogen Spot","og_description":"SOLAR RAPTOR\u00ae UV Halogen Spot - Esta l\u00e1mpara hal\u00f3gena para terrarios produce una agradable radiaci\u00f3n t\u00e9rmica y proporciona al mismo tiempo una luz \u00f3ptima.","og_url":"https:\/\/petcare.econlux.de\/es\/producto\/solar-raptor-uv-halogen-spot\/","og_site_name":"ECONLUX GmbH PetCare","article_modified_time":"2025-05-15T12:44:16+00:00","og_image":[{"width":1000,"height":1000,"url":"https:\/\/petcare.econlux.de\/wp-content\/uploads\/2024\/09\/00013594_SolarRaptor_UV_Halogen_Spot_Vater_transparent.png","type":"image\/png"}],"twitter_card":"summary_large_image","twitter_misc":{"Tiempo de lectura":"3 minutos"},"schema":{"@context":"https:\/\/schema.org","@graph":[{"@type":"WebPage","@id":"https:\/\/petcare.econlux.de\/es\/producto\/solar-raptor-uv-halogen-spot\/","url":"https:\/\/petcare.econlux.de\/es\/producto\/solar-raptor-uv-halogen-spot\/","name":"SOLAR RAPTOR\u00ae UV Halogen Spot","isPartOf":{"@id":"https:\/\/petcare.econlux.de\/es\/#website"},"primaryImageOfPage":{"@id":"https:\/\/petcare.econlux.de\/es\/producto\/solar-raptor-uv-halogen-spot\/#primaryimage"},"image":{"@id":"https:\/\/petcare.econlux.de\/es\/producto\/solar-raptor-uv-halogen-spot\/#primaryimage"},"thumbnailUrl":"https:\/\/petcare.econlux.de\/wp-content\/uploads\/2024\/09\/00013594_SolarRaptor_UV_Halogen_Spot_Vater_transparent.png","datePublished":"2024-09-12T13:42:09+00:00","dateModified":"2025-05-15T12:44:16+00:00","description":"SOLAR RAPTOR\u00ae UV Halogen Spot - Esta l\u00e1mpara hal\u00f3gena para terrarios produce una agradable radiaci\u00f3n t\u00e9rmica y proporciona al mismo tiempo una luz \u00f3ptima.","breadcrumb":{"@id":"https:\/\/petcare.econlux.de\/es\/producto\/solar-raptor-uv-halogen-spot\/#breadcrumb"},"inLanguage":"es","potentialAction":[{"@type":"ReadAction","target":["https:\/\/petcare.econlux.de\/es\/producto\/solar-raptor-uv-halogen-spot\/"]}]},{"@type":"ImageObject","inLanguage":"es","@id":"https:\/\/petcare.econlux.de\/es\/producto\/solar-raptor-uv-halogen-spot\/#primaryimage","url":"https:\/\/petcare.econlux.de\/wp-content\/uploads\/2024\/09\/00013594_SolarRaptor_UV_Halogen_Spot_Vater_transparent.png","contentUrl":"https:\/\/petcare.econlux.de\/wp-content\/uploads\/2024\/09\/00013594_SolarRaptor_UV_Halogen_Spot_Vater_transparent.png","width":1000,"height":1000},{"@type":"BreadcrumbList","@id":"https:\/\/petcare.econlux.de\/es\/producto\/solar-raptor-uv-halogen-spot\/#breadcrumb","itemListElement":[{"@type":"ListItem","position":1,"name":"Startseite","item":"https:\/\/petcare.econlux.de\/es\/"},{"@type":"ListItem","position":2,"name":"Productos","item":"https:\/\/petcare.econlux.de\/es\/productos\/"},{"@type":"ListItem","position":3,"name":"SOLAR RAPTOR\u00ae UV Halogen Spot"}]},{"@type":"WebSite","@id":"https:\/\/petcare.econlux.de\/es\/#website","url":"https:\/\/petcare.econlux.de\/es\/","name":"ECONLUX GmbH PetCare","description":"","potentialAction":[{"@type":"SearchAction","target":{"@type":"EntryPoint","urlTemplate":"https:\/\/petcare.econlux.de\/es\/?s={search_term_string}"},"query-input":{"@type":"PropertyValueSpecification","valueRequired":true,"valueName":"search_term_string"}}],"inLanguage":"es"}]}},"_links":{"self":[{"href":"https:\/\/petcare.econlux.de\/es\/wp-json\/wp\/v2\/product\/33719","targetHints":{"allow":["GET"]}}],"collection":[{"href":"https:\/\/petcare.econlux.de\/es\/wp-json\/wp\/v2\/product"}],"about":[{"href":"https:\/\/petcare.econlux.de\/es\/wp-json\/wp\/v2\/types\/product"}],"replies":[{"embeddable":true,"href":"https:\/\/petcare.econlux.de\/es\/wp-json\/wp\/v2\/comments?post=33719"}],"version-history":[{"count":5,"href":"https:\/\/petcare.econlux.de\/es\/wp-json\/wp\/v2\/product\/33719\/revisions"}],"predecessor-version":[{"id":34713,"href":"https:\/\/petcare.econlux.de\/es\/wp-json\/wp\/v2\/product\/33719\/revisions\/34713"}],"wp:featuredmedia":[{"embeddable":true,"href":"https:\/\/petcare.econlux.de\/es\/wp-json\/wp\/v2\/media\/33720"}],"wp:attachment":[{"href":"https:\/\/petcare.econlux.de\/es\/wp-json\/wp\/v2\/media?parent=33719"}],"wp:term":[{"taxonomy":"product_brand","embeddable":true,"href":"https:\/\/petcare.econlux.de\/es\/wp-json\/wp\/v2\/product_brand?post=33719"},{"taxonomy":"product_cat","embeddable":true,"href":"https:\/\/petcare.econlux.de\/es\/wp-json\/wp\/v2\/product_cat?post=33719"},{"taxonomy":"product_tag","embeddable":true,"href":"https:\/\/petcare.econlux.de\/es\/wp-json\/wp\/v2\/product_tag?post=33719"}],"curies":[{"name":"wp","href":"https:\/\/api.w.org\/{rel}","templated":true}]}}