{"id":32948,"date":"2024-09-12T15:42:33","date_gmt":"2024-09-12T13:42:33","guid":{"rendered":"https:\/\/petcare.econlux.de\/produkt\/solar-raptor-heatstrip-ii\/"},"modified":"2025-08-20T17:11:49","modified_gmt":"2025-08-20T15:11:49","slug":"solar-raptor-heatstrip-ii","status":"publish","type":"product","link":"https:\/\/petcare.econlux.de\/es\/producto\/solar-raptor-heatstrip-ii\/","title":{"rendered":"SOLAR RAPTOR\u00ae HeatStrip II"},"content":{"rendered":"<h3>SOLAR RAPTOR\u00ae HeatStrip II<\/h3>\n<p>A menudo se subestima el problema de las corrientes de aire en los terrarios: sobre todo con grandes zonas de ventilaci\u00f3n, puede haber demasiada corriente para los animales si entra aire fr\u00edo constantemente. Entonces s\u00f3lo permanecen directamente bajo los calefactores radiantes y, por tanto, ven limitado su comportamiento natural. En el peor de los casos, esto puede incluso provocar enfermedades respiratorias.  <\/p>\n<p>El SOLAR RAPTOR\u00ae HeatStrip II es un sistema de calefacci\u00f3n \u00fanico. Los propietarios de terrarios suelen fijar la varilla autoadhesiva directamente a la entrada de aire frontal de su terrario. Esto calienta el aire entrante y aumenta la temperatura del aire en todo el terrario. Adem\u00e1s, el llamado \u00abefecto chimenea\u00bb garantiza una mejora general del intercambio de aire.   <\/p>\n<p>De este modo, la tira calefactora garantiza que siempre haya suficiente aire fresco caliente y mejora el clima tanto para los animales como para las plantas del terrario.<\/p>\n<p>El HeatStrip tiene otra ventaja para los propietarios de terrarios de selva tropical: Los altos niveles de humedad de los terrarios de selva tropical, que suelen generarse con la ayuda de sistemas de aspersi\u00f3n o nebulizadores ultras\u00f3nicos, a menudo hacen que los cristales se empa\u00f1en. Esto no s\u00f3lo es desagradable para los animales, sino tambi\u00e9n una molestia para el cuidador de reptiles o anfibios. Como la fuente de calor de HeatStrip est\u00e1 situada directamente en el cristal frontal, se contrarresta eficazmente la condensaci\u00f3n de humedad en el cristal. Esto significa que no hay cristales empa\u00f1ados y que los animales se ven claramente en todo momento.   <\/p>\n<p><strong>Tenlo en cuenta: Para el funcionamiento se necesita una <a href=\"https:\/\/petcare.econlux.de\/es\/categorias-productos\/solar-raptor-es\/fuentes-de-alimentacion\/\" target=\"_blank\" rel=\"noopener\">fuente de alimentaci\u00f3n DRV<\/a> &#8211; p\u00eddela por separado.<br \/>\n<\/strong><\/p>\n<p><strong>El SOLAR RAPTOR \u00ae HeatStrip II s\u00f3lo sirve como complemento y no es un sistema de calefacci\u00f3n independiente. Para alcanzar las temperaturas requeridas en el terrario, a pesar del HeatStrip se necesitan l\u00e1mparas de calor, esterillas calefactoras, etc. El HeatStrip sirve de apoyo a estos sistemas de calefacci\u00f3n convencionales.  <\/strong><\/p>\n<p>La cinta HeatStrip est\u00e1 disponible en diferentes longitudes\/niveles de rendimiento. S\u00f3lo tienes que seleccionar la variante adecuada:<\/p>\n<table style=\"border: 1px solid;\">\n<tbody>\n<tr>\n<td><strong>Cinta t\u00e9rmica II<\/strong><\/td>\n<td><strong>450 mm<\/strong><\/td>\n<td><strong>750 mm<\/strong><\/td>\n<td><strong>950 mm<\/strong><\/td>\n<td><strong>1150 mm<\/strong><\/td>\n<\/tr>\n<tr>\n<td>N\u00ba de art\u00edculo<\/td>\n<td>13526<\/td>\n<td>13528<\/td>\n<td>13529<\/td>\n<td>13530<\/td>\n<\/tr>\n<tr>\n<td>Rendimiento:<\/td>\n<td>m\u00e1x. 8 vatios <\/td>\n<td>m\u00e1x. 12 vatios <\/td>\n<td>m\u00e1x. 16 vatios <\/td>\n<td>m\u00e1x. 19 vatios <\/td>\n<\/tr>\n<tr>\n<td>Dimensiones (L x A x A):<\/td>\n<td>450 x 10,5 x 10 mm<\/td>\n<td>750 x 10,5 x 10 mm<\/td>\n<td>950 x 10,5 x 10 mm<\/td>\n<td>1150 x 10,5 x 10 mm<\/td>\n<\/tr>\n<tr>\n<td>Peso<\/td>\n<td>120 g<\/td>\n<td>170 g<\/td>\n<td>200 g<\/td>\n<td>233 g<\/td>\n<\/tr>\n<\/tbody>\n<\/table>\n<p><span class=\"weee--text\"><br \/>\nECONLUX GmbH WEEE-Registrations-Nr.: DE 39263685<\/span><\/p>\n","protected":false},"excerpt":{"rendered":"<ul>\n<li>F\u00e1cil instalaci\u00f3n gracias al soporte autoadhesivo<\/li>\n<li>Calefactor de aire\/calefactor de parabrisas<\/li>\n<li>Se acabaron las ventanas empa\u00f1adas<\/li>\n<li>Evita las corrientes de aire fr\u00edo<\/li>\n<li><strong>Se necesita una <a href=\"https:\/\/petcare.econlux.de\/es\/categorias-productos\/solar-raptor-es\/fuentes-de-alimentacion\/\" target=\"_blank\" rel=\"noopener\">fuente de alimentaci\u00f3n DRV<\/a>; por favor, solic\u00edtela por separado.<\/strong><\/li>\n<\/ul>\n","protected":false},"featured_media":32949,"comment_status":"closed","ping_status":"closed","template":"","meta":[],"product_brand":[],"product_cat":[845,834],"product_tag":[1013,1012,1011,1010,935,895],"class_list":{"0":"post-32948","1":"product","2":"type-product","3":"status-publish","4":"has-post-thumbnail","6":"product_cat-sistemas-de-calefaccion","7":"product_cat-solar-raptor-es","8":"product_tag-calentador-para-terrarios","9":"product_tag-cinta-termica","10":"product_tag-calefaccion-del-parabrisas","11":"product_tag-calefactor-de-ventana","12":"product_tag-control-climatico","13":"product_tag-accesorios-para-terrarios","15":"first","16":"instock","17":"taxable","18":"shipping-taxable","19":"purchasable","20":"product-type-variable"},"yoast_head":"<!-- This site is optimized with the Yoast SEO plugin v27.4 - https:\/\/yoast.com\/product\/yoast-seo-wordpress\/ -->\n<title>SOLAR RAPTOR\u00ae HeatStrip II<\/title>\n<meta name=\"description\" content=\"Se acabaron las corrientes de aire fr\u00edo y las ventanas frontales empa\u00f1adas: La cinta t\u00e9rmica SOLAR RAPTOR\u00ae HeatStrip II garantiza siempre una brisa c\u00e1lida y un buen clima en tu terrario.\" \/>\n<meta name=\"robots\" content=\"index, follow, max-snippet:-1, max-image-preview:large, max-video-preview:-1\" \/>\n<link rel=\"canonical\" href=\"https:\/\/petcare.econlux.de\/es\/producto\/solar-raptor-heatstrip-ii\/\" \/>\n<meta property=\"og:locale\" content=\"es_ES\" \/>\n<meta property=\"og:type\" content=\"article\" \/>\n<meta property=\"og:title\" content=\"SOLAR RAPTOR\u00ae HeatStrip II\" \/>\n<meta property=\"og:description\" content=\"Se acabaron las corrientes de aire fr\u00edo y las ventanas frontales empa\u00f1adas: La cinta t\u00e9rmica SOLAR RAPTOR\u00ae HeatStrip II garantiza siempre una brisa c\u00e1lida y un buen clima en tu terrario.\" \/>\n<meta property=\"og:url\" content=\"https:\/\/petcare.econlux.de\/es\/producto\/solar-raptor-heatstrip-ii\/\" \/>\n<meta property=\"og:site_name\" content=\"ECONLUX GmbH PetCare\" \/>\n<meta property=\"article:modified_time\" content=\"2025-08-20T15:11:49+00:00\" \/>\n<meta property=\"og:image\" content=\"https:\/\/petcare.econlux.de\/wp-content\/uploads\/2024\/09\/00013596_HeatStrip-II_Vater_transparent.png\" \/>\n\t<meta property=\"og:image:width\" content=\"1000\" \/>\n\t<meta property=\"og:image:height\" content=\"1000\" \/>\n\t<meta property=\"og:image:type\" content=\"image\/png\" \/>\n<meta name=\"twitter:card\" content=\"summary_large_image\" \/>\n<meta name=\"twitter:label1\" content=\"Tiempo de lectura\" \/>\n\t<meta name=\"twitter:data1\" content=\"2 minutos\" \/>\n<script type=\"application\/ld+json\" class=\"yoast-schema-graph\">{\"@context\":\"https:\\\/\\\/schema.org\",\"@graph\":[{\"@type\":\"WebPage\",\"@id\":\"https:\\\/\\\/petcare.econlux.de\\\/es\\\/producto\\\/solar-raptor-heatstrip-ii\\\/\",\"url\":\"https:\\\/\\\/petcare.econlux.de\\\/es\\\/producto\\\/solar-raptor-heatstrip-ii\\\/\",\"name\":\"SOLAR RAPTOR\u00ae HeatStrip II\",\"isPartOf\":{\"@id\":\"https:\\\/\\\/petcare.econlux.de\\\/es\\\/#website\"},\"primaryImageOfPage\":{\"@id\":\"https:\\\/\\\/petcare.econlux.de\\\/es\\\/producto\\\/solar-raptor-heatstrip-ii\\\/#primaryimage\"},\"image\":{\"@id\":\"https:\\\/\\\/petcare.econlux.de\\\/es\\\/producto\\\/solar-raptor-heatstrip-ii\\\/#primaryimage\"},\"thumbnailUrl\":\"https:\\\/\\\/petcare.econlux.de\\\/wp-content\\\/uploads\\\/2024\\\/09\\\/00013596_HeatStrip-II_Vater_transparent.png\",\"datePublished\":\"2024-09-12T13:42:33+00:00\",\"dateModified\":\"2025-08-20T15:11:49+00:00\",\"description\":\"Se acabaron las corrientes de aire fr\u00edo y las ventanas frontales empa\u00f1adas: La cinta t\u00e9rmica SOLAR RAPTOR\u00ae HeatStrip II garantiza siempre una brisa c\u00e1lida y un buen clima en tu terrario.\",\"breadcrumb\":{\"@id\":\"https:\\\/\\\/petcare.econlux.de\\\/es\\\/producto\\\/solar-raptor-heatstrip-ii\\\/#breadcrumb\"},\"inLanguage\":\"es\",\"potentialAction\":[{\"@type\":\"ReadAction\",\"target\":[\"https:\\\/\\\/petcare.econlux.de\\\/es\\\/producto\\\/solar-raptor-heatstrip-ii\\\/\"]}]},{\"@type\":\"ImageObject\",\"inLanguage\":\"es\",\"@id\":\"https:\\\/\\\/petcare.econlux.de\\\/es\\\/producto\\\/solar-raptor-heatstrip-ii\\\/#primaryimage\",\"url\":\"https:\\\/\\\/petcare.econlux.de\\\/wp-content\\\/uploads\\\/2024\\\/09\\\/00013596_HeatStrip-II_Vater_transparent.png\",\"contentUrl\":\"https:\\\/\\\/petcare.econlux.de\\\/wp-content\\\/uploads\\\/2024\\\/09\\\/00013596_HeatStrip-II_Vater_transparent.png\",\"width\":1000,\"height\":1000},{\"@type\":\"BreadcrumbList\",\"@id\":\"https:\\\/\\\/petcare.econlux.de\\\/es\\\/producto\\\/solar-raptor-heatstrip-ii\\\/#breadcrumb\",\"itemListElement\":[{\"@type\":\"ListItem\",\"position\":1,\"name\":\"Startseite\",\"item\":\"https:\\\/\\\/petcare.econlux.de\\\/es\\\/\"},{\"@type\":\"ListItem\",\"position\":2,\"name\":\"Productos\",\"item\":\"https:\\\/\\\/petcare.econlux.de\\\/es\\\/productos\\\/\"},{\"@type\":\"ListItem\",\"position\":3,\"name\":\"SOLAR RAPTOR\u00ae HeatStrip II\"}]},{\"@type\":\"WebSite\",\"@id\":\"https:\\\/\\\/petcare.econlux.de\\\/es\\\/#website\",\"url\":\"https:\\\/\\\/petcare.econlux.de\\\/es\\\/\",\"name\":\"ECONLUX GmbH PetCare\",\"description\":\"\",\"potentialAction\":[{\"@type\":\"SearchAction\",\"target\":{\"@type\":\"EntryPoint\",\"urlTemplate\":\"https:\\\/\\\/petcare.econlux.de\\\/es\\\/?s={search_term_string}\"},\"query-input\":{\"@type\":\"PropertyValueSpecification\",\"valueRequired\":true,\"valueName\":\"search_term_string\"}}],\"inLanguage\":\"es\"}]}<\/script>\n<!-- \/ Yoast SEO plugin. -->","yoast_head_json":{"title":"SOLAR RAPTOR\u00ae HeatStrip II","description":"Se acabaron las corrientes de aire fr\u00edo y las ventanas frontales empa\u00f1adas: La cinta t\u00e9rmica SOLAR RAPTOR\u00ae HeatStrip II garantiza siempre una brisa c\u00e1lida y un buen clima en tu terrario.","robots":{"index":"index","follow":"follow","max-snippet":"max-snippet:-1","max-image-preview":"max-image-preview:large","max-video-preview":"max-video-preview:-1"},"canonical":"https:\/\/petcare.econlux.de\/es\/producto\/solar-raptor-heatstrip-ii\/","og_locale":"es_ES","og_type":"article","og_title":"SOLAR RAPTOR\u00ae HeatStrip II","og_description":"Se acabaron las corrientes de aire fr\u00edo y las ventanas frontales empa\u00f1adas: La cinta t\u00e9rmica SOLAR RAPTOR\u00ae HeatStrip II garantiza siempre una brisa c\u00e1lida y un buen clima en tu terrario.","og_url":"https:\/\/petcare.econlux.de\/es\/producto\/solar-raptor-heatstrip-ii\/","og_site_name":"ECONLUX GmbH PetCare","article_modified_time":"2025-08-20T15:11:49+00:00","og_image":[{"width":1000,"height":1000,"url":"https:\/\/petcare.econlux.de\/wp-content\/uploads\/2024\/09\/00013596_HeatStrip-II_Vater_transparent.png","type":"image\/png"}],"twitter_card":"summary_large_image","twitter_misc":{"Tiempo de lectura":"2 minutos"},"schema":{"@context":"https:\/\/schema.org","@graph":[{"@type":"WebPage","@id":"https:\/\/petcare.econlux.de\/es\/producto\/solar-raptor-heatstrip-ii\/","url":"https:\/\/petcare.econlux.de\/es\/producto\/solar-raptor-heatstrip-ii\/","name":"SOLAR RAPTOR\u00ae HeatStrip II","isPartOf":{"@id":"https:\/\/petcare.econlux.de\/es\/#website"},"primaryImageOfPage":{"@id":"https:\/\/petcare.econlux.de\/es\/producto\/solar-raptor-heatstrip-ii\/#primaryimage"},"image":{"@id":"https:\/\/petcare.econlux.de\/es\/producto\/solar-raptor-heatstrip-ii\/#primaryimage"},"thumbnailUrl":"https:\/\/petcare.econlux.de\/wp-content\/uploads\/2024\/09\/00013596_HeatStrip-II_Vater_transparent.png","datePublished":"2024-09-12T13:42:33+00:00","dateModified":"2025-08-20T15:11:49+00:00","description":"Se acabaron las corrientes de aire fr\u00edo y las ventanas frontales empa\u00f1adas: La cinta t\u00e9rmica SOLAR RAPTOR\u00ae HeatStrip II garantiza siempre una brisa c\u00e1lida y un buen clima en tu terrario.","breadcrumb":{"@id":"https:\/\/petcare.econlux.de\/es\/producto\/solar-raptor-heatstrip-ii\/#breadcrumb"},"inLanguage":"es","potentialAction":[{"@type":"ReadAction","target":["https:\/\/petcare.econlux.de\/es\/producto\/solar-raptor-heatstrip-ii\/"]}]},{"@type":"ImageObject","inLanguage":"es","@id":"https:\/\/petcare.econlux.de\/es\/producto\/solar-raptor-heatstrip-ii\/#primaryimage","url":"https:\/\/petcare.econlux.de\/wp-content\/uploads\/2024\/09\/00013596_HeatStrip-II_Vater_transparent.png","contentUrl":"https:\/\/petcare.econlux.de\/wp-content\/uploads\/2024\/09\/00013596_HeatStrip-II_Vater_transparent.png","width":1000,"height":1000},{"@type":"BreadcrumbList","@id":"https:\/\/petcare.econlux.de\/es\/producto\/solar-raptor-heatstrip-ii\/#breadcrumb","itemListElement":[{"@type":"ListItem","position":1,"name":"Startseite","item":"https:\/\/petcare.econlux.de\/es\/"},{"@type":"ListItem","position":2,"name":"Productos","item":"https:\/\/petcare.econlux.de\/es\/productos\/"},{"@type":"ListItem","position":3,"name":"SOLAR RAPTOR\u00ae HeatStrip II"}]},{"@type":"WebSite","@id":"https:\/\/petcare.econlux.de\/es\/#website","url":"https:\/\/petcare.econlux.de\/es\/","name":"ECONLUX GmbH PetCare","description":"","potentialAction":[{"@type":"SearchAction","target":{"@type":"EntryPoint","urlTemplate":"https:\/\/petcare.econlux.de\/es\/?s={search_term_string}"},"query-input":{"@type":"PropertyValueSpecification","valueRequired":true,"valueName":"search_term_string"}}],"inLanguage":"es"}]}},"_links":{"self":[{"href":"https:\/\/petcare.econlux.de\/es\/wp-json\/wp\/v2\/product\/32948","targetHints":{"allow":["GET"]}}],"collection":[{"href":"https:\/\/petcare.econlux.de\/es\/wp-json\/wp\/v2\/product"}],"about":[{"href":"https:\/\/petcare.econlux.de\/es\/wp-json\/wp\/v2\/types\/product"}],"replies":[{"embeddable":true,"href":"https:\/\/petcare.econlux.de\/es\/wp-json\/wp\/v2\/comments?post=32948"}],"version-history":[{"count":2,"href":"https:\/\/petcare.econlux.de\/es\/wp-json\/wp\/v2\/product\/32948\/revisions"}],"predecessor-version":[{"id":35477,"href":"https:\/\/petcare.econlux.de\/es\/wp-json\/wp\/v2\/product\/32948\/revisions\/35477"}],"wp:featuredmedia":[{"embeddable":true,"href":"https:\/\/petcare.econlux.de\/es\/wp-json\/wp\/v2\/media\/32949"}],"wp:attachment":[{"href":"https:\/\/petcare.econlux.de\/es\/wp-json\/wp\/v2\/media?parent=32948"}],"wp:term":[{"taxonomy":"product_brand","embeddable":true,"href":"https:\/\/petcare.econlux.de\/es\/wp-json\/wp\/v2\/product_brand?post=32948"},{"taxonomy":"product_cat","embeddable":true,"href":"https:\/\/petcare.econlux.de\/es\/wp-json\/wp\/v2\/product_cat?post=32948"},{"taxonomy":"product_tag","embeddable":true,"href":"https:\/\/petcare.econlux.de\/es\/wp-json\/wp\/v2\/product_tag?post=32948"}],"curies":[{"name":"wp","href":"https:\/\/api.w.org\/{rel}","templated":true}]}}