{"id":32709,"date":"2024-09-12T15:35:55","date_gmt":"2024-09-12T13:35:55","guid":{"rendered":"https:\/\/petcare.econlux.de\/produkt\/solar-stinger-solar-raptor-con1\/"},"modified":"2025-03-12T15:55:14","modified_gmt":"2025-03-12T14:55:14","slug":"solar-stinger-solar-raptor-con1","status":"publish","type":"product","link":"https:\/\/petcare.econlux.de\/es\/producto\/solar-stinger-solar-raptor-con1\/","title":{"rendered":"SOLAR STINGER\u00ae \/ SOLAR RAPTOR\u00ae CON1"},"content":{"rendered":"<h3><\/h3>\n<h3>SOLAR STINGER\u00ae Y SOLAR RAPTOR\u00ae CON1<\/h3>\n<p>La CON1 es una unidad de control para todos los productos SOLAR STINGER\u00ae y SOLAR RAPTOR\u00ae que funcionan con una fuente de alimentaci\u00f3n <a href=\"https:\/\/petcare.econlux.de\/produkt-kategorie\/solar-raptor\/netzteile\/\" target=\"_blank\" rel=\"noopener\">DRV<\/a>.<\/p>\n<p>Los ajustes pueden realizarse directamente a trav\u00e9s de la pantalla o mediante un cable mini USB (no incluido) en el PC (se requiere Windows XP o un sistema operativo m\u00e1s reciente). El software necesario se puede encontrar <strong><a href=\"https:\/\/econlux.de\/updates\/\" target=\"_blank\" rel=\"noopener\">aqu\u00ed<\/a><\/strong>. <\/p>\n<p>Se pueden programar las horas de encendido y apagado, subir y bajar la luz lentamente o mantenerla atenuada en general si es demasiado fuerte.<\/p>\n<p>Algunos productos, como el <a href=\"https:\/\/petcare.econlux.de\/produkt-kategorie\/solar-stinger\/suesswasser\/\" target=\"_blank\" rel=\"noopener\">SOLAR STINGER\u00ae SunStrip III 35 FRESH<\/a>, el <a href=\"https:\/\/petcare.econlux.de\/produkt\/solarstinger-sunstrip-70-marine\/\" target=\"_blank\" rel=\"noopener\">SOLAR STINGER\u00ae SunStrip 70 MARINE<\/a> o el <a href=\"https:\/\/petcare.econlux.de\/produkt-kategorie\/solar-raptor\/led-beleuchtung\/\" target=\"_blank\" rel=\"noopener\">SOLAR RAPTOR\u00ae SunStrip 35 REPTILE<\/a> tienen LED RGB. Esto permite, por ejemplo, simular amaneceres y atardeceres y ajustar el gradiente de color en consecuencia o realizar otros cambios de color si se considera necesario. <\/p>\n<p>Llegados a este punto, cabe mencionar una vez m\u00e1s que los espectros de luz de todas las tiras solares SOLAR STINGER\u00ae\/SOLAR RAPTOR\u00ae est\u00e1n dise\u00f1ados de forma ideal para su \u00e1mbito de aplicaci\u00f3n (crecimiento de plantas y corales) y no es necesario optimizarlos cambiando los ajustes de color. Por lo tanto, todos los LED deben controlarse en proporciones iguales. Por ejemplo, todos los canales de color al 100 %, todos al 80 % o todos al 65 %.  <\/p>\n<p>Una vez guardada la curva de luz deseada, la unidad de control CON1 la muestra diariamente.<\/p>\n<p>Para la conexi\u00f3n, la fuente de alimentaci\u00f3n DRV se conecta a la entrada del CON1. La potencia de salida (tama\u00f1o) de la DRV debe seleccionarse en funci\u00f3n de la potencia de entrada (vatios) de los productos conectados. Es importante que la potencia de entrada del CON1 (1 vatio) se incluya en el c\u00e1lculo.  <\/p>\n<p>Las tres salidas del CON1 se pueden controlar individualmente y se pueden utilizar con cualquier producto hasta una potencia m\u00e1xima de entrada de 160 vatios. <\/p>\n<h4>Ejemplo:<\/h4>\n<p>CON1 Salida 1 &#8211; SunStrip FRESH III 35 750 mm \/ 26 W<br \/>\nCON1 Salida 2 &#8211; SunStrip FRESH 70 750 mm \/ 53 W<br \/>\nCON1 Salida 3 &#8211; SunStrip FRESH 70 750 mm \/ 53 W<br \/>\nEntrada CON1 &#8211; DRV2 160 W<br \/>\n=&gt;  Potencia de entrada = 26 W + 53 W + 53 W + 1 W = 133 W<br \/>\n=&gt;  Potencia de salida = 160 W<\/p>\n<p>Con un <a href=\"https:\/\/petcare.econlux.de\/produkt\/solar-stinger-solar-raptor-drv-y-cables\/\" target=\"_blank\" rel=\"noopener\">cable en Y DRV<\/a> (no incluido), tambi\u00e9n es posible controlar varios productos de forma sincronizada a trav\u00e9s de una salida.<\/p>\n<h4>Actualizaciones de software:<\/h4>\n<p>Las actualizaciones de software se pueden instalar a trav\u00e9s de la entrada mini USB.<br \/>\nPuedes encontrar las actualizaciones <a href=\"https:\/\/petcare.econlux.de\/updates\/\" target=\"_blank\" rel=\"noopener\"><strong>aqu\u00ed<\/strong><\/a>.<\/p>\n<p><iframe title=\"Die SOLAR STINGER\u00ae\/SOLAR RAPTOR\u00ae CON1 Steuerger\u00e4t: Anleitung (deutsch)\" width=\"500\" height=\"281\" src=\"https:\/\/www.youtube.com\/embed\/eORXe8Xys5o?feature=oembed\" frameborder=\"0\" allow=\"accelerometer; autoplay; clipboard-write; encrypted-media; gyroscope; picture-in-picture; web-share\" referrerpolicy=\"strict-origin-when-cross-origin\" allowfullscreen><\/iframe><\/p>\n<p>&nbsp;<\/p>\n<p>ECONLUX GmbH WEEE- Registrations-Nr.: DE 39263685<\/p>\n","protected":false},"excerpt":{"rendered":"<ul>\n<li>Unidad de control<\/li>\n<li>Para todos los productos SolarStinger y SolarRaptor con funcionamiento de la fuente de alimentaci\u00f3n <a href=\"https:\/\/petcare.econlux.de\/produkt-kategorie\/solar-raptor\/netzteile\/\">DRV<\/a><\/li>\n<li>Para crear escenarios de amanecer\/puesta de sol y otros escenarios<\/li>\n<li>3 salidas controlables individualmente para conectar varios productos<\/li>\n<\/ul>\n","protected":false},"featured_media":32710,"comment_status":"closed","ping_status":"closed","template":"","meta":[],"product_brand":[],"product_cat":[834,835,838,841,842],"product_tag":[933,1003],"class_list":{"0":"post-32709","1":"product","2":"type-product","3":"status-publish","4":"has-post-thumbnail","6":"product_cat-solar-raptor-es","7":"product_cat-solar-stinger-es","8":"product_cat-controladores","9":"product_cat-accesorios","10":"product_cat-accesorios-y-recambios","11":"product_tag-unidad-de-control","12":"product_tag-controlador-es","14":"first","15":"instock","16":"taxable","17":"shipping-taxable","18":"purchasable","19":"product-type-simple"},"yoast_head":"<!-- This site is optimized with the Yoast SEO plugin v27.4 - https:\/\/yoast.com\/product\/yoast-seo-wordpress\/ -->\n<title>SOLAR STINGER\u00ae \/ SOLAR RAPTOR\u00ae CON1 - ECONLUX GmbH PetCare<\/title>\n<meta name=\"description\" content=\"La CON1 es una unidad de control para todos los productos SOLAR STINGER\u00ae y SOLAR RAPTOR\u00ae que funcionan con una fuente de alimentaci\u00f3n DRV.\" \/>\n<meta name=\"robots\" content=\"index, follow, max-snippet:-1, max-image-preview:large, max-video-preview:-1\" \/>\n<link rel=\"canonical\" href=\"https:\/\/petcare.econlux.de\/es\/producto\/solar-stinger-solar-raptor-con1\/\" \/>\n<meta property=\"og:locale\" content=\"es_ES\" \/>\n<meta property=\"og:type\" content=\"article\" \/>\n<meta property=\"og:title\" content=\"SOLAR STINGER\u00ae \/ SOLAR RAPTOR\u00ae CON1 - ECONLUX GmbH PetCare\" \/>\n<meta property=\"og:description\" content=\"La CON1 es una unidad de control para todos los productos SOLAR STINGER\u00ae y SOLAR RAPTOR\u00ae que funcionan con una fuente de alimentaci\u00f3n DRV.\" \/>\n<meta property=\"og:url\" content=\"https:\/\/petcare.econlux.de\/es\/producto\/solar-stinger-solar-raptor-con1\/\" \/>\n<meta property=\"og:site_name\" content=\"ECONLUX GmbH PetCare\" \/>\n<meta property=\"article:modified_time\" content=\"2025-03-12T14:55:14+00:00\" \/>\n<meta property=\"og:image\" content=\"https:\/\/petcare.econlux.de\/wp-content\/uploads\/2024\/09\/00011561_CON1_transparent_2.png\" \/>\n\t<meta property=\"og:image:width\" content=\"1000\" \/>\n\t<meta property=\"og:image:height\" content=\"1000\" \/>\n\t<meta property=\"og:image:type\" content=\"image\/png\" \/>\n<meta name=\"twitter:card\" content=\"summary_large_image\" \/>\n<meta name=\"twitter:label1\" content=\"Tiempo de lectura\" \/>\n\t<meta name=\"twitter:data1\" content=\"2 minutos\" \/>\n<script type=\"application\/ld+json\" class=\"yoast-schema-graph\">{\"@context\":\"https:\\\/\\\/schema.org\",\"@graph\":[{\"@type\":\"WebPage\",\"@id\":\"https:\\\/\\\/petcare.econlux.de\\\/es\\\/producto\\\/solar-stinger-solar-raptor-con1\\\/\",\"url\":\"https:\\\/\\\/petcare.econlux.de\\\/es\\\/producto\\\/solar-stinger-solar-raptor-con1\\\/\",\"name\":\"SOLAR STINGER\u00ae \\\/ SOLAR RAPTOR\u00ae CON1 - ECONLUX GmbH PetCare\",\"isPartOf\":{\"@id\":\"https:\\\/\\\/petcare.econlux.de\\\/es\\\/#website\"},\"primaryImageOfPage\":{\"@id\":\"https:\\\/\\\/petcare.econlux.de\\\/es\\\/producto\\\/solar-stinger-solar-raptor-con1\\\/#primaryimage\"},\"image\":{\"@id\":\"https:\\\/\\\/petcare.econlux.de\\\/es\\\/producto\\\/solar-stinger-solar-raptor-con1\\\/#primaryimage\"},\"thumbnailUrl\":\"https:\\\/\\\/petcare.econlux.de\\\/wp-content\\\/uploads\\\/2024\\\/09\\\/00011561_CON1_transparent_2.png\",\"datePublished\":\"2024-09-12T13:35:55+00:00\",\"dateModified\":\"2025-03-12T14:55:14+00:00\",\"description\":\"La CON1 es una unidad de control para todos los productos SOLAR STINGER\u00ae y SOLAR RAPTOR\u00ae que funcionan con una fuente de alimentaci\u00f3n DRV.\",\"breadcrumb\":{\"@id\":\"https:\\\/\\\/petcare.econlux.de\\\/es\\\/producto\\\/solar-stinger-solar-raptor-con1\\\/#breadcrumb\"},\"inLanguage\":\"es\",\"potentialAction\":[{\"@type\":\"ReadAction\",\"target\":[\"https:\\\/\\\/petcare.econlux.de\\\/es\\\/producto\\\/solar-stinger-solar-raptor-con1\\\/\"]}]},{\"@type\":\"ImageObject\",\"inLanguage\":\"es\",\"@id\":\"https:\\\/\\\/petcare.econlux.de\\\/es\\\/producto\\\/solar-stinger-solar-raptor-con1\\\/#primaryimage\",\"url\":\"https:\\\/\\\/petcare.econlux.de\\\/wp-content\\\/uploads\\\/2024\\\/09\\\/00011561_CON1_transparent_2.png\",\"contentUrl\":\"https:\\\/\\\/petcare.econlux.de\\\/wp-content\\\/uploads\\\/2024\\\/09\\\/00011561_CON1_transparent_2.png\",\"width\":1000,\"height\":1000},{\"@type\":\"BreadcrumbList\",\"@id\":\"https:\\\/\\\/petcare.econlux.de\\\/es\\\/producto\\\/solar-stinger-solar-raptor-con1\\\/#breadcrumb\",\"itemListElement\":[{\"@type\":\"ListItem\",\"position\":1,\"name\":\"Startseite\",\"item\":\"https:\\\/\\\/petcare.econlux.de\\\/es\\\/\"},{\"@type\":\"ListItem\",\"position\":2,\"name\":\"Productos\",\"item\":\"https:\\\/\\\/petcare.econlux.de\\\/es\\\/productos\\\/\"},{\"@type\":\"ListItem\",\"position\":3,\"name\":\"SOLAR STINGER\u00ae \\\/ SOLAR RAPTOR\u00ae CON1\"}]},{\"@type\":\"WebSite\",\"@id\":\"https:\\\/\\\/petcare.econlux.de\\\/es\\\/#website\",\"url\":\"https:\\\/\\\/petcare.econlux.de\\\/es\\\/\",\"name\":\"ECONLUX GmbH PetCare\",\"description\":\"\",\"potentialAction\":[{\"@type\":\"SearchAction\",\"target\":{\"@type\":\"EntryPoint\",\"urlTemplate\":\"https:\\\/\\\/petcare.econlux.de\\\/es\\\/?s={search_term_string}\"},\"query-input\":{\"@type\":\"PropertyValueSpecification\",\"valueRequired\":true,\"valueName\":\"search_term_string\"}}],\"inLanguage\":\"es\"}]}<\/script>\n<!-- \/ Yoast SEO plugin. -->","yoast_head_json":{"title":"SOLAR STINGER\u00ae \/ SOLAR RAPTOR\u00ae CON1 - ECONLUX GmbH PetCare","description":"La CON1 es una unidad de control para todos los productos SOLAR STINGER\u00ae y SOLAR RAPTOR\u00ae que funcionan con una fuente de alimentaci\u00f3n DRV.","robots":{"index":"index","follow":"follow","max-snippet":"max-snippet:-1","max-image-preview":"max-image-preview:large","max-video-preview":"max-video-preview:-1"},"canonical":"https:\/\/petcare.econlux.de\/es\/producto\/solar-stinger-solar-raptor-con1\/","og_locale":"es_ES","og_type":"article","og_title":"SOLAR STINGER\u00ae \/ SOLAR RAPTOR\u00ae CON1 - ECONLUX GmbH PetCare","og_description":"La CON1 es una unidad de control para todos los productos SOLAR STINGER\u00ae y SOLAR RAPTOR\u00ae que funcionan con una fuente de alimentaci\u00f3n DRV.","og_url":"https:\/\/petcare.econlux.de\/es\/producto\/solar-stinger-solar-raptor-con1\/","og_site_name":"ECONLUX GmbH PetCare","article_modified_time":"2025-03-12T14:55:14+00:00","og_image":[{"width":1000,"height":1000,"url":"https:\/\/petcare.econlux.de\/wp-content\/uploads\/2024\/09\/00011561_CON1_transparent_2.png","type":"image\/png"}],"twitter_card":"summary_large_image","twitter_misc":{"Tiempo de lectura":"2 minutos"},"schema":{"@context":"https:\/\/schema.org","@graph":[{"@type":"WebPage","@id":"https:\/\/petcare.econlux.de\/es\/producto\/solar-stinger-solar-raptor-con1\/","url":"https:\/\/petcare.econlux.de\/es\/producto\/solar-stinger-solar-raptor-con1\/","name":"SOLAR STINGER\u00ae \/ SOLAR RAPTOR\u00ae CON1 - ECONLUX GmbH PetCare","isPartOf":{"@id":"https:\/\/petcare.econlux.de\/es\/#website"},"primaryImageOfPage":{"@id":"https:\/\/petcare.econlux.de\/es\/producto\/solar-stinger-solar-raptor-con1\/#primaryimage"},"image":{"@id":"https:\/\/petcare.econlux.de\/es\/producto\/solar-stinger-solar-raptor-con1\/#primaryimage"},"thumbnailUrl":"https:\/\/petcare.econlux.de\/wp-content\/uploads\/2024\/09\/00011561_CON1_transparent_2.png","datePublished":"2024-09-12T13:35:55+00:00","dateModified":"2025-03-12T14:55:14+00:00","description":"La CON1 es una unidad de control para todos los productos SOLAR STINGER\u00ae y SOLAR RAPTOR\u00ae que funcionan con una fuente de alimentaci\u00f3n DRV.","breadcrumb":{"@id":"https:\/\/petcare.econlux.de\/es\/producto\/solar-stinger-solar-raptor-con1\/#breadcrumb"},"inLanguage":"es","potentialAction":[{"@type":"ReadAction","target":["https:\/\/petcare.econlux.de\/es\/producto\/solar-stinger-solar-raptor-con1\/"]}]},{"@type":"ImageObject","inLanguage":"es","@id":"https:\/\/petcare.econlux.de\/es\/producto\/solar-stinger-solar-raptor-con1\/#primaryimage","url":"https:\/\/petcare.econlux.de\/wp-content\/uploads\/2024\/09\/00011561_CON1_transparent_2.png","contentUrl":"https:\/\/petcare.econlux.de\/wp-content\/uploads\/2024\/09\/00011561_CON1_transparent_2.png","width":1000,"height":1000},{"@type":"BreadcrumbList","@id":"https:\/\/petcare.econlux.de\/es\/producto\/solar-stinger-solar-raptor-con1\/#breadcrumb","itemListElement":[{"@type":"ListItem","position":1,"name":"Startseite","item":"https:\/\/petcare.econlux.de\/es\/"},{"@type":"ListItem","position":2,"name":"Productos","item":"https:\/\/petcare.econlux.de\/es\/productos\/"},{"@type":"ListItem","position":3,"name":"SOLAR STINGER\u00ae \/ SOLAR RAPTOR\u00ae CON1"}]},{"@type":"WebSite","@id":"https:\/\/petcare.econlux.de\/es\/#website","url":"https:\/\/petcare.econlux.de\/es\/","name":"ECONLUX GmbH PetCare","description":"","potentialAction":[{"@type":"SearchAction","target":{"@type":"EntryPoint","urlTemplate":"https:\/\/petcare.econlux.de\/es\/?s={search_term_string}"},"query-input":{"@type":"PropertyValueSpecification","valueRequired":true,"valueName":"search_term_string"}}],"inLanguage":"es"}]}},"_links":{"self":[{"href":"https:\/\/petcare.econlux.de\/es\/wp-json\/wp\/v2\/product\/32709","targetHints":{"allow":["GET"]}}],"collection":[{"href":"https:\/\/petcare.econlux.de\/es\/wp-json\/wp\/v2\/product"}],"about":[{"href":"https:\/\/petcare.econlux.de\/es\/wp-json\/wp\/v2\/types\/product"}],"replies":[{"embeddable":true,"href":"https:\/\/petcare.econlux.de\/es\/wp-json\/wp\/v2\/comments?post=32709"}],"version-history":[{"count":1,"href":"https:\/\/petcare.econlux.de\/es\/wp-json\/wp\/v2\/product\/32709\/revisions"}],"predecessor-version":[{"id":33942,"href":"https:\/\/petcare.econlux.de\/es\/wp-json\/wp\/v2\/product\/32709\/revisions\/33942"}],"wp:featuredmedia":[{"embeddable":true,"href":"https:\/\/petcare.econlux.de\/es\/wp-json\/wp\/v2\/media\/32710"}],"wp:attachment":[{"href":"https:\/\/petcare.econlux.de\/es\/wp-json\/wp\/v2\/media?parent=32709"}],"wp:term":[{"taxonomy":"product_brand","embeddable":true,"href":"https:\/\/petcare.econlux.de\/es\/wp-json\/wp\/v2\/product_brand?post=32709"},{"taxonomy":"product_cat","embeddable":true,"href":"https:\/\/petcare.econlux.de\/es\/wp-json\/wp\/v2\/product_cat?post=32709"},{"taxonomy":"product_tag","embeddable":true,"href":"https:\/\/petcare.econlux.de\/es\/wp-json\/wp\/v2\/product_tag?post=32709"}],"curies":[{"name":"wp","href":"https:\/\/api.w.org\/{rel}","templated":true}]}}