{"id":32693,"date":"2024-09-12T15:35:55","date_gmt":"2024-09-12T13:35:55","guid":{"rendered":"https:\/\/petcare.econlux.de\/produkt\/cables-en-y-drv-solar-stinger-solar-raptor\/"},"modified":"2025-12-15T11:27:42","modified_gmt":"2025-12-15T10:27:42","slug":"cables-en-y-drv-solar-stinger-solar-raptor","status":"publish","type":"product","link":"https:\/\/petcare.econlux.de\/es\/producto\/cables-en-y-drv-solar-stinger-solar-raptor\/","title":{"rendered":"Cables en Y DRV SOLAR STINGER\u00ae \/ SOLAR RAPTOR"},"content":{"rendered":"<p>Los cables en Y SOLAR STINGER\u00ae <strong>\/<\/strong> SOLAR RAPTOR\u00ae DRV son distribuidores de 2 y 4 v\u00edas para todas las <strong><a href=\"https:\/\/petcare.econlux.de\/produkt\/solar-stinger-solar-raptor-drv2\/\" target=\"_blank\" rel=\"noopener\">fuentes de alimentaci\u00f3n SOLAR STINGER\u00ae \/ SOLAR RAPTOR\u00ae DRV.<\/a><\/strong> Se utilizan para conectar varios productos a una fuente de alimentaci\u00f3n DRV correspondientemente grande.<\/p>\n<p><strong>Nota importante:<\/strong><\/p>\n<p>Al acoplar varios aparatos, la suma del consumo de energ\u00eda (potencia total en vatios) de todos los productos conectados no debe superar la potencia m\u00e1xima de salida (vatios) de la fuente de alimentaci\u00f3n seleccionada.<\/p>\n<p><strong>Ejemplo de c\u00e1lculo:<\/strong><\/p>\n<p>Para el funcionamiento de dos SOLAR STINGER<a href=\"https:\/\/petcare.econlux.de\/produkt\/solar-stinger-sunstrip-iii-35-fresh-black-edition\/\" target=\"_blank\" rel=\"noopener\"><strong> SunStrip III 35 FRESCO<\/strong><\/a> de 19 vatios cada una, junto con UNA <strong><a href=\"https:\/\/petcare.econlux.de\/produkt\/solar-stinger-solar-raptor-con1\/\" target=\"_blank\" rel=\"noopener\">unidad de control CON1<\/a><\/strong> (1 vatio), se necesita un DRV2 48 W.<\/p>\n<p>&nbsp;<\/p>\n<p><span class=\"weee--text\">ECONLUX GmbH WEEE-Registrations-Nr.: DE 39263685<\/span><\/p>\n","protected":false},"excerpt":{"rendered":"<ul class=\"product--bullets\">\n<li>Distribuidor m\u00faltiple<\/li>\n<li>Para todos los SolarStinger\/SolarRaptor DRV<\/li>\n<li>2 veces<\/li>\n<li>4 veces<\/li>\n<\/ul>\n","protected":false},"featured_media":32694,"comment_status":"closed","ping_status":"closed","template":"","meta":[],"product_brand":[],"product_cat":[841,842],"product_tag":[996,997],"class_list":{"0":"post-32693","1":"product","2":"type-product","3":"status-publish","4":"has-post-thumbnail","6":"product_cat-accesorios","7":"product_cat-accesorios-y-recambios","8":"product_tag-adaptador","9":"product_tag-distribuidor","11":"first","12":"instock","13":"taxable","14":"shipping-taxable","15":"purchasable","16":"product-type-variable"},"yoast_head":"<!-- This site is optimized with the Yoast SEO plugin v27.4 - https:\/\/yoast.com\/product\/yoast-seo-wordpress\/ -->\n<title>Cables en Y DRV SOLAR STINGER\u00ae \/ SOLAR RAPTOR - ECONLUX GmbH PetCare<\/title>\n<meta name=\"description\" content=\"Los cables en Y SOLAR STINGER\u00ae \/ SOLAR RAPTOR\u00ae DRV son distribuidores de 2 y 4 v\u00edas para todas las fuentes de alimentaci\u00f3n SOLAR STINGER\u00ae \/ SOLAR RAPTOR\u00ae DRV.\" \/>\n<meta name=\"robots\" content=\"index, follow, max-snippet:-1, max-image-preview:large, max-video-preview:-1\" \/>\n<link rel=\"canonical\" href=\"https:\/\/petcare.econlux.de\/es\/producto\/cables-en-y-drv-solar-stinger-solar-raptor\/\" \/>\n<meta property=\"og:locale\" content=\"es_ES\" \/>\n<meta property=\"og:type\" content=\"article\" \/>\n<meta property=\"og:title\" content=\"Cables en Y DRV SOLAR STINGER\u00ae \/ SOLAR RAPTOR - ECONLUX GmbH PetCare\" \/>\n<meta property=\"og:description\" content=\"Los cables en Y SOLAR STINGER\u00ae \/ SOLAR RAPTOR\u00ae DRV son distribuidores de 2 y 4 v\u00edas para todas las fuentes de alimentaci\u00f3n SOLAR STINGER\u00ae \/ SOLAR RAPTOR\u00ae DRV.\" \/>\n<meta property=\"og:url\" content=\"https:\/\/petcare.econlux.de\/es\/producto\/cables-en-y-drv-solar-stinger-solar-raptor\/\" \/>\n<meta property=\"og:site_name\" content=\"ECONLUX GmbH PetCare\" \/>\n<meta property=\"article:modified_time\" content=\"2025-12-15T10:27:42+00:00\" \/>\n<meta property=\"og:image\" content=\"https:\/\/petcare.econlux.de\/wp-content\/uploads\/2024\/09\/00013036_DRV_Cable_Vater_transparent.png\" \/>\n\t<meta property=\"og:image:width\" content=\"1000\" \/>\n\t<meta property=\"og:image:height\" content=\"1000\" \/>\n\t<meta property=\"og:image:type\" content=\"image\/png\" \/>\n<meta name=\"twitter:card\" content=\"summary_large_image\" \/>\n<meta name=\"twitter:label1\" content=\"Tiempo de lectura\" \/>\n\t<meta name=\"twitter:data1\" content=\"1 minuto\" \/>\n<script type=\"application\/ld+json\" class=\"yoast-schema-graph\">{\"@context\":\"https:\\\/\\\/schema.org\",\"@graph\":[{\"@type\":\"WebPage\",\"@id\":\"https:\\\/\\\/petcare.econlux.de\\\/es\\\/producto\\\/cables-en-y-drv-solar-stinger-solar-raptor\\\/\",\"url\":\"https:\\\/\\\/petcare.econlux.de\\\/es\\\/producto\\\/cables-en-y-drv-solar-stinger-solar-raptor\\\/\",\"name\":\"Cables en Y DRV SOLAR STINGER\u00ae \\\/ SOLAR RAPTOR - ECONLUX GmbH PetCare\",\"isPartOf\":{\"@id\":\"https:\\\/\\\/petcare.econlux.de\\\/es\\\/#website\"},\"primaryImageOfPage\":{\"@id\":\"https:\\\/\\\/petcare.econlux.de\\\/es\\\/producto\\\/cables-en-y-drv-solar-stinger-solar-raptor\\\/#primaryimage\"},\"image\":{\"@id\":\"https:\\\/\\\/petcare.econlux.de\\\/es\\\/producto\\\/cables-en-y-drv-solar-stinger-solar-raptor\\\/#primaryimage\"},\"thumbnailUrl\":\"https:\\\/\\\/petcare.econlux.de\\\/wp-content\\\/uploads\\\/2024\\\/09\\\/00013036_DRV_Cable_Vater_transparent.png\",\"datePublished\":\"2024-09-12T13:35:55+00:00\",\"dateModified\":\"2025-12-15T10:27:42+00:00\",\"description\":\"Los cables en Y SOLAR STINGER\u00ae \\\/ SOLAR RAPTOR\u00ae DRV son distribuidores de 2 y 4 v\u00edas para todas las fuentes de alimentaci\u00f3n SOLAR STINGER\u00ae \\\/ SOLAR RAPTOR\u00ae DRV.\",\"breadcrumb\":{\"@id\":\"https:\\\/\\\/petcare.econlux.de\\\/es\\\/producto\\\/cables-en-y-drv-solar-stinger-solar-raptor\\\/#breadcrumb\"},\"inLanguage\":\"es\",\"potentialAction\":[{\"@type\":\"ReadAction\",\"target\":[\"https:\\\/\\\/petcare.econlux.de\\\/es\\\/producto\\\/cables-en-y-drv-solar-stinger-solar-raptor\\\/\"]}]},{\"@type\":\"ImageObject\",\"inLanguage\":\"es\",\"@id\":\"https:\\\/\\\/petcare.econlux.de\\\/es\\\/producto\\\/cables-en-y-drv-solar-stinger-solar-raptor\\\/#primaryimage\",\"url\":\"https:\\\/\\\/petcare.econlux.de\\\/wp-content\\\/uploads\\\/2024\\\/09\\\/00013036_DRV_Cable_Vater_transparent.png\",\"contentUrl\":\"https:\\\/\\\/petcare.econlux.de\\\/wp-content\\\/uploads\\\/2024\\\/09\\\/00013036_DRV_Cable_Vater_transparent.png\",\"width\":1000,\"height\":1000},{\"@type\":\"BreadcrumbList\",\"@id\":\"https:\\\/\\\/petcare.econlux.de\\\/es\\\/producto\\\/cables-en-y-drv-solar-stinger-solar-raptor\\\/#breadcrumb\",\"itemListElement\":[{\"@type\":\"ListItem\",\"position\":1,\"name\":\"Startseite\",\"item\":\"https:\\\/\\\/petcare.econlux.de\\\/es\\\/\"},{\"@type\":\"ListItem\",\"position\":2,\"name\":\"Productos\",\"item\":\"https:\\\/\\\/petcare.econlux.de\\\/es\\\/productos\\\/\"},{\"@type\":\"ListItem\",\"position\":3,\"name\":\"Cables en Y DRV SOLAR STINGER\u00ae \\\/ SOLAR RAPTOR\"}]},{\"@type\":\"WebSite\",\"@id\":\"https:\\\/\\\/petcare.econlux.de\\\/es\\\/#website\",\"url\":\"https:\\\/\\\/petcare.econlux.de\\\/es\\\/\",\"name\":\"ECONLUX GmbH PetCare\",\"description\":\"\",\"potentialAction\":[{\"@type\":\"SearchAction\",\"target\":{\"@type\":\"EntryPoint\",\"urlTemplate\":\"https:\\\/\\\/petcare.econlux.de\\\/es\\\/?s={search_term_string}\"},\"query-input\":{\"@type\":\"PropertyValueSpecification\",\"valueRequired\":true,\"valueName\":\"search_term_string\"}}],\"inLanguage\":\"es\"}]}<\/script>\n<!-- \/ Yoast SEO plugin. -->","yoast_head_json":{"title":"Cables en Y DRV SOLAR STINGER\u00ae \/ SOLAR RAPTOR - ECONLUX GmbH PetCare","description":"Los cables en Y SOLAR STINGER\u00ae \/ SOLAR RAPTOR\u00ae DRV son distribuidores de 2 y 4 v\u00edas para todas las fuentes de alimentaci\u00f3n SOLAR STINGER\u00ae \/ SOLAR RAPTOR\u00ae DRV.","robots":{"index":"index","follow":"follow","max-snippet":"max-snippet:-1","max-image-preview":"max-image-preview:large","max-video-preview":"max-video-preview:-1"},"canonical":"https:\/\/petcare.econlux.de\/es\/producto\/cables-en-y-drv-solar-stinger-solar-raptor\/","og_locale":"es_ES","og_type":"article","og_title":"Cables en Y DRV SOLAR STINGER\u00ae \/ SOLAR RAPTOR - ECONLUX GmbH PetCare","og_description":"Los cables en Y SOLAR STINGER\u00ae \/ SOLAR RAPTOR\u00ae DRV son distribuidores de 2 y 4 v\u00edas para todas las fuentes de alimentaci\u00f3n SOLAR STINGER\u00ae \/ SOLAR RAPTOR\u00ae DRV.","og_url":"https:\/\/petcare.econlux.de\/es\/producto\/cables-en-y-drv-solar-stinger-solar-raptor\/","og_site_name":"ECONLUX GmbH PetCare","article_modified_time":"2025-12-15T10:27:42+00:00","og_image":[{"width":1000,"height":1000,"url":"https:\/\/petcare.econlux.de\/wp-content\/uploads\/2024\/09\/00013036_DRV_Cable_Vater_transparent.png","type":"image\/png"}],"twitter_card":"summary_large_image","twitter_misc":{"Tiempo de lectura":"1 minuto"},"schema":{"@context":"https:\/\/schema.org","@graph":[{"@type":"WebPage","@id":"https:\/\/petcare.econlux.de\/es\/producto\/cables-en-y-drv-solar-stinger-solar-raptor\/","url":"https:\/\/petcare.econlux.de\/es\/producto\/cables-en-y-drv-solar-stinger-solar-raptor\/","name":"Cables en Y DRV SOLAR STINGER\u00ae \/ SOLAR RAPTOR - ECONLUX GmbH PetCare","isPartOf":{"@id":"https:\/\/petcare.econlux.de\/es\/#website"},"primaryImageOfPage":{"@id":"https:\/\/petcare.econlux.de\/es\/producto\/cables-en-y-drv-solar-stinger-solar-raptor\/#primaryimage"},"image":{"@id":"https:\/\/petcare.econlux.de\/es\/producto\/cables-en-y-drv-solar-stinger-solar-raptor\/#primaryimage"},"thumbnailUrl":"https:\/\/petcare.econlux.de\/wp-content\/uploads\/2024\/09\/00013036_DRV_Cable_Vater_transparent.png","datePublished":"2024-09-12T13:35:55+00:00","dateModified":"2025-12-15T10:27:42+00:00","description":"Los cables en Y SOLAR STINGER\u00ae \/ SOLAR RAPTOR\u00ae DRV son distribuidores de 2 y 4 v\u00edas para todas las fuentes de alimentaci\u00f3n SOLAR STINGER\u00ae \/ SOLAR RAPTOR\u00ae DRV.","breadcrumb":{"@id":"https:\/\/petcare.econlux.de\/es\/producto\/cables-en-y-drv-solar-stinger-solar-raptor\/#breadcrumb"},"inLanguage":"es","potentialAction":[{"@type":"ReadAction","target":["https:\/\/petcare.econlux.de\/es\/producto\/cables-en-y-drv-solar-stinger-solar-raptor\/"]}]},{"@type":"ImageObject","inLanguage":"es","@id":"https:\/\/petcare.econlux.de\/es\/producto\/cables-en-y-drv-solar-stinger-solar-raptor\/#primaryimage","url":"https:\/\/petcare.econlux.de\/wp-content\/uploads\/2024\/09\/00013036_DRV_Cable_Vater_transparent.png","contentUrl":"https:\/\/petcare.econlux.de\/wp-content\/uploads\/2024\/09\/00013036_DRV_Cable_Vater_transparent.png","width":1000,"height":1000},{"@type":"BreadcrumbList","@id":"https:\/\/petcare.econlux.de\/es\/producto\/cables-en-y-drv-solar-stinger-solar-raptor\/#breadcrumb","itemListElement":[{"@type":"ListItem","position":1,"name":"Startseite","item":"https:\/\/petcare.econlux.de\/es\/"},{"@type":"ListItem","position":2,"name":"Productos","item":"https:\/\/petcare.econlux.de\/es\/productos\/"},{"@type":"ListItem","position":3,"name":"Cables en Y DRV SOLAR STINGER\u00ae \/ SOLAR RAPTOR"}]},{"@type":"WebSite","@id":"https:\/\/petcare.econlux.de\/es\/#website","url":"https:\/\/petcare.econlux.de\/es\/","name":"ECONLUX GmbH PetCare","description":"","potentialAction":[{"@type":"SearchAction","target":{"@type":"EntryPoint","urlTemplate":"https:\/\/petcare.econlux.de\/es\/?s={search_term_string}"},"query-input":{"@type":"PropertyValueSpecification","valueRequired":true,"valueName":"search_term_string"}}],"inLanguage":"es"}]}},"_links":{"self":[{"href":"https:\/\/petcare.econlux.de\/es\/wp-json\/wp\/v2\/product\/32693","targetHints":{"allow":["GET"]}}],"collection":[{"href":"https:\/\/petcare.econlux.de\/es\/wp-json\/wp\/v2\/product"}],"about":[{"href":"https:\/\/petcare.econlux.de\/es\/wp-json\/wp\/v2\/types\/product"}],"replies":[{"embeddable":true,"href":"https:\/\/petcare.econlux.de\/es\/wp-json\/wp\/v2\/comments?post=32693"}],"version-history":[{"count":1,"href":"https:\/\/petcare.econlux.de\/es\/wp-json\/wp\/v2\/product\/32693\/revisions"}],"predecessor-version":[{"id":33952,"href":"https:\/\/petcare.econlux.de\/es\/wp-json\/wp\/v2\/product\/32693\/revisions\/33952"}],"wp:featuredmedia":[{"embeddable":true,"href":"https:\/\/petcare.econlux.de\/es\/wp-json\/wp\/v2\/media\/32694"}],"wp:attachment":[{"href":"https:\/\/petcare.econlux.de\/es\/wp-json\/wp\/v2\/media?parent=32693"}],"wp:term":[{"taxonomy":"product_brand","embeddable":true,"href":"https:\/\/petcare.econlux.de\/es\/wp-json\/wp\/v2\/product_brand?post=32693"},{"taxonomy":"product_cat","embeddable":true,"href":"https:\/\/petcare.econlux.de\/es\/wp-json\/wp\/v2\/product_cat?post=32693"},{"taxonomy":"product_tag","embeddable":true,"href":"https:\/\/petcare.econlux.de\/es\/wp-json\/wp\/v2\/product_tag?post=32693"}],"curies":[{"name":"wp","href":"https:\/\/api.w.org\/{rel}","templated":true}]}}