{"id":32681,"date":"2024-09-12T15:35:55","date_gmt":"2024-09-12T13:35:55","guid":{"rendered":"https:\/\/petcare.econlux.de\/produkt\/solar-stinger-sunstrip-iii-35-fresh\/"},"modified":"2025-12-12T10:45:06","modified_gmt":"2025-12-12T09:45:06","slug":"solar-stinger-sunstrip-iii-35-fresh","status":"publish","type":"product","link":"https:\/\/petcare.econlux.de\/es\/producto\/solar-stinger-sunstrip-iii-35-fresh\/","title":{"rendered":"SOLAR STINGER\u00ae SunStrip III 35 FRESH"},"content":{"rendered":"<h3><\/h3>\n<h3>SOLAR STINGER\u00ae SunStrip III 35 FRESH<\/h3>\n<p>Nueva configuraci\u00f3n optimizada en el dise\u00f1o familiar<\/p>\n<p>Ya est\u00e1 aqu\u00ed la tercera generaci\u00f3n del popular SunStrip SOLAR STINGER\u00ae. Se ha mantenido el incontestable dise\u00f1o plano con perfil de ra\u00edl. <\/p>\n<p>Sin embargo, la novedad es el aumento de la luminosidad y la optimizaci\u00f3n del espectro luminoso:<\/p>\n<ul>\n<li>Espectro luminoso brillante: adecuado para todo tipo de acuarios de agua dulce (no requiere ajuste de color)<\/li>\n<li>Alta reproducci\u00f3n crom\u00e1tica<\/li>\n<li>Luminosidad de gran superficie<\/li>\n<li>Un total de 5 canales de color diferentes<\/li>\n<li>Combinaci\u00f3n de LEDs blanco c\u00e1lido y blanco fr\u00edo para un clima de iluminaci\u00f3n natural<\/li>\n<li>LEDs RGB para simulaciones de colores, como el amanecer y el atardecer<\/li>\n<li>Controlable opcionalmente con CON1<\/li>\n<li>Con una sola fuente de alimentaci\u00f3n DRV del tama\u00f1o adecuado pueden funcionar varias regletas, por lo que<strong> no<\/strong> se incluye<strong> <a href=\"https:\/\/petcare.econlux.de\/produkt\/solar-stinger-solar-raptor-drv2\/\" target=\"_blank\" rel=\"noopener\">ninguna fuente de alimentaci\u00f3n DRV<\/a><\/strong> en el volumen de suministro.<strong><br \/>\n<\/strong><\/li>\n<li>Dise\u00f1o de aluminio extremadamente plano<\/li>\n<li>Cubierta de cristal para una transmisi\u00f3n de la luz sin desgaste<\/li>\n<li>Numerosas posibilidades de montaje con los soportes SOLAR STINGER\u00ae SunStrip, a trav\u00e9s del ra\u00edl perfilado<\/li>\n<\/ul>\n<h2>Espectro luminoso optimizado<\/h2>\n<p>La combinaci\u00f3n de LED blancos c\u00e1lidos y blancos fr\u00edos distribuidos uniformemente no s\u00f3lo aporta m\u00e1s luminosidad al acuario, sino que tambi\u00e9n garantiza un clima de iluminaci\u00f3n natural.<\/p>\n<p>El brillante espectro de luz se completa con los LED RGB adicionales (rojo, verde, azul), tres canales de color que dan a la barra luminosa un total de 5 canales de luz.<\/p>\n<p>Al igual que sus predecesores, el SOLAR STINGER\u00ae SunStrip III 35 FRESH puede <a href=\"https:\/\/petcare.econlux.de\/produkt\/solar-stinger-solar-raptor-con1\/\" target=\"_blank\" rel=\"noopener\">controlarse mediante la unidad de control CON1<\/a>. Cada canal se puede controlar individualmente y tambi\u00e9n se puede regular la cantidad de luz. Esto significa que con la unidad de control CON1 se pueden crear complejas simulaciones de color, por ejemplo, amaneceres y atardeceres de aspecto muy natural.  <\/p>\n<h2>La mejor gesti\u00f3n t\u00e9rmica<\/h2>\n<p>El perfil de aluminio de la luz disipa de forma fiable el calor generado y sirve tambi\u00e9n como riel de montaje para el soporte SunStrip. Esto te permite fijarlas individualmente encima del acuario. <\/p>\n<h2>Fijaci\u00f3n flexible<\/h2>\n<p>El montaje tambi\u00e9n est\u00e1 bien pensado: Aqu\u00ed casi todo es posible: desde el montaje en superficie o atornillado, hasta la suspensi\u00f3n del techo, pasando por la inserci\u00f3n en tomas de tubos fluorescentes T8 o T5 existentes. \u00a1Incluso se pueden conectar dos SunStrips en longitud! Las tapas de acuario JUWEL\u00ae y EHEIM\/MP\u00ae existentes tambi\u00e9n se pueden convertir en tapas SunStrip.  <\/p>\n<h2>Amplia gama de aplicaciones y diversas combinaciones<\/h2>\n<p>La SOLAR STINGER\u00ae SunStrip III 35 FRESH tiene un consumo el\u00e9ctrico de 35 vatios por metro y necesita una <a href=\"https:\/\/petcare.econlux.de\/produkt\/solar-stinger-solar-raptor-drv2\/\" target=\"_blank\" rel=\"noopener\">fuente de alimentaci\u00f3n DRV<\/a> adicional para funcionar, que no se incluye en el volumen de suministro.<\/p>\n<p>La separaci\u00f3n entre luminaria y fuente de alimentaci\u00f3n es intencionada, porque uno de los mayores puntos fuertes de SOLAR STINGER\u00ae SunStrip III es la posibilidad de hacer funcionar varias tiras de LED con un solo DRV: La selecci\u00f3n de la fuente de alimentaci\u00f3n adecuada se basa en los vatajes de las tiras individuales, as\u00ed como de otros dispositivos conectables, seg\u00fan el siguiente c\u00e1lculo: la suma de los vatajes individuales de todos los dispositivos conectados a la <a href=\"https:\/\/petcare.econlux.de\/produkt\/solar-stinger-solar-raptor-drv2\/\" target=\"_blank\" rel=\"noopener\">fuente de alimentaci\u00f3n<\/a> DRV determina el vataje de la fuente de alimentaci\u00f3n necesaria.<\/p>\n<p><strong>Ejemplo de c\u00e1lculo:<\/strong><\/p>\n<p>Se necesita un DRV2 de 48 W para hacer funcionar DOS SOLAR STINGER\u00ae SunStrip III 35 FRESH de 550 mm con 19 vatios cada uno.<\/p>\n<p>La conexi\u00f3n se realiza mediante un <a href=\"https:\/\/petcare.econlux.de\/produkt\/solar-stinger-solar-raptor-drv-y-cables\/\" target=\"_blank\" rel=\"noopener\">cable en Y<\/a> o con el <a href=\"https:\/\/petcare.econlux.de\/produkt\/solar-stinger-solar-raptor-con1\/\" target=\"_blank\" rel=\"noopener\">CON1<\/a>.<\/p>\n<p>&nbsp;<\/p>\n<p><span class=\"weee--text\">ECONLUX GmbH WEEE- Registrations-Nr.: DE 39263685<\/span><\/p>\n","protected":false},"excerpt":{"rendered":"<ul class=\"product--bullets\">\n<li>Barra de luz LED para acuarios de agua dulce<\/li>\n<li>Espectro luminoso optimizado gracias a los LED blancos c\u00e1lidos y fr\u00edos<\/li>\n<li>Un total de 5 canales de color &#8211; LEDs RGB<\/li>\n<li>Controlable opcionalmente con CON1<\/li>\n<\/ul>\n<div class=\"product--rating-container \"><\/div>\n<div class=\"product--supplier\"><\/div>\n","protected":false},"featured_media":33165,"comment_status":"closed","ping_status":"closed","template":"","meta":[],"product_brand":[],"product_cat":[835,840],"product_tag":[902,934,993],"class_list":{"0":"post-32681","1":"product","2":"type-product","3":"status-publish","4":"has-post-thumbnail","6":"product_cat-solar-stinger-es","7":"product_cat-ilumination-led-agua-dulce","8":"product_tag-iluminacion-led","9":"product_tag-acuariofilia","10":"product_tag-agua-dulce","12":"first","13":"instock","14":"taxable","15":"shipping-taxable","16":"purchasable","17":"product-type-variable"},"yoast_head":"<!-- This site is optimized with the Yoast SEO plugin v27.4 - https:\/\/yoast.com\/product\/yoast-seo-wordpress\/ -->\n<title>SOLAR STINGER\u00ae SunStrip III 35 FRESH - ECONLUX GmbH PetCare<\/title>\n<meta name=\"description\" content=\"Ya est\u00e1 aqu\u00ed la tercera generaci\u00f3n del popular SunStrip SOLAR STINGER\u00ae. Se ha mantenido el incontestable dise\u00f1o plano con perfil de ra\u00edl.\" \/>\n<meta name=\"robots\" content=\"index, follow, max-snippet:-1, max-image-preview:large, max-video-preview:-1\" \/>\n<link rel=\"canonical\" href=\"https:\/\/petcare.econlux.de\/es\/producto\/solar-stinger-sunstrip-iii-35-fresh\/\" \/>\n<meta property=\"og:locale\" content=\"es_ES\" \/>\n<meta property=\"og:type\" content=\"article\" \/>\n<meta property=\"og:title\" content=\"SOLAR STINGER\u00ae SunStrip III 35 FRESH - ECONLUX GmbH PetCare\" \/>\n<meta property=\"og:description\" content=\"Ya est\u00e1 aqu\u00ed la tercera generaci\u00f3n del popular SunStrip SOLAR STINGER\u00ae. Se ha mantenido el incontestable dise\u00f1o plano con perfil de ra\u00edl.\" \/>\n<meta property=\"og:url\" content=\"https:\/\/petcare.econlux.de\/es\/producto\/solar-stinger-sunstrip-iii-35-fresh\/\" \/>\n<meta property=\"og:site_name\" content=\"ECONLUX GmbH PetCare\" \/>\n<meta property=\"article:modified_time\" content=\"2025-12-12T09:45:06+00:00\" \/>\n<meta property=\"og:image\" content=\"https:\/\/petcare.econlux.de\/wp-content\/uploads\/2024\/09\/00013496_SunStrip_III_35_FRESH_Vater.webp\" \/>\n\t<meta property=\"og:image:width\" content=\"1000\" \/>\n\t<meta property=\"og:image:height\" content=\"1000\" \/>\n\t<meta property=\"og:image:type\" content=\"image\/webp\" \/>\n<meta name=\"twitter:card\" content=\"summary_large_image\" \/>\n<meta name=\"twitter:label1\" content=\"Tiempo de lectura\" \/>\n\t<meta name=\"twitter:data1\" content=\"3 minutos\" \/>\n<script type=\"application\/ld+json\" class=\"yoast-schema-graph\">{\"@context\":\"https:\\\/\\\/schema.org\",\"@graph\":[{\"@type\":\"WebPage\",\"@id\":\"https:\\\/\\\/petcare.econlux.de\\\/es\\\/producto\\\/solar-stinger-sunstrip-iii-35-fresh\\\/\",\"url\":\"https:\\\/\\\/petcare.econlux.de\\\/es\\\/producto\\\/solar-stinger-sunstrip-iii-35-fresh\\\/\",\"name\":\"SOLAR STINGER\u00ae SunStrip III 35 FRESH - ECONLUX GmbH PetCare\",\"isPartOf\":{\"@id\":\"https:\\\/\\\/petcare.econlux.de\\\/es\\\/#website\"},\"primaryImageOfPage\":{\"@id\":\"https:\\\/\\\/petcare.econlux.de\\\/es\\\/producto\\\/solar-stinger-sunstrip-iii-35-fresh\\\/#primaryimage\"},\"image\":{\"@id\":\"https:\\\/\\\/petcare.econlux.de\\\/es\\\/producto\\\/solar-stinger-sunstrip-iii-35-fresh\\\/#primaryimage\"},\"thumbnailUrl\":\"https:\\\/\\\/petcare.econlux.de\\\/wp-content\\\/uploads\\\/2024\\\/09\\\/00013496_SunStrip_III_35_FRESH_Vater.webp\",\"datePublished\":\"2024-09-12T13:35:55+00:00\",\"dateModified\":\"2025-12-12T09:45:06+00:00\",\"description\":\"Ya est\u00e1 aqu\u00ed la tercera generaci\u00f3n del popular SunStrip SOLAR STINGER\u00ae. Se ha mantenido el incontestable dise\u00f1o plano con perfil de ra\u00edl.\",\"breadcrumb\":{\"@id\":\"https:\\\/\\\/petcare.econlux.de\\\/es\\\/producto\\\/solar-stinger-sunstrip-iii-35-fresh\\\/#breadcrumb\"},\"inLanguage\":\"es\",\"potentialAction\":[{\"@type\":\"ReadAction\",\"target\":[\"https:\\\/\\\/petcare.econlux.de\\\/es\\\/producto\\\/solar-stinger-sunstrip-iii-35-fresh\\\/\"]}]},{\"@type\":\"ImageObject\",\"inLanguage\":\"es\",\"@id\":\"https:\\\/\\\/petcare.econlux.de\\\/es\\\/producto\\\/solar-stinger-sunstrip-iii-35-fresh\\\/#primaryimage\",\"url\":\"https:\\\/\\\/petcare.econlux.de\\\/wp-content\\\/uploads\\\/2024\\\/09\\\/00013496_SunStrip_III_35_FRESH_Vater.webp\",\"contentUrl\":\"https:\\\/\\\/petcare.econlux.de\\\/wp-content\\\/uploads\\\/2024\\\/09\\\/00013496_SunStrip_III_35_FRESH_Vater.webp\",\"width\":1000,\"height\":1000,\"caption\":\"00013496_SunStrip_III_35_FRESH\"},{\"@type\":\"BreadcrumbList\",\"@id\":\"https:\\\/\\\/petcare.econlux.de\\\/es\\\/producto\\\/solar-stinger-sunstrip-iii-35-fresh\\\/#breadcrumb\",\"itemListElement\":[{\"@type\":\"ListItem\",\"position\":1,\"name\":\"Startseite\",\"item\":\"https:\\\/\\\/petcare.econlux.de\\\/es\\\/\"},{\"@type\":\"ListItem\",\"position\":2,\"name\":\"Productos\",\"item\":\"https:\\\/\\\/petcare.econlux.de\\\/es\\\/productos\\\/\"},{\"@type\":\"ListItem\",\"position\":3,\"name\":\"SOLAR STINGER\u00ae SunStrip III 35 FRESH\"}]},{\"@type\":\"WebSite\",\"@id\":\"https:\\\/\\\/petcare.econlux.de\\\/es\\\/#website\",\"url\":\"https:\\\/\\\/petcare.econlux.de\\\/es\\\/\",\"name\":\"ECONLUX GmbH PetCare\",\"description\":\"\",\"potentialAction\":[{\"@type\":\"SearchAction\",\"target\":{\"@type\":\"EntryPoint\",\"urlTemplate\":\"https:\\\/\\\/petcare.econlux.de\\\/es\\\/?s={search_term_string}\"},\"query-input\":{\"@type\":\"PropertyValueSpecification\",\"valueRequired\":true,\"valueName\":\"search_term_string\"}}],\"inLanguage\":\"es\"}]}<\/script>\n<!-- \/ Yoast SEO plugin. -->","yoast_head_json":{"title":"SOLAR STINGER\u00ae SunStrip III 35 FRESH - ECONLUX GmbH PetCare","description":"Ya est\u00e1 aqu\u00ed la tercera generaci\u00f3n del popular SunStrip SOLAR STINGER\u00ae. Se ha mantenido el incontestable dise\u00f1o plano con perfil de ra\u00edl.","robots":{"index":"index","follow":"follow","max-snippet":"max-snippet:-1","max-image-preview":"max-image-preview:large","max-video-preview":"max-video-preview:-1"},"canonical":"https:\/\/petcare.econlux.de\/es\/producto\/solar-stinger-sunstrip-iii-35-fresh\/","og_locale":"es_ES","og_type":"article","og_title":"SOLAR STINGER\u00ae SunStrip III 35 FRESH - ECONLUX GmbH PetCare","og_description":"Ya est\u00e1 aqu\u00ed la tercera generaci\u00f3n del popular SunStrip SOLAR STINGER\u00ae. Se ha mantenido el incontestable dise\u00f1o plano con perfil de ra\u00edl.","og_url":"https:\/\/petcare.econlux.de\/es\/producto\/solar-stinger-sunstrip-iii-35-fresh\/","og_site_name":"ECONLUX GmbH PetCare","article_modified_time":"2025-12-12T09:45:06+00:00","og_image":[{"width":1000,"height":1000,"url":"https:\/\/petcare.econlux.de\/wp-content\/uploads\/2024\/09\/00013496_SunStrip_III_35_FRESH_Vater.webp","type":"image\/webp"}],"twitter_card":"summary_large_image","twitter_misc":{"Tiempo de lectura":"3 minutos"},"schema":{"@context":"https:\/\/schema.org","@graph":[{"@type":"WebPage","@id":"https:\/\/petcare.econlux.de\/es\/producto\/solar-stinger-sunstrip-iii-35-fresh\/","url":"https:\/\/petcare.econlux.de\/es\/producto\/solar-stinger-sunstrip-iii-35-fresh\/","name":"SOLAR STINGER\u00ae SunStrip III 35 FRESH - ECONLUX GmbH PetCare","isPartOf":{"@id":"https:\/\/petcare.econlux.de\/es\/#website"},"primaryImageOfPage":{"@id":"https:\/\/petcare.econlux.de\/es\/producto\/solar-stinger-sunstrip-iii-35-fresh\/#primaryimage"},"image":{"@id":"https:\/\/petcare.econlux.de\/es\/producto\/solar-stinger-sunstrip-iii-35-fresh\/#primaryimage"},"thumbnailUrl":"https:\/\/petcare.econlux.de\/wp-content\/uploads\/2024\/09\/00013496_SunStrip_III_35_FRESH_Vater.webp","datePublished":"2024-09-12T13:35:55+00:00","dateModified":"2025-12-12T09:45:06+00:00","description":"Ya est\u00e1 aqu\u00ed la tercera generaci\u00f3n del popular SunStrip SOLAR STINGER\u00ae. Se ha mantenido el incontestable dise\u00f1o plano con perfil de ra\u00edl.","breadcrumb":{"@id":"https:\/\/petcare.econlux.de\/es\/producto\/solar-stinger-sunstrip-iii-35-fresh\/#breadcrumb"},"inLanguage":"es","potentialAction":[{"@type":"ReadAction","target":["https:\/\/petcare.econlux.de\/es\/producto\/solar-stinger-sunstrip-iii-35-fresh\/"]}]},{"@type":"ImageObject","inLanguage":"es","@id":"https:\/\/petcare.econlux.de\/es\/producto\/solar-stinger-sunstrip-iii-35-fresh\/#primaryimage","url":"https:\/\/petcare.econlux.de\/wp-content\/uploads\/2024\/09\/00013496_SunStrip_III_35_FRESH_Vater.webp","contentUrl":"https:\/\/petcare.econlux.de\/wp-content\/uploads\/2024\/09\/00013496_SunStrip_III_35_FRESH_Vater.webp","width":1000,"height":1000,"caption":"00013496_SunStrip_III_35_FRESH"},{"@type":"BreadcrumbList","@id":"https:\/\/petcare.econlux.de\/es\/producto\/solar-stinger-sunstrip-iii-35-fresh\/#breadcrumb","itemListElement":[{"@type":"ListItem","position":1,"name":"Startseite","item":"https:\/\/petcare.econlux.de\/es\/"},{"@type":"ListItem","position":2,"name":"Productos","item":"https:\/\/petcare.econlux.de\/es\/productos\/"},{"@type":"ListItem","position":3,"name":"SOLAR STINGER\u00ae SunStrip III 35 FRESH"}]},{"@type":"WebSite","@id":"https:\/\/petcare.econlux.de\/es\/#website","url":"https:\/\/petcare.econlux.de\/es\/","name":"ECONLUX GmbH PetCare","description":"","potentialAction":[{"@type":"SearchAction","target":{"@type":"EntryPoint","urlTemplate":"https:\/\/petcare.econlux.de\/es\/?s={search_term_string}"},"query-input":{"@type":"PropertyValueSpecification","valueRequired":true,"valueName":"search_term_string"}}],"inLanguage":"es"}]}},"_links":{"self":[{"href":"https:\/\/petcare.econlux.de\/es\/wp-json\/wp\/v2\/product\/32681","targetHints":{"allow":["GET"]}}],"collection":[{"href":"https:\/\/petcare.econlux.de\/es\/wp-json\/wp\/v2\/product"}],"about":[{"href":"https:\/\/petcare.econlux.de\/es\/wp-json\/wp\/v2\/types\/product"}],"replies":[{"embeddable":true,"href":"https:\/\/petcare.econlux.de\/es\/wp-json\/wp\/v2\/comments?post=32681"}],"version-history":[{"count":1,"href":"https:\/\/petcare.econlux.de\/es\/wp-json\/wp\/v2\/product\/32681\/revisions"}],"predecessor-version":[{"id":33947,"href":"https:\/\/petcare.econlux.de\/es\/wp-json\/wp\/v2\/product\/32681\/revisions\/33947"}],"wp:featuredmedia":[{"embeddable":true,"href":"https:\/\/petcare.econlux.de\/es\/wp-json\/wp\/v2\/media\/33165"}],"wp:attachment":[{"href":"https:\/\/petcare.econlux.de\/es\/wp-json\/wp\/v2\/media?parent=32681"}],"wp:term":[{"taxonomy":"product_brand","embeddable":true,"href":"https:\/\/petcare.econlux.de\/es\/wp-json\/wp\/v2\/product_brand?post=32681"},{"taxonomy":"product_cat","embeddable":true,"href":"https:\/\/petcare.econlux.de\/es\/wp-json\/wp\/v2\/product_cat?post=32681"},{"taxonomy":"product_tag","embeddable":true,"href":"https:\/\/petcare.econlux.de\/es\/wp-json\/wp\/v2\/product_tag?post=32681"}],"curies":[{"name":"wp","href":"https:\/\/api.w.org\/{rel}","templated":true}]}}