{"id":32673,"date":"2024-09-12T15:37:12","date_gmt":"2024-09-12T13:37:12","guid":{"rendered":"https:\/\/petcare.econlux.de\/produkt\/lamparas-uv-de-luz-mixta-mvl-solar-raptor\/"},"modified":"2025-03-24T12:48:30","modified_gmt":"2025-03-24T11:48:30","slug":"lamparas-uv-de-luz-mixta-mvl-solar-raptor","status":"publish","type":"product","link":"https:\/\/petcare.econlux.de\/es\/producto\/lamparas-uv-de-luz-mixta-mvl-solar-raptor\/","title":{"rendered":"L\u00e1mparas UV de luz mixta (MVL) SOLAR RAPTOR"},"content":{"rendered":"<h1>L\u00e1mparas de luz mixta UV SOLAR RAPTOR<\/h1>\n<h5>La l\u00e1mpara de luz mixta UV SOLAR RAPTOR\u00ae es una l\u00e1mpara basada en la tecnolog\u00eda de luz mixta. Gracias a su alto contenido en UV-A y UV-B, \u00a1es especialmente adecuada para su uso con reptiles y aves! <\/h5>\n<p>Las l\u00e1mparas de luz mixta UV SOLAR RAPTOR\u00ae proporcionan todos los componentes necesarios en una sola l\u00e1mpara para crear puntos de sol \u00f3ptimamente c\u00e1lidos: Luz, radiaci\u00f3n UV y calor. Son extremadamente eficaces: mientras que las bombillas, por ejemplo, pierden hasta el 95% de su consumo de energ\u00eda en forma de calor residual, nuestras l\u00e1mparas de luz mixta concentran el calor generado directamente en el foco de luz gracias a su reflector especial. Seg\u00fan el tama\u00f1o del terrario y el tipo de animales, la l\u00e1mpara puede utilizarse durante todo el d\u00eda o, por ejemplo, en combinaci\u00f3n con la iluminaci\u00f3n b\u00e1sica durante 4-8 horas\/d\u00eda para simular a la perfecci\u00f3n las horas m\u00e1s luminosas del d\u00eda.  <\/p>\n<p>Adem\u00e1s de las versiones de 80 y 100 vatios para terrarios m\u00e1s peque\u00f1os, tambi\u00e9n hay disponible una versi\u00f3n de 160 vatios para sistemas m\u00e1s grandes. La potencia UV disminuye durante la vida \u00fatil de cada l\u00e1mpara UV; en el caso de la l\u00e1mpara de luz mixta UV SOLAR RAPTOR\u00ae, sigue siendo de al menos un 50% de potencia UV despu\u00e9s de aprox. 1 a\u00f1o de iluminaci\u00f3n (calculada con un m\u00e1ximo de 12 horas al d\u00eda). En ese caso, sustituye la l\u00e1mpara.  <\/p>\n<h5>NO se necesita balastro para utilizar el foco de luz mixta SOLAR RAPTOR\u00ae UV; utiliza s\u00f3lo enchufes estables a la temperatura.<\/h5>\n<h3>Ten en cuenta<\/h3>\n<ul>\n<li>Antes de utilizar la fuente de luz, averigua la cantidad de UV necesaria para el animal que se va a mantener. Ten en cuenta una distancia m\u00ednima adecuada entre la l\u00e1mpara y el animal. <\/li>\n<li>Nunca instales la fuente de luz cerca de objetos inflamables.<\/li>\n<li>Aseg\u00farate de que haya una ventilaci\u00f3n adecuada y nunca cubras la fuente de luz.<\/li>\n<li>En caso de funcionamiento anormal, la fuente de luz debe retirarse inmediatamente.<\/li>\n<li>No instales nunca la fuente de luz cuando la alimentaci\u00f3n est\u00e9 conectada.<\/li>\n<li>Para garantizar una iluminaci\u00f3n UV eficaz de forma permanente, te recomendamos que no utilices el foco durante m\u00e1s de 12 meses (con un funcionamiento continuo de 12 horas al d\u00eda), ya que es inevitable que se produzca un descenso de los valores UV debido al desgaste. Lo ideal es que midas los valores UV del foco con el <a href=\"http:\/\/petcare.econlux.de\/index.php\/produkt\/solarmeter-6-2r-reptile-uvb\/\" target=\"_blank\" rel=\"noopener\"><strong>Solarmeter\u00ae 6.2R Reptil UVB<\/strong><\/a> o <a href=\"http:\/\/petcare.econlux.de\/index.php\/produkt\/solarmeter-6-5r-reptile-uv-index\/\" target=\"_blank\" rel=\"noopener\"><strong>Solarmeter\u00ae 6.5R \u00cdndice UV Reptil<\/strong><\/a> para determinar el momento adecuado para cambiar la l\u00e1mpara. <\/li>\n<li>En el terrario, el foco debe utilizarse junto con un <a href=\"https:\/\/petcare.econlux.de\/produkt-kategorie\/solar-raptor\/led-beleuchtung\/\" target=\"_blank\" rel=\"noopener\"><strong>LED<\/strong><\/a> o T5 para proporcionar una iluminaci\u00f3n b\u00e1sica al terrario.<\/li>\n<\/ul>\n<p>&nbsp;<\/p>\n<h3>Los expertos conf\u00edan en SOLAR RAPTOR<\/h3>\n<p style=\"text-align: center\"><img fetchpriority=\"high\" decoding=\"async\" class=\"alignnone wp-image-29934\" src=\"http:\/\/petcare.econlux.de\/wp-content\/uploads\/2024\/09\/SolarRaptor_Banner_3-400x150.jpg\" alt=\"\" width=\"1248\" height=\"468\" srcset=\"https:\/\/petcare.econlux.de\/wp-content\/uploads\/2024\/09\/SolarRaptor_Banner_3-400x150.jpg 400w, https:\/\/petcare.econlux.de\/wp-content\/uploads\/2024\/09\/SolarRaptor_Banner_3-1300x488.jpg 1300w, https:\/\/petcare.econlux.de\/wp-content\/uploads\/2024\/09\/SolarRaptor_Banner_3-768x288.jpg 768w, https:\/\/petcare.econlux.de\/wp-content\/uploads\/2024\/09\/SolarRaptor_Banner_3-1536x576.jpg 1536w, https:\/\/petcare.econlux.de\/wp-content\/uploads\/2024\/09\/SolarRaptor_Banner_3-2048x768.jpg 2048w, https:\/\/petcare.econlux.de\/wp-content\/uploads\/2024\/09\/SolarRaptor_Banner_3-430x161.jpg 430w, https:\/\/petcare.econlux.de\/wp-content\/uploads\/2024\/09\/SolarRaptor_Banner_3-700x263.jpg 700w, https:\/\/petcare.econlux.de\/wp-content\/uploads\/2024\/09\/SolarRaptor_Banner_3-150x56.jpg 150w\" sizes=\"(max-width: 1248px) 100vw, 1248px\" \/><\/p>\n<h3><\/h3>\n<h3>Informaci\u00f3n general sobre UV<\/h3>\n<p>\u00bfHay una revoluci\u00f3n en la iluminaci\u00f3n de los terrarios? \u00bfO es lo mismo que en la naturaleza, que todo debe basarse en lo que ha habido antes a trav\u00e9s de cambios evolutivos y graduales? Queremos combinar nuestra experiencia con los \u00faltimos avances t\u00e9cnicos: El emisor de luz mixta UV SOLAR RAPTOR\u00ae es un emisor UV basado en la tecnolog\u00eda de luz mixta que consigue los niveles de UV-B y UV-A necesarios para los reptiles a pesar de la emisi\u00f3n de luz de \u00e1rea amplia. Una emisi\u00f3n duradera y uniforme de luz UV es la funci\u00f3n m\u00e1s importante de una l\u00e1mpara UV hecha para reptiles. Muchos reptiles pueden ver longitudes de onda de hasta la gama UV-A y esto regula su actividad, comportamiento reproductivo y visi\u00f3n del color, entre otras cosas. Por otra parte, un suministro suficiente de radiaci\u00f3n UV-B puede prevenir espec\u00edficamente muchas temidas enfermedades metab\u00f3licas de los reptiles (por ejemplo, raquitismo, reblandecimiento \u00f3seo en lagartos, tortugas, etc.). A pesar de emitir luz en una zona m\u00e1s amplia que otras l\u00e1mparas UV, esta l\u00e1mpara de luz mixta alcanza un valor UV-B elevado en el centro del cono de luz. Gracias a la mayor dispersi\u00f3n de la luz, los reptiles tambi\u00e9n pueden regular muy bien su absorci\u00f3n de calor y UV, un comportamiento importante para los animales de sangre fr\u00eda. El color de la luz de una l\u00e1mpara de terrario debe ser siempre lo m\u00e1s parecido posible a las condiciones naturales y se sit\u00faa entre 3800 y 4800 Kelvin para la fuente de luz mixta UV SOLAR RAPTOR\u00ae. Se tom\u00f3 la decisi\u00f3n consciente de no reproducir diferentes temperaturas de color; el espectro de los emisores de luz mixta est\u00e1 modelado a partir del sol y es adecuado para animales y plantas en todos los \u00e1mbitos de uso.         <\/p>\n<p>ECONLUX GmbH WEEE- Registrations-Nr.: DE 39263685<\/p>\n","protected":false},"excerpt":{"rendered":"<ul>\n<li>Amplio espectro UVA y UVB<\/li>\n<li>Recreaci\u00f3n de la luz natural<\/li>\n<li>Calor agradable<\/li>\n<li>Funcionamiento \u00f3ptimo con la pinza ClampLamp<\/li>\n<\/ul>\n","protected":false},"featured_media":32674,"comment_status":"closed","ping_status":"closed","template":"","meta":[],"product_brand":[],"product_cat":[834,847],"product_tag":[888,889,890,891,892,893,947],"class_list":{"0":"post-32673","1":"product","2":"type-product","3":"status-publish","4":"has-post-thumbnail","6":"product_cat-solar-raptor-es","7":"product_cat-lamparas-uv","8":"product_tag-terraristica","9":"product_tag-lampara-uv","10":"product_tag-luz-uv","11":"product_tag-radiacion-uv","12":"product_tag-uva-es","13":"product_tag-uvb-es","14":"product_tag-lamparas-uv","16":"first","17":"instock","18":"taxable","19":"shipping-taxable","20":"purchasable","21":"product-type-variable"},"yoast_head":"<!-- This site is optimized with the Yoast SEO plugin v27.4 - https:\/\/yoast.com\/product\/yoast-seo-wordpress\/ -->\n<title>L\u00e1mparas UV de luz mixta (MVL) SOLAR RAPTOR - ECONLUX GmbH PetCare<\/title>\n<meta name=\"description\" content=\"La l\u00e1mpara de luz mixta UV SOLAR RAPTOR\u00ae es una l\u00e1mpara UV para terrarios. Proporciona a los animales luz natural y un amplio espectro UVA\/UVB.\" \/>\n<meta name=\"robots\" content=\"index, follow, max-snippet:-1, max-image-preview:large, max-video-preview:-1\" \/>\n<link rel=\"canonical\" href=\"https:\/\/petcare.econlux.de\/es\/producto\/lamparas-uv-de-luz-mixta-mvl-solar-raptor\/\" \/>\n<meta property=\"og:locale\" content=\"es_ES\" \/>\n<meta property=\"og:type\" content=\"article\" \/>\n<meta property=\"og:title\" content=\"L\u00e1mparas UV de luz mixta (MVL) SOLAR RAPTOR - ECONLUX GmbH PetCare\" \/>\n<meta property=\"og:description\" content=\"La l\u00e1mpara de luz mixta UV SOLAR RAPTOR\u00ae es una l\u00e1mpara UV para terrarios. Proporciona a los animales luz natural y un amplio espectro UVA\/UVB.\" \/>\n<meta property=\"og:url\" content=\"https:\/\/petcare.econlux.de\/es\/producto\/lamparas-uv-de-luz-mixta-mvl-solar-raptor\/\" \/>\n<meta property=\"og:site_name\" content=\"ECONLUX GmbH PetCare\" \/>\n<meta property=\"article:modified_time\" content=\"2025-03-24T11:48:30+00:00\" \/>\n<meta property=\"og:image\" content=\"https:\/\/petcare.econlux.de\/wp-content\/uploads\/2024\/09\/00013002_UV-Mischlichtstrahler_Vater_transparent.png\" \/>\n\t<meta property=\"og:image:width\" content=\"1000\" \/>\n\t<meta property=\"og:image:height\" content=\"1000\" \/>\n\t<meta property=\"og:image:type\" content=\"image\/png\" \/>\n<meta name=\"twitter:card\" content=\"summary_large_image\" \/>\n<meta name=\"twitter:label1\" content=\"Tiempo de lectura\" \/>\n\t<meta name=\"twitter:data1\" content=\"4 minutos\" \/>\n<script type=\"application\/ld+json\" class=\"yoast-schema-graph\">{\"@context\":\"https:\\\/\\\/schema.org\",\"@graph\":[{\"@type\":\"WebPage\",\"@id\":\"https:\\\/\\\/petcare.econlux.de\\\/es\\\/producto\\\/lamparas-uv-de-luz-mixta-mvl-solar-raptor\\\/\",\"url\":\"https:\\\/\\\/petcare.econlux.de\\\/es\\\/producto\\\/lamparas-uv-de-luz-mixta-mvl-solar-raptor\\\/\",\"name\":\"L\u00e1mparas UV de luz mixta (MVL) SOLAR RAPTOR - ECONLUX GmbH PetCare\",\"isPartOf\":{\"@id\":\"https:\\\/\\\/petcare.econlux.de\\\/es\\\/#website\"},\"primaryImageOfPage\":{\"@id\":\"https:\\\/\\\/petcare.econlux.de\\\/es\\\/producto\\\/lamparas-uv-de-luz-mixta-mvl-solar-raptor\\\/#primaryimage\"},\"image\":{\"@id\":\"https:\\\/\\\/petcare.econlux.de\\\/es\\\/producto\\\/lamparas-uv-de-luz-mixta-mvl-solar-raptor\\\/#primaryimage\"},\"thumbnailUrl\":\"https:\\\/\\\/petcare.econlux.de\\\/wp-content\\\/uploads\\\/2024\\\/09\\\/00013002_UV-Mischlichtstrahler_Vater_transparent.png\",\"datePublished\":\"2024-09-12T13:37:12+00:00\",\"dateModified\":\"2025-03-24T11:48:30+00:00\",\"description\":\"La l\u00e1mpara de luz mixta UV SOLAR RAPTOR\u00ae es una l\u00e1mpara UV para terrarios. Proporciona a los animales luz natural y un amplio espectro UVA\\\/UVB.\",\"breadcrumb\":{\"@id\":\"https:\\\/\\\/petcare.econlux.de\\\/es\\\/producto\\\/lamparas-uv-de-luz-mixta-mvl-solar-raptor\\\/#breadcrumb\"},\"inLanguage\":\"es\",\"potentialAction\":[{\"@type\":\"ReadAction\",\"target\":[\"https:\\\/\\\/petcare.econlux.de\\\/es\\\/producto\\\/lamparas-uv-de-luz-mixta-mvl-solar-raptor\\\/\"]}]},{\"@type\":\"ImageObject\",\"inLanguage\":\"es\",\"@id\":\"https:\\\/\\\/petcare.econlux.de\\\/es\\\/producto\\\/lamparas-uv-de-luz-mixta-mvl-solar-raptor\\\/#primaryimage\",\"url\":\"https:\\\/\\\/petcare.econlux.de\\\/wp-content\\\/uploads\\\/2024\\\/09\\\/00013002_UV-Mischlichtstrahler_Vater_transparent.png\",\"contentUrl\":\"https:\\\/\\\/petcare.econlux.de\\\/wp-content\\\/uploads\\\/2024\\\/09\\\/00013002_UV-Mischlichtstrahler_Vater_transparent.png\",\"width\":1000,\"height\":1000},{\"@type\":\"BreadcrumbList\",\"@id\":\"https:\\\/\\\/petcare.econlux.de\\\/es\\\/producto\\\/lamparas-uv-de-luz-mixta-mvl-solar-raptor\\\/#breadcrumb\",\"itemListElement\":[{\"@type\":\"ListItem\",\"position\":1,\"name\":\"Startseite\",\"item\":\"https:\\\/\\\/petcare.econlux.de\\\/es\\\/\"},{\"@type\":\"ListItem\",\"position\":2,\"name\":\"Productos\",\"item\":\"https:\\\/\\\/petcare.econlux.de\\\/es\\\/productos\\\/\"},{\"@type\":\"ListItem\",\"position\":3,\"name\":\"L\u00e1mparas UV de luz mixta (MVL) SOLAR RAPTOR\"}]},{\"@type\":\"WebSite\",\"@id\":\"https:\\\/\\\/petcare.econlux.de\\\/es\\\/#website\",\"url\":\"https:\\\/\\\/petcare.econlux.de\\\/es\\\/\",\"name\":\"ECONLUX GmbH PetCare\",\"description\":\"\",\"potentialAction\":[{\"@type\":\"SearchAction\",\"target\":{\"@type\":\"EntryPoint\",\"urlTemplate\":\"https:\\\/\\\/petcare.econlux.de\\\/es\\\/?s={search_term_string}\"},\"query-input\":{\"@type\":\"PropertyValueSpecification\",\"valueRequired\":true,\"valueName\":\"search_term_string\"}}],\"inLanguage\":\"es\"}]}<\/script>\n<!-- \/ Yoast SEO plugin. -->","yoast_head_json":{"title":"L\u00e1mparas UV de luz mixta (MVL) SOLAR RAPTOR - ECONLUX GmbH PetCare","description":"La l\u00e1mpara de luz mixta UV SOLAR RAPTOR\u00ae es una l\u00e1mpara UV para terrarios. Proporciona a los animales luz natural y un amplio espectro UVA\/UVB.","robots":{"index":"index","follow":"follow","max-snippet":"max-snippet:-1","max-image-preview":"max-image-preview:large","max-video-preview":"max-video-preview:-1"},"canonical":"https:\/\/petcare.econlux.de\/es\/producto\/lamparas-uv-de-luz-mixta-mvl-solar-raptor\/","og_locale":"es_ES","og_type":"article","og_title":"L\u00e1mparas UV de luz mixta (MVL) SOLAR RAPTOR - ECONLUX GmbH PetCare","og_description":"La l\u00e1mpara de luz mixta UV SOLAR RAPTOR\u00ae es una l\u00e1mpara UV para terrarios. Proporciona a los animales luz natural y un amplio espectro UVA\/UVB.","og_url":"https:\/\/petcare.econlux.de\/es\/producto\/lamparas-uv-de-luz-mixta-mvl-solar-raptor\/","og_site_name":"ECONLUX GmbH PetCare","article_modified_time":"2025-03-24T11:48:30+00:00","og_image":[{"width":1000,"height":1000,"url":"https:\/\/petcare.econlux.de\/wp-content\/uploads\/2024\/09\/00013002_UV-Mischlichtstrahler_Vater_transparent.png","type":"image\/png"}],"twitter_card":"summary_large_image","twitter_misc":{"Tiempo de lectura":"4 minutos"},"schema":{"@context":"https:\/\/schema.org","@graph":[{"@type":"WebPage","@id":"https:\/\/petcare.econlux.de\/es\/producto\/lamparas-uv-de-luz-mixta-mvl-solar-raptor\/","url":"https:\/\/petcare.econlux.de\/es\/producto\/lamparas-uv-de-luz-mixta-mvl-solar-raptor\/","name":"L\u00e1mparas UV de luz mixta (MVL) SOLAR RAPTOR - ECONLUX GmbH PetCare","isPartOf":{"@id":"https:\/\/petcare.econlux.de\/es\/#website"},"primaryImageOfPage":{"@id":"https:\/\/petcare.econlux.de\/es\/producto\/lamparas-uv-de-luz-mixta-mvl-solar-raptor\/#primaryimage"},"image":{"@id":"https:\/\/petcare.econlux.de\/es\/producto\/lamparas-uv-de-luz-mixta-mvl-solar-raptor\/#primaryimage"},"thumbnailUrl":"https:\/\/petcare.econlux.de\/wp-content\/uploads\/2024\/09\/00013002_UV-Mischlichtstrahler_Vater_transparent.png","datePublished":"2024-09-12T13:37:12+00:00","dateModified":"2025-03-24T11:48:30+00:00","description":"La l\u00e1mpara de luz mixta UV SOLAR RAPTOR\u00ae es una l\u00e1mpara UV para terrarios. Proporciona a los animales luz natural y un amplio espectro UVA\/UVB.","breadcrumb":{"@id":"https:\/\/petcare.econlux.de\/es\/producto\/lamparas-uv-de-luz-mixta-mvl-solar-raptor\/#breadcrumb"},"inLanguage":"es","potentialAction":[{"@type":"ReadAction","target":["https:\/\/petcare.econlux.de\/es\/producto\/lamparas-uv-de-luz-mixta-mvl-solar-raptor\/"]}]},{"@type":"ImageObject","inLanguage":"es","@id":"https:\/\/petcare.econlux.de\/es\/producto\/lamparas-uv-de-luz-mixta-mvl-solar-raptor\/#primaryimage","url":"https:\/\/petcare.econlux.de\/wp-content\/uploads\/2024\/09\/00013002_UV-Mischlichtstrahler_Vater_transparent.png","contentUrl":"https:\/\/petcare.econlux.de\/wp-content\/uploads\/2024\/09\/00013002_UV-Mischlichtstrahler_Vater_transparent.png","width":1000,"height":1000},{"@type":"BreadcrumbList","@id":"https:\/\/petcare.econlux.de\/es\/producto\/lamparas-uv-de-luz-mixta-mvl-solar-raptor\/#breadcrumb","itemListElement":[{"@type":"ListItem","position":1,"name":"Startseite","item":"https:\/\/petcare.econlux.de\/es\/"},{"@type":"ListItem","position":2,"name":"Productos","item":"https:\/\/petcare.econlux.de\/es\/productos\/"},{"@type":"ListItem","position":3,"name":"L\u00e1mparas UV de luz mixta (MVL) SOLAR RAPTOR"}]},{"@type":"WebSite","@id":"https:\/\/petcare.econlux.de\/es\/#website","url":"https:\/\/petcare.econlux.de\/es\/","name":"ECONLUX GmbH PetCare","description":"","potentialAction":[{"@type":"SearchAction","target":{"@type":"EntryPoint","urlTemplate":"https:\/\/petcare.econlux.de\/es\/?s={search_term_string}"},"query-input":{"@type":"PropertyValueSpecification","valueRequired":true,"valueName":"search_term_string"}}],"inLanguage":"es"}]}},"_links":{"self":[{"href":"https:\/\/petcare.econlux.de\/es\/wp-json\/wp\/v2\/product\/32673","targetHints":{"allow":["GET"]}}],"collection":[{"href":"https:\/\/petcare.econlux.de\/es\/wp-json\/wp\/v2\/product"}],"about":[{"href":"https:\/\/petcare.econlux.de\/es\/wp-json\/wp\/v2\/types\/product"}],"replies":[{"embeddable":true,"href":"https:\/\/petcare.econlux.de\/es\/wp-json\/wp\/v2\/comments?post=32673"}],"version-history":[{"count":1,"href":"https:\/\/petcare.econlux.de\/es\/wp-json\/wp\/v2\/product\/32673\/revisions"}],"predecessor-version":[{"id":33926,"href":"https:\/\/petcare.econlux.de\/es\/wp-json\/wp\/v2\/product\/32673\/revisions\/33926"}],"wp:featuredmedia":[{"embeddable":true,"href":"https:\/\/petcare.econlux.de\/es\/wp-json\/wp\/v2\/media\/32674"}],"wp:attachment":[{"href":"https:\/\/petcare.econlux.de\/es\/wp-json\/wp\/v2\/media?parent=32673"}],"wp:term":[{"taxonomy":"product_brand","embeddable":true,"href":"https:\/\/petcare.econlux.de\/es\/wp-json\/wp\/v2\/product_brand?post=32673"},{"taxonomy":"product_cat","embeddable":true,"href":"https:\/\/petcare.econlux.de\/es\/wp-json\/wp\/v2\/product_cat?post=32673"},{"taxonomy":"product_tag","embeddable":true,"href":"https:\/\/petcare.econlux.de\/es\/wp-json\/wp\/v2\/product_tag?post=32673"}],"curies":[{"name":"wp","href":"https:\/\/api.w.org\/{rel}","templated":true}]}}