{"id":32671,"date":"2024-09-12T15:39:37","date_gmt":"2024-09-12T13:39:37","guid":{"rendered":"https:\/\/petcare.econlux.de\/produkt\/solar-stinger-stingerbox-ii-marine-kit-que-incluye-fuente-de-alimentacion-drv\/"},"modified":"2025-03-12T15:55:50","modified_gmt":"2025-03-12T14:55:50","slug":"solar-stinger-stingerbox-ii-marine-kit-que-incluye-fuente-de-alimentacion-drv","status":"publish","type":"product","link":"https:\/\/petcare.econlux.de\/es\/producto\/solar-stinger-stingerbox-ii-marine-kit-que-incluye-fuente-de-alimentacion-drv\/","title":{"rendered":"SOLAR STINGER\u00ae StingerBox II MARINE &#8211; Kit que incluye fuente de alimentaci\u00f3n DRV"},"content":{"rendered":"<h3><\/h3>\n<h3>SOLAR STINGER\u00ae StingerBox II MARINE<\/h3>\n<p>La SOLAR STINGER\u00ae StingerBox II MARINE es una luz LED de alto rendimiento para acuarios marinos.<\/p>\n<p>El sistema de iluminaci\u00f3n con tecnolog\u00eda LED de \u00faltima generaci\u00f3n, apto para acuarios de arrecife y de agua salada de todo tipo, impresiona por su espectro crom\u00e1tico equilibrado con un componente azul que se corresponde con las condiciones naturales de iluminaci\u00f3n del arrecife.<\/p>\n<p>Esto significa que el StingerBox II SOLAR STINGER\u00ae no s\u00f3lo mejora la coloraci\u00f3n y el crecimiento de los corales en los acuarios de agua de mar, sino que tambi\u00e9n evoca los codiciados \u00abefectos rayos de sol\u00bb y crea as\u00ed efectos luminosos especialmente bellos y vivos.<\/p>\n<p>A pesar de su dise\u00f1o extremadamente delgado de s\u00f3lo 3 cm de altura, la StingerBox II garantiza una mezcla de colores \u00f3ptima gracias a los difusores de panal integrados. La luminaria tambi\u00e9n es silenciosa en funcionamiento, ya que utiliza una refrigeraci\u00f3n puramente pasiva y, por tanto, no necesita ventilador. <\/p>\n<p>El funcionamiento a baja tensi\u00f3n y la carcasa protegida contra el agua (IP 65) proporcionan un concepto de seguridad que no deja nada que desear.<\/p>\n<p>El SOLAR STINGER\u00ae StingerBox II MARINE puede combinarse con la unidad de control <strong><a href=\"https:\/\/petcare.econlux.de\/produkt\/solar-stinger-solar-raptor-con1\/\" target=\"_blank\" rel=\"noopener\">CON1<\/a><\/strong> (no incluida, p\u00eddela por separado) para crear escenarios de iluminaci\u00f3n sofisticados y convincentemente naturales. La luz se suministra con un soporte de suspensi\u00f3n y un soporte infinitamente extensible para colocarla en el acuario. <\/p>\n<p>&nbsp;<\/p>\n<p><span class=\"weee--text\">ECONLUX GmbH WEEE-Registrations-Nr.: DE 39263685<\/span><\/p>\n","protected":false},"excerpt":{"rendered":"<ul class=\"product--bullets\">\n<li>Luz LED para agua de mar<\/li>\n<li>Incluye fuente de alimentaci\u00f3n DRV2 de 120 W <\/li>\n<li>Controlable opcionalmente con CON1<\/li>\n<li>Para condiciones de luz natural como en un arrecife<\/li>\n<li>Espectro de color equilibrado con un alto componente azul<\/li>\n<\/ul>\n","protected":false},"featured_media":32672,"comment_status":"closed","ping_status":"closed","template":"","meta":[],"product_brand":[],"product_cat":[835,839],"product_tag":[902,930,934],"class_list":{"0":"post-32671","1":"product","2":"type-product","3":"status-publish","4":"has-post-thumbnail","6":"product_cat-solar-stinger-es","7":"product_cat-iluminacion-led-agua-salgada","8":"product_tag-iluminacion-led","9":"product_tag-agua-marina","10":"product_tag-acuariofilia","12":"first","13":"instock","14":"taxable","15":"shipping-taxable","16":"purchasable","17":"product-type-simple"},"yoast_head":"<!-- This site is optimized with the Yoast SEO plugin v27.4 - https:\/\/yoast.com\/product\/yoast-seo-wordpress\/ -->\n<title>SOLAR STINGER\u00ae StingerBox II MARINE - Kit que incluye fuente de alimentaci\u00f3n DRV - ECONLUX GmbH PetCare<\/title>\n<meta name=\"description\" content=\"La SOLAR STINGER\u00ae StingerBox II MARINE es una luz LED de alto rendimiento para acuarios marinos. Produce un espectro de color equilibrado con un componente azul que corresponde a las condiciones de luz natural del arrecife.\" \/>\n<meta name=\"robots\" content=\"index, follow, max-snippet:-1, max-image-preview:large, max-video-preview:-1\" \/>\n<link rel=\"canonical\" href=\"https:\/\/petcare.econlux.de\/es\/producto\/solar-stinger-stingerbox-ii-marine-kit-que-incluye-fuente-de-alimentacion-drv\/\" \/>\n<meta property=\"og:locale\" content=\"es_ES\" \/>\n<meta property=\"og:type\" content=\"article\" \/>\n<meta property=\"og:title\" content=\"SOLAR STINGER\u00ae StingerBox II MARINE - Kit que incluye fuente de alimentaci\u00f3n DRV - ECONLUX GmbH PetCare\" \/>\n<meta property=\"og:description\" content=\"La SOLAR STINGER\u00ae StingerBox II MARINE es una luz LED de alto rendimiento para acuarios marinos. Produce un espectro de color equilibrado con un componente azul que corresponde a las condiciones de luz natural del arrecife.\" \/>\n<meta property=\"og:url\" content=\"https:\/\/petcare.econlux.de\/es\/producto\/solar-stinger-stingerbox-ii-marine-kit-que-incluye-fuente-de-alimentacion-drv\/\" \/>\n<meta property=\"og:site_name\" content=\"ECONLUX GmbH PetCare\" \/>\n<meta property=\"article:modified_time\" content=\"2025-03-12T14:55:50+00:00\" \/>\n<meta property=\"og:image\" content=\"https:\/\/petcare.econlux.de\/wp-content\/uploads\/2024\/09\/00012523_StingerBox_II_Marine_transparent.png\" \/>\n\t<meta property=\"og:image:width\" content=\"1000\" \/>\n\t<meta property=\"og:image:height\" content=\"1000\" \/>\n\t<meta property=\"og:image:type\" content=\"image\/png\" \/>\n<meta name=\"twitter:card\" content=\"summary_large_image\" \/>\n<meta name=\"twitter:label1\" content=\"Tiempo de lectura\" \/>\n\t<meta name=\"twitter:data1\" content=\"1 minuto\" \/>\n<script type=\"application\/ld+json\" class=\"yoast-schema-graph\">{\"@context\":\"https:\\\/\\\/schema.org\",\"@graph\":[{\"@type\":\"WebPage\",\"@id\":\"https:\\\/\\\/petcare.econlux.de\\\/es\\\/producto\\\/solar-stinger-stingerbox-ii-marine-kit-que-incluye-fuente-de-alimentacion-drv\\\/\",\"url\":\"https:\\\/\\\/petcare.econlux.de\\\/es\\\/producto\\\/solar-stinger-stingerbox-ii-marine-kit-que-incluye-fuente-de-alimentacion-drv\\\/\",\"name\":\"SOLAR STINGER\u00ae StingerBox II MARINE - Kit que incluye fuente de alimentaci\u00f3n DRV - ECONLUX GmbH PetCare\",\"isPartOf\":{\"@id\":\"https:\\\/\\\/petcare.econlux.de\\\/es\\\/#website\"},\"primaryImageOfPage\":{\"@id\":\"https:\\\/\\\/petcare.econlux.de\\\/es\\\/producto\\\/solar-stinger-stingerbox-ii-marine-kit-que-incluye-fuente-de-alimentacion-drv\\\/#primaryimage\"},\"image\":{\"@id\":\"https:\\\/\\\/petcare.econlux.de\\\/es\\\/producto\\\/solar-stinger-stingerbox-ii-marine-kit-que-incluye-fuente-de-alimentacion-drv\\\/#primaryimage\"},\"thumbnailUrl\":\"https:\\\/\\\/petcare.econlux.de\\\/wp-content\\\/uploads\\\/2024\\\/09\\\/00012523_StingerBox_II_Marine_transparent.png\",\"datePublished\":\"2024-09-12T13:39:37+00:00\",\"dateModified\":\"2025-03-12T14:55:50+00:00\",\"description\":\"La SOLAR STINGER\u00ae StingerBox II MARINE es una luz LED de alto rendimiento para acuarios marinos. Produce un espectro de color equilibrado con un componente azul que corresponde a las condiciones de luz natural del arrecife.\",\"breadcrumb\":{\"@id\":\"https:\\\/\\\/petcare.econlux.de\\\/es\\\/producto\\\/solar-stinger-stingerbox-ii-marine-kit-que-incluye-fuente-de-alimentacion-drv\\\/#breadcrumb\"},\"inLanguage\":\"es\",\"potentialAction\":[{\"@type\":\"ReadAction\",\"target\":[\"https:\\\/\\\/petcare.econlux.de\\\/es\\\/producto\\\/solar-stinger-stingerbox-ii-marine-kit-que-incluye-fuente-de-alimentacion-drv\\\/\"]}]},{\"@type\":\"ImageObject\",\"inLanguage\":\"es\",\"@id\":\"https:\\\/\\\/petcare.econlux.de\\\/es\\\/producto\\\/solar-stinger-stingerbox-ii-marine-kit-que-incluye-fuente-de-alimentacion-drv\\\/#primaryimage\",\"url\":\"https:\\\/\\\/petcare.econlux.de\\\/wp-content\\\/uploads\\\/2024\\\/09\\\/00012523_StingerBox_II_Marine_transparent.png\",\"contentUrl\":\"https:\\\/\\\/petcare.econlux.de\\\/wp-content\\\/uploads\\\/2024\\\/09\\\/00012523_StingerBox_II_Marine_transparent.png\",\"width\":1000,\"height\":1000,\"caption\":\"00012523_StingerBox_II_Marine_transparent\"},{\"@type\":\"BreadcrumbList\",\"@id\":\"https:\\\/\\\/petcare.econlux.de\\\/es\\\/producto\\\/solar-stinger-stingerbox-ii-marine-kit-que-incluye-fuente-de-alimentacion-drv\\\/#breadcrumb\",\"itemListElement\":[{\"@type\":\"ListItem\",\"position\":1,\"name\":\"Startseite\",\"item\":\"https:\\\/\\\/petcare.econlux.de\\\/es\\\/\"},{\"@type\":\"ListItem\",\"position\":2,\"name\":\"Productos\",\"item\":\"https:\\\/\\\/petcare.econlux.de\\\/es\\\/productos\\\/\"},{\"@type\":\"ListItem\",\"position\":3,\"name\":\"SOLAR STINGER\u00ae StingerBox II MARINE &#8211; Kit que incluye fuente de alimentaci\u00f3n DRV\"}]},{\"@type\":\"WebSite\",\"@id\":\"https:\\\/\\\/petcare.econlux.de\\\/es\\\/#website\",\"url\":\"https:\\\/\\\/petcare.econlux.de\\\/es\\\/\",\"name\":\"ECONLUX GmbH PetCare\",\"description\":\"\",\"potentialAction\":[{\"@type\":\"SearchAction\",\"target\":{\"@type\":\"EntryPoint\",\"urlTemplate\":\"https:\\\/\\\/petcare.econlux.de\\\/es\\\/?s={search_term_string}\"},\"query-input\":{\"@type\":\"PropertyValueSpecification\",\"valueRequired\":true,\"valueName\":\"search_term_string\"}}],\"inLanguage\":\"es\"}]}<\/script>\n<!-- \/ Yoast SEO plugin. -->","yoast_head_json":{"title":"SOLAR STINGER\u00ae StingerBox II MARINE - Kit que incluye fuente de alimentaci\u00f3n DRV - ECONLUX GmbH PetCare","description":"La SOLAR STINGER\u00ae StingerBox II MARINE es una luz LED de alto rendimiento para acuarios marinos. Produce un espectro de color equilibrado con un componente azul que corresponde a las condiciones de luz natural del arrecife.","robots":{"index":"index","follow":"follow","max-snippet":"max-snippet:-1","max-image-preview":"max-image-preview:large","max-video-preview":"max-video-preview:-1"},"canonical":"https:\/\/petcare.econlux.de\/es\/producto\/solar-stinger-stingerbox-ii-marine-kit-que-incluye-fuente-de-alimentacion-drv\/","og_locale":"es_ES","og_type":"article","og_title":"SOLAR STINGER\u00ae StingerBox II MARINE - Kit que incluye fuente de alimentaci\u00f3n DRV - ECONLUX GmbH PetCare","og_description":"La SOLAR STINGER\u00ae StingerBox II MARINE es una luz LED de alto rendimiento para acuarios marinos. Produce un espectro de color equilibrado con un componente azul que corresponde a las condiciones de luz natural del arrecife.","og_url":"https:\/\/petcare.econlux.de\/es\/producto\/solar-stinger-stingerbox-ii-marine-kit-que-incluye-fuente-de-alimentacion-drv\/","og_site_name":"ECONLUX GmbH PetCare","article_modified_time":"2025-03-12T14:55:50+00:00","og_image":[{"width":1000,"height":1000,"url":"https:\/\/petcare.econlux.de\/wp-content\/uploads\/2024\/09\/00012523_StingerBox_II_Marine_transparent.png","type":"image\/png"}],"twitter_card":"summary_large_image","twitter_misc":{"Tiempo de lectura":"1 minuto"},"schema":{"@context":"https:\/\/schema.org","@graph":[{"@type":"WebPage","@id":"https:\/\/petcare.econlux.de\/es\/producto\/solar-stinger-stingerbox-ii-marine-kit-que-incluye-fuente-de-alimentacion-drv\/","url":"https:\/\/petcare.econlux.de\/es\/producto\/solar-stinger-stingerbox-ii-marine-kit-que-incluye-fuente-de-alimentacion-drv\/","name":"SOLAR STINGER\u00ae StingerBox II MARINE - Kit que incluye fuente de alimentaci\u00f3n DRV - ECONLUX GmbH PetCare","isPartOf":{"@id":"https:\/\/petcare.econlux.de\/es\/#website"},"primaryImageOfPage":{"@id":"https:\/\/petcare.econlux.de\/es\/producto\/solar-stinger-stingerbox-ii-marine-kit-que-incluye-fuente-de-alimentacion-drv\/#primaryimage"},"image":{"@id":"https:\/\/petcare.econlux.de\/es\/producto\/solar-stinger-stingerbox-ii-marine-kit-que-incluye-fuente-de-alimentacion-drv\/#primaryimage"},"thumbnailUrl":"https:\/\/petcare.econlux.de\/wp-content\/uploads\/2024\/09\/00012523_StingerBox_II_Marine_transparent.png","datePublished":"2024-09-12T13:39:37+00:00","dateModified":"2025-03-12T14:55:50+00:00","description":"La SOLAR STINGER\u00ae StingerBox II MARINE es una luz LED de alto rendimiento para acuarios marinos. Produce un espectro de color equilibrado con un componente azul que corresponde a las condiciones de luz natural del arrecife.","breadcrumb":{"@id":"https:\/\/petcare.econlux.de\/es\/producto\/solar-stinger-stingerbox-ii-marine-kit-que-incluye-fuente-de-alimentacion-drv\/#breadcrumb"},"inLanguage":"es","potentialAction":[{"@type":"ReadAction","target":["https:\/\/petcare.econlux.de\/es\/producto\/solar-stinger-stingerbox-ii-marine-kit-que-incluye-fuente-de-alimentacion-drv\/"]}]},{"@type":"ImageObject","inLanguage":"es","@id":"https:\/\/petcare.econlux.de\/es\/producto\/solar-stinger-stingerbox-ii-marine-kit-que-incluye-fuente-de-alimentacion-drv\/#primaryimage","url":"https:\/\/petcare.econlux.de\/wp-content\/uploads\/2024\/09\/00012523_StingerBox_II_Marine_transparent.png","contentUrl":"https:\/\/petcare.econlux.de\/wp-content\/uploads\/2024\/09\/00012523_StingerBox_II_Marine_transparent.png","width":1000,"height":1000,"caption":"00012523_StingerBox_II_Marine_transparent"},{"@type":"BreadcrumbList","@id":"https:\/\/petcare.econlux.de\/es\/producto\/solar-stinger-stingerbox-ii-marine-kit-que-incluye-fuente-de-alimentacion-drv\/#breadcrumb","itemListElement":[{"@type":"ListItem","position":1,"name":"Startseite","item":"https:\/\/petcare.econlux.de\/es\/"},{"@type":"ListItem","position":2,"name":"Productos","item":"https:\/\/petcare.econlux.de\/es\/productos\/"},{"@type":"ListItem","position":3,"name":"SOLAR STINGER\u00ae StingerBox II MARINE &#8211; Kit que incluye fuente de alimentaci\u00f3n DRV"}]},{"@type":"WebSite","@id":"https:\/\/petcare.econlux.de\/es\/#website","url":"https:\/\/petcare.econlux.de\/es\/","name":"ECONLUX GmbH PetCare","description":"","potentialAction":[{"@type":"SearchAction","target":{"@type":"EntryPoint","urlTemplate":"https:\/\/petcare.econlux.de\/es\/?s={search_term_string}"},"query-input":{"@type":"PropertyValueSpecification","valueRequired":true,"valueName":"search_term_string"}}],"inLanguage":"es"}]}},"_links":{"self":[{"href":"https:\/\/petcare.econlux.de\/es\/wp-json\/wp\/v2\/product\/32671","targetHints":{"allow":["GET"]}}],"collection":[{"href":"https:\/\/petcare.econlux.de\/es\/wp-json\/wp\/v2\/product"}],"about":[{"href":"https:\/\/petcare.econlux.de\/es\/wp-json\/wp\/v2\/types\/product"}],"replies":[{"embeddable":true,"href":"https:\/\/petcare.econlux.de\/es\/wp-json\/wp\/v2\/comments?post=32671"}],"version-history":[{"count":1,"href":"https:\/\/petcare.econlux.de\/es\/wp-json\/wp\/v2\/product\/32671\/revisions"}],"predecessor-version":[{"id":33954,"href":"https:\/\/petcare.econlux.de\/es\/wp-json\/wp\/v2\/product\/32671\/revisions\/33954"}],"wp:featuredmedia":[{"embeddable":true,"href":"https:\/\/petcare.econlux.de\/es\/wp-json\/wp\/v2\/media\/32672"}],"wp:attachment":[{"href":"https:\/\/petcare.econlux.de\/es\/wp-json\/wp\/v2\/media?parent=32671"}],"wp:term":[{"taxonomy":"product_brand","embeddable":true,"href":"https:\/\/petcare.econlux.de\/es\/wp-json\/wp\/v2\/product_brand?post=32671"},{"taxonomy":"product_cat","embeddable":true,"href":"https:\/\/petcare.econlux.de\/es\/wp-json\/wp\/v2\/product_cat?post=32671"},{"taxonomy":"product_tag","embeddable":true,"href":"https:\/\/petcare.econlux.de\/es\/wp-json\/wp\/v2\/product_tag?post=32671"}],"curies":[{"name":"wp","href":"https:\/\/api.w.org\/{rel}","templated":true}]}}