{"id":32634,"date":"2024-09-12T15:40:03","date_gmt":"2024-09-12T13:40:03","guid":{"rendered":"https:\/\/petcare.econlux.de\/produkt\/soporte-para-sunstrip-solar-stinger-solar-raptor\/"},"modified":"2025-03-24T18:06:35","modified_gmt":"2025-03-24T17:06:35","slug":"soporte-para-sunstrip-solar-stinger-solar-raptor","status":"publish","type":"product","link":"https:\/\/petcare.econlux.de\/es\/producto\/soporte-para-sunstrip-solar-stinger-solar-raptor\/","title":{"rendered":"Soporte para SunStrip SOLAR STINGER\u00ae\/SOLAR RAPTOR"},"content":{"rendered":"<p>Los sistemas de iluminaci\u00f3n LED son ahora parte integrante de los acuarios. Tambi\u00e9n se utilizan cada vez m\u00e1s en terrarios. Al comprar un acuario nuevo, muy a menudo ya est\u00e1n incluidos, pero los acuarios existentes tambi\u00e9n pueden convertirse f\u00e1cilmente a la iluminaci\u00f3n LED.  <\/p>\n<p>Con los Soportes SunStrip, SOLAR STINGER\u00ae y SOLAR RAPTOR\u00ae ofrecen una amplia gama de opciones para montar las barras LED SunStrip en el acuario o terrario. Independientemente de si el acuario\/terrario est\u00e1 abierto o cerrado por arriba, todo es posible, desde el montaje en el borde del acuario o suspendido del techo, hasta simplemente de pie o atornillado, pasando por el montaje en tomas de tubos fluorescentes T5 o T8 existentes. Las SunStrips pueden incluso conectarse en longitud con la ConnectorPlate y en paralelo con la ExtenderPlate. <\/p>\n<p>Los soportes se fijan a las SunStrips mediante un perfil de ra\u00edl especial situado en la parte superior de las tiras. Los soportes se introducen all\u00ed y se fijan firmemente con un tornillo. <\/p>\n<p>&nbsp;<\/p>\n<p>ECONLUX GmbH WEEE- Registrations-Nr.: DE 39263685<\/p>\n","protected":false},"excerpt":{"rendered":"<ul>\n<li>Accesorios para los Sunstrip SolarStinger\/SolarRaptor<\/li>\n<li>Amplia gama de opciones de montaje<\/li>\n<li>Conexi\u00f3n sencilla mediante el perfil de carril de los SunStrips<\/li>\n<\/ul>\n","protected":false},"featured_media":33177,"comment_status":"closed","ping_status":"closed","template":"","meta":[],"product_brand":[],"product_cat":[842,841,837,835,834],"product_tag":[944,943,942],"class_list":{"0":"post-32634","1":"product","2":"type-product","3":"status-publish","4":"has-post-thumbnail","6":"product_cat-accesorios-y-recambios","7":"product_cat-accesorios","8":"product_cat-sunstrip-soportes","9":"product_cat-solar-stinger-es","10":"product_cat-solar-raptor-es","11":"product_tag-soporte-es","12":"product_tag-soporte","13":"product_tag-fijacion","15":"first","16":"instock","17":"taxable","18":"shipping-taxable","19":"purchasable","20":"product-type-variable"},"yoast_head":"<!-- This site is optimized with the Yoast SEO plugin v27.5 - https:\/\/yoast.com\/product\/yoast-seo-wordpress\/ -->\n<title>Soporte para SunStrip SOLAR STINGER\u00ae\/SOLAR RAPTOR - ECONLUX GmbH PetCare<\/title>\n<meta name=\"description\" content=\"Con los Soportes SunStrip, SOLAR STINGER\u00ae y SOLAR RAPTOR\u00ae ofrecen una amplia gama de opciones para montar las barras LED SunStrip en el acuario o terrario.\" \/>\n<meta name=\"robots\" content=\"index, follow, max-snippet:-1, max-image-preview:large, max-video-preview:-1\" \/>\n<link rel=\"canonical\" href=\"https:\/\/petcare.econlux.de\/es\/producto\/soporte-para-sunstrip-solar-stinger-solar-raptor\/\" \/>\n<meta property=\"og:locale\" content=\"es_ES\" \/>\n<meta property=\"og:type\" content=\"article\" \/>\n<meta property=\"og:title\" content=\"Soporte para SunStrip SOLAR STINGER\u00ae\/SOLAR RAPTOR - ECONLUX GmbH PetCare\" \/>\n<meta property=\"og:description\" content=\"Con los Soportes SunStrip, SOLAR STINGER\u00ae y SOLAR RAPTOR\u00ae ofrecen una amplia gama de opciones para montar las barras LED SunStrip en el acuario o terrario.\" \/>\n<meta property=\"og:url\" content=\"https:\/\/petcare.econlux.de\/es\/producto\/soporte-para-sunstrip-solar-stinger-solar-raptor\/\" \/>\n<meta property=\"og:site_name\" content=\"ECONLUX GmbH PetCare\" \/>\n<meta property=\"article:modified_time\" content=\"2025-03-24T17:06:35+00:00\" \/>\n<meta property=\"og:image\" content=\"https:\/\/petcare.econlux.de\/wp-content\/uploads\/2024\/09\/00013034_Holder_Vater_1.webp\" \/>\n\t<meta property=\"og:image:width\" content=\"1000\" \/>\n\t<meta property=\"og:image:height\" content=\"1000\" \/>\n\t<meta property=\"og:image:type\" content=\"image\/webp\" \/>\n<meta name=\"twitter:card\" content=\"summary_large_image\" \/>\n<meta name=\"twitter:label1\" content=\"Tiempo de lectura\" \/>\n\t<meta name=\"twitter:data1\" content=\"1 minuto\" \/>\n<script type=\"application\/ld+json\" class=\"yoast-schema-graph\">{\"@context\":\"https:\\\/\\\/schema.org\",\"@graph\":[{\"@type\":\"WebPage\",\"@id\":\"https:\\\/\\\/petcare.econlux.de\\\/es\\\/producto\\\/soporte-para-sunstrip-solar-stinger-solar-raptor\\\/\",\"url\":\"https:\\\/\\\/petcare.econlux.de\\\/es\\\/producto\\\/soporte-para-sunstrip-solar-stinger-solar-raptor\\\/\",\"name\":\"Soporte para SunStrip SOLAR STINGER\u00ae\\\/SOLAR RAPTOR - ECONLUX GmbH PetCare\",\"isPartOf\":{\"@id\":\"https:\\\/\\\/petcare.econlux.de\\\/es\\\/#website\"},\"primaryImageOfPage\":{\"@id\":\"https:\\\/\\\/petcare.econlux.de\\\/es\\\/producto\\\/soporte-para-sunstrip-solar-stinger-solar-raptor\\\/#primaryimage\"},\"image\":{\"@id\":\"https:\\\/\\\/petcare.econlux.de\\\/es\\\/producto\\\/soporte-para-sunstrip-solar-stinger-solar-raptor\\\/#primaryimage\"},\"thumbnailUrl\":\"https:\\\/\\\/petcare.econlux.de\\\/wp-content\\\/uploads\\\/2024\\\/09\\\/00013034_Holder_Vater_1.webp\",\"datePublished\":\"2024-09-12T13:40:03+00:00\",\"dateModified\":\"2025-03-24T17:06:35+00:00\",\"description\":\"Con los Soportes SunStrip, SOLAR STINGER\u00ae y SOLAR RAPTOR\u00ae ofrecen una amplia gama de opciones para montar las barras LED SunStrip en el acuario o terrario.\",\"breadcrumb\":{\"@id\":\"https:\\\/\\\/petcare.econlux.de\\\/es\\\/producto\\\/soporte-para-sunstrip-solar-stinger-solar-raptor\\\/#breadcrumb\"},\"inLanguage\":\"es\",\"potentialAction\":[{\"@type\":\"ReadAction\",\"target\":[\"https:\\\/\\\/petcare.econlux.de\\\/es\\\/producto\\\/soporte-para-sunstrip-solar-stinger-solar-raptor\\\/\"]}]},{\"@type\":\"ImageObject\",\"inLanguage\":\"es\",\"@id\":\"https:\\\/\\\/petcare.econlux.de\\\/es\\\/producto\\\/soporte-para-sunstrip-solar-stinger-solar-raptor\\\/#primaryimage\",\"url\":\"https:\\\/\\\/petcare.econlux.de\\\/wp-content\\\/uploads\\\/2024\\\/09\\\/00013034_Holder_Vater_1.webp\",\"contentUrl\":\"https:\\\/\\\/petcare.econlux.de\\\/wp-content\\\/uploads\\\/2024\\\/09\\\/00013034_Holder_Vater_1.webp\",\"width\":1000,\"height\":1000,\"caption\":\"00013034_Holder_Vater_1\"},{\"@type\":\"BreadcrumbList\",\"@id\":\"https:\\\/\\\/petcare.econlux.de\\\/es\\\/producto\\\/soporte-para-sunstrip-solar-stinger-solar-raptor\\\/#breadcrumb\",\"itemListElement\":[{\"@type\":\"ListItem\",\"position\":1,\"name\":\"Startseite\",\"item\":\"https:\\\/\\\/petcare.econlux.de\\\/es\\\/\"},{\"@type\":\"ListItem\",\"position\":2,\"name\":\"Productos\",\"item\":\"https:\\\/\\\/petcare.econlux.de\\\/es\\\/productos\\\/\"},{\"@type\":\"ListItem\",\"position\":3,\"name\":\"Soporte para SunStrip SOLAR STINGER\u00ae\\\/SOLAR RAPTOR\"}]},{\"@type\":\"WebSite\",\"@id\":\"https:\\\/\\\/petcare.econlux.de\\\/es\\\/#website\",\"url\":\"https:\\\/\\\/petcare.econlux.de\\\/es\\\/\",\"name\":\"ECONLUX GmbH PetCare\",\"description\":\"\",\"potentialAction\":[{\"@type\":\"SearchAction\",\"target\":{\"@type\":\"EntryPoint\",\"urlTemplate\":\"https:\\\/\\\/petcare.econlux.de\\\/es\\\/?s={search_term_string}\"},\"query-input\":{\"@type\":\"PropertyValueSpecification\",\"valueRequired\":true,\"valueName\":\"search_term_string\"}}],\"inLanguage\":\"es\"}]}<\/script>\n<!-- \/ Yoast SEO plugin. -->","yoast_head_json":{"title":"Soporte para SunStrip SOLAR STINGER\u00ae\/SOLAR RAPTOR - ECONLUX GmbH PetCare","description":"Con los Soportes SunStrip, SOLAR STINGER\u00ae y SOLAR RAPTOR\u00ae ofrecen una amplia gama de opciones para montar las barras LED SunStrip en el acuario o terrario.","robots":{"index":"index","follow":"follow","max-snippet":"max-snippet:-1","max-image-preview":"max-image-preview:large","max-video-preview":"max-video-preview:-1"},"canonical":"https:\/\/petcare.econlux.de\/es\/producto\/soporte-para-sunstrip-solar-stinger-solar-raptor\/","og_locale":"es_ES","og_type":"article","og_title":"Soporte para SunStrip SOLAR STINGER\u00ae\/SOLAR RAPTOR - ECONLUX GmbH PetCare","og_description":"Con los Soportes SunStrip, SOLAR STINGER\u00ae y SOLAR RAPTOR\u00ae ofrecen una amplia gama de opciones para montar las barras LED SunStrip en el acuario o terrario.","og_url":"https:\/\/petcare.econlux.de\/es\/producto\/soporte-para-sunstrip-solar-stinger-solar-raptor\/","og_site_name":"ECONLUX GmbH PetCare","article_modified_time":"2025-03-24T17:06:35+00:00","og_image":[{"width":1000,"height":1000,"url":"https:\/\/petcare.econlux.de\/wp-content\/uploads\/2024\/09\/00013034_Holder_Vater_1.webp","type":"image\/webp"}],"twitter_card":"summary_large_image","twitter_misc":{"Tiempo de lectura":"1 minuto"},"schema":{"@context":"https:\/\/schema.org","@graph":[{"@type":"WebPage","@id":"https:\/\/petcare.econlux.de\/es\/producto\/soporte-para-sunstrip-solar-stinger-solar-raptor\/","url":"https:\/\/petcare.econlux.de\/es\/producto\/soporte-para-sunstrip-solar-stinger-solar-raptor\/","name":"Soporte para SunStrip SOLAR STINGER\u00ae\/SOLAR RAPTOR - ECONLUX GmbH PetCare","isPartOf":{"@id":"https:\/\/petcare.econlux.de\/es\/#website"},"primaryImageOfPage":{"@id":"https:\/\/petcare.econlux.de\/es\/producto\/soporte-para-sunstrip-solar-stinger-solar-raptor\/#primaryimage"},"image":{"@id":"https:\/\/petcare.econlux.de\/es\/producto\/soporte-para-sunstrip-solar-stinger-solar-raptor\/#primaryimage"},"thumbnailUrl":"https:\/\/petcare.econlux.de\/wp-content\/uploads\/2024\/09\/00013034_Holder_Vater_1.webp","datePublished":"2024-09-12T13:40:03+00:00","dateModified":"2025-03-24T17:06:35+00:00","description":"Con los Soportes SunStrip, SOLAR STINGER\u00ae y SOLAR RAPTOR\u00ae ofrecen una amplia gama de opciones para montar las barras LED SunStrip en el acuario o terrario.","breadcrumb":{"@id":"https:\/\/petcare.econlux.de\/es\/producto\/soporte-para-sunstrip-solar-stinger-solar-raptor\/#breadcrumb"},"inLanguage":"es","potentialAction":[{"@type":"ReadAction","target":["https:\/\/petcare.econlux.de\/es\/producto\/soporte-para-sunstrip-solar-stinger-solar-raptor\/"]}]},{"@type":"ImageObject","inLanguage":"es","@id":"https:\/\/petcare.econlux.de\/es\/producto\/soporte-para-sunstrip-solar-stinger-solar-raptor\/#primaryimage","url":"https:\/\/petcare.econlux.de\/wp-content\/uploads\/2024\/09\/00013034_Holder_Vater_1.webp","contentUrl":"https:\/\/petcare.econlux.de\/wp-content\/uploads\/2024\/09\/00013034_Holder_Vater_1.webp","width":1000,"height":1000,"caption":"00013034_Holder_Vater_1"},{"@type":"BreadcrumbList","@id":"https:\/\/petcare.econlux.de\/es\/producto\/soporte-para-sunstrip-solar-stinger-solar-raptor\/#breadcrumb","itemListElement":[{"@type":"ListItem","position":1,"name":"Startseite","item":"https:\/\/petcare.econlux.de\/es\/"},{"@type":"ListItem","position":2,"name":"Productos","item":"https:\/\/petcare.econlux.de\/es\/productos\/"},{"@type":"ListItem","position":3,"name":"Soporte para SunStrip SOLAR STINGER\u00ae\/SOLAR RAPTOR"}]},{"@type":"WebSite","@id":"https:\/\/petcare.econlux.de\/es\/#website","url":"https:\/\/petcare.econlux.de\/es\/","name":"ECONLUX GmbH PetCare","description":"","potentialAction":[{"@type":"SearchAction","target":{"@type":"EntryPoint","urlTemplate":"https:\/\/petcare.econlux.de\/es\/?s={search_term_string}"},"query-input":{"@type":"PropertyValueSpecification","valueRequired":true,"valueName":"search_term_string"}}],"inLanguage":"es"}]}},"_links":{"self":[{"href":"https:\/\/petcare.econlux.de\/es\/wp-json\/wp\/v2\/product\/32634","targetHints":{"allow":["GET"]}}],"collection":[{"href":"https:\/\/petcare.econlux.de\/es\/wp-json\/wp\/v2\/product"}],"about":[{"href":"https:\/\/petcare.econlux.de\/es\/wp-json\/wp\/v2\/types\/product"}],"replies":[{"embeddable":true,"href":"https:\/\/petcare.econlux.de\/es\/wp-json\/wp\/v2\/comments?post=32634"}],"version-history":[{"count":1,"href":"https:\/\/petcare.econlux.de\/es\/wp-json\/wp\/v2\/product\/32634\/revisions"}],"predecessor-version":[{"id":33931,"href":"https:\/\/petcare.econlux.de\/es\/wp-json\/wp\/v2\/product\/32634\/revisions\/33931"}],"wp:featuredmedia":[{"embeddable":true,"href":"https:\/\/petcare.econlux.de\/es\/wp-json\/wp\/v2\/media\/33177"}],"wp:attachment":[{"href":"https:\/\/petcare.econlux.de\/es\/wp-json\/wp\/v2\/media?parent=32634"}],"wp:term":[{"taxonomy":"product_brand","embeddable":true,"href":"https:\/\/petcare.econlux.de\/es\/wp-json\/wp\/v2\/product_brand?post=32634"},{"taxonomy":"product_cat","embeddable":true,"href":"https:\/\/petcare.econlux.de\/es\/wp-json\/wp\/v2\/product_cat?post=32634"},{"taxonomy":"product_tag","embeddable":true,"href":"https:\/\/petcare.econlux.de\/es\/wp-json\/wp\/v2\/product_tag?post=32634"}],"curies":[{"name":"wp","href":"https:\/\/api.w.org\/{rel}","templated":true}]}}