{"id":32631,"date":"2024-09-12T15:41:16","date_gmt":"2024-09-12T13:41:16","guid":{"rendered":"https:\/\/petcare.econlux.de\/produkt\/solarmeter-6-5-indice-uv\/"},"modified":"2025-03-12T15:55:13","modified_gmt":"2025-03-12T14:55:13","slug":"solarmeter-6-5-indice-uv","status":"publish","type":"product","link":"https:\/\/petcare.econlux.de\/es\/producto\/solarmeter-6-5-indice-uv\/","title":{"rendered":"Solarmeter\u00ae 6.5 \u00cdndice UV"},"content":{"rendered":"<ul>\n<li class=\"p1\">Medici\u00f3n del \u00edndice UV instant\u00e1neo<\/li>\n<li class=\"p1\">Medici\u00f3n de la intensidad del sol en forma de \u00edndice UV<\/li>\n<li class=\"p1\">Seguimiento del \u00edndice UV a lo largo del tiempo<\/li>\n<li class=\"p1\">Medici\u00f3n de la intensidad de la l\u00e1mpara UV y del envejecimiento<\/li>\n<\/ul>\n<table>\n<tbody>\n<tr>\n<td><strong>Modelo<\/strong><\/td>\n<td><strong>6.5<\/strong><\/td>\n<\/tr>\n<tr>\n<td><strong>Rango de salida:<\/strong><\/td>\n<td><strong>0-199,9 \u00cdndice UV<\/strong><\/td>\n<\/tr>\n<tr>\n<td><strong>Rango de medida<\/strong><\/td>\n<p>:<\/p>\n<td><strong>280-400 nm Espectro de acci\u00f3n eritemal diferencial<\/strong><\/td>\n<\/tr>\n<tr>\n<td><strong>Resoluci\u00f3n:<\/strong><\/td>\n<td><strong>0,1 \u00cdndice UV<\/strong><\/td>\n<\/tr>\n<tr>\n<td><strong>Velocidad de conversi\u00f3n:<\/strong><\/td>\n<td><strong>3,0 visualizaciones\/seg.<\/strong><\/td>\n<\/tr>\n<tr>\n<td><strong>Pantalla:<\/strong><\/td>\n<td><strong>LCD de 3,5 d\u00edgitos<\/strong><\/td>\n<\/tr>\n<tr>\n<td><strong>Tama\u00f1o de los d\u00edgitos:<\/strong><\/td>\n<td><strong>10,2 mm de altura<\/strong><\/td>\n<\/tr>\n<tr>\n<td><strong>Temperatura de funcionamiento:<\/strong><\/td>\n<td><strong>0\u00b0C &#8211; 37,8\u00b0C<\/strong><\/td>\n<\/tr>\n<tr>\n<td><strong>Humedad de funcionamiento:<\/strong><\/td>\n<td><strong>5% &#8211; 80%<\/strong><\/td>\n<\/tr>\n<tr>\n<td><strong>Precisi\u00f3n:<\/strong><\/td>\n<td><strong>\u00b110% REF.NIST<\/strong><\/td>\n<\/tr>\n<tr>\n<td><strong>Dimensiones:<\/strong><\/td>\n<td><strong>L: 61 x An: 22 x Al: 108 mm<\/strong><\/td>\n<\/tr>\n<tr>\n<td><strong>Peso<\/strong><\/td>\n<td><strong>150 g<\/strong><\/td>\n<\/tr>\n<tr>\n<td><strong>Tensi\u00f3n de funcionamiento:<\/strong><\/td>\n<td><strong>9 V (pila bloque)<\/strong><\/td>\n<\/tr>\n<tr>\n<td><strong>Lente:<\/strong><\/td>\n<td><strong>Cristal UV<\/strong><\/td>\n<\/tr>\n<tr>\n<td><strong>Difusor:<\/strong><\/td>\n<td><strong>Tefl\u00f3n<\/strong><\/td>\n<\/tr>\n<\/tbody>\n<\/table>\n<p><img fetchpriority=\"high\" decoding=\"async\" class=\"alignnone wp-image-12498\" src=\"https:\/\/econlux.de\/wp-content\/uploads\/2021\/06\/00010191_Solarmeter_6.5_UV_Index_Grafik_Spectral_Response.jpg\" alt=\"\u00cdndice UV Solarmeter 6.5 Respuesta espectral gr\u00e1fica, n\u00famero de art\u00edculo 00010191\" width=\"650\" height=\"650\"><\/p>\n<p><img decoding=\"async\" class=\"alignnone wp-image-12499\" src=\"https:\/\/econlux.de\/wp-content\/uploads\/2021\/06\/00010191_Solarmeter_6.5_UV_Index_Grafik_Spectral_Response_Logarithmic.jpg\" alt=\"\u00cdndice UV Solarmeter 6.5 Respuesta espectral gr\u00e1fica logar\u00edtmica, n\u00famero de art\u00edculo 00010191\" width=\"650\" height=\"650\"><\/p>\n<p><strong style=\"font-size: 16px\">Sensor:<br \/>\n<\/strong>El sensor consiste en un fotodiodo de carburo de silicio (SiC). Est\u00e1 situado bajo un cristal UV con un filtro Eeff herm\u00e9ticamente sellado (eficaz contra el eritema) y una tapa difusora. <\/p>\n<p><strong>Funcionamiento\/utilizaci\u00f3n del medidor:<\/strong><br \/>\nPara utilizar el Solarmeter\u00ae, orienta la ventana del sensor situada en la parte superior del medidor delante de tu cuerpo (perpendicular al suelo plano) hacia el cielo. Mant\u00e9n pulsado el presostato situado en la parte frontal del aparato de medici\u00f3n. El valor mostrado representa el \u00edndice UV actual.<br \/>\n<br \/>Los valores de UVI m\u00e1s elevados suelen producirse cuando el cielo es azul intenso, y a veces cuando el sol est\u00e1 entre nubes blancas \u00abdifusas\u00bb dispersas. Extrema las precauciones en estas condiciones para evitar el riesgo de quemaduras solares.<br \/>\n Ten en cuenta que las diferentes condiciones de nubes y bruma reducen el \u00edndice UV. Realiza lecturas frecuentes en condiciones parcialmente nubladas y haz una media de las lecturas claras y nubladas para determinar el \u00cdndice UV real. Ten cuidado en condiciones de niebla o ligeramente nubladas, porque aunque la radiaci\u00f3n UV directa es menor que en cielos despejados, la radiaci\u00f3n UV difusa puede ser mayor, como puedes comprobar apuntando el medidor en distintas direcciones. El voltaje de funcionamiento de la pila puede ajustarse desde 9 V hasta 6,5 V. Por debajo de 6,5 V, los n\u00fameros de la pantalla LCD empiezan a desvanecerse, lo que indica la necesidad de cambiar la pila. Una pila est\u00e1ndar de 9 V durar\u00e1 aproximadamente 2 a\u00f1os en condiciones normales de funcionamiento.     <\/p>\n<p>El voltaje de funcionamiento de la bater\u00eda es ajustable desde 9 V hasta 6,5 \u200b\u200bV. Por debajo de 6,5 V, los n\u00fameros en la pantalla LCD comienzan a desvanecerse, lo que indica la necesidad de reemplazar la bater\u00eda. Con una carga operativa t\u00edpica, una bater\u00eda est\u00e1ndar de 9 V dura aproximadamente 2 a\u00f1os. <\/p>\n<table style=\"width: 100%\" border=\"1\" cellspacing=\"0\" cellpadding=\"3\">\n<tbody>\n<tr style=\"color: #fff;font-weight: bold\" valign=\"top\" bgcolor=\"#666666\">\n<td nowrap height=\"0\">\n<div align=\"center\">Tipo de piel<\/div>\n<\/td>\n<td width=\"754\">\n<div align=\"center\">Caracter\u00edsticas t\u00edpicas<\/div>\n<\/td>\n<td width=\"543\">\n<div align=\"center\">Capacidad de bronceado<\/div>\n<\/td>\n<\/tr>\n<tr valign=\"top\" bgcolor=\"#FFFFFF\">\n<td height=\"0\">\n<div align=\"center\">I<\/div>\n<\/td>\n<td>Piel blanca p\u00e1lida, ojos azules\/azulados, pelo rubio\/rojo<\/td>\n<td>Siempre se quema, no se broncea<\/td>\n<\/tr>\n<tr valign=\"top\" bgcolor=\"#EFEFEF\">\n<td height=\"0\">\n<div align=\"center\">II<\/div>\n<\/td>\n<td>Piel clara, ojos azules<\/td>\n<td>Se quema f\u00e1cilmente, se broncea mal<\/td>\n<\/tr>\n<tr valign=\"top\" bgcolor=\"#FFFFFF\">\n<td height=\"17\">\n<div align=\"center\">III<\/div>\n<\/td>\n<td>Piel blanca m\u00e1s oscura<\/td>\n<td>Bronceado tras la quemadura inicial<\/td>\n<\/tr>\n<tr valign=\"top\" bgcolor=\"#EFEFEF\">\n<td height=\"0\">\n<div align=\"center\">IV<\/div>\n<\/td>\n<td>Piel marr\u00f3n claro<\/td>\n<td>Se quema poco, se broncea f\u00e1cilmente<\/td>\n<\/tr>\n<tr valign=\"top\" bgcolor=\"#FFFFFF\">\n<td height=\"0\">\n<div align=\"center\">V<\/div>\n<\/td>\n<td>Piel morena<\/td>\n<td>Rara vez se quema, se broncea r\u00e1pidamente<\/td>\n<\/tr>\n<tr valign=\"top\" bgcolor=\"#EFEFEF\">\n<td height=\"0\">\n<div align=\"center\">VI<\/div>\n<\/td>\n<td>Piel morena oscura o negra<\/td>\n<td>Nunca se quema, siempre se broncea oscuro<\/td>\n<\/tr>\n<\/tbody>\n<\/table>\n<p><strong>Para la piel no bronceada de tipo II, el tiempo hasta el inicio de la quemadura solar, una dosis eritem\u00e1tica m\u00ednima (MED) a 210 J\/m\u00b2 por MED, puede calcularse a partir del valor del \u00edndice UV de la siguiente manera:<\/strong><\/p>\n<p>Divide el valor UVI por 2,33 para obtener MED\/hora. Luego divide MED\/hora por 60 minutos. <\/p>\n<p>Ejemplo para un valor UVI de 8,5: 8,5 : 2,33 = 3,65 MED\/hora. Luego 60 : 3,65 = 16,4 minutos. <\/p>\n<p><strong>Cuidado y mantenimiento:<\/strong><\/p>\n<ul>\n<li>No expongas el aparato de medici\u00f3n a temperaturas extremas, humedad, golpes o polvo. \u2022 Si el medidor se expone accidentalmente a condiciones extremas de humedad o humedad, pueden producirse lecturas anormalmente altas. \u2022 Permitir que el medidor se seque naturalmente o colocarlo en una bolsa con silicato restaurar\u00e1 su funcionamiento normal.<\/li>\n<li>Utiliza un pa\u00f1o muy suave para limpiar el medidor. Mant\u00e9n el sensor libre de aceite, suciedad, etc. <\/li>\n<\/ul>\n<p><iframe title=\"Solarmeter Model 6.5 Digital Handheld NIST-Traceable UV Index Radiometer with Integral Sensor\" width=\"500\" height=\"281\" src=\"https:\/\/www.youtube.com\/embed\/INW49U5BfHw?start=1&#038;feature=oembed\" frameborder=\"0\" allow=\"accelerometer; autoplay; clipboard-write; encrypted-media; gyroscope; picture-in-picture; web-share\" referrerpolicy=\"strict-origin-when-cross-origin\" allowfullscreen><\/iframe><\/p>\n","protected":false},"excerpt":{"rendered":"<ul class=\"product--bullets\">\n<li>Compacto, manejable y duradero<\/li>\n<li>Manejo sencillo con una sola mano<\/li>\n<li>Precisi\u00f3n trazable al NIST<\/li>\n<li>Funciona con pilas<\/li>\n<li>Pantalla LCD<\/li>\n<li>Fabricado en EE.UU.<\/li>\n<\/ul>\n","protected":false},"featured_media":32841,"comment_status":"closed","ping_status":"closed","template":"","meta":[],"product_brand":[],"product_cat":[836,849],"product_tag":[926,927],"class_list":{"0":"post-32631","1":"product","2":"type-product","3":"status-publish","4":"has-post-thumbnail","6":"product_cat-solarmeter-es","7":"product_cat-medidores","8":"product_tag-aparato-manual-de-medicion","9":"product_tag-medidor-de-radiacion","11":"first","12":"outofstock","13":"taxable","14":"shipping-taxable","15":"purchasable","16":"product-type-simple"},"yoast_head":"<!-- This site is optimized with the Yoast SEO plugin v27.4 - https:\/\/yoast.com\/product\/yoast-seo-wordpress\/ -->\n<title>Solarmeter\u00ae 6.5 \u00cdndice UV - ECONLUX GmbH PetCare<\/title>\n<meta name=\"robots\" content=\"index, follow, max-snippet:-1, max-image-preview:large, max-video-preview:-1\" \/>\n<link rel=\"canonical\" href=\"https:\/\/petcare.econlux.de\/es\/producto\/solarmeter-6-5-indice-uv\/\" \/>\n<meta property=\"og:locale\" content=\"es_ES\" \/>\n<meta property=\"og:type\" content=\"article\" \/>\n<meta property=\"og:title\" content=\"Solarmeter\u00ae 6.5 \u00cdndice UV - ECONLUX GmbH PetCare\" \/>\n<meta property=\"og:description\" content=\"Compacto, manejable y duradero  Manejo sencillo con una sola mano  Precisi\u00f3n trazable al NIST  Funciona con pilas  Pantalla LCD  Fabricado en EE.UU.\" \/>\n<meta property=\"og:url\" content=\"https:\/\/petcare.econlux.de\/es\/producto\/solarmeter-6-5-indice-uv\/\" \/>\n<meta property=\"og:site_name\" content=\"ECONLUX GmbH PetCare\" \/>\n<meta property=\"article:modified_time\" content=\"2025-03-12T14:55:13+00:00\" \/>\n<meta property=\"og:image\" content=\"https:\/\/petcare.econlux.de\/wp-content\/uploads\/2024\/09\/00010191_Solarmeter_6.5_1.webp\" \/>\n\t<meta property=\"og:image:width\" content=\"1000\" \/>\n\t<meta property=\"og:image:height\" content=\"1000\" \/>\n\t<meta property=\"og:image:type\" content=\"image\/webp\" \/>\n<meta name=\"twitter:card\" content=\"summary_large_image\" \/>\n<meta name=\"twitter:label1\" content=\"Tiempo de lectura\" \/>\n\t<meta name=\"twitter:data1\" content=\"3 minutos\" \/>\n<script type=\"application\/ld+json\" class=\"yoast-schema-graph\">{\"@context\":\"https:\\\/\\\/schema.org\",\"@graph\":[{\"@type\":\"WebPage\",\"@id\":\"https:\\\/\\\/petcare.econlux.de\\\/es\\\/producto\\\/solarmeter-6-5-indice-uv\\\/\",\"url\":\"https:\\\/\\\/petcare.econlux.de\\\/es\\\/producto\\\/solarmeter-6-5-indice-uv\\\/\",\"name\":\"Solarmeter\u00ae 6.5 \u00cdndice UV - ECONLUX GmbH PetCare\",\"isPartOf\":{\"@id\":\"https:\\\/\\\/petcare.econlux.de\\\/es\\\/#website\"},\"primaryImageOfPage\":{\"@id\":\"https:\\\/\\\/petcare.econlux.de\\\/es\\\/producto\\\/solarmeter-6-5-indice-uv\\\/#primaryimage\"},\"image\":{\"@id\":\"https:\\\/\\\/petcare.econlux.de\\\/es\\\/producto\\\/solarmeter-6-5-indice-uv\\\/#primaryimage\"},\"thumbnailUrl\":\"https:\\\/\\\/petcare.econlux.de\\\/wp-content\\\/uploads\\\/2024\\\/09\\\/00010191_Solarmeter_6.5_1.webp\",\"datePublished\":\"2024-09-12T13:41:16+00:00\",\"dateModified\":\"2025-03-12T14:55:13+00:00\",\"breadcrumb\":{\"@id\":\"https:\\\/\\\/petcare.econlux.de\\\/es\\\/producto\\\/solarmeter-6-5-indice-uv\\\/#breadcrumb\"},\"inLanguage\":\"es\",\"potentialAction\":[{\"@type\":\"ReadAction\",\"target\":[\"https:\\\/\\\/petcare.econlux.de\\\/es\\\/producto\\\/solarmeter-6-5-indice-uv\\\/\"]}]},{\"@type\":\"ImageObject\",\"inLanguage\":\"es\",\"@id\":\"https:\\\/\\\/petcare.econlux.de\\\/es\\\/producto\\\/solarmeter-6-5-indice-uv\\\/#primaryimage\",\"url\":\"https:\\\/\\\/petcare.econlux.de\\\/wp-content\\\/uploads\\\/2024\\\/09\\\/00010191_Solarmeter_6.5_1.webp\",\"contentUrl\":\"https:\\\/\\\/petcare.econlux.de\\\/wp-content\\\/uploads\\\/2024\\\/09\\\/00010191_Solarmeter_6.5_1.webp\",\"width\":1000,\"height\":1000,\"caption\":\"00010191_Solarmeter_6.5_1\"},{\"@type\":\"BreadcrumbList\",\"@id\":\"https:\\\/\\\/petcare.econlux.de\\\/es\\\/producto\\\/solarmeter-6-5-indice-uv\\\/#breadcrumb\",\"itemListElement\":[{\"@type\":\"ListItem\",\"position\":1,\"name\":\"Startseite\",\"item\":\"https:\\\/\\\/petcare.econlux.de\\\/es\\\/\"},{\"@type\":\"ListItem\",\"position\":2,\"name\":\"Productos\",\"item\":\"https:\\\/\\\/petcare.econlux.de\\\/es\\\/productos\\\/\"},{\"@type\":\"ListItem\",\"position\":3,\"name\":\"Solarmeter\u00ae 6.5 \u00cdndice UV\"}]},{\"@type\":\"WebSite\",\"@id\":\"https:\\\/\\\/petcare.econlux.de\\\/es\\\/#website\",\"url\":\"https:\\\/\\\/petcare.econlux.de\\\/es\\\/\",\"name\":\"ECONLUX GmbH PetCare\",\"description\":\"\",\"potentialAction\":[{\"@type\":\"SearchAction\",\"target\":{\"@type\":\"EntryPoint\",\"urlTemplate\":\"https:\\\/\\\/petcare.econlux.de\\\/es\\\/?s={search_term_string}\"},\"query-input\":{\"@type\":\"PropertyValueSpecification\",\"valueRequired\":true,\"valueName\":\"search_term_string\"}}],\"inLanguage\":\"es\"}]}<\/script>\n<!-- \/ Yoast SEO plugin. -->","yoast_head_json":{"title":"Solarmeter\u00ae 6.5 \u00cdndice UV - ECONLUX GmbH PetCare","robots":{"index":"index","follow":"follow","max-snippet":"max-snippet:-1","max-image-preview":"max-image-preview:large","max-video-preview":"max-video-preview:-1"},"canonical":"https:\/\/petcare.econlux.de\/es\/producto\/solarmeter-6-5-indice-uv\/","og_locale":"es_ES","og_type":"article","og_title":"Solarmeter\u00ae 6.5 \u00cdndice UV - ECONLUX GmbH PetCare","og_description":"Compacto, manejable y duradero  Manejo sencillo con una sola mano  Precisi\u00f3n trazable al NIST  Funciona con pilas  Pantalla LCD  Fabricado en EE.UU.","og_url":"https:\/\/petcare.econlux.de\/es\/producto\/solarmeter-6-5-indice-uv\/","og_site_name":"ECONLUX GmbH PetCare","article_modified_time":"2025-03-12T14:55:13+00:00","og_image":[{"width":1000,"height":1000,"url":"https:\/\/petcare.econlux.de\/wp-content\/uploads\/2024\/09\/00010191_Solarmeter_6.5_1.webp","type":"image\/webp"}],"twitter_card":"summary_large_image","twitter_misc":{"Tiempo de lectura":"3 minutos"},"schema":{"@context":"https:\/\/schema.org","@graph":[{"@type":"WebPage","@id":"https:\/\/petcare.econlux.de\/es\/producto\/solarmeter-6-5-indice-uv\/","url":"https:\/\/petcare.econlux.de\/es\/producto\/solarmeter-6-5-indice-uv\/","name":"Solarmeter\u00ae 6.5 \u00cdndice UV - ECONLUX GmbH PetCare","isPartOf":{"@id":"https:\/\/petcare.econlux.de\/es\/#website"},"primaryImageOfPage":{"@id":"https:\/\/petcare.econlux.de\/es\/producto\/solarmeter-6-5-indice-uv\/#primaryimage"},"image":{"@id":"https:\/\/petcare.econlux.de\/es\/producto\/solarmeter-6-5-indice-uv\/#primaryimage"},"thumbnailUrl":"https:\/\/petcare.econlux.de\/wp-content\/uploads\/2024\/09\/00010191_Solarmeter_6.5_1.webp","datePublished":"2024-09-12T13:41:16+00:00","dateModified":"2025-03-12T14:55:13+00:00","breadcrumb":{"@id":"https:\/\/petcare.econlux.de\/es\/producto\/solarmeter-6-5-indice-uv\/#breadcrumb"},"inLanguage":"es","potentialAction":[{"@type":"ReadAction","target":["https:\/\/petcare.econlux.de\/es\/producto\/solarmeter-6-5-indice-uv\/"]}]},{"@type":"ImageObject","inLanguage":"es","@id":"https:\/\/petcare.econlux.de\/es\/producto\/solarmeter-6-5-indice-uv\/#primaryimage","url":"https:\/\/petcare.econlux.de\/wp-content\/uploads\/2024\/09\/00010191_Solarmeter_6.5_1.webp","contentUrl":"https:\/\/petcare.econlux.de\/wp-content\/uploads\/2024\/09\/00010191_Solarmeter_6.5_1.webp","width":1000,"height":1000,"caption":"00010191_Solarmeter_6.5_1"},{"@type":"BreadcrumbList","@id":"https:\/\/petcare.econlux.de\/es\/producto\/solarmeter-6-5-indice-uv\/#breadcrumb","itemListElement":[{"@type":"ListItem","position":1,"name":"Startseite","item":"https:\/\/petcare.econlux.de\/es\/"},{"@type":"ListItem","position":2,"name":"Productos","item":"https:\/\/petcare.econlux.de\/es\/productos\/"},{"@type":"ListItem","position":3,"name":"Solarmeter\u00ae 6.5 \u00cdndice UV"}]},{"@type":"WebSite","@id":"https:\/\/petcare.econlux.de\/es\/#website","url":"https:\/\/petcare.econlux.de\/es\/","name":"ECONLUX GmbH PetCare","description":"","potentialAction":[{"@type":"SearchAction","target":{"@type":"EntryPoint","urlTemplate":"https:\/\/petcare.econlux.de\/es\/?s={search_term_string}"},"query-input":{"@type":"PropertyValueSpecification","valueRequired":true,"valueName":"search_term_string"}}],"inLanguage":"es"}]}},"_links":{"self":[{"href":"https:\/\/petcare.econlux.de\/es\/wp-json\/wp\/v2\/product\/32631","targetHints":{"allow":["GET"]}}],"collection":[{"href":"https:\/\/petcare.econlux.de\/es\/wp-json\/wp\/v2\/product"}],"about":[{"href":"https:\/\/petcare.econlux.de\/es\/wp-json\/wp\/v2\/types\/product"}],"replies":[{"embeddable":true,"href":"https:\/\/petcare.econlux.de\/es\/wp-json\/wp\/v2\/comments?post=32631"}],"version-history":[{"count":1,"href":"https:\/\/petcare.econlux.de\/es\/wp-json\/wp\/v2\/product\/32631\/revisions"}],"predecessor-version":[{"id":33941,"href":"https:\/\/petcare.econlux.de\/es\/wp-json\/wp\/v2\/product\/32631\/revisions\/33941"}],"wp:featuredmedia":[{"embeddable":true,"href":"https:\/\/petcare.econlux.de\/es\/wp-json\/wp\/v2\/media\/32841"}],"wp:attachment":[{"href":"https:\/\/petcare.econlux.de\/es\/wp-json\/wp\/v2\/media?parent=32631"}],"wp:term":[{"taxonomy":"product_brand","embeddable":true,"href":"https:\/\/petcare.econlux.de\/es\/wp-json\/wp\/v2\/product_brand?post=32631"},{"taxonomy":"product_cat","embeddable":true,"href":"https:\/\/petcare.econlux.de\/es\/wp-json\/wp\/v2\/product_cat?post=32631"},{"taxonomy":"product_tag","embeddable":true,"href":"https:\/\/petcare.econlux.de\/es\/wp-json\/wp\/v2\/product_tag?post=32631"}],"curies":[{"name":"wp","href":"https:\/\/api.w.org\/{rel}","templated":true}]}}