{"id":32603,"date":"2024-09-12T15:35:53","date_gmt":"2024-09-12T13:35:53","guid":{"rendered":"https:\/\/petcare.econlux.de\/produkt\/tubos-uvb-solar-raptor-t5\/"},"modified":"2025-03-24T18:05:24","modified_gmt":"2025-03-24T17:05:24","slug":"tubos-uvb-solar-raptor-t5","status":"publish","type":"product","link":"https:\/\/petcare.econlux.de\/es\/producto\/tubos-uvb-solar-raptor-t5\/","title":{"rendered":"Tubos UVB SOLAR RAPTOR\u00ae T5"},"content":{"rendered":"<h3><\/h3>\n<h3>SOLAR RAPTOR\u00ae T5 UVB<\/h3>\n<p>Los Tubos UVB SOLAR RAPTOR\u00ae T5 son <a href=\"https:\/\/petcare.econlux.de\/produkt\/solar-raptor-lightbar-pro\/\" target=\"_blank\" rel=\"noopener\">tubos fluorescentes T5 que se utilizan como iluminaci\u00f3n b\u00e1sica<\/a> y fuente UV simult\u00e1nea en terrarios.<br \/>\nTanto en terrarios de selva tropical como en terrarios des\u00e9rticos, proporcionan a los animales luz natural con una elevada proporci\u00f3n de <a href=\"https:\/\/petcare.econlux.de\/produkt-kategorie\/solar-raptor\/uv-leuchtmittel\/\" target=\"_blank\" rel=\"noopener\">radiaci\u00f3n UVB<\/a>. Su alto rendimiento luminoso garantiza una iluminaci\u00f3n generosa. <\/p>\n<p>Los tubos est\u00e1n disponibles en diferentes longitudes (vatajes) y potencias UV: 5,0 con una proporci\u00f3n mayor de radiaci\u00f3n UVB y 10,0 con una proporci\u00f3n mayor de radiaci\u00f3n UVB.<\/p>\n<p>Los UVB son importantes para la s\u00edntesis de la vitamina D3 y, por tanto, para la estructura \u00f3sea y de la coraza de los reptiles. Los rayos UVA son esenciales para el bienestar: aumentan el apetito, la actividad y el comportamiento reproductivo de los reptiles. <\/p>\n<p>Casi todos los reptiles que necesitan radiaci\u00f3n UV tambi\u00e9n necesitan mucha luz diurna intensiva con gran intensidad luminosa. Por tanto, lo ideal es utilizar una <a href=\"https:\/\/petcare.econlux.de\/produkt\/solar-raptor-uv-hid-lamp\/\" target=\"_blank\" rel=\"noopener\">l\u00e1mpara HID SOLAR RAPTOR\u00ae<\/a> adicional junto con los tubos UVB SOLAR RAPTOR\u00ae T5 para garantizar un desarrollo sano y adecuado a la especie. <\/p>\n<p>Las l\u00e1mparas UV deben sustituirse peri\u00f3dicamente, ya que los valores UV disminuyen durante el funcionamiento. Los tubos UVB T5 suministran UVA y UVB a los reptiles de forma fiable durante aproximadamente 1 a\u00f1o, tras lo cual deben sustituirse los tubos fluorescentes.<\/p>\n<p>&nbsp;<\/p>\n<p><span class=\"weee--text\">ECONLUX GmbH WEEE- Registrations-Nr.: DE 39263685<\/span><\/p>\n","protected":false},"excerpt":{"rendered":"<ul class=\"product--bullets\">\n<li>Tubo fluorescente con amplio espectro UVA y UVB<\/li>\n<li>Adecuado para terrarios y pajareras<\/li>\n<li>Varios servicios y duraciones<\/li>\n<\/ul>\n","protected":false},"featured_media":32604,"comment_status":"closed","ping_status":"closed","template":"","meta":[],"product_brand":[],"product_cat":[847,834],"product_tag":[893,892,891,890,889,888,887],"class_list":{"0":"post-32603","1":"product","2":"type-product","3":"status-publish","4":"has-post-thumbnail","6":"product_cat-lamparas-uv","7":"product_cat-solar-raptor-es","8":"product_tag-uvb-es","9":"product_tag-uva-es","10":"product_tag-radiacion-uv","11":"product_tag-luz-uv","12":"product_tag-lampara-uv","13":"product_tag-terraristica","14":"product_tag-tubo-fluorescente-t5","16":"first","17":"instock","18":"taxable","19":"shipping-taxable","20":"purchasable","21":"product-type-variable"},"yoast_head":"<!-- This site is optimized with the Yoast SEO plugin v27.5 - https:\/\/yoast.com\/product\/yoast-seo-wordpress\/ -->\n<title>Tubos UVB SOLAR RAPTOR\u00ae T5 - ECONLUX GmbH PetCare<\/title>\n<meta name=\"description\" content=\"Los Tubos UVB SOLAR RAPTOR\u00ae T5 son tubos fluorescentes T5 que se utilizan como iluminaci\u00f3n b\u00e1sica y fuente UV simult\u00e1nea en terrarios.\" \/>\n<meta name=\"robots\" content=\"index, follow, max-snippet:-1, max-image-preview:large, max-video-preview:-1\" \/>\n<link rel=\"canonical\" href=\"https:\/\/petcare.econlux.de\/es\/producto\/tubos-uvb-solar-raptor-t5\/\" \/>\n<meta property=\"og:locale\" content=\"es_ES\" \/>\n<meta property=\"og:type\" content=\"article\" \/>\n<meta property=\"og:title\" content=\"Tubos UVB SOLAR RAPTOR\u00ae T5 - ECONLUX GmbH PetCare\" \/>\n<meta property=\"og:description\" content=\"Los Tubos UVB SOLAR RAPTOR\u00ae T5 son tubos fluorescentes T5 que se utilizan como iluminaci\u00f3n b\u00e1sica y fuente UV simult\u00e1nea en terrarios.\" \/>\n<meta property=\"og:url\" content=\"https:\/\/petcare.econlux.de\/es\/producto\/tubos-uvb-solar-raptor-t5\/\" \/>\n<meta property=\"og:site_name\" content=\"ECONLUX GmbH PetCare\" \/>\n<meta property=\"article:modified_time\" content=\"2025-03-24T17:05:24+00:00\" \/>\n<meta property=\"og:image\" content=\"https:\/\/petcare.econlux.de\/wp-content\/uploads\/2024\/09\/00013007_T5_UVB_Tube_Vater_transparent.png\" \/>\n\t<meta property=\"og:image:width\" content=\"1000\" \/>\n\t<meta property=\"og:image:height\" content=\"1000\" \/>\n\t<meta property=\"og:image:type\" content=\"image\/png\" \/>\n<meta name=\"twitter:card\" content=\"summary_large_image\" \/>\n<meta name=\"twitter:label1\" content=\"Tiempo de lectura\" \/>\n\t<meta name=\"twitter:data1\" content=\"1 minuto\" \/>\n<script type=\"application\/ld+json\" class=\"yoast-schema-graph\">{\"@context\":\"https:\\\/\\\/schema.org\",\"@graph\":[{\"@type\":\"WebPage\",\"@id\":\"https:\\\/\\\/petcare.econlux.de\\\/es\\\/producto\\\/tubos-uvb-solar-raptor-t5\\\/\",\"url\":\"https:\\\/\\\/petcare.econlux.de\\\/es\\\/producto\\\/tubos-uvb-solar-raptor-t5\\\/\",\"name\":\"Tubos UVB SOLAR RAPTOR\u00ae T5 - ECONLUX GmbH PetCare\",\"isPartOf\":{\"@id\":\"https:\\\/\\\/petcare.econlux.de\\\/es\\\/#website\"},\"primaryImageOfPage\":{\"@id\":\"https:\\\/\\\/petcare.econlux.de\\\/es\\\/producto\\\/tubos-uvb-solar-raptor-t5\\\/#primaryimage\"},\"image\":{\"@id\":\"https:\\\/\\\/petcare.econlux.de\\\/es\\\/producto\\\/tubos-uvb-solar-raptor-t5\\\/#primaryimage\"},\"thumbnailUrl\":\"https:\\\/\\\/petcare.econlux.de\\\/wp-content\\\/uploads\\\/2024\\\/09\\\/00013007_T5_UVB_Tube_Vater_transparent.png\",\"datePublished\":\"2024-09-12T13:35:53+00:00\",\"dateModified\":\"2025-03-24T17:05:24+00:00\",\"description\":\"Los Tubos UVB SOLAR RAPTOR\u00ae T5 son tubos fluorescentes T5 que se utilizan como iluminaci\u00f3n b\u00e1sica y fuente UV simult\u00e1nea en terrarios.\",\"breadcrumb\":{\"@id\":\"https:\\\/\\\/petcare.econlux.de\\\/es\\\/producto\\\/tubos-uvb-solar-raptor-t5\\\/#breadcrumb\"},\"inLanguage\":\"es\",\"potentialAction\":[{\"@type\":\"ReadAction\",\"target\":[\"https:\\\/\\\/petcare.econlux.de\\\/es\\\/producto\\\/tubos-uvb-solar-raptor-t5\\\/\"]}]},{\"@type\":\"ImageObject\",\"inLanguage\":\"es\",\"@id\":\"https:\\\/\\\/petcare.econlux.de\\\/es\\\/producto\\\/tubos-uvb-solar-raptor-t5\\\/#primaryimage\",\"url\":\"https:\\\/\\\/petcare.econlux.de\\\/wp-content\\\/uploads\\\/2024\\\/09\\\/00013007_T5_UVB_Tube_Vater_transparent.png\",\"contentUrl\":\"https:\\\/\\\/petcare.econlux.de\\\/wp-content\\\/uploads\\\/2024\\\/09\\\/00013007_T5_UVB_Tube_Vater_transparent.png\",\"width\":1000,\"height\":1000},{\"@type\":\"BreadcrumbList\",\"@id\":\"https:\\\/\\\/petcare.econlux.de\\\/es\\\/producto\\\/tubos-uvb-solar-raptor-t5\\\/#breadcrumb\",\"itemListElement\":[{\"@type\":\"ListItem\",\"position\":1,\"name\":\"Startseite\",\"item\":\"https:\\\/\\\/petcare.econlux.de\\\/es\\\/\"},{\"@type\":\"ListItem\",\"position\":2,\"name\":\"Productos\",\"item\":\"https:\\\/\\\/petcare.econlux.de\\\/es\\\/productos\\\/\"},{\"@type\":\"ListItem\",\"position\":3,\"name\":\"Tubos UVB SOLAR RAPTOR\u00ae T5\"}]},{\"@type\":\"WebSite\",\"@id\":\"https:\\\/\\\/petcare.econlux.de\\\/es\\\/#website\",\"url\":\"https:\\\/\\\/petcare.econlux.de\\\/es\\\/\",\"name\":\"ECONLUX GmbH PetCare\",\"description\":\"\",\"potentialAction\":[{\"@type\":\"SearchAction\",\"target\":{\"@type\":\"EntryPoint\",\"urlTemplate\":\"https:\\\/\\\/petcare.econlux.de\\\/es\\\/?s={search_term_string}\"},\"query-input\":{\"@type\":\"PropertyValueSpecification\",\"valueRequired\":true,\"valueName\":\"search_term_string\"}}],\"inLanguage\":\"es\"}]}<\/script>\n<!-- \/ Yoast SEO plugin. -->","yoast_head_json":{"title":"Tubos UVB SOLAR RAPTOR\u00ae T5 - ECONLUX GmbH PetCare","description":"Los Tubos UVB SOLAR RAPTOR\u00ae T5 son tubos fluorescentes T5 que se utilizan como iluminaci\u00f3n b\u00e1sica y fuente UV simult\u00e1nea en terrarios.","robots":{"index":"index","follow":"follow","max-snippet":"max-snippet:-1","max-image-preview":"max-image-preview:large","max-video-preview":"max-video-preview:-1"},"canonical":"https:\/\/petcare.econlux.de\/es\/producto\/tubos-uvb-solar-raptor-t5\/","og_locale":"es_ES","og_type":"article","og_title":"Tubos UVB SOLAR RAPTOR\u00ae T5 - ECONLUX GmbH PetCare","og_description":"Los Tubos UVB SOLAR RAPTOR\u00ae T5 son tubos fluorescentes T5 que se utilizan como iluminaci\u00f3n b\u00e1sica y fuente UV simult\u00e1nea en terrarios.","og_url":"https:\/\/petcare.econlux.de\/es\/producto\/tubos-uvb-solar-raptor-t5\/","og_site_name":"ECONLUX GmbH PetCare","article_modified_time":"2025-03-24T17:05:24+00:00","og_image":[{"width":1000,"height":1000,"url":"https:\/\/petcare.econlux.de\/wp-content\/uploads\/2024\/09\/00013007_T5_UVB_Tube_Vater_transparent.png","type":"image\/png"}],"twitter_card":"summary_large_image","twitter_misc":{"Tiempo de lectura":"1 minuto"},"schema":{"@context":"https:\/\/schema.org","@graph":[{"@type":"WebPage","@id":"https:\/\/petcare.econlux.de\/es\/producto\/tubos-uvb-solar-raptor-t5\/","url":"https:\/\/petcare.econlux.de\/es\/producto\/tubos-uvb-solar-raptor-t5\/","name":"Tubos UVB SOLAR RAPTOR\u00ae T5 - ECONLUX GmbH PetCare","isPartOf":{"@id":"https:\/\/petcare.econlux.de\/es\/#website"},"primaryImageOfPage":{"@id":"https:\/\/petcare.econlux.de\/es\/producto\/tubos-uvb-solar-raptor-t5\/#primaryimage"},"image":{"@id":"https:\/\/petcare.econlux.de\/es\/producto\/tubos-uvb-solar-raptor-t5\/#primaryimage"},"thumbnailUrl":"https:\/\/petcare.econlux.de\/wp-content\/uploads\/2024\/09\/00013007_T5_UVB_Tube_Vater_transparent.png","datePublished":"2024-09-12T13:35:53+00:00","dateModified":"2025-03-24T17:05:24+00:00","description":"Los Tubos UVB SOLAR RAPTOR\u00ae T5 son tubos fluorescentes T5 que se utilizan como iluminaci\u00f3n b\u00e1sica y fuente UV simult\u00e1nea en terrarios.","breadcrumb":{"@id":"https:\/\/petcare.econlux.de\/es\/producto\/tubos-uvb-solar-raptor-t5\/#breadcrumb"},"inLanguage":"es","potentialAction":[{"@type":"ReadAction","target":["https:\/\/petcare.econlux.de\/es\/producto\/tubos-uvb-solar-raptor-t5\/"]}]},{"@type":"ImageObject","inLanguage":"es","@id":"https:\/\/petcare.econlux.de\/es\/producto\/tubos-uvb-solar-raptor-t5\/#primaryimage","url":"https:\/\/petcare.econlux.de\/wp-content\/uploads\/2024\/09\/00013007_T5_UVB_Tube_Vater_transparent.png","contentUrl":"https:\/\/petcare.econlux.de\/wp-content\/uploads\/2024\/09\/00013007_T5_UVB_Tube_Vater_transparent.png","width":1000,"height":1000},{"@type":"BreadcrumbList","@id":"https:\/\/petcare.econlux.de\/es\/producto\/tubos-uvb-solar-raptor-t5\/#breadcrumb","itemListElement":[{"@type":"ListItem","position":1,"name":"Startseite","item":"https:\/\/petcare.econlux.de\/es\/"},{"@type":"ListItem","position":2,"name":"Productos","item":"https:\/\/petcare.econlux.de\/es\/productos\/"},{"@type":"ListItem","position":3,"name":"Tubos UVB SOLAR RAPTOR\u00ae T5"}]},{"@type":"WebSite","@id":"https:\/\/petcare.econlux.de\/es\/#website","url":"https:\/\/petcare.econlux.de\/es\/","name":"ECONLUX GmbH PetCare","description":"","potentialAction":[{"@type":"SearchAction","target":{"@type":"EntryPoint","urlTemplate":"https:\/\/petcare.econlux.de\/es\/?s={search_term_string}"},"query-input":{"@type":"PropertyValueSpecification","valueRequired":true,"valueName":"search_term_string"}}],"inLanguage":"es"}]}},"_links":{"self":[{"href":"https:\/\/petcare.econlux.de\/es\/wp-json\/wp\/v2\/product\/32603","targetHints":{"allow":["GET"]}}],"collection":[{"href":"https:\/\/petcare.econlux.de\/es\/wp-json\/wp\/v2\/product"}],"about":[{"href":"https:\/\/petcare.econlux.de\/es\/wp-json\/wp\/v2\/types\/product"}],"replies":[{"embeddable":true,"href":"https:\/\/petcare.econlux.de\/es\/wp-json\/wp\/v2\/comments?post=32603"}],"version-history":[{"count":2,"href":"https:\/\/petcare.econlux.de\/es\/wp-json\/wp\/v2\/product\/32603\/revisions"}],"predecessor-version":[{"id":33923,"href":"https:\/\/petcare.econlux.de\/es\/wp-json\/wp\/v2\/product\/32603\/revisions\/33923"}],"wp:featuredmedia":[{"embeddable":true,"href":"https:\/\/petcare.econlux.de\/es\/wp-json\/wp\/v2\/media\/32604"}],"wp:attachment":[{"href":"https:\/\/petcare.econlux.de\/es\/wp-json\/wp\/v2\/media?parent=32603"}],"wp:term":[{"taxonomy":"product_brand","embeddable":true,"href":"https:\/\/petcare.econlux.de\/es\/wp-json\/wp\/v2\/product_brand?post=32603"},{"taxonomy":"product_cat","embeddable":true,"href":"https:\/\/petcare.econlux.de\/es\/wp-json\/wp\/v2\/product_cat?post=32603"},{"taxonomy":"product_tag","embeddable":true,"href":"https:\/\/petcare.econlux.de\/es\/wp-json\/wp\/v2\/product_tag?post=32603"}],"curies":[{"name":"wp","href":"https:\/\/api.w.org\/{rel}","templated":true}]}}