{"id":32585,"date":"2024-09-12T15:43:46","date_gmt":"2024-09-12T13:43:46","guid":{"rendered":"https:\/\/petcare.econlux.de\/produkt\/solar-stinger-sunstrip-iii-35-fresh-edicion-negro\/"},"modified":"2025-08-05T14:06:09","modified_gmt":"2025-08-05T12:06:09","slug":"solar-stinger-sunstrip-iii-35-fresh-edicion-negro","status":"publish","type":"product","link":"https:\/\/petcare.econlux.de\/es\/producto\/solar-stinger-sunstrip-iii-35-fresh-edicion-negro\/","title":{"rendered":"SOLAR STINGER\u00ae SunStrip III 35 FRESH edici\u00f3n negro"},"content":{"rendered":"<h3>SOLAR STINGER\u00ae <strong>SunStrip III 35 Fresh edici\u00f3n negro<\/strong><\/h3>\n<p>SOLAR STINGER\u00ae ofrece ahora el sistema de iluminaci\u00f3n <strong>SunStrip<\/strong> 35 Fresh para acuarios con un nuevo aspecto: el <strong>SunStrip III 35 Fresh black edition<\/strong>.<\/p>\n<p>Envuelto en un elegante dise\u00f1o negro mate, el nuevo SunStrip III 35 Fresh black edition tiene, naturalmente, <strong>todas las buenas caracter\u00edsticas de su predecesor<\/strong>:<\/p>\n<ul>\n<li>Espectro luminoso brillante, adecuado para todos los tipos de acuarios de agua dulce (\u00a1no es necesario ajustar el color!)<\/li>\n<li>Alta reproducci\u00f3n crom\u00e1tica<\/li>\n<li>Luminosidad de gran superficie<\/li>\n<li>Un total de cinco canales de color diferentes<\/li>\n<li>Combinaci\u00f3n de LEDs blanco c\u00e1lido y blanco fr\u00edo para un clima lum\u00ednico muy cercano a la naturaleza<\/li>\n<li>LEDs RGB para simulaciones de color, \u00a1desde impresionantes amaneceres y puestas de sol hasta futuristas esquemas de color individuales!<\/li>\n<li>\u00d3ptimamente controlable con el probado SolarRaptor\/SolarStinger CON1<\/li>\n<li>Modular: Se pueden acoplar varias regletas y hacerlas funcionar con una sola fuente de alimentaci\u00f3n DRV del tama\u00f1o correspondiente, por lo que las fuentes de alimentaci\u00f3n de diferentes potencias se venden por separado (NO se incluye ninguna fuente de alimentaci\u00f3n en el volumen de suministro para no imponer restricciones al cliente).<\/li>\n<li>Dise\u00f1o de aluminio extremadamente plano en elegante negro mate<\/li>\n<li>Cubierta de cristal para una transmisi\u00f3n de la luz sin desgaste<\/li>\n<li>Numerosas posibilidades de montaje con los soportes SunStrip mediante el carril perfilado integrado<\/li>\n<\/ul>\n<h3>M\u00e1s luminosidad, colores pr\u00e1cticamente infinitos<\/h3>\n<p>La combinaci\u00f3n de LED blancos c\u00e1lidos y blancos fr\u00edos distribuidos uniformemente aporta <strong>m\u00e1s luminosidad al acuario<\/strong> y tambi\u00e9n garantiza un clima de iluminaci\u00f3n natural. Esto beneficia sobre todo a las plantas del acuario, pero la presentaci\u00f3n de los peces tambi\u00e9n brilla con un nuevo esplendor. <\/p>\n<p>Hablando de glamour: el brillante espectro luminoso se completa con los LED RGB adicionales (rojo, verde y azul). Estos tres canales de color dan a la barra luminosa <strong>un total de 5 canales de luz, cada uno de los cuales puede controlarse individualmente de forma opcional.<\/strong> <\/p>\n<p>La unidad de control CON1 (disponible como opci\u00f3n) no s\u00f3lo te permite ajustar la cantidad de luz, sino que tambi\u00e9n posibilita <strong>simulaciones de color<\/strong> pr\u00e1cticamente <strong>infinitas<\/strong>: desde <strong>un escenario natural de amanecer y atardecer<\/strong> (preprogramado en la CON1) hasta tu propio juego de colores personalizable. S\u00f3lo tienes que dar rienda suelta a tu creatividad. <\/p>\n<h3>Conectividad modular con una sola fuente de alimentaci\u00f3n<\/h3>\n<p>La SOLAR STINGER\u00ae SunStrip III 35 FRESH tiene un consumo de 35 vatios por metro y necesita <strong>una fuente de alimentaci\u00f3n DRV adicional<\/strong> (\u00a1no incluida!) para funcionar. Para obtener la m\u00e1xima flexibilidad, las tiras de LED se pueden conectar de forma modular. La fuente de alimentaci\u00f3n necesaria depende de la suma de las potencias de las tiras conectadas (m\u00e1s los dispositivos adicionales opcionales, como la CON1). Por tanto: s\u00f3lo tienes que sumar todas las potencias y seleccionar la fuente de alimentaci\u00f3n DRV con una potencia superior al total calculado.   <\/p>\n<p><strong>Ejemplo de c\u00e1lculo:<\/strong><\/p>\n<p>Se necesita un DRV2 de 60 W para hacer funcionar dos SOLAR STINGER\u00ae SunStrip III 35 FRESH black edition de 650 mm con 23 vatios cada una.<\/p>\n<p>La conexi\u00f3n se realiza mediante un <a href=\"https:\/\/petcare.econlux.de\/es\/producto\/cables-en-y-drv-solar-stinger-solar-raptor\/\" target=\"_blank\" rel=\"noopener\">cable en Y<\/a> o con el <a href=\"https:\/\/petcare.econlux.de\/es\/producto\/solar-stinger-solar-raptor-con1\/\" target=\"_blank\" rel=\"noopener\">CON1<\/a>.<\/p>\n<h3>Dise\u00f1o elegante, montaje flexible<\/h3>\n<p>El perfil de aluminio en elegante negro mate sobre la luminaria disipa de forma fiable el calor generado y sirve tambi\u00e9n como ra\u00edl de montaje para el soporte SunStrip. La flexibilidad tambi\u00e9n es aqu\u00ed el principio rector: el pr\u00e1ctico ra\u00edl permite una gran variedad de fijaciones individuales sobre el acuario: desde colocar o atornillar, hasta suspender del techo o insertar en tomas de tubos fluorescentes T8 o T5 existentes, todo es posible. \u00a1Incluso conectar dos SunStrips en longitud!  <\/p>\n<p>Y otra ventaja: las cubiertas de acuario JUWEL\u00ae y EHEIM\/MP\u00ae existentes se pueden transformar con las pr\u00e1cticas cubiertas SunStrip.<\/p>\n<p>&nbsp;<\/p>\n<p>ECONLUX GmbH WEEE- Registrations-Nr.: DE 39263685<\/p>\n","protected":false},"excerpt":{"rendered":"<p>SolarStinger presenta ahora el sistema de iluminaci\u00f3n SunStrip 35 Fresh para acuarios con un nuevo dise\u00f1o: <strong>el SunStrip III 35 Fresh black edition.<\/strong><\/p>\n<p>Con un <strong>elegante dise\u00f1o en negro mate<\/strong>, la nueva SunStrip III 35 Fresh black edition re\u00fane, por supuesto, <strong>todas las buenas caracter\u00edsticas de su predecesora&#8230;<\/strong><\/p>\n<ul>\n<li><strong>Se necesita el DRV2 adecuado.<\/strong><\/li>\n<\/ul>\n","protected":false},"featured_media":33171,"comment_status":"closed","ping_status":"closed","template":"","meta":[],"product_brand":[],"product_cat":[835,840],"product_tag":[902,903,961,962],"class_list":{"0":"post-32585","1":"product","2":"type-product","3":"status-publish","4":"has-post-thumbnail","6":"product_cat-solar-stinger-es","7":"product_cat-ilumination-led-agua-dulce","8":"product_tag-iluminacion-led","9":"product_tag-sunstrip-iii-es","10":"product_tag-iluminacion-del-acuario","11":"product_tag-acuarios-de-agua-dulce","13":"first","14":"instock","15":"taxable","16":"shipping-taxable","17":"purchasable","18":"product-type-variable"},"yoast_head":"<!-- This site is optimized with the Yoast SEO plugin v27.4 - https:\/\/yoast.com\/product\/yoast-seo-wordpress\/ -->\n<title>SOLAR STINGER\u00ae SunStrip III 35 FRESH edici\u00f3n negro - ECONLUX GmbH PetCare<\/title>\n<meta name=\"description\" content=\"El SunStrip 35 Fresh ya est\u00e1 disponible en SOLAR STINGER\u00ae. Un sistema de iluminaci\u00f3n LED para acuarios con un nuevo aspecto: el SunStrip III 35 Fresh black edition.\" \/>\n<meta name=\"robots\" content=\"index, follow, max-snippet:-1, max-image-preview:large, max-video-preview:-1\" \/>\n<link rel=\"canonical\" href=\"https:\/\/petcare.econlux.de\/es\/producto\/solar-stinger-sunstrip-iii-35-fresh-edicion-negro\/\" \/>\n<meta property=\"og:locale\" content=\"es_ES\" \/>\n<meta property=\"og:type\" content=\"article\" \/>\n<meta property=\"og:title\" content=\"SOLAR STINGER\u00ae SunStrip III 35 FRESH edici\u00f3n negro - ECONLUX GmbH PetCare\" \/>\n<meta property=\"og:description\" content=\"El SunStrip 35 Fresh ya est\u00e1 disponible en SOLAR STINGER\u00ae. Un sistema de iluminaci\u00f3n LED para acuarios con un nuevo aspecto: el SunStrip III 35 Fresh black edition.\" \/>\n<meta property=\"og:url\" content=\"https:\/\/petcare.econlux.de\/es\/producto\/solar-stinger-sunstrip-iii-35-fresh-edicion-negro\/\" \/>\n<meta property=\"og:site_name\" content=\"ECONLUX GmbH PetCare\" \/>\n<meta property=\"article:modified_time\" content=\"2025-08-05T12:06:09+00:00\" \/>\n<meta property=\"og:image\" content=\"https:\/\/petcare.econlux.de\/wp-content\/uploads\/2024\/09\/00013678_SunStrip_III_35_Fresh_BLK_Vater.webp\" \/>\n\t<meta property=\"og:image:width\" content=\"1000\" \/>\n\t<meta property=\"og:image:height\" content=\"1000\" \/>\n\t<meta property=\"og:image:type\" content=\"image\/webp\" \/>\n<meta name=\"twitter:card\" content=\"summary_large_image\" \/>\n<meta name=\"twitter:label1\" content=\"Tiempo de lectura\" \/>\n\t<meta name=\"twitter:data1\" content=\"3 minutos\" \/>\n<script type=\"application\/ld+json\" class=\"yoast-schema-graph\">{\"@context\":\"https:\\\/\\\/schema.org\",\"@graph\":[{\"@type\":\"WebPage\",\"@id\":\"https:\\\/\\\/petcare.econlux.de\\\/es\\\/producto\\\/solar-stinger-sunstrip-iii-35-fresh-edicion-negro\\\/\",\"url\":\"https:\\\/\\\/petcare.econlux.de\\\/es\\\/producto\\\/solar-stinger-sunstrip-iii-35-fresh-edicion-negro\\\/\",\"name\":\"SOLAR STINGER\u00ae SunStrip III 35 FRESH edici\u00f3n negro - ECONLUX GmbH PetCare\",\"isPartOf\":{\"@id\":\"https:\\\/\\\/petcare.econlux.de\\\/es\\\/#website\"},\"primaryImageOfPage\":{\"@id\":\"https:\\\/\\\/petcare.econlux.de\\\/es\\\/producto\\\/solar-stinger-sunstrip-iii-35-fresh-edicion-negro\\\/#primaryimage\"},\"image\":{\"@id\":\"https:\\\/\\\/petcare.econlux.de\\\/es\\\/producto\\\/solar-stinger-sunstrip-iii-35-fresh-edicion-negro\\\/#primaryimage\"},\"thumbnailUrl\":\"https:\\\/\\\/petcare.econlux.de\\\/wp-content\\\/uploads\\\/2024\\\/09\\\/00013678_SunStrip_III_35_Fresh_BLK_Vater.webp\",\"datePublished\":\"2024-09-12T13:43:46+00:00\",\"dateModified\":\"2025-08-05T12:06:09+00:00\",\"description\":\"El SunStrip 35 Fresh ya est\u00e1 disponible en SOLAR STINGER\u00ae. Un sistema de iluminaci\u00f3n LED para acuarios con un nuevo aspecto: el SunStrip III 35 Fresh black edition.\",\"breadcrumb\":{\"@id\":\"https:\\\/\\\/petcare.econlux.de\\\/es\\\/producto\\\/solar-stinger-sunstrip-iii-35-fresh-edicion-negro\\\/#breadcrumb\"},\"inLanguage\":\"es\",\"potentialAction\":[{\"@type\":\"ReadAction\",\"target\":[\"https:\\\/\\\/petcare.econlux.de\\\/es\\\/producto\\\/solar-stinger-sunstrip-iii-35-fresh-edicion-negro\\\/\"]}]},{\"@type\":\"ImageObject\",\"inLanguage\":\"es\",\"@id\":\"https:\\\/\\\/petcare.econlux.de\\\/es\\\/producto\\\/solar-stinger-sunstrip-iii-35-fresh-edicion-negro\\\/#primaryimage\",\"url\":\"https:\\\/\\\/petcare.econlux.de\\\/wp-content\\\/uploads\\\/2024\\\/09\\\/00013678_SunStrip_III_35_Fresh_BLK_Vater.webp\",\"contentUrl\":\"https:\\\/\\\/petcare.econlux.de\\\/wp-content\\\/uploads\\\/2024\\\/09\\\/00013678_SunStrip_III_35_Fresh_BLK_Vater.webp\",\"width\":1000,\"height\":1000,\"caption\":\"00013678_SunStrip_III_35_Fresh_BLK_Vater\"},{\"@type\":\"BreadcrumbList\",\"@id\":\"https:\\\/\\\/petcare.econlux.de\\\/es\\\/producto\\\/solar-stinger-sunstrip-iii-35-fresh-edicion-negro\\\/#breadcrumb\",\"itemListElement\":[{\"@type\":\"ListItem\",\"position\":1,\"name\":\"Startseite\",\"item\":\"https:\\\/\\\/petcare.econlux.de\\\/es\\\/\"},{\"@type\":\"ListItem\",\"position\":2,\"name\":\"Productos\",\"item\":\"https:\\\/\\\/petcare.econlux.de\\\/es\\\/productos\\\/\"},{\"@type\":\"ListItem\",\"position\":3,\"name\":\"SOLAR STINGER\u00ae SunStrip III 35 FRESH edici\u00f3n negro\"}]},{\"@type\":\"WebSite\",\"@id\":\"https:\\\/\\\/petcare.econlux.de\\\/es\\\/#website\",\"url\":\"https:\\\/\\\/petcare.econlux.de\\\/es\\\/\",\"name\":\"ECONLUX GmbH PetCare\",\"description\":\"\",\"potentialAction\":[{\"@type\":\"SearchAction\",\"target\":{\"@type\":\"EntryPoint\",\"urlTemplate\":\"https:\\\/\\\/petcare.econlux.de\\\/es\\\/?s={search_term_string}\"},\"query-input\":{\"@type\":\"PropertyValueSpecification\",\"valueRequired\":true,\"valueName\":\"search_term_string\"}}],\"inLanguage\":\"es\"}]}<\/script>\n<!-- \/ Yoast SEO plugin. -->","yoast_head_json":{"title":"SOLAR STINGER\u00ae SunStrip III 35 FRESH edici\u00f3n negro - ECONLUX GmbH PetCare","description":"El SunStrip 35 Fresh ya est\u00e1 disponible en SOLAR STINGER\u00ae. Un sistema de iluminaci\u00f3n LED para acuarios con un nuevo aspecto: el SunStrip III 35 Fresh black edition.","robots":{"index":"index","follow":"follow","max-snippet":"max-snippet:-1","max-image-preview":"max-image-preview:large","max-video-preview":"max-video-preview:-1"},"canonical":"https:\/\/petcare.econlux.de\/es\/producto\/solar-stinger-sunstrip-iii-35-fresh-edicion-negro\/","og_locale":"es_ES","og_type":"article","og_title":"SOLAR STINGER\u00ae SunStrip III 35 FRESH edici\u00f3n negro - ECONLUX GmbH PetCare","og_description":"El SunStrip 35 Fresh ya est\u00e1 disponible en SOLAR STINGER\u00ae. Un sistema de iluminaci\u00f3n LED para acuarios con un nuevo aspecto: el SunStrip III 35 Fresh black edition.","og_url":"https:\/\/petcare.econlux.de\/es\/producto\/solar-stinger-sunstrip-iii-35-fresh-edicion-negro\/","og_site_name":"ECONLUX GmbH PetCare","article_modified_time":"2025-08-05T12:06:09+00:00","og_image":[{"width":1000,"height":1000,"url":"https:\/\/petcare.econlux.de\/wp-content\/uploads\/2024\/09\/00013678_SunStrip_III_35_Fresh_BLK_Vater.webp","type":"image\/webp"}],"twitter_card":"summary_large_image","twitter_misc":{"Tiempo de lectura":"3 minutos"},"schema":{"@context":"https:\/\/schema.org","@graph":[{"@type":"WebPage","@id":"https:\/\/petcare.econlux.de\/es\/producto\/solar-stinger-sunstrip-iii-35-fresh-edicion-negro\/","url":"https:\/\/petcare.econlux.de\/es\/producto\/solar-stinger-sunstrip-iii-35-fresh-edicion-negro\/","name":"SOLAR STINGER\u00ae SunStrip III 35 FRESH edici\u00f3n negro - ECONLUX GmbH PetCare","isPartOf":{"@id":"https:\/\/petcare.econlux.de\/es\/#website"},"primaryImageOfPage":{"@id":"https:\/\/petcare.econlux.de\/es\/producto\/solar-stinger-sunstrip-iii-35-fresh-edicion-negro\/#primaryimage"},"image":{"@id":"https:\/\/petcare.econlux.de\/es\/producto\/solar-stinger-sunstrip-iii-35-fresh-edicion-negro\/#primaryimage"},"thumbnailUrl":"https:\/\/petcare.econlux.de\/wp-content\/uploads\/2024\/09\/00013678_SunStrip_III_35_Fresh_BLK_Vater.webp","datePublished":"2024-09-12T13:43:46+00:00","dateModified":"2025-08-05T12:06:09+00:00","description":"El SunStrip 35 Fresh ya est\u00e1 disponible en SOLAR STINGER\u00ae. Un sistema de iluminaci\u00f3n LED para acuarios con un nuevo aspecto: el SunStrip III 35 Fresh black edition.","breadcrumb":{"@id":"https:\/\/petcare.econlux.de\/es\/producto\/solar-stinger-sunstrip-iii-35-fresh-edicion-negro\/#breadcrumb"},"inLanguage":"es","potentialAction":[{"@type":"ReadAction","target":["https:\/\/petcare.econlux.de\/es\/producto\/solar-stinger-sunstrip-iii-35-fresh-edicion-negro\/"]}]},{"@type":"ImageObject","inLanguage":"es","@id":"https:\/\/petcare.econlux.de\/es\/producto\/solar-stinger-sunstrip-iii-35-fresh-edicion-negro\/#primaryimage","url":"https:\/\/petcare.econlux.de\/wp-content\/uploads\/2024\/09\/00013678_SunStrip_III_35_Fresh_BLK_Vater.webp","contentUrl":"https:\/\/petcare.econlux.de\/wp-content\/uploads\/2024\/09\/00013678_SunStrip_III_35_Fresh_BLK_Vater.webp","width":1000,"height":1000,"caption":"00013678_SunStrip_III_35_Fresh_BLK_Vater"},{"@type":"BreadcrumbList","@id":"https:\/\/petcare.econlux.de\/es\/producto\/solar-stinger-sunstrip-iii-35-fresh-edicion-negro\/#breadcrumb","itemListElement":[{"@type":"ListItem","position":1,"name":"Startseite","item":"https:\/\/petcare.econlux.de\/es\/"},{"@type":"ListItem","position":2,"name":"Productos","item":"https:\/\/petcare.econlux.de\/es\/productos\/"},{"@type":"ListItem","position":3,"name":"SOLAR STINGER\u00ae SunStrip III 35 FRESH edici\u00f3n negro"}]},{"@type":"WebSite","@id":"https:\/\/petcare.econlux.de\/es\/#website","url":"https:\/\/petcare.econlux.de\/es\/","name":"ECONLUX GmbH PetCare","description":"","potentialAction":[{"@type":"SearchAction","target":{"@type":"EntryPoint","urlTemplate":"https:\/\/petcare.econlux.de\/es\/?s={search_term_string}"},"query-input":{"@type":"PropertyValueSpecification","valueRequired":true,"valueName":"search_term_string"}}],"inLanguage":"es"}]}},"_links":{"self":[{"href":"https:\/\/petcare.econlux.de\/es\/wp-json\/wp\/v2\/product\/32585","targetHints":{"allow":["GET"]}}],"collection":[{"href":"https:\/\/petcare.econlux.de\/es\/wp-json\/wp\/v2\/product"}],"about":[{"href":"https:\/\/petcare.econlux.de\/es\/wp-json\/wp\/v2\/types\/product"}],"replies":[{"embeddable":true,"href":"https:\/\/petcare.econlux.de\/es\/wp-json\/wp\/v2\/comments?post=32585"}],"version-history":[{"count":2,"href":"https:\/\/petcare.econlux.de\/es\/wp-json\/wp\/v2\/product\/32585\/revisions"}],"predecessor-version":[{"id":35443,"href":"https:\/\/petcare.econlux.de\/es\/wp-json\/wp\/v2\/product\/32585\/revisions\/35443"}],"wp:featuredmedia":[{"embeddable":true,"href":"https:\/\/petcare.econlux.de\/es\/wp-json\/wp\/v2\/media\/33171"}],"wp:attachment":[{"href":"https:\/\/petcare.econlux.de\/es\/wp-json\/wp\/v2\/media?parent=32585"}],"wp:term":[{"taxonomy":"product_brand","embeddable":true,"href":"https:\/\/petcare.econlux.de\/es\/wp-json\/wp\/v2\/product_brand?post=32585"},{"taxonomy":"product_cat","embeddable":true,"href":"https:\/\/petcare.econlux.de\/es\/wp-json\/wp\/v2\/product_cat?post=32585"},{"taxonomy":"product_tag","embeddable":true,"href":"https:\/\/petcare.econlux.de\/es\/wp-json\/wp\/v2\/product_tag?post=32585"}],"curies":[{"name":"wp","href":"https:\/\/api.w.org\/{rel}","templated":true}]}}