{"id":32580,"date":"2024-09-12T15:40:52","date_gmt":"2024-09-12T13:40:52","guid":{"rendered":"https:\/\/petcare.econlux.de\/produkt\/solar-stinger-tapa-de-proteccion-solar-eheim-mp\/"},"modified":"2025-12-12T10:49:17","modified_gmt":"2025-12-12T09:49:17","slug":"solar-stinger-tapa-de-proteccion-solar-eheim-mp","status":"publish","type":"product","link":"https:\/\/petcare.econlux.de\/es\/producto\/solar-stinger-tapa-de-proteccion-solar-eheim-mp\/","title":{"rendered":"SOLAR STINGER\u00ae Tapa de protecci\u00f3n solar EHEIM \/ MP"},"content":{"rendered":"<p>Los acuarios EHEIM \/ MP\u00ae est\u00e1n entre los m\u00e1s vendidos en Alemania. En las cubiertas de las combinaciones de acuarios m\u00e1s antiguas, como los modelos Scubaline 140, Scubaline 200, Scubaline 460, Scubaline 640, Scubaline 250 Marine, Scubaline 460 Marine, Vivaline 126, Vivaline 180 o Vivaline 240, se instalaron tubos fluorescentes de serie. Con las cubiertas SunStrip, SOLAR STINGER\u00ae ofrece una soluci\u00f3n para sustituirlos por la moderna iluminaci\u00f3n LED SunStrip sin comprometer el aspecto ni la funci\u00f3n de la cubierta.  <\/p>\n<p>La Tapa para tira solar SOLAR STINGER\u00ae EHEIM \/ MP\u00ae es un carril perfilado al que se pueden fijar hasta dos tiras solares SOLAR STINGER\u00ae. El ra\u00edl se inserta en la cubierta en lugar de la luz empotrada EHEIM \/ MP\u00ae. Las solapas desplegables de la cubierta son compatibles con ella y pueden utilizarse como de costumbre.  <\/p>\n<p><a href=\"https:\/\/www.youtube.com\/watch?v=9cw_Asibm_c\">https:\/\/www.youtube.com\/watch?v=9cw_Asibm_c<\/a><\/p>\n<p>&nbsp;<\/p>\n<p>ECONLUX GmbH WEEE- Registrations-Nr.: DE 39263685<\/p>\n","protected":false},"excerpt":{"rendered":"<ul>\n<li>Perfil de montaje para todas las variantes de SolarStinger SunStrip<\/li>\n<li>Para convertir las cubiertas de acuario EHEIM \/ MP\u00ae a la iluminaci\u00f3n SolarStinger SunStrip<\/li>\n<li>Posibilidad de instalar hasta dos SunStrips por cubierta<\/li>\n<li>Aluminio anodizado negro<\/li>\n<\/ul>\n","protected":false},"featured_media":32581,"comment_status":"closed","ping_status":"closed","template":"","meta":[],"product_brand":[],"product_cat":[835,841,843],"product_tag":[894,942,944,955],"class_list":{"0":"post-32580","1":"product","2":"type-product","3":"status-publish","4":"has-post-thumbnail","6":"product_cat-solar-stinger-es","7":"product_cat-accesorios","8":"product_cat-productos-de-accion","9":"product_tag-recubrimiento","10":"product_tag-fijacion","11":"product_tag-soporte-es","12":"product_tag-carril-de-perfil","14":"first","15":"instock","16":"taxable","17":"shipping-taxable","18":"purchasable","19":"product-type-variable"},"yoast_head":"<!-- This site is optimized with the Yoast SEO plugin v27.3 - https:\/\/yoast.com\/product\/yoast-seo-wordpress\/ -->\n<title>SOLAR STINGER\u00ae Tapa de protecci\u00f3n solar EHEIM \/ MP - ECONLUX GmbH PetCare<\/title>\n<meta name=\"description\" content=\"Con las cubiertas SunStrip, SOLAR STINGER\u00ae ofrece una soluci\u00f3n para sustituir los tubos fluorescentes por la moderna iluminaci\u00f3n LED SunStrip.\" \/>\n<meta name=\"robots\" content=\"index, follow, max-snippet:-1, max-image-preview:large, max-video-preview:-1\" \/>\n<link rel=\"canonical\" href=\"https:\/\/petcare.econlux.de\/es\/producto\/solar-stinger-tapa-de-proteccion-solar-eheim-mp\/\" \/>\n<meta property=\"og:locale\" content=\"es_ES\" \/>\n<meta property=\"og:type\" content=\"article\" \/>\n<meta property=\"og:title\" content=\"SOLAR STINGER\u00ae Tapa de protecci\u00f3n solar EHEIM \/ MP - ECONLUX GmbH PetCare\" \/>\n<meta property=\"og:description\" content=\"Con las cubiertas SunStrip, SOLAR STINGER\u00ae ofrece una soluci\u00f3n para sustituir los tubos fluorescentes por la moderna iluminaci\u00f3n LED SunStrip.\" \/>\n<meta property=\"og:url\" content=\"https:\/\/petcare.econlux.de\/es\/producto\/solar-stinger-tapa-de-proteccion-solar-eheim-mp\/\" \/>\n<meta property=\"og:site_name\" content=\"ECONLUX GmbH PetCare\" \/>\n<meta property=\"article:modified_time\" content=\"2025-12-12T09:49:17+00:00\" \/>\n<meta property=\"og:image\" content=\"https:\/\/petcare.econlux.de\/wp-content\/uploads\/2024\/09\/00013161_Cover_Eheim_Vater_transparent.png\" \/>\n\t<meta property=\"og:image:width\" content=\"1000\" \/>\n\t<meta property=\"og:image:height\" content=\"1000\" \/>\n\t<meta property=\"og:image:type\" content=\"image\/png\" \/>\n<meta name=\"twitter:card\" content=\"summary_large_image\" \/>\n<meta name=\"twitter:label1\" content=\"Tiempo de lectura\" \/>\n\t<meta name=\"twitter:data1\" content=\"1 minuto\" \/>\n<script type=\"application\/ld+json\" class=\"yoast-schema-graph\">{\"@context\":\"https:\\\/\\\/schema.org\",\"@graph\":[{\"@type\":\"WebPage\",\"@id\":\"https:\\\/\\\/petcare.econlux.de\\\/es\\\/producto\\\/solar-stinger-tapa-de-proteccion-solar-eheim-mp\\\/\",\"url\":\"https:\\\/\\\/petcare.econlux.de\\\/es\\\/producto\\\/solar-stinger-tapa-de-proteccion-solar-eheim-mp\\\/\",\"name\":\"SOLAR STINGER\u00ae Tapa de protecci\u00f3n solar EHEIM \\\/ MP - ECONLUX GmbH PetCare\",\"isPartOf\":{\"@id\":\"https:\\\/\\\/petcare.econlux.de\\\/es\\\/#website\"},\"primaryImageOfPage\":{\"@id\":\"https:\\\/\\\/petcare.econlux.de\\\/es\\\/producto\\\/solar-stinger-tapa-de-proteccion-solar-eheim-mp\\\/#primaryimage\"},\"image\":{\"@id\":\"https:\\\/\\\/petcare.econlux.de\\\/es\\\/producto\\\/solar-stinger-tapa-de-proteccion-solar-eheim-mp\\\/#primaryimage\"},\"thumbnailUrl\":\"https:\\\/\\\/petcare.econlux.de\\\/wp-content\\\/uploads\\\/2024\\\/09\\\/00013161_Cover_Eheim_Vater_transparent.png\",\"datePublished\":\"2024-09-12T13:40:52+00:00\",\"dateModified\":\"2025-12-12T09:49:17+00:00\",\"description\":\"Con las cubiertas SunStrip, SOLAR STINGER\u00ae ofrece una soluci\u00f3n para sustituir los tubos fluorescentes por la moderna iluminaci\u00f3n LED SunStrip.\",\"breadcrumb\":{\"@id\":\"https:\\\/\\\/petcare.econlux.de\\\/es\\\/producto\\\/solar-stinger-tapa-de-proteccion-solar-eheim-mp\\\/#breadcrumb\"},\"inLanguage\":\"es\",\"potentialAction\":[{\"@type\":\"ReadAction\",\"target\":[\"https:\\\/\\\/petcare.econlux.de\\\/es\\\/producto\\\/solar-stinger-tapa-de-proteccion-solar-eheim-mp\\\/\"]}]},{\"@type\":\"ImageObject\",\"inLanguage\":\"es\",\"@id\":\"https:\\\/\\\/petcare.econlux.de\\\/es\\\/producto\\\/solar-stinger-tapa-de-proteccion-solar-eheim-mp\\\/#primaryimage\",\"url\":\"https:\\\/\\\/petcare.econlux.de\\\/wp-content\\\/uploads\\\/2024\\\/09\\\/00013161_Cover_Eheim_Vater_transparent.png\",\"contentUrl\":\"https:\\\/\\\/petcare.econlux.de\\\/wp-content\\\/uploads\\\/2024\\\/09\\\/00013161_Cover_Eheim_Vater_transparent.png\",\"width\":1000,\"height\":1000},{\"@type\":\"BreadcrumbList\",\"@id\":\"https:\\\/\\\/petcare.econlux.de\\\/es\\\/producto\\\/solar-stinger-tapa-de-proteccion-solar-eheim-mp\\\/#breadcrumb\",\"itemListElement\":[{\"@type\":\"ListItem\",\"position\":1,\"name\":\"Startseite\",\"item\":\"https:\\\/\\\/petcare.econlux.de\\\/es\\\/\"},{\"@type\":\"ListItem\",\"position\":2,\"name\":\"Productos\",\"item\":\"https:\\\/\\\/petcare.econlux.de\\\/es\\\/productos\\\/\"},{\"@type\":\"ListItem\",\"position\":3,\"name\":\"SOLAR STINGER\u00ae Tapa de protecci\u00f3n solar EHEIM \\\/ MP\"}]},{\"@type\":\"WebSite\",\"@id\":\"https:\\\/\\\/petcare.econlux.de\\\/es\\\/#website\",\"url\":\"https:\\\/\\\/petcare.econlux.de\\\/es\\\/\",\"name\":\"ECONLUX GmbH PetCare\",\"description\":\"\",\"potentialAction\":[{\"@type\":\"SearchAction\",\"target\":{\"@type\":\"EntryPoint\",\"urlTemplate\":\"https:\\\/\\\/petcare.econlux.de\\\/es\\\/?s={search_term_string}\"},\"query-input\":{\"@type\":\"PropertyValueSpecification\",\"valueRequired\":true,\"valueName\":\"search_term_string\"}}],\"inLanguage\":\"es\"}]}<\/script>\n<!-- \/ Yoast SEO plugin. -->","yoast_head_json":{"title":"SOLAR STINGER\u00ae Tapa de protecci\u00f3n solar EHEIM \/ MP - ECONLUX GmbH PetCare","description":"Con las cubiertas SunStrip, SOLAR STINGER\u00ae ofrece una soluci\u00f3n para sustituir los tubos fluorescentes por la moderna iluminaci\u00f3n LED SunStrip.","robots":{"index":"index","follow":"follow","max-snippet":"max-snippet:-1","max-image-preview":"max-image-preview:large","max-video-preview":"max-video-preview:-1"},"canonical":"https:\/\/petcare.econlux.de\/es\/producto\/solar-stinger-tapa-de-proteccion-solar-eheim-mp\/","og_locale":"es_ES","og_type":"article","og_title":"SOLAR STINGER\u00ae Tapa de protecci\u00f3n solar EHEIM \/ MP - ECONLUX GmbH PetCare","og_description":"Con las cubiertas SunStrip, SOLAR STINGER\u00ae ofrece una soluci\u00f3n para sustituir los tubos fluorescentes por la moderna iluminaci\u00f3n LED SunStrip.","og_url":"https:\/\/petcare.econlux.de\/es\/producto\/solar-stinger-tapa-de-proteccion-solar-eheim-mp\/","og_site_name":"ECONLUX GmbH PetCare","article_modified_time":"2025-12-12T09:49:17+00:00","og_image":[{"width":1000,"height":1000,"url":"https:\/\/petcare.econlux.de\/wp-content\/uploads\/2024\/09\/00013161_Cover_Eheim_Vater_transparent.png","type":"image\/png"}],"twitter_card":"summary_large_image","twitter_misc":{"Tiempo de lectura":"1 minuto"},"schema":{"@context":"https:\/\/schema.org","@graph":[{"@type":"WebPage","@id":"https:\/\/petcare.econlux.de\/es\/producto\/solar-stinger-tapa-de-proteccion-solar-eheim-mp\/","url":"https:\/\/petcare.econlux.de\/es\/producto\/solar-stinger-tapa-de-proteccion-solar-eheim-mp\/","name":"SOLAR STINGER\u00ae Tapa de protecci\u00f3n solar EHEIM \/ MP - ECONLUX GmbH PetCare","isPartOf":{"@id":"https:\/\/petcare.econlux.de\/es\/#website"},"primaryImageOfPage":{"@id":"https:\/\/petcare.econlux.de\/es\/producto\/solar-stinger-tapa-de-proteccion-solar-eheim-mp\/#primaryimage"},"image":{"@id":"https:\/\/petcare.econlux.de\/es\/producto\/solar-stinger-tapa-de-proteccion-solar-eheim-mp\/#primaryimage"},"thumbnailUrl":"https:\/\/petcare.econlux.de\/wp-content\/uploads\/2024\/09\/00013161_Cover_Eheim_Vater_transparent.png","datePublished":"2024-09-12T13:40:52+00:00","dateModified":"2025-12-12T09:49:17+00:00","description":"Con las cubiertas SunStrip, SOLAR STINGER\u00ae ofrece una soluci\u00f3n para sustituir los tubos fluorescentes por la moderna iluminaci\u00f3n LED SunStrip.","breadcrumb":{"@id":"https:\/\/petcare.econlux.de\/es\/producto\/solar-stinger-tapa-de-proteccion-solar-eheim-mp\/#breadcrumb"},"inLanguage":"es","potentialAction":[{"@type":"ReadAction","target":["https:\/\/petcare.econlux.de\/es\/producto\/solar-stinger-tapa-de-proteccion-solar-eheim-mp\/"]}]},{"@type":"ImageObject","inLanguage":"es","@id":"https:\/\/petcare.econlux.de\/es\/producto\/solar-stinger-tapa-de-proteccion-solar-eheim-mp\/#primaryimage","url":"https:\/\/petcare.econlux.de\/wp-content\/uploads\/2024\/09\/00013161_Cover_Eheim_Vater_transparent.png","contentUrl":"https:\/\/petcare.econlux.de\/wp-content\/uploads\/2024\/09\/00013161_Cover_Eheim_Vater_transparent.png","width":1000,"height":1000},{"@type":"BreadcrumbList","@id":"https:\/\/petcare.econlux.de\/es\/producto\/solar-stinger-tapa-de-proteccion-solar-eheim-mp\/#breadcrumb","itemListElement":[{"@type":"ListItem","position":1,"name":"Startseite","item":"https:\/\/petcare.econlux.de\/es\/"},{"@type":"ListItem","position":2,"name":"Productos","item":"https:\/\/petcare.econlux.de\/es\/productos\/"},{"@type":"ListItem","position":3,"name":"SOLAR STINGER\u00ae Tapa de protecci\u00f3n solar EHEIM \/ MP"}]},{"@type":"WebSite","@id":"https:\/\/petcare.econlux.de\/es\/#website","url":"https:\/\/petcare.econlux.de\/es\/","name":"ECONLUX GmbH PetCare","description":"","potentialAction":[{"@type":"SearchAction","target":{"@type":"EntryPoint","urlTemplate":"https:\/\/petcare.econlux.de\/es\/?s={search_term_string}"},"query-input":{"@type":"PropertyValueSpecification","valueRequired":true,"valueName":"search_term_string"}}],"inLanguage":"es"}]}},"_links":{"self":[{"href":"https:\/\/petcare.econlux.de\/es\/wp-json\/wp\/v2\/product\/32580","targetHints":{"allow":["GET"]}}],"collection":[{"href":"https:\/\/petcare.econlux.de\/es\/wp-json\/wp\/v2\/product"}],"about":[{"href":"https:\/\/petcare.econlux.de\/es\/wp-json\/wp\/v2\/types\/product"}],"replies":[{"embeddable":true,"href":"https:\/\/petcare.econlux.de\/es\/wp-json\/wp\/v2\/comments?post=32580"}],"version-history":[{"count":0,"href":"https:\/\/petcare.econlux.de\/es\/wp-json\/wp\/v2\/product\/32580\/revisions"}],"wp:featuredmedia":[{"embeddable":true,"href":"https:\/\/petcare.econlux.de\/es\/wp-json\/wp\/v2\/media\/32581"}],"wp:attachment":[{"href":"https:\/\/petcare.econlux.de\/es\/wp-json\/wp\/v2\/media?parent=32580"}],"wp:term":[{"taxonomy":"product_brand","embeddable":true,"href":"https:\/\/petcare.econlux.de\/es\/wp-json\/wp\/v2\/product_brand?post=32580"},{"taxonomy":"product_cat","embeddable":true,"href":"https:\/\/petcare.econlux.de\/es\/wp-json\/wp\/v2\/product_cat?post=32580"},{"taxonomy":"product_tag","embeddable":true,"href":"https:\/\/petcare.econlux.de\/es\/wp-json\/wp\/v2\/product_tag?post=32580"}],"curies":[{"name":"wp","href":"https:\/\/api.w.org\/{rel}","templated":true}]}}