{"id":32575,"date":"2024-09-12T15:40:30","date_gmt":"2024-09-12T13:40:30","guid":{"rendered":"https:\/\/petcare.econlux.de\/produkt\/solar-stinger-cubierta-de-banda-solar-juwel\/"},"modified":"2025-03-24T12:48:37","modified_gmt":"2025-03-24T11:48:37","slug":"solar-stinger-cubierta-de-banda-solar-juwel","status":"publish","type":"product","link":"https:\/\/petcare.econlux.de\/es\/producto\/solar-stinger-cubierta-de-banda-solar-juwel\/","title":{"rendered":"SOLAR STINGER\u00ae Cubierta de banda solar JUWEL"},"content":{"rendered":"<p>Los acuarios JUWEL\u00ae est\u00e1n entre los m\u00e1s vendidos en Alemania. En las cubiertas de las combinaciones de acuarios m\u00e1s antiguas, como los modelos Rekord, Rio, Trigon, Vision, Lido, Panorama o Delta, se instalaban tubos fluorescentes de serie. Con las cubiertas SunStrip, SOLAR STINGER\u00ae ofrece una soluci\u00f3n para sustituirlos por la moderna iluminaci\u00f3n LED SunStrip sin comprometer el aspecto ni la funci\u00f3n de la cubierta.  <\/p>\n<p>La Cubierta para SunStrip JUWEL\u00ae SOLAR STINGER\u00ae es un carril perfilado al que se pueden fijar hasta dos SunStrips SOLAR STINGER\u00ae. El carril se inserta en la cubierta en lugar de la luminaria empotrada JUWEL\u00ae. Las solapas de instalaci\u00f3n de la cubierta son compatibles con \u00e9sta y pueden utilizarse como de costumbre.  <\/p>\n<p><iframe title=\"SunStrip Cover EHEIM MP\u00ae or JUWEL\u00ae (english)\" width=\"500\" height=\"281\" src=\"https:\/\/www.youtube.com\/embed\/f8fwKiv-WY4?feature=oembed\" frameborder=\"0\" allow=\"accelerometer; autoplay; clipboard-write; encrypted-media; gyroscope; picture-in-picture; web-share\" referrerpolicy=\"strict-origin-when-cross-origin\" allowfullscreen><\/iframe><\/p>\n<p>&nbsp;<\/p>\n<p>ECONLUX GmbH WEEE- Registrations-Nr.: DE 39263685<\/p>\n","protected":false},"excerpt":{"rendered":"<ul>\n<li>Perfil de montaje para todas las variantes de SolarStinger SunStrip<\/li>\n<li>Para convertir las cubiertas de acuario JUWEL\u00ae a la iluminaci\u00f3n SolarStinger SunStrip<\/li>\n<li>Posibilidad de instalar hasta dos SunStrips por cubierta<\/li>\n<li>Aluminio anodizado negro<\/li>\n<\/ul>\n","protected":false},"featured_media":33046,"comment_status":"closed","ping_status":"closed","template":"","meta":[],"product_brand":[],"product_cat":[843,841,835],"product_tag":[944,955,942,894],"class_list":{"0":"post-32575","1":"product","2":"type-product","3":"status-publish","4":"has-post-thumbnail","6":"product_cat-productos-de-accion","7":"product_cat-accesorios","8":"product_cat-solar-stinger-es","9":"product_tag-soporte-es","10":"product_tag-carril-de-perfil","11":"product_tag-fijacion","12":"product_tag-recubrimiento","14":"first","15":"instock","16":"taxable","17":"shipping-taxable","18":"purchasable","19":"product-type-variable"},"yoast_head":"<!-- This site is optimized with the Yoast SEO plugin v27.4 - https:\/\/yoast.com\/product\/yoast-seo-wordpress\/ -->\n<title>SOLAR STINGER\u00ae Cubierta de banda solar JUWEL - ECONLUX GmbH PetCare<\/title>\n<meta name=\"description\" content=\"Con las cubiertas SunStrip, SOLAR STINGER\u00ae ofrece una soluci\u00f3n para sustituir los tubos fluorescentes por la moderna iluminaci\u00f3n LED SunStrip.\" \/>\n<meta name=\"robots\" content=\"index, follow, max-snippet:-1, max-image-preview:large, max-video-preview:-1\" \/>\n<link rel=\"canonical\" href=\"https:\/\/petcare.econlux.de\/es\/producto\/solar-stinger-cubierta-de-banda-solar-juwel\/\" \/>\n<meta property=\"og:locale\" content=\"es_ES\" \/>\n<meta property=\"og:type\" content=\"article\" \/>\n<meta property=\"og:title\" content=\"SOLAR STINGER\u00ae Cubierta de banda solar JUWEL - ECONLUX GmbH PetCare\" \/>\n<meta property=\"og:description\" content=\"Con las cubiertas SunStrip, SOLAR STINGER\u00ae ofrece una soluci\u00f3n para sustituir los tubos fluorescentes por la moderna iluminaci\u00f3n LED SunStrip.\" \/>\n<meta property=\"og:url\" content=\"https:\/\/petcare.econlux.de\/es\/producto\/solar-stinger-cubierta-de-banda-solar-juwel\/\" \/>\n<meta property=\"og:site_name\" content=\"ECONLUX GmbH PetCare\" \/>\n<meta property=\"article:modified_time\" content=\"2025-03-24T11:48:37+00:00\" \/>\n<meta name=\"twitter:card\" content=\"summary_large_image\" \/>\n<meta name=\"twitter:label1\" content=\"Tiempo de lectura\" \/>\n\t<meta name=\"twitter:data1\" content=\"1 minuto\" \/>\n<script type=\"application\/ld+json\" class=\"yoast-schema-graph\">{\"@context\":\"https:\\\/\\\/schema.org\",\"@graph\":[{\"@type\":\"WebPage\",\"@id\":\"https:\\\/\\\/petcare.econlux.de\\\/es\\\/producto\\\/solar-stinger-cubierta-de-banda-solar-juwel\\\/\",\"url\":\"https:\\\/\\\/petcare.econlux.de\\\/es\\\/producto\\\/solar-stinger-cubierta-de-banda-solar-juwel\\\/\",\"name\":\"SOLAR STINGER\u00ae Cubierta de banda solar JUWEL - ECONLUX GmbH PetCare\",\"isPartOf\":{\"@id\":\"https:\\\/\\\/petcare.econlux.de\\\/es\\\/#website\"},\"primaryImageOfPage\":{\"@id\":\"https:\\\/\\\/petcare.econlux.de\\\/es\\\/producto\\\/solar-stinger-cubierta-de-banda-solar-juwel\\\/#primaryimage\"},\"image\":{\"@id\":\"https:\\\/\\\/petcare.econlux.de\\\/es\\\/producto\\\/solar-stinger-cubierta-de-banda-solar-juwel\\\/#primaryimage\"},\"thumbnailUrl\":\"https:\\\/\\\/petcare.econlux.de\\\/wp-content\\\/uploads\\\/2024\\\/09\\\/00013162_Cover_Juwel_Vater_1.webp\",\"datePublished\":\"2024-09-12T13:40:30+00:00\",\"dateModified\":\"2025-03-24T11:48:37+00:00\",\"description\":\"Con las cubiertas SunStrip, SOLAR STINGER\u00ae ofrece una soluci\u00f3n para sustituir los tubos fluorescentes por la moderna iluminaci\u00f3n LED SunStrip.\",\"breadcrumb\":{\"@id\":\"https:\\\/\\\/petcare.econlux.de\\\/es\\\/producto\\\/solar-stinger-cubierta-de-banda-solar-juwel\\\/#breadcrumb\"},\"inLanguage\":\"es\",\"potentialAction\":[{\"@type\":\"ReadAction\",\"target\":[\"https:\\\/\\\/petcare.econlux.de\\\/es\\\/producto\\\/solar-stinger-cubierta-de-banda-solar-juwel\\\/\"]}]},{\"@type\":\"ImageObject\",\"inLanguage\":\"es\",\"@id\":\"https:\\\/\\\/petcare.econlux.de\\\/es\\\/producto\\\/solar-stinger-cubierta-de-banda-solar-juwel\\\/#primaryimage\",\"url\":\"https:\\\/\\\/petcare.econlux.de\\\/wp-content\\\/uploads\\\/2024\\\/09\\\/00013162_Cover_Juwel_Vater_1.webp\",\"contentUrl\":\"https:\\\/\\\/petcare.econlux.de\\\/wp-content\\\/uploads\\\/2024\\\/09\\\/00013162_Cover_Juwel_Vater_1.webp\",\"width\":1000,\"height\":1000,\"caption\":\"00013162_Cover_Juwel_Vater_1\"},{\"@type\":\"BreadcrumbList\",\"@id\":\"https:\\\/\\\/petcare.econlux.de\\\/es\\\/producto\\\/solar-stinger-cubierta-de-banda-solar-juwel\\\/#breadcrumb\",\"itemListElement\":[{\"@type\":\"ListItem\",\"position\":1,\"name\":\"Startseite\",\"item\":\"https:\\\/\\\/petcare.econlux.de\\\/es\\\/\"},{\"@type\":\"ListItem\",\"position\":2,\"name\":\"Productos\",\"item\":\"https:\\\/\\\/petcare.econlux.de\\\/es\\\/productos\\\/\"},{\"@type\":\"ListItem\",\"position\":3,\"name\":\"SOLAR STINGER\u00ae Cubierta de banda solar JUWEL\"}]},{\"@type\":\"WebSite\",\"@id\":\"https:\\\/\\\/petcare.econlux.de\\\/es\\\/#website\",\"url\":\"https:\\\/\\\/petcare.econlux.de\\\/es\\\/\",\"name\":\"ECONLUX GmbH PetCare\",\"description\":\"\",\"potentialAction\":[{\"@type\":\"SearchAction\",\"target\":{\"@type\":\"EntryPoint\",\"urlTemplate\":\"https:\\\/\\\/petcare.econlux.de\\\/es\\\/?s={search_term_string}\"},\"query-input\":{\"@type\":\"PropertyValueSpecification\",\"valueRequired\":true,\"valueName\":\"search_term_string\"}}],\"inLanguage\":\"es\"}]}<\/script>\n<!-- \/ Yoast SEO plugin. -->","yoast_head_json":{"title":"SOLAR STINGER\u00ae Cubierta de banda solar JUWEL - ECONLUX GmbH PetCare","description":"Con las cubiertas SunStrip, SOLAR STINGER\u00ae ofrece una soluci\u00f3n para sustituir los tubos fluorescentes por la moderna iluminaci\u00f3n LED SunStrip.","robots":{"index":"index","follow":"follow","max-snippet":"max-snippet:-1","max-image-preview":"max-image-preview:large","max-video-preview":"max-video-preview:-1"},"canonical":"https:\/\/petcare.econlux.de\/es\/producto\/solar-stinger-cubierta-de-banda-solar-juwel\/","og_locale":"es_ES","og_type":"article","og_title":"SOLAR STINGER\u00ae Cubierta de banda solar JUWEL - ECONLUX GmbH PetCare","og_description":"Con las cubiertas SunStrip, SOLAR STINGER\u00ae ofrece una soluci\u00f3n para sustituir los tubos fluorescentes por la moderna iluminaci\u00f3n LED SunStrip.","og_url":"https:\/\/petcare.econlux.de\/es\/producto\/solar-stinger-cubierta-de-banda-solar-juwel\/","og_site_name":"ECONLUX GmbH PetCare","article_modified_time":"2025-03-24T11:48:37+00:00","twitter_card":"summary_large_image","twitter_misc":{"Tiempo de lectura":"1 minuto"},"schema":{"@context":"https:\/\/schema.org","@graph":[{"@type":"WebPage","@id":"https:\/\/petcare.econlux.de\/es\/producto\/solar-stinger-cubierta-de-banda-solar-juwel\/","url":"https:\/\/petcare.econlux.de\/es\/producto\/solar-stinger-cubierta-de-banda-solar-juwel\/","name":"SOLAR STINGER\u00ae Cubierta de banda solar JUWEL - ECONLUX GmbH PetCare","isPartOf":{"@id":"https:\/\/petcare.econlux.de\/es\/#website"},"primaryImageOfPage":{"@id":"https:\/\/petcare.econlux.de\/es\/producto\/solar-stinger-cubierta-de-banda-solar-juwel\/#primaryimage"},"image":{"@id":"https:\/\/petcare.econlux.de\/es\/producto\/solar-stinger-cubierta-de-banda-solar-juwel\/#primaryimage"},"thumbnailUrl":"https:\/\/petcare.econlux.de\/wp-content\/uploads\/2024\/09\/00013162_Cover_Juwel_Vater_1.webp","datePublished":"2024-09-12T13:40:30+00:00","dateModified":"2025-03-24T11:48:37+00:00","description":"Con las cubiertas SunStrip, SOLAR STINGER\u00ae ofrece una soluci\u00f3n para sustituir los tubos fluorescentes por la moderna iluminaci\u00f3n LED SunStrip.","breadcrumb":{"@id":"https:\/\/petcare.econlux.de\/es\/producto\/solar-stinger-cubierta-de-banda-solar-juwel\/#breadcrumb"},"inLanguage":"es","potentialAction":[{"@type":"ReadAction","target":["https:\/\/petcare.econlux.de\/es\/producto\/solar-stinger-cubierta-de-banda-solar-juwel\/"]}]},{"@type":"ImageObject","inLanguage":"es","@id":"https:\/\/petcare.econlux.de\/es\/producto\/solar-stinger-cubierta-de-banda-solar-juwel\/#primaryimage","url":"https:\/\/petcare.econlux.de\/wp-content\/uploads\/2024\/09\/00013162_Cover_Juwel_Vater_1.webp","contentUrl":"https:\/\/petcare.econlux.de\/wp-content\/uploads\/2024\/09\/00013162_Cover_Juwel_Vater_1.webp","width":1000,"height":1000,"caption":"00013162_Cover_Juwel_Vater_1"},{"@type":"BreadcrumbList","@id":"https:\/\/petcare.econlux.de\/es\/producto\/solar-stinger-cubierta-de-banda-solar-juwel\/#breadcrumb","itemListElement":[{"@type":"ListItem","position":1,"name":"Startseite","item":"https:\/\/petcare.econlux.de\/es\/"},{"@type":"ListItem","position":2,"name":"Productos","item":"https:\/\/petcare.econlux.de\/es\/productos\/"},{"@type":"ListItem","position":3,"name":"SOLAR STINGER\u00ae Cubierta de banda solar JUWEL"}]},{"@type":"WebSite","@id":"https:\/\/petcare.econlux.de\/es\/#website","url":"https:\/\/petcare.econlux.de\/es\/","name":"ECONLUX GmbH PetCare","description":"","potentialAction":[{"@type":"SearchAction","target":{"@type":"EntryPoint","urlTemplate":"https:\/\/petcare.econlux.de\/es\/?s={search_term_string}"},"query-input":{"@type":"PropertyValueSpecification","valueRequired":true,"valueName":"search_term_string"}}],"inLanguage":"es"}]}},"_links":{"self":[{"href":"https:\/\/petcare.econlux.de\/es\/wp-json\/wp\/v2\/product\/32575","targetHints":{"allow":["GET"]}}],"collection":[{"href":"https:\/\/petcare.econlux.de\/es\/wp-json\/wp\/v2\/product"}],"about":[{"href":"https:\/\/petcare.econlux.de\/es\/wp-json\/wp\/v2\/types\/product"}],"replies":[{"embeddable":true,"href":"https:\/\/petcare.econlux.de\/es\/wp-json\/wp\/v2\/comments?post=32575"}],"version-history":[{"count":1,"href":"https:\/\/petcare.econlux.de\/es\/wp-json\/wp\/v2\/product\/32575\/revisions"}],"predecessor-version":[{"id":32989,"href":"https:\/\/petcare.econlux.de\/es\/wp-json\/wp\/v2\/product\/32575\/revisions\/32989"}],"wp:featuredmedia":[{"embeddable":true,"href":"https:\/\/petcare.econlux.de\/es\/wp-json\/wp\/v2\/media\/33046"}],"wp:attachment":[{"href":"https:\/\/petcare.econlux.de\/es\/wp-json\/wp\/v2\/media?parent=32575"}],"wp:term":[{"taxonomy":"product_brand","embeddable":true,"href":"https:\/\/petcare.econlux.de\/es\/wp-json\/wp\/v2\/product_brand?post=32575"},{"taxonomy":"product_cat","embeddable":true,"href":"https:\/\/petcare.econlux.de\/es\/wp-json\/wp\/v2\/product_cat?post=32575"},{"taxonomy":"product_tag","embeddable":true,"href":"https:\/\/petcare.econlux.de\/es\/wp-json\/wp\/v2\/product_tag?post=32575"}],"curies":[{"name":"wp","href":"https:\/\/api.w.org\/{rel}","templated":true}]}}