{"id":32540,"date":"2024-09-12T15:39:39","date_gmt":"2024-09-12T13:39:39","guid":{"rendered":"https:\/\/petcare.econlux.de\/produkt\/lampara-uv-hid-solar-raptor\/"},"modified":"2025-12-15T11:27:43","modified_gmt":"2025-12-15T10:27:43","slug":"lampara-uv-hid-solar-raptor","status":"publish","type":"product","link":"https:\/\/petcare.econlux.de\/es\/producto\/lampara-uv-hid-solar-raptor\/","title":{"rendered":"L\u00e1mpara UV HID SOLAR RAPTOR"},"content":{"rendered":"<h2>L\u00e1mpara UV HID SOLAR RAPTOR<\/h2>\n<h5>La l\u00e1mpara UV HID SOLAR RAPTOR\u00ae ofrece un tiempo de funcionamiento extremadamente largo junto con una gran estabilidad UV, lo que garantiza una utilizaci\u00f3n \u00f3ptima y muy econ\u00f3mica. En comparaci\u00f3n con otras soluciones de iluminaci\u00f3n, como los tubos fluorescentes UV y las l\u00e1mparas UV de bajo consumo, que ya pierden una cantidad significativa de intensidad de radiaci\u00f3n unos 3-4 meses despu\u00e9s de su uso inicial, la l\u00e1mpara UV HID SOLAR RAPTOR\u00ae proporciona un espectro UV constante a largo plazo. <\/h5>\n<p>Ten en cuenta que los cristales convencionales no son permeables a los rayos UV. Por este motivo, la fuente de luz debe instalarse siempre en el vivario, ya que es la \u00fanica forma de garantizar una radiaci\u00f3n UV-A y UV-B suficiente. A diferencia de nosotros, los humanos, los reptiles y las aves pueden ver muy bien la luz ultravioleta. Por eso, la posible falta de luz ultravioleta a la que est\u00e1n expuestos los habitantes del vivario suele quedar oculta al cuidador. La luz ultravioleta no s\u00f3lo es necesaria para la s\u00edntesis de la vitamina D3 y evitar as\u00ed el raquitismo, sino que tambi\u00e9n ayuda a muchos animales a encontrar comida y a reconocer a sus cong\u00e9neres\/parejas sexuales.    <\/p>\n<p>La l\u00e1mpara UV HID SOLAR RAPTOR\u00ae se basa en la tecnolog\u00eda de una l\u00e1mpara de descarga de alta intensidad con radiaci\u00f3n UV \u00f3ptima y es el producto ideal para iluminar a tus anfibios, reptiles y aves. Con una temperatura de color de 5000 K, produce eficazmente luz diurna pura e impresiona con una reproducci\u00f3n crom\u00e1tica superior al 86 %. Una proporci\u00f3n equilibrada de radiaci\u00f3n UV y luz convencional es esencial para la salud, el cuidado y la reproducci\u00f3n a largo plazo de los habitantes de tu vivario, evita los s\u00edntomas de deficiencia en el crecimiento \u00f3seo y aumenta notablemente el \u00e9xito de la cr\u00eda. Por tanto, las l\u00e1mparas UV son indispensables para iluminar los vivarios de muchos anfibios, reptiles y aves.   <\/p>\n<h3>Datos t\u00e9cnicos \/ Instalaci\u00f3n<\/h3>\n<h5><strong>La l\u00e1mpara UV HID SOLAR RAPTOR\u00ae debe funcionar con un balastro adecuado.<\/strong><\/h5>\n<p>La carcasa de aluminio de la l\u00e1mpara UV HID SOLAR RAPTOR\u00ae reduce la temperatura en el quemador en unos 200 \u00b0C: una mejor gesti\u00f3n del calor ralentiza el cambio molecular en el cristal de cuarzo, lo que garantiza la estabilidad UV a largo plazo. De este modo, la l\u00e1mpara HID suministra continuamente un espectro de luz solar lineal de 5000 K. <\/p>\n<p>Los focos deben funcionar en un portal\u00e1mparas termoestable E27. El cristal retiene casi por completo la radiaci\u00f3n UV, por lo que las l\u00e1mparas deben instalarse siempre dentro del terrario.<br \/>\nPara la seguridad de los animales, las l\u00e1mparas deben instalarse fuera de su alcance.  <\/p>\n<p>La RAPTOR SOLAR <a href=\"https:\/\/petcare.econlux.de\/es\/producto\/solar-raptor-clamplamp\/\" target=\"_blank\" rel=\"noopener\"><strong>ClampLamp<\/strong><\/a> &#8211; Se suministran con rejillas protectoras y conectores compatibles para el SOLAR RAPTOR <strong><a href=\"https:\/\/petcare.econlux.de\/es\/categorias-productos\/solar-raptor-es\/balastos\/\" target=\"_blank\" rel=\"noopener\"> EVG balastro<\/a><\/strong> (y pueden conectarse sin herramientas).<\/p>\n<h3>Instrucciones de uso<\/h3>\n<p>La vida \u00fatil recomendada de la fuente de luz es de 4.000 horas. No se recomienda el funcionamiento con sensores t\u00e9rmicos, ya que el encendido y apagado frecuente de la fuente de luz provoca un r\u00e1pido envejecimiento. Se recomienda un tiempo m\u00ednimo de funcionamiento de 8 horas; si este tiempo m\u00ednimo de funcionamiento se reduce significativamente, la esperanza de vida de la l\u00e1mpara UV HID SOLAR RAPTOR\u00ae se reducir\u00e1 notablemente. Como ocurre con todas las fuentes de luz de este tipo, la intensidad UV de la l\u00e1mpara puede variar al aumentar la vida \u00fatil. Para garantizar unos valores \u00f3ptimos para tus animales, tambi\u00e9n ofrecemos <a href=\"https:\/\/petcare.econlux.de\/es\/categorias-productos\/solarmeter-es\/\" target=\"_blank\" rel=\"noopener\">dispositivos de medici\u00f3n<\/a> opcionales para comprobar el contenido de UV a intervalos regulares. Esto te permite cambiar la fuente de luz si es necesario, ya que el propietario de la mascota es responsable de cambiar la l\u00e1mpara a su debido tiempo.     <\/p>\n<h3>Ten en cuenta<\/h3>\n<ul>\n<li>Cuando se enciende por primera vez, la l\u00e1mpara debe funcionar de forma continua durante al menos 2 horas para que se queme y se estabilice. Esto evitar\u00e1 da\u00f1os posteriores en la l\u00e1mpara. <\/li>\n<li>\u00a1Una desconexi\u00f3n prematura puede destruir la fuente de luz!<\/li>\n<li>Cambia la fuente de luz y realiza la instalaci\u00f3n s\u00f3lo cuando la luz est\u00e9 completamente apagada; te recomendamos que desconectes el enchufe de la toma de corriente.<\/li>\n<li>La l\u00e1mpara UV HID SOLAR RAPTOR\u00ae s\u00f3lo puede funcionar con un balastro adecuado.<\/li>\n<li>El balastro s\u00f3lo debe ser conectado por un especialista para evitar da\u00f1os a las personas, los animales y el aparato.<\/li>\n<li>Seg\u00fan el modelo, hay una pel\u00edcula protectora en la parte posterior del balasto; hay que retirarla antes de la puesta en marcha para evitar un defecto t\u00e9rmico.<\/li>\n<li>Nunca instales la fuente de luz cerca de objetos inflamables.<\/li>\n<li>Aseg\u00farate de que la conexi\u00f3n Easy-Plug est\u00e1 correctamente atornillada, ya que es la \u00fanica forma de garantizar la protecci\u00f3n contra las salpicaduras de agua.<\/li>\n<li>Cada balasto s\u00f3lo puede funcionar con la fuente de luz correspondiente. Consulta a tu distribuidor especializado. Ejemplo: 35 HID = 35 ECG  <\/li>\n<li>Muchos de los componentes el\u00e9ctricos bajo tensi\u00f3n est\u00e1n sometidos a alta tensi\u00f3n cuando est\u00e1n encendidos.<\/li>\n<li>Aseg\u00farate de que haya una ventilaci\u00f3n adecuada. No cubras nunca la fuente de luz y el balastro. <\/li>\n<li>Utiliza s\u00f3lo portal\u00e1mparas estables a la temperatura.<\/li>\n<li>En caso de funcionamiento anormal, la fuente de luz debe retirarse inmediatamente.<\/li>\n<li>Para garantizar una iluminaci\u00f3n UV eficaz y duradera, compruebe peri\u00f3dicamente la l\u00e1mpara con un medidor adecuado, por ejemplo, un <a href=\"https:\/\/petcare.econlux.de\/es\/solarmeter\/\">medidor manual Solarmeter\u00ae<\/a>, ya que es normal que los valores UV disminuyan debido al desgaste propio del dise\u00f1o.<\/li>\n<li>\nAunque est\u00e9 apagada, la carcasa de todos los productos SOLAR RAPTOR\u00ae s\u00f3lo puede ser abierta por personal especializado autorizado o por el propio fabricante , de lo contrario se invalidar\u00e1 cualquier garant\u00eda y responsabilidad por parte del fabricante.<br \/>\nEsto no afecta a tus derechos legales, que se derivan de las leyes m\u00e1s recientes sobre responsabilidad por productos defectuosos y protecci\u00f3n del consumidor. <\/li>\n<\/ul>\n<p>&nbsp;<\/p>\n<h3>Los expertos conf\u00edan en SOLAR RAPTOR<\/h3>\n<p style=\"text-align: center;\"><img fetchpriority=\"high\" decoding=\"async\" class=\"aligncenter wp-image-29934\" src=\"http:\/\/petcare.econlux.de\/wp-content\/uploads\/2024\/09\/SolarRaptor_Banner_3-400x150.jpg\" alt=\"\" width=\"1325\" height=\"497\" srcset=\"https:\/\/petcare.econlux.de\/wp-content\/uploads\/2024\/09\/SolarRaptor_Banner_3-400x150.jpg 400w, https:\/\/petcare.econlux.de\/wp-content\/uploads\/2024\/09\/SolarRaptor_Banner_3-1300x488.jpg 1300w, https:\/\/petcare.econlux.de\/wp-content\/uploads\/2024\/09\/SolarRaptor_Banner_3-768x288.jpg 768w, https:\/\/petcare.econlux.de\/wp-content\/uploads\/2024\/09\/SolarRaptor_Banner_3-1536x576.jpg 1536w, https:\/\/petcare.econlux.de\/wp-content\/uploads\/2024\/09\/SolarRaptor_Banner_3-2048x768.jpg 2048w, https:\/\/petcare.econlux.de\/wp-content\/uploads\/2024\/09\/SolarRaptor_Banner_3-430x161.jpg 430w, https:\/\/petcare.econlux.de\/wp-content\/uploads\/2024\/09\/SolarRaptor_Banner_3-700x263.jpg 700w, https:\/\/petcare.econlux.de\/wp-content\/uploads\/2024\/09\/SolarRaptor_Banner_3-150x56.jpg 150w\" sizes=\"(max-width: 1325px) 100vw, 1325px\" \/><\/p>\n<h3>M\u00e1s informaci\u00f3n<\/h3>\n<p>Lo ideal es comprobar regularmente el valor UV de una l\u00e1mpara con el <a href=\"https:\/\/petcare.econlux.de\/es\/producto\/solarmeter-6-2r-uvb-para-reptiles\/\" target=\"_blank\" rel=\"noopener\"><strong>Solarmeter\u00ae 6.2R Reptil UVB<\/strong><\/a> o <a href=\"https:\/\/petcare.econlux.de\/es\/producto\/solarmeter-6-5r-indice-uv-reptil\/\" target=\"_blank\" rel=\"noopener\"><strong>Solarmeter\u00ae 6.5R \u00cdndice UV Reptil<\/strong><\/a> para determinar el momento adecuado para su sustituci\u00f3n.<\/p>\n<p>&nbsp;<\/p>\n<p>ECONLUX GmbH WEEE- Registrations-Nr.: DE 39263685<\/p>\n","protected":false},"excerpt":{"rendered":"<ul>\n<li>L\u00e1mparas UV para terrarios de desierto y selva tropical<\/li>\n<li>Amplio espectro UVA y UVB<\/li>\n<li>Soluci\u00f3n completa: luz, UV y calor<\/li>\n<li>Iluminaci\u00f3n durante todo el d\u00eda<\/li>\n<li>Balastro electr\u00f3nico (ECG) necesario para la potencia respectiva<\/li>\n<li>Funcionamiento \u00f3ptimo con <a href=\"https:\/\/petcare.econlux.de\/es\/producto\/solar-raptor-balastros\/\" target=\"_blank\" rel=\"noopener\">ECG<\/a> y <a href=\"https:\/\/petcare.econlux.de\/es\/producto\/solar-raptor-clamplamp\/\" target=\"_blank\" rel=\"noopener\">pinzas amperim\u00e9tricas<\/a> SOLAR RAPTOR<\/li>\n<\/ul>\n","protected":false},"featured_media":35266,"comment_status":"closed","ping_status":"closed","template":"","meta":[],"product_brand":[],"product_cat":[847,834],"product_tag":[893,947,892,891,890,889,888],"class_list":{"0":"post-32540","1":"product","2":"type-product","3":"status-publish","4":"has-post-thumbnail","6":"product_cat-lamparas-uv","7":"product_cat-solar-raptor-es","8":"product_tag-uvb-es","9":"product_tag-lamparas-uv","10":"product_tag-uva-es","11":"product_tag-radiacion-uv","12":"product_tag-luz-uv","13":"product_tag-lampara-uv","14":"product_tag-terraristica","16":"first","17":"instock","18":"taxable","19":"shipping-taxable","20":"purchasable","21":"product-type-variable"},"yoast_head":"<!-- This site is optimized with the Yoast SEO plugin v27.4 - https:\/\/yoast.com\/product\/yoast-seo-wordpress\/ -->\n<title>L\u00e1mpara UV HID SOLAR RAPTOR<\/title>\n<meta name=\"description\" content=\"Las l\u00e1mparas HID UV SOLAR RAPTOR\u00ae son una soluci\u00f3n completa \u00f3ptima para los animales diurnos del terrario que necesitan una luz similar a la del sol, con radiaci\u00f3n UV y calor.\" \/>\n<meta name=\"robots\" content=\"index, follow, max-snippet:-1, max-image-preview:large, max-video-preview:-1\" \/>\n<link rel=\"canonical\" href=\"https:\/\/petcare.econlux.de\/es\/producto\/lampara-uv-hid-solar-raptor\/\" \/>\n<meta property=\"og:locale\" content=\"es_ES\" \/>\n<meta property=\"og:type\" content=\"article\" \/>\n<meta property=\"og:title\" content=\"L\u00e1mpara UV HID SOLAR RAPTOR\" \/>\n<meta property=\"og:description\" content=\"Las l\u00e1mparas HID UV SOLAR RAPTOR\u00ae son una soluci\u00f3n completa \u00f3ptima para los animales diurnos del terrario que necesitan una luz similar a la del sol, con radiaci\u00f3n UV y calor.\" \/>\n<meta property=\"og:url\" content=\"https:\/\/petcare.econlux.de\/es\/producto\/lampara-uv-hid-solar-raptor\/\" \/>\n<meta property=\"og:site_name\" content=\"ECONLUX GmbH PetCare\" \/>\n<meta property=\"article:modified_time\" content=\"2025-12-15T10:27:43+00:00\" \/>\n<meta property=\"og:image\" content=\"https:\/\/petcare.econlux.de\/wp-content\/uploads\/2025\/06\/00013000_HID_Lamp_Vater.1_transparent.webp\" \/>\n\t<meta property=\"og:image:width\" content=\"768\" \/>\n\t<meta property=\"og:image:height\" content=\"768\" \/>\n\t<meta property=\"og:image:type\" content=\"image\/webp\" \/>\n<meta name=\"twitter:card\" content=\"summary_large_image\" \/>\n<meta name=\"twitter:label1\" content=\"Tiempo de lectura\" \/>\n\t<meta name=\"twitter:data1\" content=\"5 minutos\" \/>\n<script type=\"application\/ld+json\" class=\"yoast-schema-graph\">{\"@context\":\"https:\\\/\\\/schema.org\",\"@graph\":[{\"@type\":\"WebPage\",\"@id\":\"https:\\\/\\\/petcare.econlux.de\\\/es\\\/producto\\\/lampara-uv-hid-solar-raptor\\\/\",\"url\":\"https:\\\/\\\/petcare.econlux.de\\\/es\\\/producto\\\/lampara-uv-hid-solar-raptor\\\/\",\"name\":\"L\u00e1mpara UV HID SOLAR RAPTOR\",\"isPartOf\":{\"@id\":\"https:\\\/\\\/petcare.econlux.de\\\/es\\\/#website\"},\"primaryImageOfPage\":{\"@id\":\"https:\\\/\\\/petcare.econlux.de\\\/es\\\/producto\\\/lampara-uv-hid-solar-raptor\\\/#primaryimage\"},\"image\":{\"@id\":\"https:\\\/\\\/petcare.econlux.de\\\/es\\\/producto\\\/lampara-uv-hid-solar-raptor\\\/#primaryimage\"},\"thumbnailUrl\":\"https:\\\/\\\/petcare.econlux.de\\\/wp-content\\\/uploads\\\/2025\\\/06\\\/00013000_HID_Lamp_Vater.1_transparent.webp\",\"datePublished\":\"2024-09-12T13:39:39+00:00\",\"dateModified\":\"2025-12-15T10:27:43+00:00\",\"description\":\"Las l\u00e1mparas HID UV SOLAR RAPTOR\u00ae son una soluci\u00f3n completa \u00f3ptima para los animales diurnos del terrario que necesitan una luz similar a la del sol, con radiaci\u00f3n UV y calor.\",\"breadcrumb\":{\"@id\":\"https:\\\/\\\/petcare.econlux.de\\\/es\\\/producto\\\/lampara-uv-hid-solar-raptor\\\/#breadcrumb\"},\"inLanguage\":\"es\",\"potentialAction\":[{\"@type\":\"ReadAction\",\"target\":[\"https:\\\/\\\/petcare.econlux.de\\\/es\\\/producto\\\/lampara-uv-hid-solar-raptor\\\/\"]}]},{\"@type\":\"ImageObject\",\"inLanguage\":\"es\",\"@id\":\"https:\\\/\\\/petcare.econlux.de\\\/es\\\/producto\\\/lampara-uv-hid-solar-raptor\\\/#primaryimage\",\"url\":\"https:\\\/\\\/petcare.econlux.de\\\/wp-content\\\/uploads\\\/2025\\\/06\\\/00013000_HID_Lamp_Vater.1_transparent.webp\",\"contentUrl\":\"https:\\\/\\\/petcare.econlux.de\\\/wp-content\\\/uploads\\\/2025\\\/06\\\/00013000_HID_Lamp_Vater.1_transparent.webp\",\"width\":768,\"height\":768},{\"@type\":\"BreadcrumbList\",\"@id\":\"https:\\\/\\\/petcare.econlux.de\\\/es\\\/producto\\\/lampara-uv-hid-solar-raptor\\\/#breadcrumb\",\"itemListElement\":[{\"@type\":\"ListItem\",\"position\":1,\"name\":\"Startseite\",\"item\":\"https:\\\/\\\/petcare.econlux.de\\\/es\\\/\"},{\"@type\":\"ListItem\",\"position\":2,\"name\":\"Productos\",\"item\":\"https:\\\/\\\/petcare.econlux.de\\\/es\\\/productos\\\/\"},{\"@type\":\"ListItem\",\"position\":3,\"name\":\"L\u00e1mpara UV HID SOLAR RAPTOR\"}]},{\"@type\":\"WebSite\",\"@id\":\"https:\\\/\\\/petcare.econlux.de\\\/es\\\/#website\",\"url\":\"https:\\\/\\\/petcare.econlux.de\\\/es\\\/\",\"name\":\"ECONLUX GmbH PetCare\",\"description\":\"\",\"potentialAction\":[{\"@type\":\"SearchAction\",\"target\":{\"@type\":\"EntryPoint\",\"urlTemplate\":\"https:\\\/\\\/petcare.econlux.de\\\/es\\\/?s={search_term_string}\"},\"query-input\":{\"@type\":\"PropertyValueSpecification\",\"valueRequired\":true,\"valueName\":\"search_term_string\"}}],\"inLanguage\":\"es\"}]}<\/script>\n<!-- \/ Yoast SEO plugin. -->","yoast_head_json":{"title":"L\u00e1mpara UV HID SOLAR RAPTOR","description":"Las l\u00e1mparas HID UV SOLAR RAPTOR\u00ae son una soluci\u00f3n completa \u00f3ptima para los animales diurnos del terrario que necesitan una luz similar a la del sol, con radiaci\u00f3n UV y calor.","robots":{"index":"index","follow":"follow","max-snippet":"max-snippet:-1","max-image-preview":"max-image-preview:large","max-video-preview":"max-video-preview:-1"},"canonical":"https:\/\/petcare.econlux.de\/es\/producto\/lampara-uv-hid-solar-raptor\/","og_locale":"es_ES","og_type":"article","og_title":"L\u00e1mpara UV HID SOLAR RAPTOR","og_description":"Las l\u00e1mparas HID UV SOLAR RAPTOR\u00ae son una soluci\u00f3n completa \u00f3ptima para los animales diurnos del terrario que necesitan una luz similar a la del sol, con radiaci\u00f3n UV y calor.","og_url":"https:\/\/petcare.econlux.de\/es\/producto\/lampara-uv-hid-solar-raptor\/","og_site_name":"ECONLUX GmbH PetCare","article_modified_time":"2025-12-15T10:27:43+00:00","og_image":[{"width":768,"height":768,"url":"https:\/\/petcare.econlux.de\/wp-content\/uploads\/2025\/06\/00013000_HID_Lamp_Vater.1_transparent.webp","type":"image\/webp"}],"twitter_card":"summary_large_image","twitter_misc":{"Tiempo de lectura":"5 minutos"},"schema":{"@context":"https:\/\/schema.org","@graph":[{"@type":"WebPage","@id":"https:\/\/petcare.econlux.de\/es\/producto\/lampara-uv-hid-solar-raptor\/","url":"https:\/\/petcare.econlux.de\/es\/producto\/lampara-uv-hid-solar-raptor\/","name":"L\u00e1mpara UV HID SOLAR RAPTOR","isPartOf":{"@id":"https:\/\/petcare.econlux.de\/es\/#website"},"primaryImageOfPage":{"@id":"https:\/\/petcare.econlux.de\/es\/producto\/lampara-uv-hid-solar-raptor\/#primaryimage"},"image":{"@id":"https:\/\/petcare.econlux.de\/es\/producto\/lampara-uv-hid-solar-raptor\/#primaryimage"},"thumbnailUrl":"https:\/\/petcare.econlux.de\/wp-content\/uploads\/2025\/06\/00013000_HID_Lamp_Vater.1_transparent.webp","datePublished":"2024-09-12T13:39:39+00:00","dateModified":"2025-12-15T10:27:43+00:00","description":"Las l\u00e1mparas HID UV SOLAR RAPTOR\u00ae son una soluci\u00f3n completa \u00f3ptima para los animales diurnos del terrario que necesitan una luz similar a la del sol, con radiaci\u00f3n UV y calor.","breadcrumb":{"@id":"https:\/\/petcare.econlux.de\/es\/producto\/lampara-uv-hid-solar-raptor\/#breadcrumb"},"inLanguage":"es","potentialAction":[{"@type":"ReadAction","target":["https:\/\/petcare.econlux.de\/es\/producto\/lampara-uv-hid-solar-raptor\/"]}]},{"@type":"ImageObject","inLanguage":"es","@id":"https:\/\/petcare.econlux.de\/es\/producto\/lampara-uv-hid-solar-raptor\/#primaryimage","url":"https:\/\/petcare.econlux.de\/wp-content\/uploads\/2025\/06\/00013000_HID_Lamp_Vater.1_transparent.webp","contentUrl":"https:\/\/petcare.econlux.de\/wp-content\/uploads\/2025\/06\/00013000_HID_Lamp_Vater.1_transparent.webp","width":768,"height":768},{"@type":"BreadcrumbList","@id":"https:\/\/petcare.econlux.de\/es\/producto\/lampara-uv-hid-solar-raptor\/#breadcrumb","itemListElement":[{"@type":"ListItem","position":1,"name":"Startseite","item":"https:\/\/petcare.econlux.de\/es\/"},{"@type":"ListItem","position":2,"name":"Productos","item":"https:\/\/petcare.econlux.de\/es\/productos\/"},{"@type":"ListItem","position":3,"name":"L\u00e1mpara UV HID SOLAR RAPTOR"}]},{"@type":"WebSite","@id":"https:\/\/petcare.econlux.de\/es\/#website","url":"https:\/\/petcare.econlux.de\/es\/","name":"ECONLUX GmbH PetCare","description":"","potentialAction":[{"@type":"SearchAction","target":{"@type":"EntryPoint","urlTemplate":"https:\/\/petcare.econlux.de\/es\/?s={search_term_string}"},"query-input":{"@type":"PropertyValueSpecification","valueRequired":true,"valueName":"search_term_string"}}],"inLanguage":"es"}]}},"_links":{"self":[{"href":"https:\/\/petcare.econlux.de\/es\/wp-json\/wp\/v2\/product\/32540","targetHints":{"allow":["GET"]}}],"collection":[{"href":"https:\/\/petcare.econlux.de\/es\/wp-json\/wp\/v2\/product"}],"about":[{"href":"https:\/\/petcare.econlux.de\/es\/wp-json\/wp\/v2\/types\/product"}],"replies":[{"embeddable":true,"href":"https:\/\/petcare.econlux.de\/es\/wp-json\/wp\/v2\/comments?post=32540"}],"version-history":[{"count":2,"href":"https:\/\/petcare.econlux.de\/es\/wp-json\/wp\/v2\/product\/32540\/revisions"}],"predecessor-version":[{"id":35480,"href":"https:\/\/petcare.econlux.de\/es\/wp-json\/wp\/v2\/product\/32540\/revisions\/35480"}],"wp:featuredmedia":[{"embeddable":true,"href":"https:\/\/petcare.econlux.de\/es\/wp-json\/wp\/v2\/media\/35266"}],"wp:attachment":[{"href":"https:\/\/petcare.econlux.de\/es\/wp-json\/wp\/v2\/media?parent=32540"}],"wp:term":[{"taxonomy":"product_brand","embeddable":true,"href":"https:\/\/petcare.econlux.de\/es\/wp-json\/wp\/v2\/product_brand?post=32540"},{"taxonomy":"product_cat","embeddable":true,"href":"https:\/\/petcare.econlux.de\/es\/wp-json\/wp\/v2\/product_cat?post=32540"},{"taxonomy":"product_tag","embeddable":true,"href":"https:\/\/petcare.econlux.de\/es\/wp-json\/wp\/v2\/product_tag?post=32540"}],"curies":[{"name":"wp","href":"https:\/\/api.w.org\/{rel}","templated":true}]}}