{"id":32524,"date":"2024-09-12T15:44:10","date_gmt":"2024-09-12T13:44:10","guid":{"rendered":"https:\/\/petcare.econlux.de\/produkt\/solar-raptor-lightbar-pro-cable-de-techo\/"},"modified":"2025-06-26T16:01:52","modified_gmt":"2025-06-26T14:01:52","slug":"solar-raptor-lightbar-pro-cable-de-techo","status":"publish","type":"product","link":"https:\/\/petcare.econlux.de\/es\/producto\/solar-raptor-lightbar-pro-cable-de-techo\/","title":{"rendered":"SOLAR RAPTOR\u00ae LightBar Pro Cable de techo"},"content":{"rendered":"<p>La cuerda de techo SOLAR RAPTOR\u00ae LightBar Pro es un sistema de suspensi\u00f3n de cables especialmente desarrollado para la <a href=\"https:\/\/petcare.econlux.de\/es\/producto\/solar-raptor-lightbar-pro-2\/\" target=\"_blank\" rel=\"noopener\">SolarRaptor LightBar Pro<\/a>.<\/p>\n<p>Con el Cable de Techo LightBar Pro, la <a href=\"https:\/\/petcare.econlux.de\/es\/producto\/solar-raptor-lightbar-pro-2\/\" target=\"_blank\" rel=\"noopener\">LightBar Pro<\/a> puede suspenderse del techo o de otros soportes adecuados. El Cable de Techo Pro permite un ajuste preciso e infinitamente variable de la altura de suspensi\u00f3n. Esta posibilidad de seleccionar cualquier altura (hasta la longitud m\u00e1xima de la suspensi\u00f3n) permite crear en todo momento la distancia \u00f3ptima entre la<a href=\"https:\/\/petcare.econlux.de\/es\/producto\/tubos-uvb-solar-raptor-t5\/\" target=\"_blank\" rel=\"noopener\"> iluminaci\u00f3n T5<\/a> y el animal correspondiente, incluso en las condiciones m\u00e1s variadas.  <\/p>\n<p>Adem\u00e1s, el soporte de acero inoxidable es especialmente discreto y moderno, y encaja perfectamente con la<a href=\"https:\/\/petcare.econlux.de\/es\/producto\/solar-raptor-lightbar-pro-2\/\" target=\"_blank\" rel=\"noopener\"> LightBar Pro.<\/a><\/p>\n","protected":false},"excerpt":{"rendered":"<p>La cuerda de techo SOLAR RAPTOR\u00ae LightBar Pro es un sistema de suspensi\u00f3n de cables especialmente desarrollado para la SolarRaptor<\/p>\n","protected":false},"featured_media":32525,"comment_status":"closed","ping_status":"closed","template":"","meta":[],"product_brand":[],"product_cat":[834,842],"product_tag":[],"class_list":{"0":"post-32524","1":"product","2":"type-product","3":"status-publish","4":"has-post-thumbnail","6":"product_cat-solar-raptor-es","7":"product_cat-accesorios-y-recambios","9":"first","10":"instock","11":"taxable","12":"shipping-taxable","13":"purchasable","14":"product-type-simple"},"yoast_head":"<!-- This site is optimized with the Yoast SEO plugin v27.4 - https:\/\/yoast.com\/product\/yoast-seo-wordpress\/ -->\n<title>SOLAR RAPTOR\u00ae LightBar Pro Cable de techo<\/title>\n<meta name=\"description\" content=\"El cable de techo SOLAR RAPTOR\u00ae LightBar Pro es un sistema de suspensi\u00f3n de cables especialmente desarrollado para la SolarRaptor LightBar Pro.\" \/>\n<meta name=\"robots\" content=\"index, follow, max-snippet:-1, max-image-preview:large, max-video-preview:-1\" \/>\n<link rel=\"canonical\" href=\"https:\/\/petcare.econlux.de\/es\/producto\/solar-raptor-lightbar-pro-cable-de-techo\/\" \/>\n<meta property=\"og:locale\" content=\"es_ES\" \/>\n<meta property=\"og:type\" content=\"article\" \/>\n<meta property=\"og:title\" content=\"SOLAR RAPTOR\u00ae LightBar Pro Cable de techo\" \/>\n<meta property=\"og:description\" content=\"El cable de techo SOLAR RAPTOR\u00ae LightBar Pro es un sistema de suspensi\u00f3n de cables especialmente desarrollado para la SolarRaptor LightBar Pro.\" \/>\n<meta property=\"og:url\" content=\"https:\/\/petcare.econlux.de\/es\/producto\/solar-raptor-lightbar-pro-cable-de-techo\/\" \/>\n<meta property=\"og:site_name\" content=\"ECONLUX GmbH PetCare\" \/>\n<meta property=\"article:modified_time\" content=\"2025-06-26T14:01:52+00:00\" \/>\n<meta property=\"og:image\" content=\"https:\/\/petcare.econlux.de\/wp-content\/uploads\/2024\/09\/00013765_LightBar_Pro_Ceiling_Rope_transparent.png\" \/>\n\t<meta property=\"og:image:width\" content=\"1000\" \/>\n\t<meta property=\"og:image:height\" content=\"1000\" \/>\n\t<meta property=\"og:image:type\" content=\"image\/png\" \/>\n<meta name=\"twitter:card\" content=\"summary_large_image\" \/>\n<meta name=\"twitter:label1\" content=\"Tiempo de lectura\" \/>\n\t<meta name=\"twitter:data1\" content=\"1 minuto\" \/>\n<script type=\"application\/ld+json\" class=\"yoast-schema-graph\">{\"@context\":\"https:\\\/\\\/schema.org\",\"@graph\":[{\"@type\":\"WebPage\",\"@id\":\"https:\\\/\\\/petcare.econlux.de\\\/es\\\/producto\\\/solar-raptor-lightbar-pro-cable-de-techo\\\/\",\"url\":\"https:\\\/\\\/petcare.econlux.de\\\/es\\\/producto\\\/solar-raptor-lightbar-pro-cable-de-techo\\\/\",\"name\":\"SOLAR RAPTOR\u00ae LightBar Pro Cable de techo\",\"isPartOf\":{\"@id\":\"https:\\\/\\\/petcare.econlux.de\\\/es\\\/#website\"},\"primaryImageOfPage\":{\"@id\":\"https:\\\/\\\/petcare.econlux.de\\\/es\\\/producto\\\/solar-raptor-lightbar-pro-cable-de-techo\\\/#primaryimage\"},\"image\":{\"@id\":\"https:\\\/\\\/petcare.econlux.de\\\/es\\\/producto\\\/solar-raptor-lightbar-pro-cable-de-techo\\\/#primaryimage\"},\"thumbnailUrl\":\"https:\\\/\\\/petcare.econlux.de\\\/wp-content\\\/uploads\\\/2024\\\/09\\\/00013765_LightBar_Pro_Ceiling_Rope_transparent.png\",\"datePublished\":\"2024-09-12T13:44:10+00:00\",\"dateModified\":\"2025-06-26T14:01:52+00:00\",\"description\":\"El cable de techo SOLAR RAPTOR\u00ae LightBar Pro es un sistema de suspensi\u00f3n de cables especialmente desarrollado para la SolarRaptor LightBar Pro.\",\"breadcrumb\":{\"@id\":\"https:\\\/\\\/petcare.econlux.de\\\/es\\\/producto\\\/solar-raptor-lightbar-pro-cable-de-techo\\\/#breadcrumb\"},\"inLanguage\":\"es\",\"potentialAction\":[{\"@type\":\"ReadAction\",\"target\":[\"https:\\\/\\\/petcare.econlux.de\\\/es\\\/producto\\\/solar-raptor-lightbar-pro-cable-de-techo\\\/\"]}]},{\"@type\":\"ImageObject\",\"inLanguage\":\"es\",\"@id\":\"https:\\\/\\\/petcare.econlux.de\\\/es\\\/producto\\\/solar-raptor-lightbar-pro-cable-de-techo\\\/#primaryimage\",\"url\":\"https:\\\/\\\/petcare.econlux.de\\\/wp-content\\\/uploads\\\/2024\\\/09\\\/00013765_LightBar_Pro_Ceiling_Rope_transparent.png\",\"contentUrl\":\"https:\\\/\\\/petcare.econlux.de\\\/wp-content\\\/uploads\\\/2024\\\/09\\\/00013765_LightBar_Pro_Ceiling_Rope_transparent.png\",\"width\":1000,\"height\":1000},{\"@type\":\"BreadcrumbList\",\"@id\":\"https:\\\/\\\/petcare.econlux.de\\\/es\\\/producto\\\/solar-raptor-lightbar-pro-cable-de-techo\\\/#breadcrumb\",\"itemListElement\":[{\"@type\":\"ListItem\",\"position\":1,\"name\":\"Startseite\",\"item\":\"https:\\\/\\\/petcare.econlux.de\\\/es\\\/\"},{\"@type\":\"ListItem\",\"position\":2,\"name\":\"Productos\",\"item\":\"https:\\\/\\\/petcare.econlux.de\\\/es\\\/productos\\\/\"},{\"@type\":\"ListItem\",\"position\":3,\"name\":\"SOLAR RAPTOR\u00ae LightBar Pro Cable de techo\"}]},{\"@type\":\"WebSite\",\"@id\":\"https:\\\/\\\/petcare.econlux.de\\\/es\\\/#website\",\"url\":\"https:\\\/\\\/petcare.econlux.de\\\/es\\\/\",\"name\":\"ECONLUX GmbH PetCare\",\"description\":\"\",\"potentialAction\":[{\"@type\":\"SearchAction\",\"target\":{\"@type\":\"EntryPoint\",\"urlTemplate\":\"https:\\\/\\\/petcare.econlux.de\\\/es\\\/?s={search_term_string}\"},\"query-input\":{\"@type\":\"PropertyValueSpecification\",\"valueRequired\":true,\"valueName\":\"search_term_string\"}}],\"inLanguage\":\"es\"}]}<\/script>\n<!-- \/ Yoast SEO plugin. -->","yoast_head_json":{"title":"SOLAR RAPTOR\u00ae LightBar Pro Cable de techo","description":"El cable de techo SOLAR RAPTOR\u00ae LightBar Pro es un sistema de suspensi\u00f3n de cables especialmente desarrollado para la SolarRaptor LightBar Pro.","robots":{"index":"index","follow":"follow","max-snippet":"max-snippet:-1","max-image-preview":"max-image-preview:large","max-video-preview":"max-video-preview:-1"},"canonical":"https:\/\/petcare.econlux.de\/es\/producto\/solar-raptor-lightbar-pro-cable-de-techo\/","og_locale":"es_ES","og_type":"article","og_title":"SOLAR RAPTOR\u00ae LightBar Pro Cable de techo","og_description":"El cable de techo SOLAR RAPTOR\u00ae LightBar Pro es un sistema de suspensi\u00f3n de cables especialmente desarrollado para la SolarRaptor LightBar Pro.","og_url":"https:\/\/petcare.econlux.de\/es\/producto\/solar-raptor-lightbar-pro-cable-de-techo\/","og_site_name":"ECONLUX GmbH PetCare","article_modified_time":"2025-06-26T14:01:52+00:00","og_image":[{"width":1000,"height":1000,"url":"https:\/\/petcare.econlux.de\/wp-content\/uploads\/2024\/09\/00013765_LightBar_Pro_Ceiling_Rope_transparent.png","type":"image\/png"}],"twitter_card":"summary_large_image","twitter_misc":{"Tiempo de lectura":"1 minuto"},"schema":{"@context":"https:\/\/schema.org","@graph":[{"@type":"WebPage","@id":"https:\/\/petcare.econlux.de\/es\/producto\/solar-raptor-lightbar-pro-cable-de-techo\/","url":"https:\/\/petcare.econlux.de\/es\/producto\/solar-raptor-lightbar-pro-cable-de-techo\/","name":"SOLAR RAPTOR\u00ae LightBar Pro Cable de techo","isPartOf":{"@id":"https:\/\/petcare.econlux.de\/es\/#website"},"primaryImageOfPage":{"@id":"https:\/\/petcare.econlux.de\/es\/producto\/solar-raptor-lightbar-pro-cable-de-techo\/#primaryimage"},"image":{"@id":"https:\/\/petcare.econlux.de\/es\/producto\/solar-raptor-lightbar-pro-cable-de-techo\/#primaryimage"},"thumbnailUrl":"https:\/\/petcare.econlux.de\/wp-content\/uploads\/2024\/09\/00013765_LightBar_Pro_Ceiling_Rope_transparent.png","datePublished":"2024-09-12T13:44:10+00:00","dateModified":"2025-06-26T14:01:52+00:00","description":"El cable de techo SOLAR RAPTOR\u00ae LightBar Pro es un sistema de suspensi\u00f3n de cables especialmente desarrollado para la SolarRaptor LightBar Pro.","breadcrumb":{"@id":"https:\/\/petcare.econlux.de\/es\/producto\/solar-raptor-lightbar-pro-cable-de-techo\/#breadcrumb"},"inLanguage":"es","potentialAction":[{"@type":"ReadAction","target":["https:\/\/petcare.econlux.de\/es\/producto\/solar-raptor-lightbar-pro-cable-de-techo\/"]}]},{"@type":"ImageObject","inLanguage":"es","@id":"https:\/\/petcare.econlux.de\/es\/producto\/solar-raptor-lightbar-pro-cable-de-techo\/#primaryimage","url":"https:\/\/petcare.econlux.de\/wp-content\/uploads\/2024\/09\/00013765_LightBar_Pro_Ceiling_Rope_transparent.png","contentUrl":"https:\/\/petcare.econlux.de\/wp-content\/uploads\/2024\/09\/00013765_LightBar_Pro_Ceiling_Rope_transparent.png","width":1000,"height":1000},{"@type":"BreadcrumbList","@id":"https:\/\/petcare.econlux.de\/es\/producto\/solar-raptor-lightbar-pro-cable-de-techo\/#breadcrumb","itemListElement":[{"@type":"ListItem","position":1,"name":"Startseite","item":"https:\/\/petcare.econlux.de\/es\/"},{"@type":"ListItem","position":2,"name":"Productos","item":"https:\/\/petcare.econlux.de\/es\/productos\/"},{"@type":"ListItem","position":3,"name":"SOLAR RAPTOR\u00ae LightBar Pro Cable de techo"}]},{"@type":"WebSite","@id":"https:\/\/petcare.econlux.de\/es\/#website","url":"https:\/\/petcare.econlux.de\/es\/","name":"ECONLUX GmbH PetCare","description":"","potentialAction":[{"@type":"SearchAction","target":{"@type":"EntryPoint","urlTemplate":"https:\/\/petcare.econlux.de\/es\/?s={search_term_string}"},"query-input":{"@type":"PropertyValueSpecification","valueRequired":true,"valueName":"search_term_string"}}],"inLanguage":"es"}]}},"_links":{"self":[{"href":"https:\/\/petcare.econlux.de\/es\/wp-json\/wp\/v2\/product\/32524","targetHints":{"allow":["GET"]}}],"collection":[{"href":"https:\/\/petcare.econlux.de\/es\/wp-json\/wp\/v2\/product"}],"about":[{"href":"https:\/\/petcare.econlux.de\/es\/wp-json\/wp\/v2\/types\/product"}],"replies":[{"embeddable":true,"href":"https:\/\/petcare.econlux.de\/es\/wp-json\/wp\/v2\/comments?post=32524"}],"version-history":[{"count":1,"href":"https:\/\/petcare.econlux.de\/es\/wp-json\/wp\/v2\/product\/32524\/revisions"}],"predecessor-version":[{"id":33953,"href":"https:\/\/petcare.econlux.de\/es\/wp-json\/wp\/v2\/product\/32524\/revisions\/33953"}],"wp:featuredmedia":[{"embeddable":true,"href":"https:\/\/petcare.econlux.de\/es\/wp-json\/wp\/v2\/media\/32525"}],"wp:attachment":[{"href":"https:\/\/petcare.econlux.de\/es\/wp-json\/wp\/v2\/media?parent=32524"}],"wp:term":[{"taxonomy":"product_brand","embeddable":true,"href":"https:\/\/petcare.econlux.de\/es\/wp-json\/wp\/v2\/product_brand?post=32524"},{"taxonomy":"product_cat","embeddable":true,"href":"https:\/\/petcare.econlux.de\/es\/wp-json\/wp\/v2\/product_cat?post=32524"},{"taxonomy":"product_tag","embeddable":true,"href":"https:\/\/petcare.econlux.de\/es\/wp-json\/wp\/v2\/product_tag?post=32524"}],"curies":[{"name":"wp","href":"https:\/\/api.w.org\/{rel}","templated":true}]}}