{"id":32522,"date":"2024-09-12T15:39:38","date_gmt":"2024-09-12T13:39:38","guid":{"rendered":"https:\/\/petcare.econlux.de\/produkt\/solarmeter-6-5r-indice-uv-reptil\/"},"modified":"2026-03-04T12:26:08","modified_gmt":"2026-03-04T11:26:08","slug":"solarmeter-6-5r-indice-uv-reptil","status":"publish","type":"product","link":"https:\/\/petcare.econlux.de\/es\/producto\/solarmeter-6-5r-indice-uv-reptil\/","title":{"rendered":"Solarmeter\u00ae 6.5R \u00cdndice UV Reptil"},"content":{"rendered":"<ul>\n<li class=\"p1\"><strong>El medidor Solarmeter\u00ae 6,5R \u00cdndice UV Reptil mide en las longitudes de onda cruciales para los reptiles.<\/strong><\/li>\n<li class=\"p1\"><strong>Determina el \u00edndice UV actual y permite controlarlo a largo plazo.<\/strong><\/li>\n<\/ul>\n<p>El espectro de medici\u00f3n del \u00cdndice UV Solarmeter\u00ae 6,5R Reptil es muy similar al espectro efectivo para la <strong>formaci\u00f3n de vitamina D<\/strong>, por lo que es especialmente adecuado para terrarios. No se perciben\/ni miden las radiaciones UVA y UVB de onda larga, que no contribuyen a la formaci\u00f3n de vitamina D y tienen un menor efecto abrasador.<br \/>\nPor tanto, el medidor manual es muy adecuado para advertir de las l\u00e1mparas que, o bien tienen una radiaci\u00f3n de onda corta demasiado intensa, con alto riesgo de quemadura por UV, o bien emiten muy poca radiaci\u00f3n con efecto de vitamina D. Pero, \u00bfcuanta radiaci\u00f3n UVB necesita cada animal para poder producir la cantidad adecuada de vitamina D? Las zonas Ferguson ayudan a responder a esta pregunta.   <\/p>\n<table style=\"border: 1px solid #fff;\">\n<thead>\n<tr>\n<th style=\"background-color: #ddd; border: 1px solid #fff;\">Zona<\/th>\n<th style=\"background-color: #ddd; border: 1px solid #fff;\">Estilo de vida<\/th>\n<th style=\"background-color: #ddd; border: 1px solid #fff;\">Ejemplos de especies de reptiles<\/th>\n<th style=\"background-color: #ddd; border: 1px solid #fff;\">Rango del \u00edndice UV<\/th>\n<th style=\"background-color: #ddd; border: 1px solid #fff;\">\u00cdndice UV m\u00e1ximo<\/th>\n<\/tr>\n<\/thead>\n<tbody>\n<tr>\n<td style=\"background-color: #a2cbde; border: 1px solid #fff;\">G1<\/td>\n<td style=\"background-color: #a2cbde; border: 1px solid #fff;\">nocturno, sombra<\/td>\n<td style=\"background-color: #a2cbde; border: 1px solid #fff;\">Drag\u00f3n crestado, Gecko leopardo, Gecko Tokai, Pit\u00f3n de la India, Pit\u00f3n arbor\u00edcola verde, Serpientes reales, Pit\u00f3n reticulada, Iguana de Fiji, Serpiente del ma\u00edz, Pit\u00f3n alfombra<\/td>\n<td style=\"background-color: #a2cbde; border: 1px solid #fff;\">0,0 &#8211; 0,7<\/td>\n<td style=\"background-color: #a2cbde; border: 1px solid #fff;\">0,6 &#8211; 1,4<\/td>\n<\/tr>\n<tr>\n<td style=\"background-color: #99f683; border: 1px solid #fff;\">2<\/td>\n<td style=\"background-color: #99f683; border: 1px solid #fff;\">Ocasionalmente soleado, sombra parcial<\/td>\n<td style=\"background-color: #99f683; border: 1px solid #fff;\">Drag\u00f3n de agua australiano, Varano esmeralda, Anolis, Escinco gigante de Salom\u00f3n, Esliz\u00f3n envolvente, Camaleones pigmeos, Tortugas de caja, Tortuga carbonaria, Boa contrictora, Serpiente rata arbor\u00edcola, Serpiente jarretera, Serpiente de hocico de cerdo occidental, Esliz\u00f3n de lengua azul, Drag\u00f3n de agua verde, Camale\u00f3n pantera, Tortuga almizclera com\u00fan<\/td>\n<td style=\"background-color: #99f683; border: 1px solid #fff;\">0,7 &#8211; 1,0<\/td>\n<td style=\"background-color: #99f683; border: 1px solid #fff;\">1,1 &#8211; 3,0<\/td>\n<\/tr>\n<tr>\n<td style=\"background-color: #f7e85c; border: 1px solid #fff;\">v3<\/td>\n<td style=\"background-color: #f7e85c; border: 1px solid #fff;\">Sol de penumbra<\/td>\n<td style=\"background-color: #f7e85c; border: 1px solid #fff;\">Teju argentino, Lagarto de collar, Gecko diurno de Standing, Camale\u00f3n del Yemen, Tortuga estrellada, Tortuga pantera, Tortuga moteada, Pit\u00f3n diamante, Drag\u00f3n barbudo, Varano de la sabana, iguana verde, Tortuga ornamentada, Tortuga de mejillas rojas, Tortuga de espolones<\/td>\n<td style=\"background-color: #f7e85c; border: 1px solid #fff;\">1,0 &#8211; 2,6<\/td>\n<td style=\"background-color: #f7e85c; border: 1px solid #fff;\">2,9 &#8211; 7,4<\/td>\n<\/tr>\n<tr>\n<td style=\"background-color: #f69a52; border: 1px solid #fff;\">4<\/td>\n<td style=\"background-color: #f69a52; border: 1px solid #fff;\">Amantes del sol<\/td>\n<td style=\"background-color: #f69a52; border: 1px solid #fff;\">Chuckwallas, Uromastyx, iguana rinoceronte, lagarto cornudo de Texas<\/td>\n<td style=\"background-color: #f69a52; border: 1px solid #fff;\">2,6 &#8211; 3,5<\/td>\n<td style=\"background-color: #f69a52; border: 1px solid #fff;\">4,5 &#8211; 9,5<\/td>\n<\/tr>\n<\/tbody>\n<\/table>\n<p><strong>\u00bfQu\u00e9 es una Zona Ferguson?<\/strong><br \/>\nUtilizando el \u00cdndice UV Solarmeter\u00ae 6,5 original, un equipo de herpet\u00f3logos dirigido por el profesor Gary Ferguson, de la Universidad Cristiana de Texas, public\u00f3 en 2010 una investigaci\u00f3n que resum\u00eda la exposici\u00f3n diaria a los rayos UV de 15 especies de reptiles estudiadas en la naturaleza. Estas especies se agruparon en cuatro zonas, tambi\u00e9n denominadas \u00abZonas Ferguson\u00bb, seg\u00fan sus necesidades diarias de exposici\u00f3n al sol. En 2012, la Asociaci\u00f3n Brit\u00e1nica e Irlandesa de Zoos y Acuarios (BIAZA) se bas\u00f3 en la investigaci\u00f3n de Ferguson y elabor\u00f3 un documento en el que asignaba 254 especies de reptiles y anfibios a las Zonas Ferguson.  <\/p>\n<table>\n<tbody>\n<tr>\n<td><strong>Modelo:<\/strong><\/td>\n<td><strong>6.5R<\/strong><\/td>\n<\/tr>\n<tr>\n<td><strong>Rango de salida:<\/strong><\/td>\n<td><strong>0-199,9 \u00cdndice UV<\/strong><\/td>\n<\/tr>\n<tr>\n<td><strong>Rango de medici\u00f3n:<\/strong><\/td>\n<td><strong>280-400 nm Espectro de acci\u00f3n eritemal diferencial (corresponde aproximadamente al espectro de acci\u00f3n de la vitamina D)<\/strong><\/td>\n<\/tr>\n<tr>\n<td><strong>Resoluci\u00f3n:<\/strong><\/td>\n<td><strong>0,1 \u00cdndice UV<\/strong><\/td>\n<\/tr>\n<tr>\n<td><strong>Velocidad de conversi\u00f3n:<\/strong><\/td>\n<td><strong>3,0 visualizaciones\/seg.<\/strong><\/td>\n<\/tr>\n<tr>\n<td><strong>Pantalla:<\/strong><\/td>\n<td><strong>LCD de 3,5 d\u00edgitos<\/strong><\/td>\n<\/tr>\n<tr>\n<td><strong>Tama\u00f1o de los d\u00edgitos:<\/strong><\/td>\n<td><strong>10,2 mm de altura<\/strong><\/td>\n<\/tr>\n<tr>\n<td><strong>Temperatura de funcionamiento:<\/strong><\/td>\n<td><strong>0\u00b0C &#8211; 32,2\u00b0C<\/strong><\/td>\n<\/tr>\n<tr>\n<td><strong>Humedad de funcionamiento:<\/strong><\/td>\n<td><strong>5% &#8211; 80%<\/strong><\/td>\n<\/tr>\n<tr>\n<td><strong>Precisi\u00f3n:<\/strong><\/td>\n<td><strong>\u00b110% REF.NIST<\/strong><\/td>\n<\/tr>\n<tr>\n<td><strong>Dimensiones:<\/strong><\/td>\n<td><strong>L: 61 x An: 22 x Al: 108 mm<\/strong><\/td>\n<\/tr>\n<tr>\n<td><strong>Peso<\/strong><\/td>\n<td><strong>150 g<\/strong><\/td>\n<\/tr>\n<tr>\n<td><strong>Tensi\u00f3n de funcionamiento:<\/strong><\/td>\n<td><strong>9 V (pila bloque)<\/strong><\/td>\n<\/tr>\n<tr>\n<td><strong>Lente:<\/strong><\/td>\n<td><strong>Cristal UV<\/strong><\/td>\n<\/tr>\n<tr>\n<td><strong>Difusor:<\/strong><\/td>\n<td><strong>Tefl\u00f3n<\/strong><\/td>\n<\/tr>\n<\/tbody>\n<\/table>\n<p><img fetchpriority=\"high\" decoding=\"async\" class=\"alignnone wp-image-11781\" src=\"https:\/\/relaunch.econlux.de\/wp-content\/uploads\/2021\/04\/00010192_Solarmeter_6.5R_Reptile_UV_Index.jpg\" alt=\"\u00cdndice UV para Reptiles Solarmeter 6.5R, n\u00famero de art\u00edculo 00010192\" width=\"650\" height=\"650\"><\/p>\n<p><strong>Funcionamiento del medidor:<\/strong><br \/>\nPara hacer funcionar tu Solarmeter\u00ae , apunta con la ventana del sensor situada en la parte superior del medidor directamente a una fuente UV. Mant\u00e9n pulsado el interruptor de presi\u00f3n situado en la parte frontal del medidor. <br \/>  Para obtener mejores resultados, tenga en cuenta la distancia de la medici\u00f3n desde la fuente UV para garantizar resultados repetibles.<\/p>\n<p>El voltaje de funcionamiento de la bater\u00eda es ajustable desde 9 V hasta 6,5 \u200b\u200bV. Por debajo de 6,5 V, los n\u00fameros en la pantalla LCD comienzan a desvanecerse, lo que indica la necesidad de reemplazar la bater\u00eda. Con una carga operativa t\u00edpica, una bater\u00eda est\u00e1ndar de 9 V dura aproximadamente 2 a\u00f1os. <\/p>\n<p><strong>U so correcto del Solarmeter\u00ae:<\/strong><\/p>\n<ul>\n<li>Utiliza protecci\u00f3n ocular cuando compruebes las l\u00e1mparas UV (lo ideal son unas gafas que ofrezcan protecci\u00f3n total)<\/li>\n<li>Deja que las l\u00e1mparas se calienten antes de realizar las mediciones (al menos 15 minutos) .<\/li>\n<li>Al comprobar el envejecimiento de la l\u00e1mpara, aseg\u00farese de utilizar la misma ubicaci\u00f3n y distancia para garantizar lecturas precisas<\/li>\n<li>Las l\u00e1mparas deben reemplazarse cuando la potencia caiga a aproximadamente el 50% de las lecturas originales (nuevas).<\/li>\n<\/ul>\n<p><strong>Cuidado y mantenimiento:<\/strong><\/p>\n<ul>\n<li>No expongas el aparato de medici\u00f3n a temperaturas extremas, humedad, golpes o polvo. \u2022 Si el medidor se expone accidentalmente a condiciones extremas de humedad o humedad, pueden producirse lecturas anormalmente altas. \u2022 Permitir que el medidor se seque naturalmente o colocarlo en una bolsa con silicato restaurar\u00e1 su funcionamiento normal.<\/li>\n<li>Utiliza un pa\u00f1o muy suave para limpiar el medidor. Mant\u00e9n el sensor libre de aceite, suciedad, etc. <\/li>\n<\/ul>\n<p><iframe title=\"Solarmeter\u00ae Model 6.5R Reptile UV Index Meter\" width=\"500\" height=\"281\" src=\"https:\/\/www.youtube.com\/embed\/z28yeELf7_E?feature=oembed\" frameborder=\"0\" allow=\"accelerometer; autoplay; clipboard-write; encrypted-media; gyroscope; picture-in-picture; web-share\" referrerpolicy=\"strict-origin-when-cross-origin\" allowfullscreen><\/iframe><\/p>\n","protected":false},"excerpt":{"rendered":"<ul class=\"product--bullets\">\n<li>\nGama espectral ponderada eritem\u00e1ticamente para corresponder al espectro de acci\u00f3n de la vitamina D en los reptiles<\/li>\n<li>Diagrama de zonas de Ferguson en la parte delantera para facilitar la orientaci\u00f3n<\/li>\n<li>Compacto, manejable y duradero<\/li>\n<li>Manejo sencillo con una sola mano<\/li>\n<li>Precisi\u00f3n trazable al NIST<\/li>\n<li>Funciona con pilas<\/li>\n<li>Pantalla LCD<\/li>\n<li>Fabricado en EE.UU.<\/li>\n<\/ul>\n","protected":false},"featured_media":32739,"comment_status":"closed","ping_status":"closed","template":"","meta":[],"product_brand":[],"product_cat":[836,849],"product_tag":[888,926,927],"class_list":{"0":"post-32522","1":"product","2":"type-product","3":"status-publish","4":"has-post-thumbnail","6":"product_cat-solarmeter-es","7":"product_cat-medidores","8":"product_tag-terraristica","9":"product_tag-aparato-manual-de-medicion","10":"product_tag-medidor-de-radiacion","12":"first","13":"instock","14":"taxable","15":"shipping-taxable","16":"purchasable","17":"product-type-simple"},"yoast_head":"<!-- This site is optimized with the Yoast SEO plugin v27.4 - https:\/\/yoast.com\/product\/yoast-seo-wordpress\/ -->\n<title>Solarmeter\u00ae 6.5R \u00cdndice UV Reptil - ECONLUX GmbH PetCare<\/title>\n<meta name=\"robots\" content=\"index, follow, max-snippet:-1, max-image-preview:large, max-video-preview:-1\" \/>\n<link rel=\"canonical\" href=\"https:\/\/petcare.econlux.de\/es\/producto\/solarmeter-6-5r-indice-uv-reptil\/\" \/>\n<meta property=\"og:locale\" content=\"es_ES\" \/>\n<meta property=\"og:type\" content=\"article\" \/>\n<meta property=\"og:title\" content=\"Solarmeter\u00ae 6.5R \u00cdndice UV Reptil - ECONLUX GmbH PetCare\" \/>\n<meta property=\"og:description\" content=\"Gama espectral ponderada eritem\u00e1ticamente para corresponder al espectro de acci\u00f3n de la vitamina D en los reptiles  Diagrama de zonas de Ferguson en la parte delantera para facilitar la orientaci\u00f3n  Compacto, manejable y duradero  Manejo sencillo con una sola mano  Precisi\u00f3n trazable al NIST  Funciona con pilas  Pantalla LCD  Fabricado en EE.UU.\" \/>\n<meta property=\"og:url\" content=\"https:\/\/petcare.econlux.de\/es\/producto\/solarmeter-6-5r-indice-uv-reptil\/\" \/>\n<meta property=\"og:site_name\" content=\"ECONLUX GmbH PetCare\" \/>\n<meta property=\"article:modified_time\" content=\"2026-03-04T11:26:08+00:00\" \/>\n<meta property=\"og:image\" content=\"https:\/\/petcare.econlux.de\/wp-content\/uploads\/2024\/09\/00010192_Solarmeter_6.5R_Reptile_UV_Index_1.webp\" \/>\n\t<meta property=\"og:image:width\" content=\"1000\" \/>\n\t<meta property=\"og:image:height\" content=\"1000\" \/>\n\t<meta property=\"og:image:type\" content=\"image\/webp\" \/>\n<meta name=\"twitter:card\" content=\"summary_large_image\" \/>\n<meta name=\"twitter:label1\" content=\"Tiempo de lectura\" \/>\n\t<meta name=\"twitter:data1\" content=\"4 minutos\" \/>\n<script type=\"application\/ld+json\" class=\"yoast-schema-graph\">{\"@context\":\"https:\\\/\\\/schema.org\",\"@graph\":[{\"@type\":\"WebPage\",\"@id\":\"https:\\\/\\\/petcare.econlux.de\\\/es\\\/producto\\\/solarmeter-6-5r-indice-uv-reptil\\\/\",\"url\":\"https:\\\/\\\/petcare.econlux.de\\\/es\\\/producto\\\/solarmeter-6-5r-indice-uv-reptil\\\/\",\"name\":\"Solarmeter\u00ae 6.5R \u00cdndice UV Reptil - ECONLUX GmbH PetCare\",\"isPartOf\":{\"@id\":\"https:\\\/\\\/petcare.econlux.de\\\/es\\\/#website\"},\"primaryImageOfPage\":{\"@id\":\"https:\\\/\\\/petcare.econlux.de\\\/es\\\/producto\\\/solarmeter-6-5r-indice-uv-reptil\\\/#primaryimage\"},\"image\":{\"@id\":\"https:\\\/\\\/petcare.econlux.de\\\/es\\\/producto\\\/solarmeter-6-5r-indice-uv-reptil\\\/#primaryimage\"},\"thumbnailUrl\":\"https:\\\/\\\/petcare.econlux.de\\\/wp-content\\\/uploads\\\/2024\\\/09\\\/00010192_Solarmeter_6.5R_Reptile_UV_Index_1.webp\",\"datePublished\":\"2024-09-12T13:39:38+00:00\",\"dateModified\":\"2026-03-04T11:26:08+00:00\",\"breadcrumb\":{\"@id\":\"https:\\\/\\\/petcare.econlux.de\\\/es\\\/producto\\\/solarmeter-6-5r-indice-uv-reptil\\\/#breadcrumb\"},\"inLanguage\":\"es\",\"potentialAction\":[{\"@type\":\"ReadAction\",\"target\":[\"https:\\\/\\\/petcare.econlux.de\\\/es\\\/producto\\\/solarmeter-6-5r-indice-uv-reptil\\\/\"]}]},{\"@type\":\"ImageObject\",\"inLanguage\":\"es\",\"@id\":\"https:\\\/\\\/petcare.econlux.de\\\/es\\\/producto\\\/solarmeter-6-5r-indice-uv-reptil\\\/#primaryimage\",\"url\":\"https:\\\/\\\/petcare.econlux.de\\\/wp-content\\\/uploads\\\/2024\\\/09\\\/00010192_Solarmeter_6.5R_Reptile_UV_Index_1.webp\",\"contentUrl\":\"https:\\\/\\\/petcare.econlux.de\\\/wp-content\\\/uploads\\\/2024\\\/09\\\/00010192_Solarmeter_6.5R_Reptile_UV_Index_1.webp\",\"width\":1000,\"height\":1000,\"caption\":\"00010192_Solarmeter_6.5R_Reptile_UV_Index_1.webp\"},{\"@type\":\"BreadcrumbList\",\"@id\":\"https:\\\/\\\/petcare.econlux.de\\\/es\\\/producto\\\/solarmeter-6-5r-indice-uv-reptil\\\/#breadcrumb\",\"itemListElement\":[{\"@type\":\"ListItem\",\"position\":1,\"name\":\"Startseite\",\"item\":\"https:\\\/\\\/petcare.econlux.de\\\/es\\\/\"},{\"@type\":\"ListItem\",\"position\":2,\"name\":\"Productos\",\"item\":\"https:\\\/\\\/petcare.econlux.de\\\/es\\\/productos\\\/\"},{\"@type\":\"ListItem\",\"position\":3,\"name\":\"Solarmeter\u00ae 6.5R \u00cdndice UV Reptil\"}]},{\"@type\":\"WebSite\",\"@id\":\"https:\\\/\\\/petcare.econlux.de\\\/es\\\/#website\",\"url\":\"https:\\\/\\\/petcare.econlux.de\\\/es\\\/\",\"name\":\"ECONLUX GmbH PetCare\",\"description\":\"\",\"potentialAction\":[{\"@type\":\"SearchAction\",\"target\":{\"@type\":\"EntryPoint\",\"urlTemplate\":\"https:\\\/\\\/petcare.econlux.de\\\/es\\\/?s={search_term_string}\"},\"query-input\":{\"@type\":\"PropertyValueSpecification\",\"valueRequired\":true,\"valueName\":\"search_term_string\"}}],\"inLanguage\":\"es\"}]}<\/script>\n<!-- \/ Yoast SEO plugin. -->","yoast_head_json":{"title":"Solarmeter\u00ae 6.5R \u00cdndice UV Reptil - ECONLUX GmbH PetCare","robots":{"index":"index","follow":"follow","max-snippet":"max-snippet:-1","max-image-preview":"max-image-preview:large","max-video-preview":"max-video-preview:-1"},"canonical":"https:\/\/petcare.econlux.de\/es\/producto\/solarmeter-6-5r-indice-uv-reptil\/","og_locale":"es_ES","og_type":"article","og_title":"Solarmeter\u00ae 6.5R \u00cdndice UV Reptil - ECONLUX GmbH PetCare","og_description":"Gama espectral ponderada eritem\u00e1ticamente para corresponder al espectro de acci\u00f3n de la vitamina D en los reptiles  Diagrama de zonas de Ferguson en la parte delantera para facilitar la orientaci\u00f3n  Compacto, manejable y duradero  Manejo sencillo con una sola mano  Precisi\u00f3n trazable al NIST  Funciona con pilas  Pantalla LCD  Fabricado en EE.UU.","og_url":"https:\/\/petcare.econlux.de\/es\/producto\/solarmeter-6-5r-indice-uv-reptil\/","og_site_name":"ECONLUX GmbH PetCare","article_modified_time":"2026-03-04T11:26:08+00:00","og_image":[{"width":1000,"height":1000,"url":"https:\/\/petcare.econlux.de\/wp-content\/uploads\/2024\/09\/00010192_Solarmeter_6.5R_Reptile_UV_Index_1.webp","type":"image\/webp"}],"twitter_card":"summary_large_image","twitter_misc":{"Tiempo de lectura":"4 minutos"},"schema":{"@context":"https:\/\/schema.org","@graph":[{"@type":"WebPage","@id":"https:\/\/petcare.econlux.de\/es\/producto\/solarmeter-6-5r-indice-uv-reptil\/","url":"https:\/\/petcare.econlux.de\/es\/producto\/solarmeter-6-5r-indice-uv-reptil\/","name":"Solarmeter\u00ae 6.5R \u00cdndice UV Reptil - ECONLUX GmbH PetCare","isPartOf":{"@id":"https:\/\/petcare.econlux.de\/es\/#website"},"primaryImageOfPage":{"@id":"https:\/\/petcare.econlux.de\/es\/producto\/solarmeter-6-5r-indice-uv-reptil\/#primaryimage"},"image":{"@id":"https:\/\/petcare.econlux.de\/es\/producto\/solarmeter-6-5r-indice-uv-reptil\/#primaryimage"},"thumbnailUrl":"https:\/\/petcare.econlux.de\/wp-content\/uploads\/2024\/09\/00010192_Solarmeter_6.5R_Reptile_UV_Index_1.webp","datePublished":"2024-09-12T13:39:38+00:00","dateModified":"2026-03-04T11:26:08+00:00","breadcrumb":{"@id":"https:\/\/petcare.econlux.de\/es\/producto\/solarmeter-6-5r-indice-uv-reptil\/#breadcrumb"},"inLanguage":"es","potentialAction":[{"@type":"ReadAction","target":["https:\/\/petcare.econlux.de\/es\/producto\/solarmeter-6-5r-indice-uv-reptil\/"]}]},{"@type":"ImageObject","inLanguage":"es","@id":"https:\/\/petcare.econlux.de\/es\/producto\/solarmeter-6-5r-indice-uv-reptil\/#primaryimage","url":"https:\/\/petcare.econlux.de\/wp-content\/uploads\/2024\/09\/00010192_Solarmeter_6.5R_Reptile_UV_Index_1.webp","contentUrl":"https:\/\/petcare.econlux.de\/wp-content\/uploads\/2024\/09\/00010192_Solarmeter_6.5R_Reptile_UV_Index_1.webp","width":1000,"height":1000,"caption":"00010192_Solarmeter_6.5R_Reptile_UV_Index_1.webp"},{"@type":"BreadcrumbList","@id":"https:\/\/petcare.econlux.de\/es\/producto\/solarmeter-6-5r-indice-uv-reptil\/#breadcrumb","itemListElement":[{"@type":"ListItem","position":1,"name":"Startseite","item":"https:\/\/petcare.econlux.de\/es\/"},{"@type":"ListItem","position":2,"name":"Productos","item":"https:\/\/petcare.econlux.de\/es\/productos\/"},{"@type":"ListItem","position":3,"name":"Solarmeter\u00ae 6.5R \u00cdndice UV Reptil"}]},{"@type":"WebSite","@id":"https:\/\/petcare.econlux.de\/es\/#website","url":"https:\/\/petcare.econlux.de\/es\/","name":"ECONLUX GmbH PetCare","description":"","potentialAction":[{"@type":"SearchAction","target":{"@type":"EntryPoint","urlTemplate":"https:\/\/petcare.econlux.de\/es\/?s={search_term_string}"},"query-input":{"@type":"PropertyValueSpecification","valueRequired":true,"valueName":"search_term_string"}}],"inLanguage":"es"}]}},"_links":{"self":[{"href":"https:\/\/petcare.econlux.de\/es\/wp-json\/wp\/v2\/product\/32522","targetHints":{"allow":["GET"]}}],"collection":[{"href":"https:\/\/petcare.econlux.de\/es\/wp-json\/wp\/v2\/product"}],"about":[{"href":"https:\/\/petcare.econlux.de\/es\/wp-json\/wp\/v2\/types\/product"}],"replies":[{"embeddable":true,"href":"https:\/\/petcare.econlux.de\/es\/wp-json\/wp\/v2\/comments?post=32522"}],"version-history":[{"count":2,"href":"https:\/\/petcare.econlux.de\/es\/wp-json\/wp\/v2\/product\/32522\/revisions"}],"predecessor-version":[{"id":35164,"href":"https:\/\/petcare.econlux.de\/es\/wp-json\/wp\/v2\/product\/32522\/revisions\/35164"}],"wp:featuredmedia":[{"embeddable":true,"href":"https:\/\/petcare.econlux.de\/es\/wp-json\/wp\/v2\/media\/32739"}],"wp:attachment":[{"href":"https:\/\/petcare.econlux.de\/es\/wp-json\/wp\/v2\/media?parent=32522"}],"wp:term":[{"taxonomy":"product_brand","embeddable":true,"href":"https:\/\/petcare.econlux.de\/es\/wp-json\/wp\/v2\/product_brand?post=32522"},{"taxonomy":"product_cat","embeddable":true,"href":"https:\/\/petcare.econlux.de\/es\/wp-json\/wp\/v2\/product_cat?post=32522"},{"taxonomy":"product_tag","embeddable":true,"href":"https:\/\/petcare.econlux.de\/es\/wp-json\/wp\/v2\/product_tag?post=32522"}],"curies":[{"name":"wp","href":"https:\/\/api.w.org\/{rel}","templated":true}]}}