{"id":32512,"date":"2024-09-12T15:35:55","date_gmt":"2024-09-12T13:35:55","guid":{"rendered":"https:\/\/petcare.econlux.de\/produkt\/solar-stinger-nanoflex-marine\/"},"modified":"2025-03-12T15:55:44","modified_gmt":"2025-03-12T14:55:44","slug":"solar-stinger-nanoflex-marine","status":"publish","type":"product","link":"https:\/\/petcare.econlux.de\/es\/producto\/solar-stinger-nanoflex-marine\/","title":{"rendered":"SOLAR STINGER\u00ae NanoFlex MARINE"},"content":{"rendered":"<h3><\/h3>\n<h3>SOLAR STINGER\u00ae NanoFlex MARINE<\/h3>\n<p>La SOLAR STINGER\u00ae NanoFlex MARINE es una l\u00e1mpara LED para acuarios especialmente desarrollada para <strong>nanoacuarios<\/strong>.<\/p>\n<p>Es ideal para acuarios peque\u00f1os de agua salada,  <strong>hasta un tama\u00f1o m\u00e1ximo de 40 x 40 x 40 cm <\/strong>.<\/p>\n<p>La reproducci\u00f3n de la luz hace que los acuarios parezcan casi vivos. Al igual que en la naturaleza, se crean efectos de rayos de sol y un mayor brillo de los colores. Los corales empiezan a crecer de forma compacta y vigorosa gracias a la iluminaci\u00f3n realista.  <\/p>\n<p>Adem\u00e1s de por su espectro de luz natural, el NanoFlex MARINE se caracteriza sobre todo por su alta eficiencia energ\u00e9tica, su larga vida \u00fatil y su sofisticada funcionalidad. Fabricado \u00fanicamente con materiales respetuosos con el medio ambiente, sin mercurio y con un bajo consumo de energ\u00eda, tambi\u00e9n es una soluci\u00f3n de iluminaci\u00f3n especialmente respetuosa con el medio ambiente. <\/p>\n<p>Al utilizar NanoFlex Fresh de SOLAR STINGER\u00ae, a diferencia de los tubos fluorescentes convencionales, no es necesario sustituir la fuente de luz con regularidad, ya que NanoFlex Fresh tiene una vida \u00fatil nominal de hasta 35.000 horas con una potencia luminosa pr\u00e1cticamente constante.<\/p>\n<p>La NanoFlex MARINE tiene una temperatura de color de 25000 K y el \u00e1ngulo del haz es de 80\u00b0. En la parte superior de la l\u00e1mpara LED hay un perfil de aluminio que disipa el calor y protege los LED del sobrecalentamiento. El portal\u00e1mparas especial puede fijarse a la luneta trasera o lateral e incluso en las esquinas. Tambi\u00e9n es ajustable en altura y profundidad.   <\/p>\n<p>&nbsp;<\/p>\n<p>ECONLUX GmbH WEEE- Registrations-Nr.: DE 39263685<\/p>\n<p>&nbsp;<\/p>\n","protected":false},"excerpt":{"rendered":"<ul class=\"product--bullets\">\n<li>Luz LED para nano acuarios de agua marina<\/li>\n<li>Amplio espectro de luz<\/li>\n<li>Para un crecimiento compacto y fuerte del coral<\/li>\n<\/ul>\n","protected":false},"featured_media":32513,"comment_status":"closed","ping_status":"closed","template":"","meta":[],"product_brand":[],"product_cat":[835,839,843],"product_tag":[901,929,930,931,932],"class_list":{"0":"post-32512","1":"product","2":"type-product","3":"status-publish","4":"has-post-thumbnail","6":"product_cat-solar-stinger-es","7":"product_cat-iluminacion-led-agua-salgada","8":"product_cat-productos-de-accion","9":"product_tag-led-es","10":"product_tag-nano-es","11":"product_tag-agua-marina","12":"product_tag-nanoflex-marine-es","13":"product_tag-solar-stinger-es","15":"first","16":"instock","17":"taxable","18":"shipping-taxable","19":"purchasable","20":"product-type-simple"},"yoast_head":"<!-- This site is optimized with the Yoast SEO plugin v27.4 - https:\/\/yoast.com\/product\/yoast-seo-wordpress\/ -->\n<title>SOLAR STINGER\u00ae NanoFlex MARINE - ECONLUX GmbH PetCare<\/title>\n<meta name=\"description\" content=\"La SOLAR STINGER\u00ae NanoFlex MARINE es una l\u00e1mpara LED para acuarios especialmente desarrollada para nanoacuarios. Los corales empiezan a crecer de forma compacta y vigorosa gracias a la iluminaci\u00f3n realista.\" \/>\n<meta name=\"robots\" content=\"index, follow, max-snippet:-1, max-image-preview:large, max-video-preview:-1\" \/>\n<link rel=\"canonical\" href=\"https:\/\/petcare.econlux.de\/es\/producto\/solar-stinger-nanoflex-marine\/\" \/>\n<meta property=\"og:locale\" content=\"es_ES\" \/>\n<meta property=\"og:type\" content=\"article\" \/>\n<meta property=\"og:title\" content=\"SOLAR STINGER\u00ae NanoFlex MARINE - ECONLUX GmbH PetCare\" \/>\n<meta property=\"og:description\" content=\"La SOLAR STINGER\u00ae NanoFlex MARINE es una l\u00e1mpara LED para acuarios especialmente desarrollada para nanoacuarios. Los corales empiezan a crecer de forma compacta y vigorosa gracias a la iluminaci\u00f3n realista.\" \/>\n<meta property=\"og:url\" content=\"https:\/\/petcare.econlux.de\/es\/producto\/solar-stinger-nanoflex-marine\/\" \/>\n<meta property=\"og:site_name\" content=\"ECONLUX GmbH PetCare\" \/>\n<meta property=\"article:modified_time\" content=\"2025-03-12T14:55:44+00:00\" \/>\n<meta property=\"og:image\" content=\"https:\/\/petcare.econlux.de\/wp-content\/uploads\/2024\/09\/00010619_1_NanoFlex_Marine_transparent_3.png\" \/>\n\t<meta property=\"og:image:width\" content=\"1000\" \/>\n\t<meta property=\"og:image:height\" content=\"1000\" \/>\n\t<meta property=\"og:image:type\" content=\"image\/png\" \/>\n<meta name=\"twitter:card\" content=\"summary_large_image\" \/>\n<meta name=\"twitter:label1\" content=\"Tiempo de lectura\" \/>\n\t<meta name=\"twitter:data1\" content=\"1 minuto\" \/>\n<script type=\"application\/ld+json\" class=\"yoast-schema-graph\">{\"@context\":\"https:\\\/\\\/schema.org\",\"@graph\":[{\"@type\":\"WebPage\",\"@id\":\"https:\\\/\\\/petcare.econlux.de\\\/es\\\/producto\\\/solar-stinger-nanoflex-marine\\\/\",\"url\":\"https:\\\/\\\/petcare.econlux.de\\\/es\\\/producto\\\/solar-stinger-nanoflex-marine\\\/\",\"name\":\"SOLAR STINGER\u00ae NanoFlex MARINE - ECONLUX GmbH PetCare\",\"isPartOf\":{\"@id\":\"https:\\\/\\\/petcare.econlux.de\\\/es\\\/#website\"},\"primaryImageOfPage\":{\"@id\":\"https:\\\/\\\/petcare.econlux.de\\\/es\\\/producto\\\/solar-stinger-nanoflex-marine\\\/#primaryimage\"},\"image\":{\"@id\":\"https:\\\/\\\/petcare.econlux.de\\\/es\\\/producto\\\/solar-stinger-nanoflex-marine\\\/#primaryimage\"},\"thumbnailUrl\":\"https:\\\/\\\/petcare.econlux.de\\\/wp-content\\\/uploads\\\/2024\\\/09\\\/00010619_1_NanoFlex_Marine_transparent_3.png\",\"datePublished\":\"2024-09-12T13:35:55+00:00\",\"dateModified\":\"2025-03-12T14:55:44+00:00\",\"description\":\"La SOLAR STINGER\u00ae NanoFlex MARINE es una l\u00e1mpara LED para acuarios especialmente desarrollada para nanoacuarios. Los corales empiezan a crecer de forma compacta y vigorosa gracias a la iluminaci\u00f3n realista.\",\"breadcrumb\":{\"@id\":\"https:\\\/\\\/petcare.econlux.de\\\/es\\\/producto\\\/solar-stinger-nanoflex-marine\\\/#breadcrumb\"},\"inLanguage\":\"es\",\"potentialAction\":[{\"@type\":\"ReadAction\",\"target\":[\"https:\\\/\\\/petcare.econlux.de\\\/es\\\/producto\\\/solar-stinger-nanoflex-marine\\\/\"]}]},{\"@type\":\"ImageObject\",\"inLanguage\":\"es\",\"@id\":\"https:\\\/\\\/petcare.econlux.de\\\/es\\\/producto\\\/solar-stinger-nanoflex-marine\\\/#primaryimage\",\"url\":\"https:\\\/\\\/petcare.econlux.de\\\/wp-content\\\/uploads\\\/2024\\\/09\\\/00010619_1_NanoFlex_Marine_transparent_3.png\",\"contentUrl\":\"https:\\\/\\\/petcare.econlux.de\\\/wp-content\\\/uploads\\\/2024\\\/09\\\/00010619_1_NanoFlex_Marine_transparent_3.png\",\"width\":1000,\"height\":1000,\"caption\":\"00010619_1_NanoFlex_Marine_transparent_3\"},{\"@type\":\"BreadcrumbList\",\"@id\":\"https:\\\/\\\/petcare.econlux.de\\\/es\\\/producto\\\/solar-stinger-nanoflex-marine\\\/#breadcrumb\",\"itemListElement\":[{\"@type\":\"ListItem\",\"position\":1,\"name\":\"Startseite\",\"item\":\"https:\\\/\\\/petcare.econlux.de\\\/es\\\/\"},{\"@type\":\"ListItem\",\"position\":2,\"name\":\"Productos\",\"item\":\"https:\\\/\\\/petcare.econlux.de\\\/es\\\/productos\\\/\"},{\"@type\":\"ListItem\",\"position\":3,\"name\":\"SOLAR STINGER\u00ae NanoFlex MARINE\"}]},{\"@type\":\"WebSite\",\"@id\":\"https:\\\/\\\/petcare.econlux.de\\\/es\\\/#website\",\"url\":\"https:\\\/\\\/petcare.econlux.de\\\/es\\\/\",\"name\":\"ECONLUX GmbH PetCare\",\"description\":\"\",\"potentialAction\":[{\"@type\":\"SearchAction\",\"target\":{\"@type\":\"EntryPoint\",\"urlTemplate\":\"https:\\\/\\\/petcare.econlux.de\\\/es\\\/?s={search_term_string}\"},\"query-input\":{\"@type\":\"PropertyValueSpecification\",\"valueRequired\":true,\"valueName\":\"search_term_string\"}}],\"inLanguage\":\"es\"}]}<\/script>\n<!-- \/ Yoast SEO plugin. -->","yoast_head_json":{"title":"SOLAR STINGER\u00ae NanoFlex MARINE - ECONLUX GmbH PetCare","description":"La SOLAR STINGER\u00ae NanoFlex MARINE es una l\u00e1mpara LED para acuarios especialmente desarrollada para nanoacuarios. Los corales empiezan a crecer de forma compacta y vigorosa gracias a la iluminaci\u00f3n realista.","robots":{"index":"index","follow":"follow","max-snippet":"max-snippet:-1","max-image-preview":"max-image-preview:large","max-video-preview":"max-video-preview:-1"},"canonical":"https:\/\/petcare.econlux.de\/es\/producto\/solar-stinger-nanoflex-marine\/","og_locale":"es_ES","og_type":"article","og_title":"SOLAR STINGER\u00ae NanoFlex MARINE - ECONLUX GmbH PetCare","og_description":"La SOLAR STINGER\u00ae NanoFlex MARINE es una l\u00e1mpara LED para acuarios especialmente desarrollada para nanoacuarios. Los corales empiezan a crecer de forma compacta y vigorosa gracias a la iluminaci\u00f3n realista.","og_url":"https:\/\/petcare.econlux.de\/es\/producto\/solar-stinger-nanoflex-marine\/","og_site_name":"ECONLUX GmbH PetCare","article_modified_time":"2025-03-12T14:55:44+00:00","og_image":[{"width":1000,"height":1000,"url":"https:\/\/petcare.econlux.de\/wp-content\/uploads\/2024\/09\/00010619_1_NanoFlex_Marine_transparent_3.png","type":"image\/png"}],"twitter_card":"summary_large_image","twitter_misc":{"Tiempo de lectura":"1 minuto"},"schema":{"@context":"https:\/\/schema.org","@graph":[{"@type":"WebPage","@id":"https:\/\/petcare.econlux.de\/es\/producto\/solar-stinger-nanoflex-marine\/","url":"https:\/\/petcare.econlux.de\/es\/producto\/solar-stinger-nanoflex-marine\/","name":"SOLAR STINGER\u00ae NanoFlex MARINE - ECONLUX GmbH PetCare","isPartOf":{"@id":"https:\/\/petcare.econlux.de\/es\/#website"},"primaryImageOfPage":{"@id":"https:\/\/petcare.econlux.de\/es\/producto\/solar-stinger-nanoflex-marine\/#primaryimage"},"image":{"@id":"https:\/\/petcare.econlux.de\/es\/producto\/solar-stinger-nanoflex-marine\/#primaryimage"},"thumbnailUrl":"https:\/\/petcare.econlux.de\/wp-content\/uploads\/2024\/09\/00010619_1_NanoFlex_Marine_transparent_3.png","datePublished":"2024-09-12T13:35:55+00:00","dateModified":"2025-03-12T14:55:44+00:00","description":"La SOLAR STINGER\u00ae NanoFlex MARINE es una l\u00e1mpara LED para acuarios especialmente desarrollada para nanoacuarios. Los corales empiezan a crecer de forma compacta y vigorosa gracias a la iluminaci\u00f3n realista.","breadcrumb":{"@id":"https:\/\/petcare.econlux.de\/es\/producto\/solar-stinger-nanoflex-marine\/#breadcrumb"},"inLanguage":"es","potentialAction":[{"@type":"ReadAction","target":["https:\/\/petcare.econlux.de\/es\/producto\/solar-stinger-nanoflex-marine\/"]}]},{"@type":"ImageObject","inLanguage":"es","@id":"https:\/\/petcare.econlux.de\/es\/producto\/solar-stinger-nanoflex-marine\/#primaryimage","url":"https:\/\/petcare.econlux.de\/wp-content\/uploads\/2024\/09\/00010619_1_NanoFlex_Marine_transparent_3.png","contentUrl":"https:\/\/petcare.econlux.de\/wp-content\/uploads\/2024\/09\/00010619_1_NanoFlex_Marine_transparent_3.png","width":1000,"height":1000,"caption":"00010619_1_NanoFlex_Marine_transparent_3"},{"@type":"BreadcrumbList","@id":"https:\/\/petcare.econlux.de\/es\/producto\/solar-stinger-nanoflex-marine\/#breadcrumb","itemListElement":[{"@type":"ListItem","position":1,"name":"Startseite","item":"https:\/\/petcare.econlux.de\/es\/"},{"@type":"ListItem","position":2,"name":"Productos","item":"https:\/\/petcare.econlux.de\/es\/productos\/"},{"@type":"ListItem","position":3,"name":"SOLAR STINGER\u00ae NanoFlex MARINE"}]},{"@type":"WebSite","@id":"https:\/\/petcare.econlux.de\/es\/#website","url":"https:\/\/petcare.econlux.de\/es\/","name":"ECONLUX GmbH PetCare","description":"","potentialAction":[{"@type":"SearchAction","target":{"@type":"EntryPoint","urlTemplate":"https:\/\/petcare.econlux.de\/es\/?s={search_term_string}"},"query-input":{"@type":"PropertyValueSpecification","valueRequired":true,"valueName":"search_term_string"}}],"inLanguage":"es"}]}},"_links":{"self":[{"href":"https:\/\/petcare.econlux.de\/es\/wp-json\/wp\/v2\/product\/32512","targetHints":{"allow":["GET"]}}],"collection":[{"href":"https:\/\/petcare.econlux.de\/es\/wp-json\/wp\/v2\/product"}],"about":[{"href":"https:\/\/petcare.econlux.de\/es\/wp-json\/wp\/v2\/types\/product"}],"replies":[{"embeddable":true,"href":"https:\/\/petcare.econlux.de\/es\/wp-json\/wp\/v2\/comments?post=32512"}],"version-history":[{"count":1,"href":"https:\/\/petcare.econlux.de\/es\/wp-json\/wp\/v2\/product\/32512\/revisions"}],"predecessor-version":[{"id":33951,"href":"https:\/\/petcare.econlux.de\/es\/wp-json\/wp\/v2\/product\/32512\/revisions\/33951"}],"wp:featuredmedia":[{"embeddable":true,"href":"https:\/\/petcare.econlux.de\/es\/wp-json\/wp\/v2\/media\/32513"}],"wp:attachment":[{"href":"https:\/\/petcare.econlux.de\/es\/wp-json\/wp\/v2\/media?parent=32512"}],"wp:term":[{"taxonomy":"product_brand","embeddable":true,"href":"https:\/\/petcare.econlux.de\/es\/wp-json\/wp\/v2\/product_brand?post=32512"},{"taxonomy":"product_cat","embeddable":true,"href":"https:\/\/petcare.econlux.de\/es\/wp-json\/wp\/v2\/product_cat?post=32512"},{"taxonomy":"product_tag","embeddable":true,"href":"https:\/\/petcare.econlux.de\/es\/wp-json\/wp\/v2\/product_tag?post=32512"}],"curies":[{"name":"wp","href":"https:\/\/api.w.org\/{rel}","templated":true}]}}