{"id":32295,"date":"2024-09-12T15:37:12","date_gmt":"2024-09-12T13:37:12","guid":{"rendered":"https:\/\/petcare.econlux.de\/produkt\/solar-raptor-clamplamp\/"},"modified":"2025-12-10T12:23:46","modified_gmt":"2025-12-10T11:23:46","slug":"solar-raptor-clamplamp","status":"publish","type":"product","link":"https:\/\/petcare.econlux.de\/es\/producto\/solar-raptor-clamplamp\/","title":{"rendered":"SOLAR RAPTOR\u00ae ClampLamp"},"content":{"rendered":"<h3>SOLAR RAPTOR\u00ae ClampLamp<\/h3>\n<p>La SOLAR RAPTOR\u00ae ClampLamp es una unidad operativa para <a href=\"https:\/\/petcare.econlux.de\/produkt-kategorie\/solar-raptor\/uv-leuchtmittel\/\" target=\"_blank\" rel=\"noopener\">focos de terrario<\/a> con base E27.<\/p>\n<p>La pantalla cubre los antiest\u00e9ticos focos y realza visualmente los terrarios con su dise\u00f1o estilizado en negro. La luz est\u00e1 enfocada y puede dirigirse espec\u00edficamente hacia donde se necesita. Mirar dentro del terrario tambi\u00e9n resulta mucho m\u00e1s agradable, ya que los brillantes focos deslumbran al espectador mucho menos.  <\/p>\n<p>El casquillo de cer\u00e1mica resistente al calor se adapta a cualquier bombilla por muy caliente que est\u00e9, y garantiza una seguridad suficiente, mientras que las ranuras de ventilaci\u00f3n integradas en la cubierta evitan que el radiador se aver\u00ede debido a la acumulaci\u00f3n de calor.<\/p>\n<p>Tambi\u00e9n se ha tenido en cuenta la seguridad de los animales: una rejilla protectora acoplable evita el contacto directo con el foco. Por supuesto, los focos para terrarios siempre deben instalarse fuera del alcance de los animales. <\/p>\n<p>La ClampLamp se puede instalar en todos los terrarios disponibles en el mercado. La instalaci\u00f3n tambi\u00e9n es posible en los terrarios Zoo Med, Exo Terra\u00ae y Lucky Reptile. Para estos terrarios se incluye con la l\u00e1mpara de sujeci\u00f3n un adaptador de \u00e1ngulo especial con el que se puede colgar la l\u00e1mpara f\u00e1cilmente en el marco del terrario.  <\/p>\n<p>En los terrarios totalmente de cristal o de madera es posible atornillarlo a la rejilla de ventilaci\u00f3n o directamente a la madera. La opci\u00f3n de instalaci\u00f3n m\u00e1s sencilla es sujetarlo con la abrazadera met\u00e1lica ancha. Se puede fijar a cualquier material tangible por el lado corto o largo. El interior recubierto de goma de la abrazadera garantiza una sujeci\u00f3n firme y sin marcas de sujeci\u00f3n.   <\/p>\n<p>Gracias a la doble articulaci\u00f3n extensible, la l\u00e1mpara se puede mover y girar en todas las direcciones (360<strong>\u00b0<\/strong>) y permanece en cualquier posici\u00f3n deseada.<\/p>\n<p>Si es necesario, todos los <strong><a href=\"https:\/\/petcare.econlux.de\/produkt\/solar-raptor-evg\/\" target=\"_blank\" rel=\"noopener\">ECG (balastros)<\/a><\/strong> SOLAR RAPTOR\u00ae se pueden combinar f\u00e1cilmente con la ClampLamp mediante los conectores<\/p>\n<p>&nbsp;<\/p>\n<p><span class=\"weee--text\"><br \/>\nECONLUX GmbH WEEE- Registrations-Nr.: DE 39263685<\/span><\/p>\n","protected":false},"excerpt":{"rendered":"<ul>\n<li>Unidad operativa para focos de terrario<\/li>\n<li>Varias opciones de montaje<\/li>\n<li>Incluye rejilla protectora<\/li>\n<li>Con conectores para una f\u00e1cil combinaci\u00f3n con los<a href=\"https:\/\/petcare.econlux.de\/produkt-kategorie\/solar-raptor\/vorschaltgeraete\/\" target=\"_blank\" rel=\"noopener\"> balastros<\/a><\/li>\n<\/ul>\n","protected":false},"featured_media":32296,"comment_status":"closed","ping_status":"closed","template":"","meta":[],"product_brand":[],"product_cat":[834,842,850],"product_tag":[922,923,924],"class_list":{"0":"post-32295","1":"product","2":"type-product","3":"status-publish","4":"has-post-thumbnail","6":"product_cat-solar-raptor-es","7":"product_cat-accesorios-y-recambios","8":"product_cat-reflectores-y-rejilla-protectora","9":"product_tag-lampara-de-pinza","10":"product_tag-pantalla","11":"product_tag-reflector-es","13":"first","14":"instock","15":"taxable","16":"shipping-taxable","17":"purchasable","18":"product-type-variable"},"yoast_head":"<!-- This site is optimized with the Yoast SEO plugin v27.4 - https:\/\/yoast.com\/product\/yoast-seo-wordpress\/ -->\n<title>SOLAR RAPTOR\u00ae ClampLamp - ECONLUX GmbH PetCare<\/title>\n<meta name=\"description\" content=\"La ClampLamp SOLAR RAPTOR\u00ae cubre focos antiest\u00e9ticos y mejora visualmente los terrarios con su dise\u00f1o estilizado y negro.\" \/>\n<meta name=\"robots\" content=\"index, follow, max-snippet:-1, max-image-preview:large, max-video-preview:-1\" \/>\n<link rel=\"canonical\" href=\"https:\/\/petcare.econlux.de\/es\/producto\/solar-raptor-clamplamp\/\" \/>\n<meta property=\"og:locale\" content=\"es_ES\" \/>\n<meta property=\"og:type\" content=\"article\" \/>\n<meta property=\"og:title\" content=\"SOLAR RAPTOR\u00ae ClampLamp - ECONLUX GmbH PetCare\" \/>\n<meta property=\"og:description\" content=\"La ClampLamp SOLAR RAPTOR\u00ae cubre focos antiest\u00e9ticos y mejora visualmente los terrarios con su dise\u00f1o estilizado y negro.\" \/>\n<meta property=\"og:url\" content=\"https:\/\/petcare.econlux.de\/es\/producto\/solar-raptor-clamplamp\/\" \/>\n<meta property=\"og:site_name\" content=\"ECONLUX GmbH PetCare\" \/>\n<meta property=\"article:modified_time\" content=\"2025-12-10T11:23:46+00:00\" \/>\n<meta property=\"og:image\" content=\"https:\/\/petcare.econlux.de\/wp-content\/uploads\/2024\/09\/00013008_SolarRaptor_Clamp_Lamp_Vater_transparent.png\" \/>\n\t<meta property=\"og:image:width\" content=\"1000\" \/>\n\t<meta property=\"og:image:height\" content=\"1000\" \/>\n\t<meta property=\"og:image:type\" content=\"image\/png\" \/>\n<meta name=\"twitter:card\" content=\"summary_large_image\" \/>\n<meta name=\"twitter:label1\" content=\"Tiempo de lectura\" \/>\n\t<meta name=\"twitter:data1\" content=\"2 minutos\" \/>\n<script type=\"application\/ld+json\" class=\"yoast-schema-graph\">{\"@context\":\"https:\\\/\\\/schema.org\",\"@graph\":[{\"@type\":\"WebPage\",\"@id\":\"https:\\\/\\\/petcare.econlux.de\\\/es\\\/producto\\\/solar-raptor-clamplamp\\\/\",\"url\":\"https:\\\/\\\/petcare.econlux.de\\\/es\\\/producto\\\/solar-raptor-clamplamp\\\/\",\"name\":\"SOLAR RAPTOR\u00ae ClampLamp - ECONLUX GmbH PetCare\",\"isPartOf\":{\"@id\":\"https:\\\/\\\/petcare.econlux.de\\\/es\\\/#website\"},\"primaryImageOfPage\":{\"@id\":\"https:\\\/\\\/petcare.econlux.de\\\/es\\\/producto\\\/solar-raptor-clamplamp\\\/#primaryimage\"},\"image\":{\"@id\":\"https:\\\/\\\/petcare.econlux.de\\\/es\\\/producto\\\/solar-raptor-clamplamp\\\/#primaryimage\"},\"thumbnailUrl\":\"https:\\\/\\\/petcare.econlux.de\\\/wp-content\\\/uploads\\\/2024\\\/09\\\/00013008_SolarRaptor_Clamp_Lamp_Vater_transparent.png\",\"datePublished\":\"2024-09-12T13:37:12+00:00\",\"dateModified\":\"2025-12-10T11:23:46+00:00\",\"description\":\"La ClampLamp SOLAR RAPTOR\u00ae cubre focos antiest\u00e9ticos y mejora visualmente los terrarios con su dise\u00f1o estilizado y negro.\",\"breadcrumb\":{\"@id\":\"https:\\\/\\\/petcare.econlux.de\\\/es\\\/producto\\\/solar-raptor-clamplamp\\\/#breadcrumb\"},\"inLanguage\":\"es\",\"potentialAction\":[{\"@type\":\"ReadAction\",\"target\":[\"https:\\\/\\\/petcare.econlux.de\\\/es\\\/producto\\\/solar-raptor-clamplamp\\\/\"]}]},{\"@type\":\"ImageObject\",\"inLanguage\":\"es\",\"@id\":\"https:\\\/\\\/petcare.econlux.de\\\/es\\\/producto\\\/solar-raptor-clamplamp\\\/#primaryimage\",\"url\":\"https:\\\/\\\/petcare.econlux.de\\\/wp-content\\\/uploads\\\/2024\\\/09\\\/00013008_SolarRaptor_Clamp_Lamp_Vater_transparent.png\",\"contentUrl\":\"https:\\\/\\\/petcare.econlux.de\\\/wp-content\\\/uploads\\\/2024\\\/09\\\/00013008_SolarRaptor_Clamp_Lamp_Vater_transparent.png\",\"width\":1000,\"height\":1000},{\"@type\":\"BreadcrumbList\",\"@id\":\"https:\\\/\\\/petcare.econlux.de\\\/es\\\/producto\\\/solar-raptor-clamplamp\\\/#breadcrumb\",\"itemListElement\":[{\"@type\":\"ListItem\",\"position\":1,\"name\":\"Startseite\",\"item\":\"https:\\\/\\\/petcare.econlux.de\\\/es\\\/\"},{\"@type\":\"ListItem\",\"position\":2,\"name\":\"Productos\",\"item\":\"https:\\\/\\\/petcare.econlux.de\\\/es\\\/productos\\\/\"},{\"@type\":\"ListItem\",\"position\":3,\"name\":\"SOLAR RAPTOR\u00ae ClampLamp\"}]},{\"@type\":\"WebSite\",\"@id\":\"https:\\\/\\\/petcare.econlux.de\\\/es\\\/#website\",\"url\":\"https:\\\/\\\/petcare.econlux.de\\\/es\\\/\",\"name\":\"ECONLUX GmbH PetCare\",\"description\":\"\",\"potentialAction\":[{\"@type\":\"SearchAction\",\"target\":{\"@type\":\"EntryPoint\",\"urlTemplate\":\"https:\\\/\\\/petcare.econlux.de\\\/es\\\/?s={search_term_string}\"},\"query-input\":{\"@type\":\"PropertyValueSpecification\",\"valueRequired\":true,\"valueName\":\"search_term_string\"}}],\"inLanguage\":\"es\"}]}<\/script>\n<!-- \/ Yoast SEO plugin. -->","yoast_head_json":{"title":"SOLAR RAPTOR\u00ae ClampLamp - ECONLUX GmbH PetCare","description":"La ClampLamp SOLAR RAPTOR\u00ae cubre focos antiest\u00e9ticos y mejora visualmente los terrarios con su dise\u00f1o estilizado y negro.","robots":{"index":"index","follow":"follow","max-snippet":"max-snippet:-1","max-image-preview":"max-image-preview:large","max-video-preview":"max-video-preview:-1"},"canonical":"https:\/\/petcare.econlux.de\/es\/producto\/solar-raptor-clamplamp\/","og_locale":"es_ES","og_type":"article","og_title":"SOLAR RAPTOR\u00ae ClampLamp - ECONLUX GmbH PetCare","og_description":"La ClampLamp SOLAR RAPTOR\u00ae cubre focos antiest\u00e9ticos y mejora visualmente los terrarios con su dise\u00f1o estilizado y negro.","og_url":"https:\/\/petcare.econlux.de\/es\/producto\/solar-raptor-clamplamp\/","og_site_name":"ECONLUX GmbH PetCare","article_modified_time":"2025-12-10T11:23:46+00:00","og_image":[{"width":1000,"height":1000,"url":"https:\/\/petcare.econlux.de\/wp-content\/uploads\/2024\/09\/00013008_SolarRaptor_Clamp_Lamp_Vater_transparent.png","type":"image\/png"}],"twitter_card":"summary_large_image","twitter_misc":{"Tiempo de lectura":"2 minutos"},"schema":{"@context":"https:\/\/schema.org","@graph":[{"@type":"WebPage","@id":"https:\/\/petcare.econlux.de\/es\/producto\/solar-raptor-clamplamp\/","url":"https:\/\/petcare.econlux.de\/es\/producto\/solar-raptor-clamplamp\/","name":"SOLAR RAPTOR\u00ae ClampLamp - ECONLUX GmbH PetCare","isPartOf":{"@id":"https:\/\/petcare.econlux.de\/es\/#website"},"primaryImageOfPage":{"@id":"https:\/\/petcare.econlux.de\/es\/producto\/solar-raptor-clamplamp\/#primaryimage"},"image":{"@id":"https:\/\/petcare.econlux.de\/es\/producto\/solar-raptor-clamplamp\/#primaryimage"},"thumbnailUrl":"https:\/\/petcare.econlux.de\/wp-content\/uploads\/2024\/09\/00013008_SolarRaptor_Clamp_Lamp_Vater_transparent.png","datePublished":"2024-09-12T13:37:12+00:00","dateModified":"2025-12-10T11:23:46+00:00","description":"La ClampLamp SOLAR RAPTOR\u00ae cubre focos antiest\u00e9ticos y mejora visualmente los terrarios con su dise\u00f1o estilizado y negro.","breadcrumb":{"@id":"https:\/\/petcare.econlux.de\/es\/producto\/solar-raptor-clamplamp\/#breadcrumb"},"inLanguage":"es","potentialAction":[{"@type":"ReadAction","target":["https:\/\/petcare.econlux.de\/es\/producto\/solar-raptor-clamplamp\/"]}]},{"@type":"ImageObject","inLanguage":"es","@id":"https:\/\/petcare.econlux.de\/es\/producto\/solar-raptor-clamplamp\/#primaryimage","url":"https:\/\/petcare.econlux.de\/wp-content\/uploads\/2024\/09\/00013008_SolarRaptor_Clamp_Lamp_Vater_transparent.png","contentUrl":"https:\/\/petcare.econlux.de\/wp-content\/uploads\/2024\/09\/00013008_SolarRaptor_Clamp_Lamp_Vater_transparent.png","width":1000,"height":1000},{"@type":"BreadcrumbList","@id":"https:\/\/petcare.econlux.de\/es\/producto\/solar-raptor-clamplamp\/#breadcrumb","itemListElement":[{"@type":"ListItem","position":1,"name":"Startseite","item":"https:\/\/petcare.econlux.de\/es\/"},{"@type":"ListItem","position":2,"name":"Productos","item":"https:\/\/petcare.econlux.de\/es\/productos\/"},{"@type":"ListItem","position":3,"name":"SOLAR RAPTOR\u00ae ClampLamp"}]},{"@type":"WebSite","@id":"https:\/\/petcare.econlux.de\/es\/#website","url":"https:\/\/petcare.econlux.de\/es\/","name":"ECONLUX GmbH PetCare","description":"","potentialAction":[{"@type":"SearchAction","target":{"@type":"EntryPoint","urlTemplate":"https:\/\/petcare.econlux.de\/es\/?s={search_term_string}"},"query-input":{"@type":"PropertyValueSpecification","valueRequired":true,"valueName":"search_term_string"}}],"inLanguage":"es"}]}},"_links":{"self":[{"href":"https:\/\/petcare.econlux.de\/es\/wp-json\/wp\/v2\/product\/32295","targetHints":{"allow":["GET"]}}],"collection":[{"href":"https:\/\/petcare.econlux.de\/es\/wp-json\/wp\/v2\/product"}],"about":[{"href":"https:\/\/petcare.econlux.de\/es\/wp-json\/wp\/v2\/types\/product"}],"replies":[{"embeddable":true,"href":"https:\/\/petcare.econlux.de\/es\/wp-json\/wp\/v2\/comments?post=32295"}],"version-history":[{"count":4,"href":"https:\/\/petcare.econlux.de\/es\/wp-json\/wp\/v2\/product\/32295\/revisions"}],"predecessor-version":[{"id":34158,"href":"https:\/\/petcare.econlux.de\/es\/wp-json\/wp\/v2\/product\/32295\/revisions\/34158"}],"wp:featuredmedia":[{"embeddable":true,"href":"https:\/\/petcare.econlux.de\/es\/wp-json\/wp\/v2\/media\/32296"}],"wp:attachment":[{"href":"https:\/\/petcare.econlux.de\/es\/wp-json\/wp\/v2\/media?parent=32295"}],"wp:term":[{"taxonomy":"product_brand","embeddable":true,"href":"https:\/\/petcare.econlux.de\/es\/wp-json\/wp\/v2\/product_brand?post=32295"},{"taxonomy":"product_cat","embeddable":true,"href":"https:\/\/petcare.econlux.de\/es\/wp-json\/wp\/v2\/product_cat?post=32295"},{"taxonomy":"product_tag","embeddable":true,"href":"https:\/\/petcare.econlux.de\/es\/wp-json\/wp\/v2\/product_tag?post=32295"}],"curies":[{"name":"wp","href":"https:\/\/api.w.org\/{rel}","templated":true}]}}