{"id":32291,"date":"2024-09-12T15:44:34","date_gmt":"2024-09-12T13:44:34","guid":{"rendered":"https:\/\/petcare.econlux.de\/produkt\/solar-raptor-balastro-multi-vatio-35-w-50-w-70-w\/"},"modified":"2025-06-17T12:16:19","modified_gmt":"2025-06-17T10:16:19","slug":"solar-raptor-balastro-multi-vatio-35-w-50-w-70-w","status":"publish","type":"product","link":"https:\/\/petcare.econlux.de\/es\/producto\/solar-raptor-balastro-multi-vatio-35-w-50-w-70-w\/","title":{"rendered":"SOLAR RAPTOR\u00ae Balastro Multi-vatio (35 W, 50 W, 70 W)"},"content":{"rendered":"<h3><\/h3>\n<h3><strong>SOLAR RAPTOR\u00ae Balastro Multivatio<\/strong><\/h3>\n<p>El <strong>SOLAR RAPTOR\u00ae Multi-Watt EVG<\/strong> es un balastro electr\u00f3nico para focos de terrarios que ofrece <strong>tres niveles de potencia diferentes<\/strong> en <strong>un solo dispositivo<\/strong>. Se puede configurar a una potencia de 35 W, 50 W o 70 W, ofreciendo la m\u00e1xima flexibilidad. <\/p>\n<p>Viele <strong>Terrarienstrahler<\/strong> wie die beliebten <a href=\"https:\/\/petcare.econlux.de\/es\/producto\/lampara-uv-hid-solar-raptor\/\" target=\"_blank\" rel=\"noopener\">HID-Lamps<\/a> ben\u00f6tigen f\u00fcr ihren Betrieb ein elektronisches Vorschaltger\u00e4t. Dabei richtet sich die ben\u00f6tigte Leistung des EVG nach den Anforderungen des jeweils angeschlossenen Strahlers. <\/p>\n<h3>Un solo dispositivo para todas las estaciones del a\u00f1o<\/h3>\n<p>Para muchos animales, las estaciones suelen simularse utilizando una l\u00e1mpara HID de menor intensidad en invierno que en verano. La desventaja: como se necesitan balastos de diferentes potencias, siempre queda un balasto electr\u00f3nico sin usar&#8230;<\/p>\n<p>\u00a1Eso ya se acab\u00f3!<\/p>\n<p><strong>Gracias al nuevo balastro multivatio SOLAR RAPTOR\u00ae, sus clientes est\u00e1n equipados para focos de diferentes potencias con un solo balastro:<\/strong><br \/>Porque el balastro Multivatio es suficiente para todas las estaciones: seleccione de forma sencilla y segura la potencia necesaria mediante el<strong>control deslizante de tres etapas<\/strong> del balastro Multivatio. Y eso elimina la molestia de cambiar entre diferentes balastros&#8230; <\/p>\n<p>Al igual que <a href=\"https:\/\/petcare.econlux.de\/es\/producto\/solar-raptor-balastros\/\" target=\"_blank\" rel=\"noopener\">los balastros SOLAR RAPTOR\u00ae con potencia fija<\/a>, el ECG multivatio tambi\u00e9n se entrega completamente listo para la conexi\u00f3n y est\u00e1 equipado con los pr\u00e1cticos enchufes de conexi\u00f3n SOLAR RAPTOR\u00ae. Con estos enchufes se puede combinar r\u00e1pida y f\u00e1cilmente con las <a href=\"https:\/\/petcare.econlux.de\/es\/producto\/solar-raptor-clamplamp\/\" target=\"_blank\" rel=\"noopener\">Reptile ClampLamps<\/a>. \u00a1Por supuesto, tambi\u00e9n se puede conectar a cualquier otro enchufe est\u00e1ndar para terrarios!<\/p>\n<p>Y, por supuesto, como ocurre con todos los productos SOLAR RAPTOR\u00ae, la seguridad es lo primero con el EVG multivatio:<br \/>\nEl cable de encendido est\u00e1 hecho de silicona resistente al calor y la carcasa de aluminio permite que solo se genere una peque\u00f1a cantidad de calor.<\/p>\n<p>&nbsp;<\/p>\n<p><span class=\"weee--text\">ECONLUX GmbH WEEE- Registrations-Nr.: DE 39263685<\/span><\/p>\n","protected":false},"excerpt":{"rendered":"<ul class=\"product--bullets\">\n<li>Balastro electr\u00f3nico multivatio<\/li>\n<li>35 vatios, 50 vatios o 70 vatios de potencia<\/li>\n<li>Simplemente seleccione el nivel de potencia requerido usando el interruptor<\/li>\n<li>Completamente listo para conexi\u00f3n con conectores.<\/li>\n<\/ul>\n","protected":false},"featured_media":32292,"comment_status":"closed","ping_status":"closed","template":"","meta":[],"product_brand":[],"product_cat":[834,842,844],"product_tag":[888,919],"class_list":{"0":"post-32291","1":"product","2":"type-product","3":"status-publish","4":"has-post-thumbnail","6":"product_cat-solar-raptor-es","7":"product_cat-accesorios-y-recambios","8":"product_cat-balastos","9":"product_tag-terraristica","10":"product_tag-balastro","12":"first","13":"instock","14":"taxable","15":"shipping-taxable","16":"purchasable","17":"product-type-simple"},"yoast_head":"<!-- This site is optimized with the Yoast SEO plugin v27.4 - https:\/\/yoast.com\/product\/yoast-seo-wordpress\/ -->\n<title>SOLAR RAPTOR\u00ae Balastro Multi-vatio (35 W, 50 W, 70 W) - ECONLUX GmbH PetCare<\/title>\n<meta name=\"description\" content=\"El SOLAR RAPTOR\u00ae EVG es un balastro electr\u00f3nico para focos de terrarios. El controlador est\u00e1 completamente listo para la conexi\u00f3n y est\u00e1 equipado con los populares conectores SOLAR RAPTOR\u00ae.\" \/>\n<meta name=\"robots\" content=\"index, follow, max-snippet:-1, max-image-preview:large, max-video-preview:-1\" \/>\n<link rel=\"canonical\" href=\"https:\/\/petcare.econlux.de\/es\/producto\/solar-raptor-balastro-multi-vatio-35-w-50-w-70-w\/\" \/>\n<meta property=\"og:locale\" content=\"es_ES\" \/>\n<meta property=\"og:type\" content=\"article\" \/>\n<meta property=\"og:title\" content=\"SOLAR RAPTOR\u00ae Balastro Multi-vatio (35 W, 50 W, 70 W) - ECONLUX GmbH PetCare\" \/>\n<meta property=\"og:description\" content=\"El SOLAR RAPTOR\u00ae EVG es un balastro electr\u00f3nico para focos de terrarios. El controlador est\u00e1 completamente listo para la conexi\u00f3n y est\u00e1 equipado con los populares conectores SOLAR RAPTOR\u00ae.\" \/>\n<meta property=\"og:url\" content=\"https:\/\/petcare.econlux.de\/es\/producto\/solar-raptor-balastro-multi-vatio-35-w-50-w-70-w\/\" \/>\n<meta property=\"og:site_name\" content=\"ECONLUX GmbH PetCare\" \/>\n<meta property=\"article:modified_time\" content=\"2025-06-17T10:16:19+00:00\" \/>\n<meta property=\"og:image\" content=\"https:\/\/petcare.econlux.de\/wp-content\/uploads\/2024\/09\/00013738_SolarRaptor_Multi-Watt_EVG_35-50-70_Watt_transparent.png\" \/>\n\t<meta property=\"og:image:width\" content=\"1000\" \/>\n\t<meta property=\"og:image:height\" content=\"1000\" \/>\n\t<meta property=\"og:image:type\" content=\"image\/png\" \/>\n<meta name=\"twitter:card\" content=\"summary_large_image\" \/>\n<meta name=\"twitter:label1\" content=\"Tiempo de lectura\" \/>\n\t<meta name=\"twitter:data1\" content=\"2 minutos\" \/>\n<script type=\"application\/ld+json\" class=\"yoast-schema-graph\">{\"@context\":\"https:\\\/\\\/schema.org\",\"@graph\":[{\"@type\":\"WebPage\",\"@id\":\"https:\\\/\\\/petcare.econlux.de\\\/es\\\/producto\\\/solar-raptor-balastro-multi-vatio-35-w-50-w-70-w\\\/\",\"url\":\"https:\\\/\\\/petcare.econlux.de\\\/es\\\/producto\\\/solar-raptor-balastro-multi-vatio-35-w-50-w-70-w\\\/\",\"name\":\"SOLAR RAPTOR\u00ae Balastro Multi-vatio (35 W, 50 W, 70 W) - ECONLUX GmbH PetCare\",\"isPartOf\":{\"@id\":\"https:\\\/\\\/petcare.econlux.de\\\/es\\\/#website\"},\"primaryImageOfPage\":{\"@id\":\"https:\\\/\\\/petcare.econlux.de\\\/es\\\/producto\\\/solar-raptor-balastro-multi-vatio-35-w-50-w-70-w\\\/#primaryimage\"},\"image\":{\"@id\":\"https:\\\/\\\/petcare.econlux.de\\\/es\\\/producto\\\/solar-raptor-balastro-multi-vatio-35-w-50-w-70-w\\\/#primaryimage\"},\"thumbnailUrl\":\"https:\\\/\\\/petcare.econlux.de\\\/wp-content\\\/uploads\\\/2024\\\/09\\\/00013738_SolarRaptor_Multi-Watt_EVG_35-50-70_Watt_transparent.png\",\"datePublished\":\"2024-09-12T13:44:34+00:00\",\"dateModified\":\"2025-06-17T10:16:19+00:00\",\"description\":\"El SOLAR RAPTOR\u00ae EVG es un balastro electr\u00f3nico para focos de terrarios. El controlador est\u00e1 completamente listo para la conexi\u00f3n y est\u00e1 equipado con los populares conectores SOLAR RAPTOR\u00ae.\",\"breadcrumb\":{\"@id\":\"https:\\\/\\\/petcare.econlux.de\\\/es\\\/producto\\\/solar-raptor-balastro-multi-vatio-35-w-50-w-70-w\\\/#breadcrumb\"},\"inLanguage\":\"es\",\"potentialAction\":[{\"@type\":\"ReadAction\",\"target\":[\"https:\\\/\\\/petcare.econlux.de\\\/es\\\/producto\\\/solar-raptor-balastro-multi-vatio-35-w-50-w-70-w\\\/\"]}]},{\"@type\":\"ImageObject\",\"inLanguage\":\"es\",\"@id\":\"https:\\\/\\\/petcare.econlux.de\\\/es\\\/producto\\\/solar-raptor-balastro-multi-vatio-35-w-50-w-70-w\\\/#primaryimage\",\"url\":\"https:\\\/\\\/petcare.econlux.de\\\/wp-content\\\/uploads\\\/2024\\\/09\\\/00013738_SolarRaptor_Multi-Watt_EVG_35-50-70_Watt_transparent.png\",\"contentUrl\":\"https:\\\/\\\/petcare.econlux.de\\\/wp-content\\\/uploads\\\/2024\\\/09\\\/00013738_SolarRaptor_Multi-Watt_EVG_35-50-70_Watt_transparent.png\",\"width\":1000,\"height\":1000},{\"@type\":\"BreadcrumbList\",\"@id\":\"https:\\\/\\\/petcare.econlux.de\\\/es\\\/producto\\\/solar-raptor-balastro-multi-vatio-35-w-50-w-70-w\\\/#breadcrumb\",\"itemListElement\":[{\"@type\":\"ListItem\",\"position\":1,\"name\":\"Startseite\",\"item\":\"https:\\\/\\\/petcare.econlux.de\\\/es\\\/\"},{\"@type\":\"ListItem\",\"position\":2,\"name\":\"Productos\",\"item\":\"https:\\\/\\\/petcare.econlux.de\\\/es\\\/productos\\\/\"},{\"@type\":\"ListItem\",\"position\":3,\"name\":\"SOLAR RAPTOR\u00ae Balastro Multi-vatio (35 W, 50 W, 70 W)\"}]},{\"@type\":\"WebSite\",\"@id\":\"https:\\\/\\\/petcare.econlux.de\\\/es\\\/#website\",\"url\":\"https:\\\/\\\/petcare.econlux.de\\\/es\\\/\",\"name\":\"ECONLUX GmbH PetCare\",\"description\":\"\",\"potentialAction\":[{\"@type\":\"SearchAction\",\"target\":{\"@type\":\"EntryPoint\",\"urlTemplate\":\"https:\\\/\\\/petcare.econlux.de\\\/es\\\/?s={search_term_string}\"},\"query-input\":{\"@type\":\"PropertyValueSpecification\",\"valueRequired\":true,\"valueName\":\"search_term_string\"}}],\"inLanguage\":\"es\"}]}<\/script>\n<!-- \/ Yoast SEO plugin. -->","yoast_head_json":{"title":"SOLAR RAPTOR\u00ae Balastro Multi-vatio (35 W, 50 W, 70 W) - ECONLUX GmbH PetCare","description":"El SOLAR RAPTOR\u00ae EVG es un balastro electr\u00f3nico para focos de terrarios. El controlador est\u00e1 completamente listo para la conexi\u00f3n y est\u00e1 equipado con los populares conectores SOLAR RAPTOR\u00ae.","robots":{"index":"index","follow":"follow","max-snippet":"max-snippet:-1","max-image-preview":"max-image-preview:large","max-video-preview":"max-video-preview:-1"},"canonical":"https:\/\/petcare.econlux.de\/es\/producto\/solar-raptor-balastro-multi-vatio-35-w-50-w-70-w\/","og_locale":"es_ES","og_type":"article","og_title":"SOLAR RAPTOR\u00ae Balastro Multi-vatio (35 W, 50 W, 70 W) - ECONLUX GmbH PetCare","og_description":"El SOLAR RAPTOR\u00ae EVG es un balastro electr\u00f3nico para focos de terrarios. El controlador est\u00e1 completamente listo para la conexi\u00f3n y est\u00e1 equipado con los populares conectores SOLAR RAPTOR\u00ae.","og_url":"https:\/\/petcare.econlux.de\/es\/producto\/solar-raptor-balastro-multi-vatio-35-w-50-w-70-w\/","og_site_name":"ECONLUX GmbH PetCare","article_modified_time":"2025-06-17T10:16:19+00:00","og_image":[{"width":1000,"height":1000,"url":"https:\/\/petcare.econlux.de\/wp-content\/uploads\/2024\/09\/00013738_SolarRaptor_Multi-Watt_EVG_35-50-70_Watt_transparent.png","type":"image\/png"}],"twitter_card":"summary_large_image","twitter_misc":{"Tiempo de lectura":"2 minutos"},"schema":{"@context":"https:\/\/schema.org","@graph":[{"@type":"WebPage","@id":"https:\/\/petcare.econlux.de\/es\/producto\/solar-raptor-balastro-multi-vatio-35-w-50-w-70-w\/","url":"https:\/\/petcare.econlux.de\/es\/producto\/solar-raptor-balastro-multi-vatio-35-w-50-w-70-w\/","name":"SOLAR RAPTOR\u00ae Balastro Multi-vatio (35 W, 50 W, 70 W) - ECONLUX GmbH PetCare","isPartOf":{"@id":"https:\/\/petcare.econlux.de\/es\/#website"},"primaryImageOfPage":{"@id":"https:\/\/petcare.econlux.de\/es\/producto\/solar-raptor-balastro-multi-vatio-35-w-50-w-70-w\/#primaryimage"},"image":{"@id":"https:\/\/petcare.econlux.de\/es\/producto\/solar-raptor-balastro-multi-vatio-35-w-50-w-70-w\/#primaryimage"},"thumbnailUrl":"https:\/\/petcare.econlux.de\/wp-content\/uploads\/2024\/09\/00013738_SolarRaptor_Multi-Watt_EVG_35-50-70_Watt_transparent.png","datePublished":"2024-09-12T13:44:34+00:00","dateModified":"2025-06-17T10:16:19+00:00","description":"El SOLAR RAPTOR\u00ae EVG es un balastro electr\u00f3nico para focos de terrarios. El controlador est\u00e1 completamente listo para la conexi\u00f3n y est\u00e1 equipado con los populares conectores SOLAR RAPTOR\u00ae.","breadcrumb":{"@id":"https:\/\/petcare.econlux.de\/es\/producto\/solar-raptor-balastro-multi-vatio-35-w-50-w-70-w\/#breadcrumb"},"inLanguage":"es","potentialAction":[{"@type":"ReadAction","target":["https:\/\/petcare.econlux.de\/es\/producto\/solar-raptor-balastro-multi-vatio-35-w-50-w-70-w\/"]}]},{"@type":"ImageObject","inLanguage":"es","@id":"https:\/\/petcare.econlux.de\/es\/producto\/solar-raptor-balastro-multi-vatio-35-w-50-w-70-w\/#primaryimage","url":"https:\/\/petcare.econlux.de\/wp-content\/uploads\/2024\/09\/00013738_SolarRaptor_Multi-Watt_EVG_35-50-70_Watt_transparent.png","contentUrl":"https:\/\/petcare.econlux.de\/wp-content\/uploads\/2024\/09\/00013738_SolarRaptor_Multi-Watt_EVG_35-50-70_Watt_transparent.png","width":1000,"height":1000},{"@type":"BreadcrumbList","@id":"https:\/\/petcare.econlux.de\/es\/producto\/solar-raptor-balastro-multi-vatio-35-w-50-w-70-w\/#breadcrumb","itemListElement":[{"@type":"ListItem","position":1,"name":"Startseite","item":"https:\/\/petcare.econlux.de\/es\/"},{"@type":"ListItem","position":2,"name":"Productos","item":"https:\/\/petcare.econlux.de\/es\/productos\/"},{"@type":"ListItem","position":3,"name":"SOLAR RAPTOR\u00ae Balastro Multi-vatio (35 W, 50 W, 70 W)"}]},{"@type":"WebSite","@id":"https:\/\/petcare.econlux.de\/es\/#website","url":"https:\/\/petcare.econlux.de\/es\/","name":"ECONLUX GmbH PetCare","description":"","potentialAction":[{"@type":"SearchAction","target":{"@type":"EntryPoint","urlTemplate":"https:\/\/petcare.econlux.de\/es\/?s={search_term_string}"},"query-input":{"@type":"PropertyValueSpecification","valueRequired":true,"valueName":"search_term_string"}}],"inLanguage":"es"}]}},"_links":{"self":[{"href":"https:\/\/petcare.econlux.de\/es\/wp-json\/wp\/v2\/product\/32291","targetHints":{"allow":["GET"]}}],"collection":[{"href":"https:\/\/petcare.econlux.de\/es\/wp-json\/wp\/v2\/product"}],"about":[{"href":"https:\/\/petcare.econlux.de\/es\/wp-json\/wp\/v2\/types\/product"}],"replies":[{"embeddable":true,"href":"https:\/\/petcare.econlux.de\/es\/wp-json\/wp\/v2\/comments?post=32291"}],"version-history":[{"count":1,"href":"https:\/\/petcare.econlux.de\/es\/wp-json\/wp\/v2\/product\/32291\/revisions"}],"predecessor-version":[{"id":33944,"href":"https:\/\/petcare.econlux.de\/es\/wp-json\/wp\/v2\/product\/32291\/revisions\/33944"}],"wp:featuredmedia":[{"embeddable":true,"href":"https:\/\/petcare.econlux.de\/es\/wp-json\/wp\/v2\/media\/32292"}],"wp:attachment":[{"href":"https:\/\/petcare.econlux.de\/es\/wp-json\/wp\/v2\/media?parent=32291"}],"wp:term":[{"taxonomy":"product_brand","embeddable":true,"href":"https:\/\/petcare.econlux.de\/es\/wp-json\/wp\/v2\/product_brand?post=32291"},{"taxonomy":"product_cat","embeddable":true,"href":"https:\/\/petcare.econlux.de\/es\/wp-json\/wp\/v2\/product_cat?post=32291"},{"taxonomy":"product_tag","embeddable":true,"href":"https:\/\/petcare.econlux.de\/es\/wp-json\/wp\/v2\/product_tag?post=32291"}],"curies":[{"name":"wp","href":"https:\/\/api.w.org\/{rel}","templated":true}]}}