{"id":32273,"date":"2024-09-12T15:35:55","date_gmt":"2024-09-12T13:35:55","guid":{"rendered":"https:\/\/petcare.econlux.de\/produkt\/solar-stinger-solar-raptor-drv2\/"},"modified":"2025-07-14T14:18:05","modified_gmt":"2025-07-14T12:18:05","slug":"solar-stinger-solar-raptor-drv2","status":"publish","type":"product","link":"https:\/\/petcare.econlux.de\/es\/producto\/solar-stinger-solar-raptor-drv2\/","title":{"rendered":"SOLAR STINGER\u00ae \/ SOLAR RAPTOR\u00ae DRV2"},"content":{"rendered":"<h3>SOLAR STINGER\u00ae \/SOLAR RAPTOR\u00ae DRV2<\/h3>\n<p>Los SOLAR STINGER\u00ae \/SOLAR RAPTOR\u00ae DRV2 son controladores universales (fuentes de alimentaci\u00f3n). Se pueden utilizar para operar SunStrips, as\u00ed como todos los dem\u00e1s productos SOLAR STINGER\u00ae y SOLAR RAPTOR\u00ae con una conexi\u00f3n de 6 pines. <\/p>\n<p>Se pueden combinar r\u00e1pida y f\u00e1cilmente con los productos mediante pr\u00e1cticas conexiones enchufables. Tambi\u00e9n es posible conectar varios productos a un solo DRV2 del tama\u00f1o correspondiente mediante un <strong><a href=\"https:\/\/relaunch.econlux.de\/produkt\/solarstinger-solarraptor-drv-y-cable\/\" target=\"_blank\" rel=\"noopener\">cable-Y para DRV<\/a><\/strong> o la unidad de control <strong><a href=\"https:\/\/relaunch.econlux.de\/produkt\/solarstinger-solarraptor-con1\/\" target=\"_blank\" rel=\"noopener\">CON1<\/a><\/strong>. <\/p>\n<p><strong>Importante al emparejar varios dispositivos:<\/strong><\/p>\n<p>\u00a1La suma del consumo de energ\u00eda (potencia total) de todos los productos conectados no debe exceder la potencia de salida m\u00e1xima (vatios) de la fuente de alimentaci\u00f3n DRV2!<\/p>\n<p><strong>Ejemplo de c\u00e1lculo:<\/strong><\/p>\n<p>Para operar dos SOLAR STINGER\u00ae <a href=\"https:\/\/econlux.de\/produkt\/solarstinger-sunstrip-iii-35-fresh\/\" target=\"_blank\" rel=\"noopener\"><strong>SunStrip III 35 FRESH<\/strong><\/a> de 19 vatios cada uno, junto con una unidad de control <strong><a href=\"https:\/\/relaunch.econlux.de\/produkt\/solarstinger-solarraptor-con1\/\" target=\"_blank\" rel=\"noopener\">CON1<\/a><\/strong> (1 vatio), se requiere un DRV2 de 48 W.<\/p>\n<p>&nbsp;<\/p>\n<p><span class=\"weee--text\">ECONLUX GmbH WEEE-Registrations-Nr.: DE 39263685<\/span><\/p>\n","protected":false},"excerpt":{"rendered":"<ul class=\"product--bullets\">\n<li>Para todos los productos SolarStinger y SolarRaptor con conexi\u00f3n de 6 pines<\/li>\n<li>Diferentes niveles de rendimiento<\/li>\n<\/ul>\n","protected":false},"featured_media":34685,"comment_status":"closed","ping_status":"closed","template":"","meta":[],"product_brand":[],"product_cat":[848,842,841,835,834],"product_tag":[914,913],"class_list":{"0":"post-32273","1":"product","2":"type-product","3":"status-publish","4":"has-post-thumbnail","6":"product_cat-fuentes-de-alimentacion","7":"product_cat-accesorios-y-recambios","8":"product_cat-accesorios","9":"product_cat-solar-stinger-es","10":"product_cat-solar-raptor-es","11":"product_tag-controlador","12":"product_tag-netzteil-es","14":"first","15":"instock","16":"taxable","17":"shipping-taxable","18":"purchasable","19":"product-type-variable"},"yoast_head":"<!-- This site is optimized with the Yoast SEO plugin v27.4 - https:\/\/yoast.com\/product\/yoast-seo-wordpress\/ -->\n<title>SOLAR STINGER\u00ae \/ SOLAR RAPTOR\u00ae DRV2 - ECONLUX GmbH PetCare<\/title>\n<meta name=\"description\" content=\"Los SOLAR STINGER\u00ae \/SOLAR RAPTOR\u00ae DRV2 son controladores universales. Se pueden utilizar para operar SunStrips, as\u00ed como todos los dem\u00e1s productos SOLAR STINGER\u00ae y SOLAR RAPTOR\u00ae con una conexi\u00f3n de 6 pines.\" \/>\n<meta name=\"robots\" content=\"index, follow, max-snippet:-1, max-image-preview:large, max-video-preview:-1\" \/>\n<link rel=\"canonical\" href=\"https:\/\/petcare.econlux.de\/es\/producto\/solar-stinger-solar-raptor-drv2\/\" \/>\n<meta property=\"og:locale\" content=\"es_ES\" \/>\n<meta property=\"og:type\" content=\"article\" \/>\n<meta property=\"og:title\" content=\"SOLAR STINGER\u00ae \/ SOLAR RAPTOR\u00ae DRV2 - ECONLUX GmbH PetCare\" \/>\n<meta property=\"og:description\" content=\"Los SOLAR STINGER\u00ae \/SOLAR RAPTOR\u00ae DRV2 son controladores universales. Se pueden utilizar para operar SunStrips, as\u00ed como todos los dem\u00e1s productos SOLAR STINGER\u00ae y SOLAR RAPTOR\u00ae con una conexi\u00f3n de 6 pines.\" \/>\n<meta property=\"og:url\" content=\"https:\/\/petcare.econlux.de\/es\/producto\/solar-stinger-solar-raptor-drv2\/\" \/>\n<meta property=\"og:site_name\" content=\"ECONLUX GmbH PetCare\" \/>\n<meta property=\"article:modified_time\" content=\"2025-07-14T12:18:05+00:00\" \/>\n<meta property=\"og:image\" content=\"https:\/\/petcare.econlux.de\/wp-content\/uploads\/2024\/09\/00013035_DRV_Vater_transparent.webp\" \/>\n\t<meta property=\"og:image:width\" content=\"1000\" \/>\n\t<meta property=\"og:image:height\" content=\"1000\" \/>\n\t<meta property=\"og:image:type\" content=\"image\/webp\" \/>\n<meta name=\"twitter:card\" content=\"summary_large_image\" \/>\n<meta name=\"twitter:label1\" content=\"Tiempo de lectura\" \/>\n\t<meta name=\"twitter:data1\" content=\"1 minuto\" \/>\n<script type=\"application\/ld+json\" class=\"yoast-schema-graph\">{\"@context\":\"https:\\\/\\\/schema.org\",\"@graph\":[{\"@type\":\"WebPage\",\"@id\":\"https:\\\/\\\/petcare.econlux.de\\\/es\\\/producto\\\/solar-stinger-solar-raptor-drv2\\\/\",\"url\":\"https:\\\/\\\/petcare.econlux.de\\\/es\\\/producto\\\/solar-stinger-solar-raptor-drv2\\\/\",\"name\":\"SOLAR STINGER\u00ae \\\/ SOLAR RAPTOR\u00ae DRV2 - ECONLUX GmbH PetCare\",\"isPartOf\":{\"@id\":\"https:\\\/\\\/petcare.econlux.de\\\/es\\\/#website\"},\"primaryImageOfPage\":{\"@id\":\"https:\\\/\\\/petcare.econlux.de\\\/es\\\/producto\\\/solar-stinger-solar-raptor-drv2\\\/#primaryimage\"},\"image\":{\"@id\":\"https:\\\/\\\/petcare.econlux.de\\\/es\\\/producto\\\/solar-stinger-solar-raptor-drv2\\\/#primaryimage\"},\"thumbnailUrl\":\"https:\\\/\\\/petcare.econlux.de\\\/wp-content\\\/uploads\\\/2024\\\/09\\\/00013035_DRV_Vater_transparent.webp\",\"datePublished\":\"2024-09-12T13:35:55+00:00\",\"dateModified\":\"2025-07-14T12:18:05+00:00\",\"description\":\"Los SOLAR STINGER\u00ae \\\/SOLAR RAPTOR\u00ae DRV2 son controladores universales. Se pueden utilizar para operar SunStrips, as\u00ed como todos los dem\u00e1s productos SOLAR STINGER\u00ae y SOLAR RAPTOR\u00ae con una conexi\u00f3n de 6 pines.\",\"breadcrumb\":{\"@id\":\"https:\\\/\\\/petcare.econlux.de\\\/es\\\/producto\\\/solar-stinger-solar-raptor-drv2\\\/#breadcrumb\"},\"inLanguage\":\"es\",\"potentialAction\":[{\"@type\":\"ReadAction\",\"target\":[\"https:\\\/\\\/petcare.econlux.de\\\/es\\\/producto\\\/solar-stinger-solar-raptor-drv2\\\/\"]}]},{\"@type\":\"ImageObject\",\"inLanguage\":\"es\",\"@id\":\"https:\\\/\\\/petcare.econlux.de\\\/es\\\/producto\\\/solar-stinger-solar-raptor-drv2\\\/#primaryimage\",\"url\":\"https:\\\/\\\/petcare.econlux.de\\\/wp-content\\\/uploads\\\/2024\\\/09\\\/00013035_DRV_Vater_transparent.webp\",\"contentUrl\":\"https:\\\/\\\/petcare.econlux.de\\\/wp-content\\\/uploads\\\/2024\\\/09\\\/00013035_DRV_Vater_transparent.webp\",\"width\":1000,\"height\":1000,\"caption\":\"SOLAR RAPTOR\u00ae\\\/SOLAR STINGER\u00ae DRV2 Netzteile\"},{\"@type\":\"BreadcrumbList\",\"@id\":\"https:\\\/\\\/petcare.econlux.de\\\/es\\\/producto\\\/solar-stinger-solar-raptor-drv2\\\/#breadcrumb\",\"itemListElement\":[{\"@type\":\"ListItem\",\"position\":1,\"name\":\"Startseite\",\"item\":\"https:\\\/\\\/petcare.econlux.de\\\/es\\\/\"},{\"@type\":\"ListItem\",\"position\":2,\"name\":\"Productos\",\"item\":\"https:\\\/\\\/petcare.econlux.de\\\/es\\\/productos\\\/\"},{\"@type\":\"ListItem\",\"position\":3,\"name\":\"SOLAR STINGER\u00ae \\\/ SOLAR RAPTOR\u00ae DRV2\"}]},{\"@type\":\"WebSite\",\"@id\":\"https:\\\/\\\/petcare.econlux.de\\\/es\\\/#website\",\"url\":\"https:\\\/\\\/petcare.econlux.de\\\/es\\\/\",\"name\":\"ECONLUX GmbH PetCare\",\"description\":\"\",\"potentialAction\":[{\"@type\":\"SearchAction\",\"target\":{\"@type\":\"EntryPoint\",\"urlTemplate\":\"https:\\\/\\\/petcare.econlux.de\\\/es\\\/?s={search_term_string}\"},\"query-input\":{\"@type\":\"PropertyValueSpecification\",\"valueRequired\":true,\"valueName\":\"search_term_string\"}}],\"inLanguage\":\"es\"}]}<\/script>\n<!-- \/ Yoast SEO plugin. -->","yoast_head_json":{"title":"SOLAR STINGER\u00ae \/ SOLAR RAPTOR\u00ae DRV2 - ECONLUX GmbH PetCare","description":"Los SOLAR STINGER\u00ae \/SOLAR RAPTOR\u00ae DRV2 son controladores universales. Se pueden utilizar para operar SunStrips, as\u00ed como todos los dem\u00e1s productos SOLAR STINGER\u00ae y SOLAR RAPTOR\u00ae con una conexi\u00f3n de 6 pines.","robots":{"index":"index","follow":"follow","max-snippet":"max-snippet:-1","max-image-preview":"max-image-preview:large","max-video-preview":"max-video-preview:-1"},"canonical":"https:\/\/petcare.econlux.de\/es\/producto\/solar-stinger-solar-raptor-drv2\/","og_locale":"es_ES","og_type":"article","og_title":"SOLAR STINGER\u00ae \/ SOLAR RAPTOR\u00ae DRV2 - ECONLUX GmbH PetCare","og_description":"Los SOLAR STINGER\u00ae \/SOLAR RAPTOR\u00ae DRV2 son controladores universales. Se pueden utilizar para operar SunStrips, as\u00ed como todos los dem\u00e1s productos SOLAR STINGER\u00ae y SOLAR RAPTOR\u00ae con una conexi\u00f3n de 6 pines.","og_url":"https:\/\/petcare.econlux.de\/es\/producto\/solar-stinger-solar-raptor-drv2\/","og_site_name":"ECONLUX GmbH PetCare","article_modified_time":"2025-07-14T12:18:05+00:00","og_image":[{"width":1000,"height":1000,"url":"https:\/\/petcare.econlux.de\/wp-content\/uploads\/2024\/09\/00013035_DRV_Vater_transparent.webp","type":"image\/webp"}],"twitter_card":"summary_large_image","twitter_misc":{"Tiempo de lectura":"1 minuto"},"schema":{"@context":"https:\/\/schema.org","@graph":[{"@type":"WebPage","@id":"https:\/\/petcare.econlux.de\/es\/producto\/solar-stinger-solar-raptor-drv2\/","url":"https:\/\/petcare.econlux.de\/es\/producto\/solar-stinger-solar-raptor-drv2\/","name":"SOLAR STINGER\u00ae \/ SOLAR RAPTOR\u00ae DRV2 - ECONLUX GmbH PetCare","isPartOf":{"@id":"https:\/\/petcare.econlux.de\/es\/#website"},"primaryImageOfPage":{"@id":"https:\/\/petcare.econlux.de\/es\/producto\/solar-stinger-solar-raptor-drv2\/#primaryimage"},"image":{"@id":"https:\/\/petcare.econlux.de\/es\/producto\/solar-stinger-solar-raptor-drv2\/#primaryimage"},"thumbnailUrl":"https:\/\/petcare.econlux.de\/wp-content\/uploads\/2024\/09\/00013035_DRV_Vater_transparent.webp","datePublished":"2024-09-12T13:35:55+00:00","dateModified":"2025-07-14T12:18:05+00:00","description":"Los SOLAR STINGER\u00ae \/SOLAR RAPTOR\u00ae DRV2 son controladores universales. Se pueden utilizar para operar SunStrips, as\u00ed como todos los dem\u00e1s productos SOLAR STINGER\u00ae y SOLAR RAPTOR\u00ae con una conexi\u00f3n de 6 pines.","breadcrumb":{"@id":"https:\/\/petcare.econlux.de\/es\/producto\/solar-stinger-solar-raptor-drv2\/#breadcrumb"},"inLanguage":"es","potentialAction":[{"@type":"ReadAction","target":["https:\/\/petcare.econlux.de\/es\/producto\/solar-stinger-solar-raptor-drv2\/"]}]},{"@type":"ImageObject","inLanguage":"es","@id":"https:\/\/petcare.econlux.de\/es\/producto\/solar-stinger-solar-raptor-drv2\/#primaryimage","url":"https:\/\/petcare.econlux.de\/wp-content\/uploads\/2024\/09\/00013035_DRV_Vater_transparent.webp","contentUrl":"https:\/\/petcare.econlux.de\/wp-content\/uploads\/2024\/09\/00013035_DRV_Vater_transparent.webp","width":1000,"height":1000,"caption":"SOLAR RAPTOR\u00ae\/SOLAR STINGER\u00ae DRV2 Netzteile"},{"@type":"BreadcrumbList","@id":"https:\/\/petcare.econlux.de\/es\/producto\/solar-stinger-solar-raptor-drv2\/#breadcrumb","itemListElement":[{"@type":"ListItem","position":1,"name":"Startseite","item":"https:\/\/petcare.econlux.de\/es\/"},{"@type":"ListItem","position":2,"name":"Productos","item":"https:\/\/petcare.econlux.de\/es\/productos\/"},{"@type":"ListItem","position":3,"name":"SOLAR STINGER\u00ae \/ SOLAR RAPTOR\u00ae DRV2"}]},{"@type":"WebSite","@id":"https:\/\/petcare.econlux.de\/es\/#website","url":"https:\/\/petcare.econlux.de\/es\/","name":"ECONLUX GmbH PetCare","description":"","potentialAction":[{"@type":"SearchAction","target":{"@type":"EntryPoint","urlTemplate":"https:\/\/petcare.econlux.de\/es\/?s={search_term_string}"},"query-input":{"@type":"PropertyValueSpecification","valueRequired":true,"valueName":"search_term_string"}}],"inLanguage":"es"}]}},"_links":{"self":[{"href":"https:\/\/petcare.econlux.de\/es\/wp-json\/wp\/v2\/product\/32273","targetHints":{"allow":["GET"]}}],"collection":[{"href":"https:\/\/petcare.econlux.de\/es\/wp-json\/wp\/v2\/product"}],"about":[{"href":"https:\/\/petcare.econlux.de\/es\/wp-json\/wp\/v2\/types\/product"}],"replies":[{"embeddable":true,"href":"https:\/\/petcare.econlux.de\/es\/wp-json\/wp\/v2\/comments?post=32273"}],"version-history":[{"count":2,"href":"https:\/\/petcare.econlux.de\/es\/wp-json\/wp\/v2\/product\/32273\/revisions"}],"predecessor-version":[{"id":35398,"href":"https:\/\/petcare.econlux.de\/es\/wp-json\/wp\/v2\/product\/32273\/revisions\/35398"}],"wp:featuredmedia":[{"embeddable":true,"href":"https:\/\/petcare.econlux.de\/es\/wp-json\/wp\/v2\/media\/34685"}],"wp:attachment":[{"href":"https:\/\/petcare.econlux.de\/es\/wp-json\/wp\/v2\/media?parent=32273"}],"wp:term":[{"taxonomy":"product_brand","embeddable":true,"href":"https:\/\/petcare.econlux.de\/es\/wp-json\/wp\/v2\/product_brand?post=32273"},{"taxonomy":"product_cat","embeddable":true,"href":"https:\/\/petcare.econlux.de\/es\/wp-json\/wp\/v2\/product_cat?post=32273"},{"taxonomy":"product_tag","embeddable":true,"href":"https:\/\/petcare.econlux.de\/es\/wp-json\/wp\/v2\/product_tag?post=32273"}],"curies":[{"name":"wp","href":"https:\/\/api.w.org\/{rel}","templated":true}]}}