{"id":32266,"date":"2024-09-12T15:44:10","date_gmt":"2024-09-12T13:44:10","guid":{"rendered":"https:\/\/petcare.econlux.de\/produkt\/solar-raptor-sunstrip-iii-35-reptile-edicion-negra\/"},"modified":"2025-08-05T13:56:57","modified_gmt":"2025-08-05T11:56:57","slug":"solar-raptor-sunstrip-iii-35-reptile-edicion-negra","status":"publish","type":"product","link":"https:\/\/petcare.econlux.de\/es\/producto\/solar-raptor-sunstrip-iii-35-reptile-edicion-negra\/","title":{"rendered":"SOLAR RAPTOR\u00ae SunStrip III 35 REPTILE Edici\u00f3n Negra"},"content":{"rendered":"<h3>SOLAR RAPTOR\u00ae SunStrip III 35 Reptile Edici\u00f3n Negra<\/h3>\n<p>SOLAR RAPTOR\u00ae SunStrip III 35 Reptile Edici\u00f3n Negra es una potente luz LED para terrarios con contenido adicional de UV-A. Gracias a su espectro de luz natural, SOLAR RAPTOR\u00ae SunStrip III 35 Reptile es definitivamente una iluminaci\u00f3n para terrarios a un nivel completamente nuevo. La proporci\u00f3n UV-A de la luz emitida garantiza el bienestar de los animales y el brillo especial de los colores permite que los animales del terrario brillen en todo su esplendor.<\/p>\n<p>Todos los LED de esta nueva iluminaci\u00f3n para terrarios (blanco, rojo, verde, azul) son regulables y cada canal se puede controlar individualmente mediante la <a href=\"https:\/\/petcare.econlux.de\/es\/producto\/solar-stinger-solar-raptor-con1\/\" target=\"_blank\" rel=\"noopener\"><strong>unidad de control CON1<\/strong><\/a>, disponible por separado.<\/p>\n<p>Por ejemplo, los amaneceres y atardeceres o la luz de la luna, id\u00e9nticos a los naturales, se pueden activar directamente con solo presionar un bot\u00f3n gracias a escenarios preinstalados o se pueden dise\u00f1ar individualmente seg\u00fan se desee. Adem\u00e1s, es posible configurar escenas y colores completamente personalizados: una vez guardado, el escenario programado se puede disfrutar una y otra vez en momentos establecidos. Deja volar tu imaginaci\u00f3n y crea escenarios de iluminaci\u00f3n seg\u00fan tus propias ideas.  <\/p>\n<p>A diferencia de los tubos fluorescentes convencionales, las l\u00e1mparas HQL o HQI, el SunStrip 35 Reptile no genera calor radiante y s\u00f3lo una peque\u00f1a cantidad de calor propio. Esto, por un lado, ahorra energ\u00eda, pero, por otro, tambi\u00e9n protege los terrarios contra el sobrecalentamiento. Esto significa que no hay influencias perjudiciales de la temperatura al ajustar el clima del terrario, algo especialmente importante teniendo en cuenta las temperaturas naturales cada vez m\u00e1s altas en verano.  <\/p>\n<p>Gracias a la extrema longevidad del SunStrip con una vida \u00fatil nominal de 50.000 horas con una potencia luminosa casi constante, no es necesario sustituir las l\u00e1mparas peri\u00f3dicamente.<\/p>\n<p>Al igual que sus predecesores, la Edici\u00f3n Negra SOLAR RAPTOR\u00ae SunStrip III Reptile est\u00e1 revestida con una carcasa plana de aluminio. A diferencia de las ediciones est\u00e1ndar anteriores, la Edici\u00f3n negra est\u00e1 completamente decorada en un elegante negro. Lo mismo se aplica a la Edici\u00f3n Negra: al producirla siempre nos aseguramos de utilizar \u00fanicamente materiales respetuosos con el medio ambiente y libres de mercurio.  <\/p>\n<p>En la parte superior de la l\u00e1mpara LED se encuentra el perfil de aluminio especial t\u00edpico de SunStrip. Este perfil, por un lado, disipa el calor y protege los LED del sobrecalentamiento. Adem\u00e1s, el perfil sirve tambi\u00e9n como ingenioso carril de montaje para el \u201c<a href=\"https:\/\/petcare.econlux.de\/es\/producto\/solar-stinger-solar-raptor-sunstrip-holder-edicion-negro\/\" target=\"_blank\" rel=\"noopener\">SunStrip Holder<\/a>\u201d (ahora tambi\u00e9n disponible en negro).  <\/p>\n<p>La gran selecci\u00f3n de 10 soportes diferentes permite las opciones de fijaci\u00f3n m\u00e1s flexibles: desde simplemente colocar el SunStrip en el terrario, atornillarlo, colgarlo del techo o integrarlo en <a href=\"https:\/\/petcare.econlux.de\/es\/producto\/tubos-uvb-solar-raptor-t5\/\" target=\"_blank\" rel=\"noopener\">casquillos de tubos fluorescentes T8 o T5<\/a> existentes, con los \u00ab<a href=\"https:\/\/petcare.econlux.de\/es\/categorias-productos\/sunstrip-soportes\/\" target=\"_blank\" rel=\"noopener\">Soportes SunStrip<\/a>\u00ab, todo es posible.<\/p>\n<p>Adem\u00e1s, se pueden conectar varios SunStrips longitudinalmente y, por lo tanto, operar con un solo controlador (del tama\u00f1o adecuado). Para ello se suman los servicios de cada SunStrip y en funci\u00f3n de la suma se selecciona el conductor adecuado.<\/p>\n<p>Alternativamente, <a href=\"https:\/\/petcare.econlux.de\/es\/producto\/solar-raptor-sunstrip-iii-35-reptile-edicion-negra-bundle\/\" target=\"_blank\" rel=\"noopener\">la Edici\u00f3n Negra SunStrip III 35 REPTILE tambi\u00e9n est\u00e1 disponible como PACK<\/a> con un controlador del tama\u00f1o adecuado.<\/p>\n<p>&nbsp;<\/p>\n<p>ECONLUX GmbH WEEE- Registrations-Nr.: DE 39263685<\/p>\n<p>&nbsp;<\/p>\n","protected":false},"excerpt":{"rendered":"<ul class=\"product--bullets\">\n<li>Iluminaci\u00f3n LED UV-A para terrarios<\/li>\n<li>Luz brillante para una excelente reproducci\u00f3n crom\u00e1tica<\/li>\n<li>Varias opciones de montaje<\/li>\n<li>IMPORTANTE: \u00a1Se requiere <a href=\"https:\/\/petcare.econlux.de\/es\/categorias-productos\/solar-raptor-es\/fuentes-de-alimentacion\/\" target=\"_blank\" rel=\"noopener\">fuente de alimentaci\u00f3n <\/a>adicional para el funcionamiento!<\/li>\n<\/ul>\n","protected":false},"featured_media":32267,"comment_status":"closed","ping_status":"closed","template":"","meta":[],"product_brand":[],"product_cat":[846,834],"product_tag":[895,903,902,901,893,892,891,890,888],"class_list":{"0":"post-32266","1":"product","2":"type-product","3":"status-publish","4":"has-post-thumbnail","6":"product_cat-iluminacion-led-para-terrarios","7":"product_cat-solar-raptor-es","8":"product_tag-accesorios-para-terrarios","9":"product_tag-sunstrip-iii-es","10":"product_tag-iluminacion-led","11":"product_tag-led-es","12":"product_tag-uvb-es","13":"product_tag-uva-es","14":"product_tag-radiacion-uv","15":"product_tag-luz-uv","16":"product_tag-terraristica","18":"first","19":"instock","20":"taxable","21":"shipping-taxable","22":"purchasable","23":"product-type-variable"},"yoast_head":"<!-- This site is optimized with the Yoast SEO plugin v27.4 - https:\/\/yoast.com\/product\/yoast-seo-wordpress\/ -->\n<title>SOLAR RAPTOR\u00ae SunStrip III 35 Edici\u00f3n Negra<\/title>\n<meta name=\"description\" content=\"SOLAR RAPTOR\u00ae SunStrip III 35 Reptile Edici\u00f3n Negra es una potente luz LED para terrario con contenido UV-A adicional.\" \/>\n<meta name=\"robots\" content=\"index, follow, max-snippet:-1, max-image-preview:large, max-video-preview:-1\" \/>\n<link rel=\"canonical\" href=\"https:\/\/petcare.econlux.de\/es\/producto\/solar-raptor-sunstrip-iii-35-reptile-edicion-negra\/\" \/>\n<meta property=\"og:locale\" content=\"es_ES\" \/>\n<meta property=\"og:type\" content=\"article\" \/>\n<meta property=\"og:title\" content=\"SOLAR RAPTOR\u00ae SunStrip III 35 Edici\u00f3n Negra\" \/>\n<meta property=\"og:description\" content=\"SOLAR RAPTOR\u00ae SunStrip III 35 Reptile Edici\u00f3n Negra es una potente luz LED para terrario con contenido UV-A adicional.\" \/>\n<meta property=\"og:url\" content=\"https:\/\/petcare.econlux.de\/es\/producto\/solar-raptor-sunstrip-iii-35-reptile-edicion-negra\/\" \/>\n<meta property=\"og:site_name\" content=\"ECONLUX GmbH PetCare\" \/>\n<meta property=\"article:modified_time\" content=\"2025-08-05T11:56:57+00:00\" \/>\n<meta property=\"og:image\" content=\"https:\/\/petcare.econlux.de\/wp-content\/uploads\/2024\/09\/00013695_SolarRaptor_SunStrip_35W_REPTILE_black_Vater_transparent_2.png\" \/>\n\t<meta property=\"og:image:width\" content=\"1000\" \/>\n\t<meta property=\"og:image:height\" content=\"1000\" \/>\n\t<meta property=\"og:image:type\" content=\"image\/png\" \/>\n<meta name=\"twitter:card\" content=\"summary_large_image\" \/>\n<meta name=\"twitter:label1\" content=\"Tiempo de lectura\" \/>\n\t<meta name=\"twitter:data1\" content=\"3 minutos\" \/>\n<script type=\"application\/ld+json\" class=\"yoast-schema-graph\">{\"@context\":\"https:\\\/\\\/schema.org\",\"@graph\":[{\"@type\":\"WebPage\",\"@id\":\"https:\\\/\\\/petcare.econlux.de\\\/es\\\/producto\\\/solar-raptor-sunstrip-iii-35-reptile-edicion-negra\\\/\",\"url\":\"https:\\\/\\\/petcare.econlux.de\\\/es\\\/producto\\\/solar-raptor-sunstrip-iii-35-reptile-edicion-negra\\\/\",\"name\":\"SOLAR RAPTOR\u00ae SunStrip III 35 Edici\u00f3n Negra\",\"isPartOf\":{\"@id\":\"https:\\\/\\\/petcare.econlux.de\\\/es\\\/#website\"},\"primaryImageOfPage\":{\"@id\":\"https:\\\/\\\/petcare.econlux.de\\\/es\\\/producto\\\/solar-raptor-sunstrip-iii-35-reptile-edicion-negra\\\/#primaryimage\"},\"image\":{\"@id\":\"https:\\\/\\\/petcare.econlux.de\\\/es\\\/producto\\\/solar-raptor-sunstrip-iii-35-reptile-edicion-negra\\\/#primaryimage\"},\"thumbnailUrl\":\"https:\\\/\\\/petcare.econlux.de\\\/wp-content\\\/uploads\\\/2024\\\/09\\\/00013695_SolarRaptor_SunStrip_35W_REPTILE_black_Vater_transparent_2.png\",\"datePublished\":\"2024-09-12T13:44:10+00:00\",\"dateModified\":\"2025-08-05T11:56:57+00:00\",\"description\":\"SOLAR RAPTOR\u00ae SunStrip III 35 Reptile Edici\u00f3n Negra es una potente luz LED para terrario con contenido UV-A adicional.\",\"breadcrumb\":{\"@id\":\"https:\\\/\\\/petcare.econlux.de\\\/es\\\/producto\\\/solar-raptor-sunstrip-iii-35-reptile-edicion-negra\\\/#breadcrumb\"},\"inLanguage\":\"es\",\"potentialAction\":[{\"@type\":\"ReadAction\",\"target\":[\"https:\\\/\\\/petcare.econlux.de\\\/es\\\/producto\\\/solar-raptor-sunstrip-iii-35-reptile-edicion-negra\\\/\"]}]},{\"@type\":\"ImageObject\",\"inLanguage\":\"es\",\"@id\":\"https:\\\/\\\/petcare.econlux.de\\\/es\\\/producto\\\/solar-raptor-sunstrip-iii-35-reptile-edicion-negra\\\/#primaryimage\",\"url\":\"https:\\\/\\\/petcare.econlux.de\\\/wp-content\\\/uploads\\\/2024\\\/09\\\/00013695_SolarRaptor_SunStrip_35W_REPTILE_black_Vater_transparent_2.png\",\"contentUrl\":\"https:\\\/\\\/petcare.econlux.de\\\/wp-content\\\/uploads\\\/2024\\\/09\\\/00013695_SolarRaptor_SunStrip_35W_REPTILE_black_Vater_transparent_2.png\",\"width\":1000,\"height\":1000},{\"@type\":\"BreadcrumbList\",\"@id\":\"https:\\\/\\\/petcare.econlux.de\\\/es\\\/producto\\\/solar-raptor-sunstrip-iii-35-reptile-edicion-negra\\\/#breadcrumb\",\"itemListElement\":[{\"@type\":\"ListItem\",\"position\":1,\"name\":\"Startseite\",\"item\":\"https:\\\/\\\/petcare.econlux.de\\\/es\\\/\"},{\"@type\":\"ListItem\",\"position\":2,\"name\":\"Productos\",\"item\":\"https:\\\/\\\/petcare.econlux.de\\\/es\\\/productos\\\/\"},{\"@type\":\"ListItem\",\"position\":3,\"name\":\"SOLAR RAPTOR\u00ae SunStrip III 35 REPTILE Edici\u00f3n Negra\"}]},{\"@type\":\"WebSite\",\"@id\":\"https:\\\/\\\/petcare.econlux.de\\\/es\\\/#website\",\"url\":\"https:\\\/\\\/petcare.econlux.de\\\/es\\\/\",\"name\":\"ECONLUX GmbH PetCare\",\"description\":\"\",\"potentialAction\":[{\"@type\":\"SearchAction\",\"target\":{\"@type\":\"EntryPoint\",\"urlTemplate\":\"https:\\\/\\\/petcare.econlux.de\\\/es\\\/?s={search_term_string}\"},\"query-input\":{\"@type\":\"PropertyValueSpecification\",\"valueRequired\":true,\"valueName\":\"search_term_string\"}}],\"inLanguage\":\"es\"}]}<\/script>\n<!-- \/ Yoast SEO plugin. -->","yoast_head_json":{"title":"SOLAR RAPTOR\u00ae SunStrip III 35 Edici\u00f3n Negra","description":"SOLAR RAPTOR\u00ae SunStrip III 35 Reptile Edici\u00f3n Negra es una potente luz LED para terrario con contenido UV-A adicional.","robots":{"index":"index","follow":"follow","max-snippet":"max-snippet:-1","max-image-preview":"max-image-preview:large","max-video-preview":"max-video-preview:-1"},"canonical":"https:\/\/petcare.econlux.de\/es\/producto\/solar-raptor-sunstrip-iii-35-reptile-edicion-negra\/","og_locale":"es_ES","og_type":"article","og_title":"SOLAR RAPTOR\u00ae SunStrip III 35 Edici\u00f3n Negra","og_description":"SOLAR RAPTOR\u00ae SunStrip III 35 Reptile Edici\u00f3n Negra es una potente luz LED para terrario con contenido UV-A adicional.","og_url":"https:\/\/petcare.econlux.de\/es\/producto\/solar-raptor-sunstrip-iii-35-reptile-edicion-negra\/","og_site_name":"ECONLUX GmbH PetCare","article_modified_time":"2025-08-05T11:56:57+00:00","og_image":[{"width":1000,"height":1000,"url":"https:\/\/petcare.econlux.de\/wp-content\/uploads\/2024\/09\/00013695_SolarRaptor_SunStrip_35W_REPTILE_black_Vater_transparent_2.png","type":"image\/png"}],"twitter_card":"summary_large_image","twitter_misc":{"Tiempo de lectura":"3 minutos"},"schema":{"@context":"https:\/\/schema.org","@graph":[{"@type":"WebPage","@id":"https:\/\/petcare.econlux.de\/es\/producto\/solar-raptor-sunstrip-iii-35-reptile-edicion-negra\/","url":"https:\/\/petcare.econlux.de\/es\/producto\/solar-raptor-sunstrip-iii-35-reptile-edicion-negra\/","name":"SOLAR RAPTOR\u00ae SunStrip III 35 Edici\u00f3n Negra","isPartOf":{"@id":"https:\/\/petcare.econlux.de\/es\/#website"},"primaryImageOfPage":{"@id":"https:\/\/petcare.econlux.de\/es\/producto\/solar-raptor-sunstrip-iii-35-reptile-edicion-negra\/#primaryimage"},"image":{"@id":"https:\/\/petcare.econlux.de\/es\/producto\/solar-raptor-sunstrip-iii-35-reptile-edicion-negra\/#primaryimage"},"thumbnailUrl":"https:\/\/petcare.econlux.de\/wp-content\/uploads\/2024\/09\/00013695_SolarRaptor_SunStrip_35W_REPTILE_black_Vater_transparent_2.png","datePublished":"2024-09-12T13:44:10+00:00","dateModified":"2025-08-05T11:56:57+00:00","description":"SOLAR RAPTOR\u00ae SunStrip III 35 Reptile Edici\u00f3n Negra es una potente luz LED para terrario con contenido UV-A adicional.","breadcrumb":{"@id":"https:\/\/petcare.econlux.de\/es\/producto\/solar-raptor-sunstrip-iii-35-reptile-edicion-negra\/#breadcrumb"},"inLanguage":"es","potentialAction":[{"@type":"ReadAction","target":["https:\/\/petcare.econlux.de\/es\/producto\/solar-raptor-sunstrip-iii-35-reptile-edicion-negra\/"]}]},{"@type":"ImageObject","inLanguage":"es","@id":"https:\/\/petcare.econlux.de\/es\/producto\/solar-raptor-sunstrip-iii-35-reptile-edicion-negra\/#primaryimage","url":"https:\/\/petcare.econlux.de\/wp-content\/uploads\/2024\/09\/00013695_SolarRaptor_SunStrip_35W_REPTILE_black_Vater_transparent_2.png","contentUrl":"https:\/\/petcare.econlux.de\/wp-content\/uploads\/2024\/09\/00013695_SolarRaptor_SunStrip_35W_REPTILE_black_Vater_transparent_2.png","width":1000,"height":1000},{"@type":"BreadcrumbList","@id":"https:\/\/petcare.econlux.de\/es\/producto\/solar-raptor-sunstrip-iii-35-reptile-edicion-negra\/#breadcrumb","itemListElement":[{"@type":"ListItem","position":1,"name":"Startseite","item":"https:\/\/petcare.econlux.de\/es\/"},{"@type":"ListItem","position":2,"name":"Productos","item":"https:\/\/petcare.econlux.de\/es\/productos\/"},{"@type":"ListItem","position":3,"name":"SOLAR RAPTOR\u00ae SunStrip III 35 REPTILE Edici\u00f3n Negra"}]},{"@type":"WebSite","@id":"https:\/\/petcare.econlux.de\/es\/#website","url":"https:\/\/petcare.econlux.de\/es\/","name":"ECONLUX GmbH PetCare","description":"","potentialAction":[{"@type":"SearchAction","target":{"@type":"EntryPoint","urlTemplate":"https:\/\/petcare.econlux.de\/es\/?s={search_term_string}"},"query-input":{"@type":"PropertyValueSpecification","valueRequired":true,"valueName":"search_term_string"}}],"inLanguage":"es"}]}},"_links":{"self":[{"href":"https:\/\/petcare.econlux.de\/es\/wp-json\/wp\/v2\/product\/32266","targetHints":{"allow":["GET"]}}],"collection":[{"href":"https:\/\/petcare.econlux.de\/es\/wp-json\/wp\/v2\/product"}],"about":[{"href":"https:\/\/petcare.econlux.de\/es\/wp-json\/wp\/v2\/types\/product"}],"replies":[{"embeddable":true,"href":"https:\/\/petcare.econlux.de\/es\/wp-json\/wp\/v2\/comments?post=32266"}],"version-history":[{"count":3,"href":"https:\/\/petcare.econlux.de\/es\/wp-json\/wp\/v2\/product\/32266\/revisions"}],"predecessor-version":[{"id":34111,"href":"https:\/\/petcare.econlux.de\/es\/wp-json\/wp\/v2\/product\/32266\/revisions\/34111"}],"wp:featuredmedia":[{"embeddable":true,"href":"https:\/\/petcare.econlux.de\/es\/wp-json\/wp\/v2\/media\/32267"}],"wp:attachment":[{"href":"https:\/\/petcare.econlux.de\/es\/wp-json\/wp\/v2\/media?parent=32266"}],"wp:term":[{"taxonomy":"product_brand","embeddable":true,"href":"https:\/\/petcare.econlux.de\/es\/wp-json\/wp\/v2\/product_brand?post=32266"},{"taxonomy":"product_cat","embeddable":true,"href":"https:\/\/petcare.econlux.de\/es\/wp-json\/wp\/v2\/product_cat?post=32266"},{"taxonomy":"product_tag","embeddable":true,"href":"https:\/\/petcare.econlux.de\/es\/wp-json\/wp\/v2\/product_tag?post=32266"}],"curies":[{"name":"wp","href":"https:\/\/api.w.org\/{rel}","templated":true}]}}