{"id":32019,"date":"2024-09-26T13:11:00","date_gmt":"2024-09-26T11:11:00","guid":{"rendered":"https:\/\/petcare.econlux.de\/produkt\/solar-raptor-lightbar-pro-2\/"},"modified":"2025-03-12T16:14:34","modified_gmt":"2025-03-12T15:14:34","slug":"solar-raptor-lightbar-pro-2","status":"publish","type":"product","link":"https:\/\/petcare.econlux.de\/es\/producto\/solar-raptor-lightbar-pro-2\/","title":{"rendered":"SOLAR RAPTOR\u00ae LightBar Pro"},"content":{"rendered":"<h3><b>SOLAR RAPTOR\u00ae LightBar Pro<\/b><\/h3>\n<p><u>Calidad made in Germany<\/u><\/p>\n<p>La barra de luz SOLAR RAPTOR\u00ae LightBar Pro es la soluci\u00f3n perfecta si buscas una iluminaci\u00f3n b\u00e1sica potente y fiable para tu terrario.<\/p>\n<p>Con su dise\u00f1o de aluminio mate, da a tu terrario un toque moderno sin llamar demasiado la atenci\u00f3n.<\/p>\n<p>La calidad es nuestra m\u00e1xima prioridad con el sistema de <a href=\"https:\/\/petcare.econlux.de\/produkt\/solar-raptor-t5-uvb-tubes\/\" target=\"_blank\" rel=\"noopener\">iluminaci\u00f3n T5<\/a>: s\u00f3lo utilizamos componentes de alta calidad en la producci\u00f3n y fabricamos el 100% en Alemania. Gracias a las excelentes propiedades del material utilizado y al dise\u00f1o especial, se consigue una <strong>distribuci\u00f3n uniforme y perfecta de la luz<\/strong>. <\/p>\n<p>Los distintos niveles de potencia de la barra de luz SOLAR RAPTOR\u00ae LightBar Pro abren un amplio abanico de aplicaciones: es adecuada tanto para<strong> terrarios de estepa seca<\/strong> como para <strong>terrarios de selva h\u00fameda<\/strong>. Incluso puedes utilizar la LightBar Pro de forma segura en <strong>zonas con una humedad extremadamente alta<\/strong>. <\/p>\n<p>El <a href=\"https:\/\/petcare.econlux.de\/produkt-kategorie\/solar-raptor\/vorschaltgeraete\/\" target=\"_blank\" rel=\"noopener\">balasto electr\u00f3nico<\/a> de alta frecuencia integrado funciona de forma <strong>absolutamente silenciosa y sin parpadeos<\/strong>. Otra caracter\u00edstica especial es <strong>la desconexi\u00f3n autom\u00e1tica de seguridad<\/strong>, que se activa en caso de defecto del tubo o cuando \u00e9ste llega al final de su vida \u00fatil. <\/p>\n<p>Instalar el sistema de iluminaci\u00f3n T5 es un juego de ni\u00f1os. S\u00f3lo tienes que atornillar la SOLAR RAPTOR\u00ae LightBar Pro a la parte superior de tu terrario con los clips met\u00e1licos (incluidos). O puedes utilizar el cable de suspensi\u00f3n opcional <a href=\"https:\/\/petcare.econlux.de\/produkt\/solar-raptor-lightbar-pro-ceilingrope\/\" target=\"_blank\" rel=\"noopener\"><u>LightBar Pro Cuerda de techo<\/u><\/a> (no incluida en el volumen de suministro). Este tipo de suspensi\u00f3n te da m\u00e1s margen de maniobra para crear la distancia perfecta entre la luz y el animal.   <\/p>\n<p>Por \u00faltimo, tambi\u00e9n puedes colocar simplemente la SOLAR RAPTOR\u00ae LightBar Pro encima del terrario. Pero recuerda: cuando utilices un <a href=\"https:\/\/petcare.econlux.de\/produkt\/solar-raptor-t5-uvb-tubes\/\" target=\"_blank\" rel=\"noopener\">tubo UV<\/a>, nunca debes montar la LightBar Pro sobre cristal para evitar que se filtren los componentes UV. <\/p>\n<p>Utiliza un tubo <a href=\"https:\/\/petcare.econlux.de\/produkt\/solar-raptor-t5-uvb-tubes\/\" target=\"_blank\" rel=\"noopener\"><u>SOLAR RAPTOR\u00ae T5 UVB 5,0 \u00f3 10,0<\/u><\/a> en la LightBar Pro para proporcionar luz natural brillante en combinaci\u00f3n con una radiaci\u00f3n UV saludable para la s\u00edntesis vital de vitamina D3.<\/p>\n<p>Los tubos fluorescentes est\u00e1n disponibles en distintas potencias e intensidades de radiaci\u00f3n. As\u00ed siempre encontrar\u00e1s la variante adecuada para las necesidades de los habitantes de tu terrario. <\/p>\n<p><strong>El SOLAR RAPTOR\u00ae LightBar Pro est\u00e1 disponible en las siguientes versiones:<\/strong><\/p>\n<p>Art.-Nr. 13521: 14W HE \/ 24W HO \u2013 T5 549mm LightBar Pro 600<br \/>\nArt.-Nr. 13522: 21W HE \/ 39W HO \u2013 T5 849mm LightBar Pro 900<br \/>\nArt.-Nr. 13523: 28W HE \/ 54W HO \u2013 T5 1149mm LightBar Pro 1200<\/p>\n<p>ECONLUX GmbH WEEE- Registrations-Nr.: DE 39263685<\/p>\n","protected":false},"excerpt":{"rendered":"<p>SOLAR RAPTOR\u00ae LightBar Pro Calidad made in Germany La barra de luz SOLAR RAPTOR\u00ae LightBar Pro es la soluci\u00f3n perfecta<\/p>\n","protected":false},"featured_media":32020,"comment_status":"open","ping_status":"closed","template":"","meta":[],"product_brand":[],"product_cat":[850,842,834],"product_tag":[887,895,894,893,892,891,890,889,888],"class_list":{"0":"post-32019","1":"product","2":"type-product","3":"status-publish","4":"has-post-thumbnail","6":"product_cat-reflectores-y-rejilla-protectora","7":"product_cat-accesorios-y-recambios","8":"product_cat-solar-raptor-es","9":"product_tag-tubo-fluorescente-t5","10":"product_tag-accesorios-para-terrarios","11":"product_tag-recubrimiento","12":"product_tag-uvb-es","13":"product_tag-uva-es","14":"product_tag-radiacion-uv","15":"product_tag-luz-uv","16":"product_tag-lampara-uv","17":"product_tag-terraristica","19":"first","20":"instock","21":"taxable","22":"shipping-taxable","23":"purchasable","24":"product-type-variable"},"yoast_head":"<!-- This site is optimized with the Yoast SEO plugin v27.4 - https:\/\/yoast.com\/product\/yoast-seo-wordpress\/ -->\n<title>SOLAR RAPTOR\u00ae LightBar Pro - ECONLUX GmbH PetCare<\/title>\n<meta name=\"robots\" content=\"index, follow, max-snippet:-1, max-image-preview:large, max-video-preview:-1\" \/>\n<link rel=\"canonical\" href=\"https:\/\/petcare.econlux.de\/es\/producto\/solar-raptor-lightbar-pro-2\/\" \/>\n<meta property=\"og:locale\" content=\"es_ES\" \/>\n<meta property=\"og:type\" content=\"article\" \/>\n<meta property=\"og:title\" content=\"SOLAR RAPTOR\u00ae LightBar Pro - ECONLUX GmbH PetCare\" \/>\n<meta property=\"og:description\" content=\"SOLAR RAPTOR\u00ae LightBar Pro Calidad made in Germany La barra de luz SOLAR RAPTOR\u00ae LightBar Pro es la soluci\u00f3n perfecta\" \/>\n<meta property=\"og:url\" content=\"https:\/\/petcare.econlux.de\/es\/producto\/solar-raptor-lightbar-pro-2\/\" \/>\n<meta property=\"og:site_name\" content=\"ECONLUX GmbH PetCare\" \/>\n<meta property=\"article:modified_time\" content=\"2025-03-12T15:14:34+00:00\" \/>\n<meta property=\"og:image\" content=\"https:\/\/petcare.econlux.de\/wp-content\/uploads\/2024\/09\/00013004_SolarRaptor_LightBar_Pro_Vater_transparent.png\" \/>\n\t<meta property=\"og:image:width\" content=\"1000\" \/>\n\t<meta property=\"og:image:height\" content=\"1000\" \/>\n\t<meta property=\"og:image:type\" content=\"image\/png\" \/>\n<meta name=\"twitter:card\" content=\"summary_large_image\" \/>\n<meta name=\"twitter:label1\" content=\"Tiempo de lectura\" \/>\n\t<meta name=\"twitter:data1\" content=\"3 minutos\" \/>\n<script type=\"application\/ld+json\" class=\"yoast-schema-graph\">{\"@context\":\"https:\\\/\\\/schema.org\",\"@graph\":[{\"@type\":\"WebPage\",\"@id\":\"https:\\\/\\\/petcare.econlux.de\\\/es\\\/producto\\\/solar-raptor-lightbar-pro-2\\\/\",\"url\":\"https:\\\/\\\/petcare.econlux.de\\\/es\\\/producto\\\/solar-raptor-lightbar-pro-2\\\/\",\"name\":\"SOLAR RAPTOR\u00ae LightBar Pro - ECONLUX GmbH PetCare\",\"isPartOf\":{\"@id\":\"https:\\\/\\\/petcare.econlux.de\\\/es\\\/#website\"},\"primaryImageOfPage\":{\"@id\":\"https:\\\/\\\/petcare.econlux.de\\\/es\\\/producto\\\/solar-raptor-lightbar-pro-2\\\/#primaryimage\"},\"image\":{\"@id\":\"https:\\\/\\\/petcare.econlux.de\\\/es\\\/producto\\\/solar-raptor-lightbar-pro-2\\\/#primaryimage\"},\"thumbnailUrl\":\"https:\\\/\\\/petcare.econlux.de\\\/wp-content\\\/uploads\\\/2024\\\/09\\\/00013004_SolarRaptor_LightBar_Pro_Vater_transparent.png\",\"datePublished\":\"2024-09-26T11:11:00+00:00\",\"dateModified\":\"2025-03-12T15:14:34+00:00\",\"breadcrumb\":{\"@id\":\"https:\\\/\\\/petcare.econlux.de\\\/es\\\/producto\\\/solar-raptor-lightbar-pro-2\\\/#breadcrumb\"},\"inLanguage\":\"es\",\"potentialAction\":[{\"@type\":\"ReadAction\",\"target\":[\"https:\\\/\\\/petcare.econlux.de\\\/es\\\/producto\\\/solar-raptor-lightbar-pro-2\\\/\"]}]},{\"@type\":\"ImageObject\",\"inLanguage\":\"es\",\"@id\":\"https:\\\/\\\/petcare.econlux.de\\\/es\\\/producto\\\/solar-raptor-lightbar-pro-2\\\/#primaryimage\",\"url\":\"https:\\\/\\\/petcare.econlux.de\\\/wp-content\\\/uploads\\\/2024\\\/09\\\/00013004_SolarRaptor_LightBar_Pro_Vater_transparent.png\",\"contentUrl\":\"https:\\\/\\\/petcare.econlux.de\\\/wp-content\\\/uploads\\\/2024\\\/09\\\/00013004_SolarRaptor_LightBar_Pro_Vater_transparent.png\",\"width\":1000,\"height\":1000},{\"@type\":\"BreadcrumbList\",\"@id\":\"https:\\\/\\\/petcare.econlux.de\\\/es\\\/producto\\\/solar-raptor-lightbar-pro-2\\\/#breadcrumb\",\"itemListElement\":[{\"@type\":\"ListItem\",\"position\":1,\"name\":\"Startseite\",\"item\":\"https:\\\/\\\/petcare.econlux.de\\\/es\\\/\"},{\"@type\":\"ListItem\",\"position\":2,\"name\":\"Productos\",\"item\":\"https:\\\/\\\/petcare.econlux.de\\\/es\\\/productos\\\/\"},{\"@type\":\"ListItem\",\"position\":3,\"name\":\"SOLAR RAPTOR\u00ae LightBar Pro\"}]},{\"@type\":\"WebSite\",\"@id\":\"https:\\\/\\\/petcare.econlux.de\\\/es\\\/#website\",\"url\":\"https:\\\/\\\/petcare.econlux.de\\\/es\\\/\",\"name\":\"ECONLUX GmbH PetCare\",\"description\":\"\",\"potentialAction\":[{\"@type\":\"SearchAction\",\"target\":{\"@type\":\"EntryPoint\",\"urlTemplate\":\"https:\\\/\\\/petcare.econlux.de\\\/es\\\/?s={search_term_string}\"},\"query-input\":{\"@type\":\"PropertyValueSpecification\",\"valueRequired\":true,\"valueName\":\"search_term_string\"}}],\"inLanguage\":\"es\"}]}<\/script>\n<!-- \/ Yoast SEO plugin. -->","yoast_head_json":{"title":"SOLAR RAPTOR\u00ae LightBar Pro - ECONLUX GmbH PetCare","robots":{"index":"index","follow":"follow","max-snippet":"max-snippet:-1","max-image-preview":"max-image-preview:large","max-video-preview":"max-video-preview:-1"},"canonical":"https:\/\/petcare.econlux.de\/es\/producto\/solar-raptor-lightbar-pro-2\/","og_locale":"es_ES","og_type":"article","og_title":"SOLAR RAPTOR\u00ae LightBar Pro - ECONLUX GmbH PetCare","og_description":"SOLAR RAPTOR\u00ae LightBar Pro Calidad made in Germany La barra de luz SOLAR RAPTOR\u00ae LightBar Pro es la soluci\u00f3n perfecta","og_url":"https:\/\/petcare.econlux.de\/es\/producto\/solar-raptor-lightbar-pro-2\/","og_site_name":"ECONLUX GmbH PetCare","article_modified_time":"2025-03-12T15:14:34+00:00","og_image":[{"width":1000,"height":1000,"url":"https:\/\/petcare.econlux.de\/wp-content\/uploads\/2024\/09\/00013004_SolarRaptor_LightBar_Pro_Vater_transparent.png","type":"image\/png"}],"twitter_card":"summary_large_image","twitter_misc":{"Tiempo de lectura":"3 minutos"},"schema":{"@context":"https:\/\/schema.org","@graph":[{"@type":"WebPage","@id":"https:\/\/petcare.econlux.de\/es\/producto\/solar-raptor-lightbar-pro-2\/","url":"https:\/\/petcare.econlux.de\/es\/producto\/solar-raptor-lightbar-pro-2\/","name":"SOLAR RAPTOR\u00ae LightBar Pro - ECONLUX GmbH PetCare","isPartOf":{"@id":"https:\/\/petcare.econlux.de\/es\/#website"},"primaryImageOfPage":{"@id":"https:\/\/petcare.econlux.de\/es\/producto\/solar-raptor-lightbar-pro-2\/#primaryimage"},"image":{"@id":"https:\/\/petcare.econlux.de\/es\/producto\/solar-raptor-lightbar-pro-2\/#primaryimage"},"thumbnailUrl":"https:\/\/petcare.econlux.de\/wp-content\/uploads\/2024\/09\/00013004_SolarRaptor_LightBar_Pro_Vater_transparent.png","datePublished":"2024-09-26T11:11:00+00:00","dateModified":"2025-03-12T15:14:34+00:00","breadcrumb":{"@id":"https:\/\/petcare.econlux.de\/es\/producto\/solar-raptor-lightbar-pro-2\/#breadcrumb"},"inLanguage":"es","potentialAction":[{"@type":"ReadAction","target":["https:\/\/petcare.econlux.de\/es\/producto\/solar-raptor-lightbar-pro-2\/"]}]},{"@type":"ImageObject","inLanguage":"es","@id":"https:\/\/petcare.econlux.de\/es\/producto\/solar-raptor-lightbar-pro-2\/#primaryimage","url":"https:\/\/petcare.econlux.de\/wp-content\/uploads\/2024\/09\/00013004_SolarRaptor_LightBar_Pro_Vater_transparent.png","contentUrl":"https:\/\/petcare.econlux.de\/wp-content\/uploads\/2024\/09\/00013004_SolarRaptor_LightBar_Pro_Vater_transparent.png","width":1000,"height":1000},{"@type":"BreadcrumbList","@id":"https:\/\/petcare.econlux.de\/es\/producto\/solar-raptor-lightbar-pro-2\/#breadcrumb","itemListElement":[{"@type":"ListItem","position":1,"name":"Startseite","item":"https:\/\/petcare.econlux.de\/es\/"},{"@type":"ListItem","position":2,"name":"Productos","item":"https:\/\/petcare.econlux.de\/es\/productos\/"},{"@type":"ListItem","position":3,"name":"SOLAR RAPTOR\u00ae LightBar Pro"}]},{"@type":"WebSite","@id":"https:\/\/petcare.econlux.de\/es\/#website","url":"https:\/\/petcare.econlux.de\/es\/","name":"ECONLUX GmbH PetCare","description":"","potentialAction":[{"@type":"SearchAction","target":{"@type":"EntryPoint","urlTemplate":"https:\/\/petcare.econlux.de\/es\/?s={search_term_string}"},"query-input":{"@type":"PropertyValueSpecification","valueRequired":true,"valueName":"search_term_string"}}],"inLanguage":"es"}]}},"_links":{"self":[{"href":"https:\/\/petcare.econlux.de\/es\/wp-json\/wp\/v2\/product\/32019","targetHints":{"allow":["GET"]}}],"collection":[{"href":"https:\/\/petcare.econlux.de\/es\/wp-json\/wp\/v2\/product"}],"about":[{"href":"https:\/\/petcare.econlux.de\/es\/wp-json\/wp\/v2\/types\/product"}],"replies":[{"embeddable":true,"href":"https:\/\/petcare.econlux.de\/es\/wp-json\/wp\/v2\/comments?post=32019"}],"version-history":[{"count":7,"href":"https:\/\/petcare.econlux.de\/es\/wp-json\/wp\/v2\/product\/32019\/revisions"}],"predecessor-version":[{"id":34969,"href":"https:\/\/petcare.econlux.de\/es\/wp-json\/wp\/v2\/product\/32019\/revisions\/34969"}],"wp:featuredmedia":[{"embeddable":true,"href":"https:\/\/petcare.econlux.de\/es\/wp-json\/wp\/v2\/media\/32020"}],"wp:attachment":[{"href":"https:\/\/petcare.econlux.de\/es\/wp-json\/wp\/v2\/media?parent=32019"}],"wp:term":[{"taxonomy":"product_brand","embeddable":true,"href":"https:\/\/petcare.econlux.de\/es\/wp-json\/wp\/v2\/product_brand?post=32019"},{"taxonomy":"product_cat","embeddable":true,"href":"https:\/\/petcare.econlux.de\/es\/wp-json\/wp\/v2\/product_cat?post=32019"},{"taxonomy":"product_tag","embeddable":true,"href":"https:\/\/petcare.econlux.de\/es\/wp-json\/wp\/v2\/product_tag?post=32019"}],"curies":[{"name":"wp","href":"https:\/\/api.w.org\/{rel}","templated":true}]}}