{"id":34474,"date":"2025-04-14T12:05:30","date_gmt":"2025-04-14T10:05:30","guid":{"rendered":"https:\/\/petcare.econlux.de\/servicio\/juego-de-pascua-tamano-completo-1200px\/"},"modified":"2025-04-17T11:55:19","modified_gmt":"2025-04-17T09:55:19","slug":"juego-de-pascua-tamano-completo-1200px","status":"publish","type":"page","link":"https:\/\/petcare.econlux.de\/es\/servicio\/juego-de-pascua-tamano-completo-1200px\/","title":{"rendered":"Juego de Pascua (Tama\u00f1o completo 1200px)"},"content":{"rendered":"\t\t<div data-elementor-type=\"wp-page\" data-elementor-id=\"34474\" class=\"elementor elementor-34474 elementor-34320\" data-elementor-post-type=\"page\">\n\t\t\t\t<div class=\"wd-negative-gap elementor-element elementor-element-6213096 e-flex e-con-boxed e-con e-parent\" data-id=\"6213096\" data-element_type=\"container\" data-e-type=\"container\">\n\t\t\t\t\t<div class=\"e-con-inner\">\n\t\t\t\t<div class=\"elementor-element elementor-element-4945c25 elementor-widget elementor-widget-wd_text_block\" data-id=\"4945c25\" data-element_type=\"widget\" data-e-type=\"widget\" data-widget_type=\"wd_text_block.default\">\n\t\t\t\t<div class=\"elementor-widget-container\">\n\t\t\t\t\t\t\t<div class=\"wd-text-block reset-last-child text-left\">\n\t\t\t\n\t\t\t\n\t\t\t\t\t<\/div>\n\t\t\t\t\t\t<\/div>\n\t\t\t\t<\/div>\n\t\t\t\t<div class=\"elementor-element elementor-element-0fc6652 wd-width-100 elementor-widget elementor-widget-wd_title\" data-id=\"0fc6652\" data-element_type=\"widget\" data-e-type=\"widget\" data-widget_type=\"wd_title.default\">\n\t\t\t\t<div class=\"elementor-widget-container\">\n\t\t\t\t\t\t\t<div class=\"title-wrapper set-mb-s reset-last-child wd-title-color-default wd-title-style-default wd-title-size-default text-center\">\n\n\t\t\t\t\t\t\t<div class=\"title-subtitle subtitle-color-default subtitle-style-default wd-fontsize-xs\">\n\t\t\t\t\tApoyo comercial a los concesionarios\t\t\t\t<\/div>\n\t\t\t\n\t\t\t<div class=\"liner-continer\">\n\t\t\t\t<h4 class=\"woodmart-title-container title wd-fontsize-l\">Felicitaci\u00f3n de Pascua \/ Concurso de Pascua<\/h4> \n\t\t\t\t\t\t\t<\/div>\n\n\t\t\t\t\t\t\t<div class=\"title-after_title set-cont-mb-s reset-last-child wd-fontsize-xs\">\n\t\t\t\t\t<p>Gamificaci\u00f3n en marketing a trav\u00e9s del \u00abrasca y gana digital\u00bb<\/p>\t\t\t\t<\/div>\n\t\t\t\t\t<\/div>\n\t\t\t\t\t\t<\/div>\n\t\t\t\t<\/div>\n\t\t\t\t<div class=\"elementor-element elementor-element-7d933ed elementor-widget elementor-widget-wd_text_block\" data-id=\"7d933ed\" data-element_type=\"widget\" data-e-type=\"widget\" data-widget_type=\"wd_text_block.default\">\n\t\t\t\t<div class=\"elementor-widget-container\">\n\t\t\t\t\t\t\t<div class=\"wd-text-block reset-last-child text-left\">\n\t\t\t\n\t\t\t<h4>Personalizable y listo para usar:<\/h4><p>Ofrezca a sus clientes una tarjeta rasca y gana digital. Puede personalizar el contenido usted mismo a\u00f1adiendo los archivos de imagen suministrados: <\/p><ul><li><strong>Crea una sencilla felicitaci\u00f3n de Pascua.<\/strong><\/li><\/ul><p>o<\/p><ul><li><strong>Ofrezca a sus clientes un c\u00f3digo de descuento general.<\/strong><\/li><\/ul><p>El siguiente ejemplo muestra la posibilidad de realizar un concurso mostrando un c\u00f3digo promocional del 5 %.<\/p><p>IMPORTANTE: <em><strong>Usted, como minorista, es responsable<\/strong><\/em> del dise\u00f1o del concurso - el c\u00f3digo del vale, las condiciones, etc. deben ser a\u00f1adidos a la pantalla de destino por usted mismo.<\/p>\n\t\t\t\t\t<\/div>\n\t\t\t\t\t\t<\/div>\n\t\t\t\t<\/div>\n\t\t\t\t\t<\/div>\n\t\t\t\t<\/div>\n\t\t<div class=\"elementor-element elementor-element-f03ad36 elementor-hidden-tablet elementor-hidden-mobile e-flex e-con-boxed e-con e-parent\" data-id=\"f03ad36\" data-element_type=\"container\" data-e-type=\"container\">\n\t\t\t\t\t<div class=\"e-con-inner\">\n\t\t\t\t<div class=\"elementor-element elementor-element-cc69ba2 elementor-hidden-tablet elementor-hidden-mobile elementor-widget elementor-widget-html\" data-id=\"cc69ba2\" data-element_type=\"widget\" data-e-type=\"widget\" data-widget_type=\"html.default\">\n\t\t\t\t<div class=\"elementor-widget-container\">\n\t\t\t\t\t    <div id=\"main\">\n      <div class=\"msg\">\n        <p><a href=\"#\" onclick=\"window.location.reload()\">\u00bfNo ha tenido suerte? - Vuelve a intentarlo <\/a>\n      <\/div>\n      <\/p><div>\n        <canvas><\/canvas>\n      <\/div>\n    <\/div>\n    <script src=\"\/scratchcard\/main.js\"><\/script><\/div>\t\t\t\t<\/div>\n\t\t\t\t<\/div>\n\t\t\t\t<div class=\"elementor-element elementor-element-229dee4 elementor-widget elementor-widget-wd_button\" data-id=\"229dee4\" data-element_type=\"widget\" data-e-type=\"widget\" data-widget_type=\"wd_button.default\">\n\t\t\t\t<div class=\"elementor-widget-container\">\n\t\t\t\t\t\t\t<div class=\"wd-button-wrapper text-center\" >\n\t\t\t<a class=\"btn btn-style-3d btn-style-rectangle btn-size-extra-large btn-color-primary btn-icon-pos-right\"  href=\"https:\/\/petcare.econlux.de\/wp-content\/uploads\/2025\/04\/scratchcard.zip\">\n\t\t\t\t<span class=\"wd-btn-text\" data-elementor-setting-key=\"text\">\n\t\t\t\t\tDescargue la aplicaci\u00f3n Rasca y Gana: Archivo ZIP (HTML, Java script, plantillas de im\u00e1genes)\t\t\t\t<\/span>\n\n\t\t\t\t\t\t\t<\/a>\n\t\t<\/div>\n\t\t\t\t\t\t<\/div>\n\t\t\t\t<\/div>\n\t\t<div class=\"elementor-element elementor-element-27b3daa e-con-full e-flex e-con e-child\" data-id=\"27b3daa\" data-element_type=\"container\" data-e-type=\"container\">\n\t\t\t\t<div class=\"elementor-element elementor-element-e495ca0 elementor-widget elementor-widget-wd_text_block\" data-id=\"e495ca0\" data-element_type=\"widget\" data-e-type=\"widget\" data-widget_type=\"wd_text_block.default\">\n\t\t\t\t<div class=\"elementor-widget-container\">\n\t\t\t\t\t\t\t<div class=\"wd-text-block reset-last-child text-left\">\n\t\t\t\n\t\t\t<h3>As\u00ed es como funciona:<\/h3><p>El juego consta de cinco archivos:<\/p><ul><li>Archivo HTML (o fragmento HTML)<\/li><li>Archivo Java script con la l\u00f3gica del juego<\/li><li>Imagen de primer plano \u00abScratchLayer.png\u00bb (debe estar en formato PNG)<\/li><li>Imagen de fondo sin texto ganador \u00abScratchImageNoWin.png\u00bb (remache)<\/li><li>Imagen de fondo con texto ganador \u00abScratchImageWin.png\u00bb (billete ganador)<\/li><\/ul><p><strong>Puede guardar los cinco archivos en una carpeta compartida directamente en su propio servidor web y funcionar\u00e1n sin ning\u00fan otro trabajo de programaci\u00f3n.<\/strong><\/p><h5>Para su propio dise\u00f1o, tambi\u00e9n recibir\u00e1<\/h5><p>Una vez que la imagen de primer plano \u00abScratchLayer_toEdit.png\u00bb y<\/p><p>Una vez que la imagen de fondo sin texto \u00abScratchImage_toEdit.png\u00bb<\/p><p>Puede utilizar estos archivos de imagen para crear las im\u00e1genes correspondientes con sus propios mensajes. Por favor, gu\u00e1rdelas con los mismos nombres de archivo que los archivos originales del juego (\u00abScratchLayer.png\u00bb, \u00abScratchImageNoWin.png\u00bb, \u00abScratchImageWin.png\u00bb y as\u00ed sobrescribir\u00e1 las im\u00e1genes anteriores. La l\u00f3gica del juego muestra uno de los dos archivos de imagen de fondo al azar y por lo tanto siempre espera ambos archivos de imagen. Si s\u00f3lo desea utilizar un \u00fanico motivo como imagen de destino, guarde esta imagen id\u00e9ntica bajo AMBOS nombres de archivo.   <\/p>\n\t\t\t\t\t<\/div>\n\t\t\t\t\t\t<\/div>\n\t\t\t\t<\/div>\n\t\t\t\t<\/div>\n\t\t\t\t\t<\/div>\n\t\t\t\t<\/div>\n\t\t\t\t<\/div>\n\t\t","protected":false},"excerpt":{"rendered":"<p>Apoyo comercial a los concesionarios Felicitaci\u00f3n de Pascua \/ Concurso de Pascua Gamificaci\u00f3n en marketing a trav\u00e9s del \u00abrasca y<\/p>\n","protected":false},"author":2,"featured_media":0,"parent":33486,"menu_order":0,"comment_status":"closed","ping_status":"closed","template":"","meta":{"footnotes":""},"class_list":["post-34474","page","type-page","status-publish","hentry"],"featured_image_src":null,"yoast_head":"<!-- This site is optimized with the Yoast SEO plugin v27.5 - https:\/\/yoast.com\/product\/yoast-seo-wordpress\/ -->\n<title>Juego de Pascua (Tama\u00f1o completo 1200px) - ECONLUX GmbH PetCare<\/title>\n<meta name=\"robots\" content=\"index, follow, max-snippet:-1, max-image-preview:large, max-video-preview:-1\" \/>\n<link rel=\"canonical\" href=\"https:\/\/petcare.econlux.de\/es\/servicio\/juego-de-pascua-tamano-completo-1200px\/\" \/>\n<meta property=\"og:locale\" content=\"es_ES\" \/>\n<meta property=\"og:type\" content=\"article\" \/>\n<meta property=\"og:title\" content=\"Juego de Pascua (Tama\u00f1o completo 1200px) - ECONLUX GmbH PetCare\" \/>\n<meta property=\"og:description\" content=\"Apoyo comercial a los concesionarios Felicitaci\u00f3n de Pascua \/ Concurso de Pascua Gamificaci\u00f3n en marketing a trav\u00e9s del \u00abrasca y\" \/>\n<meta property=\"og:url\" content=\"https:\/\/petcare.econlux.de\/es\/servicio\/juego-de-pascua-tamano-completo-1200px\/\" \/>\n<meta property=\"og:site_name\" content=\"ECONLUX GmbH PetCare\" \/>\n<meta property=\"article:modified_time\" content=\"2025-04-17T09:55:19+00:00\" \/>\n<meta name=\"twitter:card\" content=\"summary_large_image\" \/>\n<meta name=\"twitter:label1\" content=\"Tiempo de lectura\" \/>\n\t<meta name=\"twitter:data1\" content=\"2 minutos\" \/>\n<script type=\"application\/ld+json\" class=\"yoast-schema-graph\">{\"@context\":\"https:\\\/\\\/schema.org\",\"@graph\":[{\"@type\":\"WebPage\",\"@id\":\"https:\\\/\\\/petcare.econlux.de\\\/es\\\/servicio\\\/juego-de-pascua-tamano-completo-1200px\\\/\",\"url\":\"https:\\\/\\\/petcare.econlux.de\\\/es\\\/servicio\\\/juego-de-pascua-tamano-completo-1200px\\\/\",\"name\":\"Juego de Pascua (Tama\u00f1o completo 1200px) - ECONLUX GmbH PetCare\",\"isPartOf\":{\"@id\":\"https:\\\/\\\/petcare.econlux.de\\\/es\\\/#website\"},\"datePublished\":\"2025-04-14T10:05:30+00:00\",\"dateModified\":\"2025-04-17T09:55:19+00:00\",\"breadcrumb\":{\"@id\":\"https:\\\/\\\/petcare.econlux.de\\\/es\\\/servicio\\\/juego-de-pascua-tamano-completo-1200px\\\/#breadcrumb\"},\"inLanguage\":\"es\",\"potentialAction\":[{\"@type\":\"ReadAction\",\"target\":[\"https:\\\/\\\/petcare.econlux.de\\\/es\\\/servicio\\\/juego-de-pascua-tamano-completo-1200px\\\/\"]}]},{\"@type\":\"BreadcrumbList\",\"@id\":\"https:\\\/\\\/petcare.econlux.de\\\/es\\\/servicio\\\/juego-de-pascua-tamano-completo-1200px\\\/#breadcrumb\",\"itemListElement\":[{\"@type\":\"ListItem\",\"position\":1,\"name\":\"Startseite\",\"item\":\"https:\\\/\\\/petcare.econlux.de\\\/es\\\/\"},{\"@type\":\"ListItem\",\"position\":2,\"name\":\"Servicio\",\"item\":\"https:\\\/\\\/petcare.econlux.de\\\/es\\\/servicio\\\/\"},{\"@type\":\"ListItem\",\"position\":3,\"name\":\"Juego de Pascua (Tama\u00f1o completo 1200px)\"}]},{\"@type\":\"WebSite\",\"@id\":\"https:\\\/\\\/petcare.econlux.de\\\/es\\\/#website\",\"url\":\"https:\\\/\\\/petcare.econlux.de\\\/es\\\/\",\"name\":\"ECONLUX GmbH PetCare\",\"description\":\"\",\"potentialAction\":[{\"@type\":\"SearchAction\",\"target\":{\"@type\":\"EntryPoint\",\"urlTemplate\":\"https:\\\/\\\/petcare.econlux.de\\\/es\\\/?s={search_term_string}\"},\"query-input\":{\"@type\":\"PropertyValueSpecification\",\"valueRequired\":true,\"valueName\":\"search_term_string\"}}],\"inLanguage\":\"es\"}]}<\/script>\n<!-- \/ Yoast SEO plugin. -->","yoast_head_json":{"title":"Juego de Pascua (Tama\u00f1o completo 1200px) - ECONLUX GmbH PetCare","robots":{"index":"index","follow":"follow","max-snippet":"max-snippet:-1","max-image-preview":"max-image-preview:large","max-video-preview":"max-video-preview:-1"},"canonical":"https:\/\/petcare.econlux.de\/es\/servicio\/juego-de-pascua-tamano-completo-1200px\/","og_locale":"es_ES","og_type":"article","og_title":"Juego de Pascua (Tama\u00f1o completo 1200px) - ECONLUX GmbH PetCare","og_description":"Apoyo comercial a los concesionarios Felicitaci\u00f3n de Pascua \/ Concurso de Pascua Gamificaci\u00f3n en marketing a trav\u00e9s del \u00abrasca y","og_url":"https:\/\/petcare.econlux.de\/es\/servicio\/juego-de-pascua-tamano-completo-1200px\/","og_site_name":"ECONLUX GmbH PetCare","article_modified_time":"2025-04-17T09:55:19+00:00","twitter_card":"summary_large_image","twitter_misc":{"Tiempo de lectura":"2 minutos"},"schema":{"@context":"https:\/\/schema.org","@graph":[{"@type":"WebPage","@id":"https:\/\/petcare.econlux.de\/es\/servicio\/juego-de-pascua-tamano-completo-1200px\/","url":"https:\/\/petcare.econlux.de\/es\/servicio\/juego-de-pascua-tamano-completo-1200px\/","name":"Juego de Pascua (Tama\u00f1o completo 1200px) - ECONLUX GmbH PetCare","isPartOf":{"@id":"https:\/\/petcare.econlux.de\/es\/#website"},"datePublished":"2025-04-14T10:05:30+00:00","dateModified":"2025-04-17T09:55:19+00:00","breadcrumb":{"@id":"https:\/\/petcare.econlux.de\/es\/servicio\/juego-de-pascua-tamano-completo-1200px\/#breadcrumb"},"inLanguage":"es","potentialAction":[{"@type":"ReadAction","target":["https:\/\/petcare.econlux.de\/es\/servicio\/juego-de-pascua-tamano-completo-1200px\/"]}]},{"@type":"BreadcrumbList","@id":"https:\/\/petcare.econlux.de\/es\/servicio\/juego-de-pascua-tamano-completo-1200px\/#breadcrumb","itemListElement":[{"@type":"ListItem","position":1,"name":"Startseite","item":"https:\/\/petcare.econlux.de\/es\/"},{"@type":"ListItem","position":2,"name":"Servicio","item":"https:\/\/petcare.econlux.de\/es\/servicio\/"},{"@type":"ListItem","position":3,"name":"Juego de Pascua (Tama\u00f1o completo 1200px)"}]},{"@type":"WebSite","@id":"https:\/\/petcare.econlux.de\/es\/#website","url":"https:\/\/petcare.econlux.de\/es\/","name":"ECONLUX GmbH PetCare","description":"","potentialAction":[{"@type":"SearchAction","target":{"@type":"EntryPoint","urlTemplate":"https:\/\/petcare.econlux.de\/es\/?s={search_term_string}"},"query-input":{"@type":"PropertyValueSpecification","valueRequired":true,"valueName":"search_term_string"}}],"inLanguage":"es"}]}},"_links":{"self":[{"href":"https:\/\/petcare.econlux.de\/es\/wp-json\/wp\/v2\/pages\/34474","targetHints":{"allow":["GET"]}}],"collection":[{"href":"https:\/\/petcare.econlux.de\/es\/wp-json\/wp\/v2\/pages"}],"about":[{"href":"https:\/\/petcare.econlux.de\/es\/wp-json\/wp\/v2\/types\/page"}],"author":[{"embeddable":true,"href":"https:\/\/petcare.econlux.de\/es\/wp-json\/wp\/v2\/users\/2"}],"replies":[{"embeddable":true,"href":"https:\/\/petcare.econlux.de\/es\/wp-json\/wp\/v2\/comments?post=34474"}],"version-history":[{"count":2,"href":"https:\/\/petcare.econlux.de\/es\/wp-json\/wp\/v2\/pages\/34474\/revisions"}],"predecessor-version":[{"id":34476,"href":"https:\/\/petcare.econlux.de\/es\/wp-json\/wp\/v2\/pages\/34474\/revisions\/34476"}],"up":[{"embeddable":true,"href":"https:\/\/petcare.econlux.de\/es\/wp-json\/wp\/v2\/pages\/33486"}],"wp:attachment":[{"href":"https:\/\/petcare.econlux.de\/es\/wp-json\/wp\/v2\/media?parent=34474"}],"curies":[{"name":"wp","href":"https:\/\/api.w.org\/{rel}","templated":true}]}}