{"id":33493,"date":"2018-09-24T11:20:01","date_gmt":"2018-09-24T09:20:01","guid":{"rendered":"https:\/\/petcare.econlux.de\/contacto\/"},"modified":"2025-02-24T19:55:15","modified_gmt":"2025-02-24T18:55:15","slug":"contacto","status":"publish","type":"page","link":"https:\/\/petcare.econlux.de\/es\/contacto\/","title":{"rendered":"Contacto"},"content":{"rendered":"\t\t<div data-elementor-type=\"wp-post\" data-elementor-id=\"33493\" class=\"elementor elementor-33493 elementor-968\" data-elementor-post-type=\"page\">\n\t\t\t\t<div class=\"wd-negative-gap elementor-element elementor-element-bdd662c e-flex e-con-boxed e-con e-parent\" data-id=\"bdd662c\" data-element_type=\"container\" data-e-type=\"container\">\n\t\t\t\t\t<div class=\"e-con-inner\">\n\t\t<div class=\"elementor-element elementor-element-ffba602 e-con-full e-flex e-con e-child\" data-id=\"ffba602\" data-element_type=\"container\" data-e-type=\"container\">\n\t\t\t\t<div class=\"elementor-element elementor-element-c57d831 elementor-widget elementor-widget-heading\" data-id=\"c57d831\" data-element_type=\"widget\" data-e-type=\"widget\" data-widget_type=\"heading.default\">\n\t\t\t\t<div class=\"elementor-widget-container\">\n\t\t\t\t\t<h2 class=\"elementor-heading-title elementor-size-default\">Escr\u00edbenos<\/h2>\t\t\t\t<\/div>\n\t\t\t\t<\/div>\n\t\t\t\t<div class=\"elementor-element elementor-element-10f1319 elementor-widget elementor-widget-shortcode\" data-id=\"10f1319\" data-element_type=\"widget\" data-e-type=\"widget\" data-widget_type=\"shortcode.default\">\n\t\t\t\t<div class=\"elementor-widget-container\">\n\t\t\t\t\t\t\t<div class=\"elementor-shortcode\"><p class=\"wpcf7-contact-form-not-found\"><strong>Error:<\/strong> Formulario de contacto no encontrado.<\/p><\/div>\n\t\t\t\t\t\t<\/div>\n\t\t\t\t<\/div>\n\t\t\t\t<\/div>\n\t\t<div class=\"elementor-element elementor-element-725fd46 e-con-full e-flex e-con e-child\" data-id=\"725fd46\" data-element_type=\"container\" data-e-type=\"container\">\n\t\t\t\t<div class=\"elementor-element elementor-element-f2582c9 elementor-widget elementor-widget-heading\" data-id=\"f2582c9\" data-element_type=\"widget\" data-e-type=\"widget\" data-widget_type=\"heading.default\">\n\t\t\t\t<div class=\"elementor-widget-container\">\n\t\t\t\t\t<h2 class=\"elementor-heading-title elementor-size-default\">Contacto<\/h2>\t\t\t\t<\/div>\n\t\t\t\t<\/div>\n\t\t\t\t<div class=\"elementor-element elementor-element-2b7d42a color-scheme-inherit text-left elementor-widget elementor-widget-text-editor\" data-id=\"2b7d42a\" data-element_type=\"widget\" data-e-type=\"widget\" data-widget_type=\"text-editor.default\">\n\t\t\t\t<div class=\"elementor-widget-container\">\n\t\t\t\t\t\t\t\t\t<p><strong>Tel\u00e9fono:<\/strong> +49 (0)2203 185 02 -0<br \/><strong>Correo electr\u00f3nico:<\/strong> <span \n                data-original-string='2Ld\/Yv7Gpcmc6hBV92Nffg==04bbbaCPzEAwByWQ3PImbevvQ=='\n                class='apbct-email-encoder'\n                title='Este contacto ha sido codificado por Anti-Spam by CleanTalk. Haz clic para decodificar. Para finalizar la decodificaci\u00f3n, aseg\u00farate de que JavaScript est\u00e1 activado en tu navegador.'>in<span class=\"apbct-blur\">**<\/span>@<span class=\"apbct-blur\">*****<\/span>ux.de<\/span><\/p>\n<p><strong>Oficina:<\/strong> <br \/>ECONLUX GmbH<br \/>Welserstra\u00dfe 5-7<br \/>D-51149 Colonia<\/p>\n<p><strong>Almac\u00e9n: <br \/><\/strong>ECONLUX GmbH<br \/>Fuggerstra\u00dfe 3<br \/>D-51149 Colonia<\/p>\n<p><strong>Horario de oficina:<\/strong><strong> <br \/> Lunes &#8211; Jueves: 8:00-16:30<\/strong><br \/> Viernes: 8:00-14:00<\/p>\n\t\t\t\t\t\t\t\t<\/div>\n\t\t\t\t<\/div>\n\t\t\t\t<\/div>\n\t\t\t\t\t<\/div>\n\t\t\t\t<\/div>\n\t\t\t\t<\/div>\n\t\t","protected":false},"excerpt":{"rendered":"<p>Escr\u00edbenos Contacto Tel\u00e9fono: +49 (0)2203 185 02 -0Correo electr\u00f3nico: in**@*****ux.de Oficina: ECONLUX GmbHWelserstra\u00dfe 5-7D-51149 Colonia Almac\u00e9n: ECONLUX GmbHFuggerstra\u00dfe 3D-51149 Colonia<\/p>\n","protected":false},"author":1,"featured_media":0,"parent":0,"menu_order":0,"comment_status":"closed","ping_status":"closed","template":"elementor_header_footer","meta":{"footnotes":""},"class_list":["post-33493","page","type-page","status-publish","hentry"],"featured_image_src":null,"yoast_head":"<!-- This site is optimized with the Yoast SEO plugin v27.5 - https:\/\/yoast.com\/product\/yoast-seo-wordpress\/ -->\n<title>Contacto - ECONLUX GmbH PetCare<\/title>\n<meta name=\"robots\" content=\"index, follow, max-snippet:-1, max-image-preview:large, max-video-preview:-1\" \/>\n<link rel=\"canonical\" href=\"https:\/\/petcare.econlux.de\/es\/contacto\/\" \/>\n<meta property=\"og:locale\" content=\"es_ES\" \/>\n<meta property=\"og:type\" content=\"article\" \/>\n<meta property=\"og:title\" content=\"Contacto - ECONLUX GmbH PetCare\" \/>\n<meta property=\"og:description\" content=\"Escr\u00edbenos Contacto Tel\u00e9fono: +49 (0)2203 185 02 -0Correo electr\u00f3nico: in**@*****ux.de Oficina: ECONLUX GmbHWelserstra\u00dfe 5-7D-51149 Colonia Almac\u00e9n: ECONLUX GmbHFuggerstra\u00dfe 3D-51149 Colonia\" \/>\n<meta property=\"og:url\" content=\"https:\/\/petcare.econlux.de\/es\/contacto\/\" \/>\n<meta property=\"og:site_name\" content=\"ECONLUX GmbH PetCare\" \/>\n<meta property=\"article:modified_time\" content=\"2025-02-24T18:55:15+00:00\" \/>\n<meta name=\"twitter:card\" content=\"summary_large_image\" \/>\n<meta name=\"twitter:label1\" content=\"Tiempo de lectura\" \/>\n\t<meta name=\"twitter:data1\" content=\"1 minuto\" \/>\n<script type=\"application\/ld+json\" class=\"yoast-schema-graph\">{\"@context\":\"https:\\\/\\\/schema.org\",\"@graph\":[{\"@type\":\"WebPage\",\"@id\":\"https:\\\/\\\/petcare.econlux.de\\\/es\\\/contacto\\\/\",\"url\":\"https:\\\/\\\/petcare.econlux.de\\\/es\\\/contacto\\\/\",\"name\":\"Contacto - ECONLUX GmbH PetCare\",\"isPartOf\":{\"@id\":\"https:\\\/\\\/petcare.econlux.de\\\/es\\\/#website\"},\"datePublished\":\"2018-09-24T09:20:01+00:00\",\"dateModified\":\"2025-02-24T18:55:15+00:00\",\"breadcrumb\":{\"@id\":\"https:\\\/\\\/petcare.econlux.de\\\/es\\\/contacto\\\/#breadcrumb\"},\"inLanguage\":\"es\",\"potentialAction\":[{\"@type\":\"ReadAction\",\"target\":[\"https:\\\/\\\/petcare.econlux.de\\\/es\\\/contacto\\\/\"]}]},{\"@type\":\"BreadcrumbList\",\"@id\":\"https:\\\/\\\/petcare.econlux.de\\\/es\\\/contacto\\\/#breadcrumb\",\"itemListElement\":[{\"@type\":\"ListItem\",\"position\":1,\"name\":\"Startseite\",\"item\":\"https:\\\/\\\/petcare.econlux.de\\\/es\\\/\"},{\"@type\":\"ListItem\",\"position\":2,\"name\":\"Contacto\"}]},{\"@type\":\"WebSite\",\"@id\":\"https:\\\/\\\/petcare.econlux.de\\\/es\\\/#website\",\"url\":\"https:\\\/\\\/petcare.econlux.de\\\/es\\\/\",\"name\":\"ECONLUX GmbH PetCare\",\"description\":\"\",\"potentialAction\":[{\"@type\":\"SearchAction\",\"target\":{\"@type\":\"EntryPoint\",\"urlTemplate\":\"https:\\\/\\\/petcare.econlux.de\\\/es\\\/?s={search_term_string}\"},\"query-input\":{\"@type\":\"PropertyValueSpecification\",\"valueRequired\":true,\"valueName\":\"search_term_string\"}}],\"inLanguage\":\"es\"}]}<\/script>\n<!-- \/ Yoast SEO plugin. -->","yoast_head_json":{"title":"Contacto - ECONLUX GmbH PetCare","robots":{"index":"index","follow":"follow","max-snippet":"max-snippet:-1","max-image-preview":"max-image-preview:large","max-video-preview":"max-video-preview:-1"},"canonical":"https:\/\/petcare.econlux.de\/es\/contacto\/","og_locale":"es_ES","og_type":"article","og_title":"Contacto - ECONLUX GmbH PetCare","og_description":"Escr\u00edbenos Contacto Tel\u00e9fono: +49 (0)2203 185 02 -0Correo electr\u00f3nico: in**@*****ux.de Oficina: ECONLUX GmbHWelserstra\u00dfe 5-7D-51149 Colonia Almac\u00e9n: ECONLUX GmbHFuggerstra\u00dfe 3D-51149 Colonia","og_url":"https:\/\/petcare.econlux.de\/es\/contacto\/","og_site_name":"ECONLUX GmbH PetCare","article_modified_time":"2025-02-24T18:55:15+00:00","twitter_card":"summary_large_image","twitter_misc":{"Tiempo de lectura":"1 minuto"},"schema":{"@context":"https:\/\/schema.org","@graph":[{"@type":"WebPage","@id":"https:\/\/petcare.econlux.de\/es\/contacto\/","url":"https:\/\/petcare.econlux.de\/es\/contacto\/","name":"Contacto - ECONLUX GmbH PetCare","isPartOf":{"@id":"https:\/\/petcare.econlux.de\/es\/#website"},"datePublished":"2018-09-24T09:20:01+00:00","dateModified":"2025-02-24T18:55:15+00:00","breadcrumb":{"@id":"https:\/\/petcare.econlux.de\/es\/contacto\/#breadcrumb"},"inLanguage":"es","potentialAction":[{"@type":"ReadAction","target":["https:\/\/petcare.econlux.de\/es\/contacto\/"]}]},{"@type":"BreadcrumbList","@id":"https:\/\/petcare.econlux.de\/es\/contacto\/#breadcrumb","itemListElement":[{"@type":"ListItem","position":1,"name":"Startseite","item":"https:\/\/petcare.econlux.de\/es\/"},{"@type":"ListItem","position":2,"name":"Contacto"}]},{"@type":"WebSite","@id":"https:\/\/petcare.econlux.de\/es\/#website","url":"https:\/\/petcare.econlux.de\/es\/","name":"ECONLUX GmbH PetCare","description":"","potentialAction":[{"@type":"SearchAction","target":{"@type":"EntryPoint","urlTemplate":"https:\/\/petcare.econlux.de\/es\/?s={search_term_string}"},"query-input":{"@type":"PropertyValueSpecification","valueRequired":true,"valueName":"search_term_string"}}],"inLanguage":"es"}]}},"_links":{"self":[{"href":"https:\/\/petcare.econlux.de\/es\/wp-json\/wp\/v2\/pages\/33493","targetHints":{"allow":["GET"]}}],"collection":[{"href":"https:\/\/petcare.econlux.de\/es\/wp-json\/wp\/v2\/pages"}],"about":[{"href":"https:\/\/petcare.econlux.de\/es\/wp-json\/wp\/v2\/types\/page"}],"author":[{"embeddable":true,"href":"https:\/\/petcare.econlux.de\/es\/wp-json\/wp\/v2\/users\/1"}],"replies":[{"embeddable":true,"href":"https:\/\/petcare.econlux.de\/es\/wp-json\/wp\/v2\/comments?post=33493"}],"version-history":[{"count":4,"href":"https:\/\/petcare.econlux.de\/es\/wp-json\/wp\/v2\/pages\/33493\/revisions"}],"predecessor-version":[{"id":33498,"href":"https:\/\/petcare.econlux.de\/es\/wp-json\/wp\/v2\/pages\/33493\/revisions\/33498"}],"wp:attachment":[{"href":"https:\/\/petcare.econlux.de\/es\/wp-json\/wp\/v2\/media?parent=33493"}],"curies":[{"name":"wp","href":"https:\/\/api.w.org\/{rel}","templated":true}]}}